{"id":5814,"date":"2023-01-27T10:58:29","date_gmt":"2023-01-27T17:58:29","guid":{"rendered":"http:\/\/nexusvisa.com\/chuong-trinh-doi-tac-dang-tin-cay\/"},"modified":"2023-03-29T16:42:12","modified_gmt":"2023-03-29T22:42:12","slug":"chuong-trinh-doi-tac-tin-cay","status":"publish","type":"page","link":"https:\/\/nexusvisa.ca\/vi\/chuong-trinh-doi-tac-tin-cay\/","title":{"rendered":"Ch\u01b0\u01a1ng Tr\u00ecnh \u0110\u1ed1i T\u00e1c Tin C\u1eady"},"content":{"rendered":"\t\t<div data-elementor-type=\"wp-page\" data-elementor-id=\"5814\" class=\"elementor elementor-5814 elementor-2638\">\n\t\t\t\t\t\t<section class=\"elementor-section elementor-top-section elementor-element elementor-element-63d30d3 elementor-section-boxed elementor-section-height-default elementor-section-height-default\" data-id=\"63d30d3\" data-element_type=\"section\" data-e-type=\"section\">\n\t\t\t\t\t\t<div class=\"elementor-container elementor-column-gap-default\">\n\t\t\t\t\t<div class=\"elementor-column elementor-col-100 elementor-top-column elementor-element elementor-element-bdf1324\" data-id=\"bdf1324\" data-element_type=\"column\" data-e-type=\"column\">\n\t\t\t<div class=\"elementor-widget-wrap elementor-element-populated\">\n\t\t\t\t\t\t<div class=\"elementor-element elementor-element-e084f93 animated-slow elementor-invisible elementor-widget elementor-widget-heading\" data-id=\"e084f93\" data-element_type=\"widget\" data-e-type=\"widget\" data-settings=\"{&quot;_animation&quot;:&quot;fadeIn&quot;}\" data-widget_type=\"heading.default\">\n\t\t\t\t<div class=\"elementor-widget-container\">\n\t\t\t\t\t<h1 class=\"elementor-heading-title elementor-size-default\">Ch\u01b0\u01a1ng Tr\u00ecnh \u0110\u1ed1i T\u00e1c Tin C\u1eady<\/h1>\t\t\t\t<\/div>\n\t\t\t\t<\/div>\n\t\t\t\t\t<\/div>\n\t\t<\/div>\n\t\t\t\t\t<\/div>\n\t\t<\/section>\n\t\t\t\t<section class=\"elementor-section elementor-top-section elementor-element elementor-element-17d0e52 elementor-section-boxed elementor-section-height-default elementor-section-height-default\" data-id=\"17d0e52\" data-element_type=\"section\" data-e-type=\"section\">\n\t\t\t\t\t\t<div class=\"elementor-container elementor-column-gap-default\">\n\t\t\t\t\t<div class=\"elementor-column elementor-col-50 elementor-top-column elementor-element elementor-element-135bb1c\" data-id=\"135bb1c\" data-element_type=\"column\" data-e-type=\"column\">\n\t\t\t<div class=\"elementor-widget-wrap elementor-element-populated\">\n\t\t\t\t\t\t<div class=\"elementor-element elementor-element-56243a0 elementor-invisible elementor-widget elementor-widget-image\" data-id=\"56243a0\" data-element_type=\"widget\" data-e-type=\"widget\" data-settings=\"{&quot;_animation&quot;:&quot;fadeInLeft&quot;,&quot;_animation_delay&quot;:500}\" data-widget_type=\"image.default\">\n\t\t\t\t<div class=\"elementor-widget-container\">\n\t\t\t\t\t\t\t\t\t\t\t\t\t\t\t<img fetchpriority=\"high\" decoding=\"async\" width=\"768\" height=\"513\" src=\"https:\/\/nexusvisa.ca\/wp-content\/uploads\/2023\/01\/travellers-planning-a-trip-on-a-map-2022-12-15-23-08-12-utc-768x513.jpg\" class=\"attachment-medium_large size-medium_large wp-image-5235\" alt=\"\" srcset=\"https:\/\/nexusvisa.ca\/wp-content\/uploads\/2023\/01\/travellers-planning-a-trip-on-a-map-2022-12-15-23-08-12-utc-768x513.jpg 768w, https:\/\/nexusvisa.ca\/wp-content\/uploads\/2023\/01\/travellers-planning-a-trip-on-a-map-2022-12-15-23-08-12-utc-600x401.jpg 600w, https:\/\/nexusvisa.ca\/wp-content\/uploads\/2023\/01\/travellers-planning-a-trip-on-a-map-2022-12-15-23-08-12-utc-1024x684.jpg 1024w, https:\/\/nexusvisa.ca\/wp-content\/uploads\/2023\/01\/travellers-planning-a-trip-on-a-map-2022-12-15-23-08-12-utc.jpg 1200w\" sizes=\"(max-width: 768px) 100vw, 768px\" \/>\t\t\t\t\t\t\t\t\t\t\t\t\t\t\t<\/div>\n\t\t\t\t<\/div>\n\t\t\t\t\t<\/div>\n\t\t<\/div>\n\t\t\t\t<div class=\"elementor-column elementor-col-50 elementor-top-column elementor-element elementor-element-b48ad3b\" data-id=\"b48ad3b\" data-element_type=\"column\" data-e-type=\"column\">\n\t\t\t<div class=\"elementor-widget-wrap elementor-element-populated\">\n\t\t\t\t\t\t<div class=\"elementor-element elementor-element-ddcb3c2 animated-slow elementor-invisible elementor-widget elementor-widget-text-editor\" data-id=\"ddcb3c2\" data-element_type=\"widget\" data-e-type=\"widget\" data-settings=\"{&quot;_animation&quot;:&quot;fadeIn&quot;,&quot;_animation_delay&quot;:500}\" data-widget_type=\"text-editor.default\">\n\t\t\t\t<div class=\"elementor-widget-container\">\n\t\t\t\t\t\t\t\t\t<p>Ch\u01b0\u01a1ng tr\u00ecnh \u0110\u1ed1i t\u00e1c \u0110\u00e1ng Tin C\u1eady (TTP) cung c\u1ea5p quy tr\u00ecnh ki\u1ec3m tra s\u1eeda \u0111\u1ed5i cho c\u00e1c th\u00e0nh vi\u00ean \u0111\u01b0\u1ee3c ph\u00ea duy\u1ec7t tr\u01b0\u1edbc. C\u00e1c ch\u01b0\u01a1ng tr\u00ecnh c\u1ea3i thi\u1ec7n an ninh b\u1eb1ng c\u00e1ch t\u1ed1i \u01b0u h\u00f3a quy tr\u00ecnh ki\u1ec3m tra, v\u00e0 h\u1ed7 tr\u1ee3 th\u01b0\u01a1ng m\u1ea1i v\u00e0 du l\u1ecbch h\u1ee3p ph\u00e1p t\u1ea1i c\u00e1c c\u1eeda kh\u1ea9u nh\u1eadp c\u1ea3nh. Ch\u00fang cho ph\u00e9p c\u00e1c th\u00e0nh vi\u00ean s\u1eed d\u1ee5ng c\u00e1c d\u1ecbch v\u1ee5 v\u00e0 l\u1ed1i \u0111i \u01b0u ti\u00ean t\u1ea1i s\u00e2n bay M\u1ef9 v\u00e0 khi \u0111i qua bi\u00ean gi\u1edbi qu\u1ed1c t\u1ebf. Nh\u1eefng \u0111i\u1ec1u n\u00e0y l\u00e0m cho tr\u1ea3i nghi\u1ec7m du l\u1ecbch c\u1ee7a m\u1ecdi ng\u01b0\u1eddi tr\u1edf n\u00ean d\u1ec5 d\u00e0ng v\u00e0 hi\u1ec7u qu\u1ea3 h\u01a1n, ch\u00fang t\u00f4i cung c\u1ea5p ba lo\u1ea1i d\u1ecbch v\u1ee5:<\/p><ol><li>Th\u1ebb FAST<\/li><li>Th\u1ebb NEXUS<\/li><li>Th\u1ebb Global Entry<\/li><\/ol>\t\t\t\t\t\t\t\t<\/div>\n\t\t\t\t<\/div>\n\t\t\t\t\t<\/div>\n\t\t<\/div>\n\t\t\t\t\t<\/div>\n\t\t<\/section>\n\t\t\t\t<section class=\"elementor-section elementor-top-section elementor-element elementor-element-990da46 animated-slow elementor-section-boxed elementor-section-height-default elementor-section-height-default elementor-invisible\" data-id=\"990da46\" data-element_type=\"section\" data-e-type=\"section\" data-settings=\"{&quot;animation&quot;:&quot;fadeIn&quot;,&quot;animation_delay&quot;:500}\">\n\t\t\t\t\t\t<div class=\"elementor-container elementor-column-gap-default\">\n\t\t\t\t\t<div class=\"elementor-column elementor-col-100 elementor-top-column elementor-element elementor-element-57394e6\" data-id=\"57394e6\" data-element_type=\"column\" data-e-type=\"column\">\n\t\t\t<div class=\"elementor-widget-wrap elementor-element-populated\">\n\t\t\t\t\t\t<div class=\"elementor-element elementor-element-75a3dbc elementor-widget elementor-widget-accordion\" data-id=\"75a3dbc\" data-element_type=\"widget\" data-e-type=\"widget\" data-widget_type=\"accordion.default\">\n\t\t\t\t<div class=\"elementor-widget-container\">\n\t\t\t\t\t\t\t<div class=\"elementor-accordion\">\n\t\t\t\t\t\t\t<div class=\"elementor-accordion-item\">\n\t\t\t\t\t<div id=\"elementor-tab-title-1231\" class=\"elementor-tab-title\" data-tab=\"1\" role=\"button\" aria-controls=\"elementor-tab-content-1231\" aria-expanded=\"false\">\n\t\t\t\t\t\t\t\t\t\t\t\t\t<span class=\"elementor-accordion-icon elementor-accordion-icon-left\" aria-hidden=\"true\">\n\t\t\t\t\t\t\t\t\t\t\t\t\t\t\t<span class=\"elementor-accordion-icon-closed\"><i class=\"fas fa-plus\"><\/i><\/span>\n\t\t\t\t\t\t\t\t<span class=\"elementor-accordion-icon-opened\"><i class=\"fas fa-minus\"><\/i><\/span>\n\t\t\t\t\t\t\t\t\t\t\t\t\t\t<\/span>\n\t\t\t\t\t\t\t\t\t\t\t\t<a class=\"elementor-accordion-title\" tabindex=\"0\">Th\u1ebb FAST<\/a>\n\t\t\t\t\t<\/div>\n\t\t\t\t\t<div id=\"elementor-tab-content-1231\" class=\"elementor-tab-content elementor-clearfix\" data-tab=\"1\" role=\"region\" aria-labelledby=\"elementor-tab-title-1231\"><ol><li><p>Th\u1ebb FAST l\u00e0 g\u00ec?<\/p><p>FAST = Free And Secure Trade<\/p><p>Th\u1ebb FAST cung c\u1ea5p l\u1ee3i \u00edch truy c\u1eadp nhanh ch\u00f3ng qua c\u1eeda kh\u1ea9u bi\u00ean gi\u1edbi. T\u1ea5t c\u1ea3 c\u00e1c ph\u01b0\u01a1ng ti\u1ec7n th\u01b0\u01a1ng m\u1ea1i, ho\u1ea1t \u0111\u1ed9ng vi\u00ean m\u00e1y m\u00f3c, nh\u00e0 v\u1eadn chuy\u1ec3n, th\u01b0\u01a1ng nh\u00e2n, kho trung gian, ng\u01b0\u1eddi g\u1eedi v\u00e0 ng\u01b0\u1eddi nh\u1eadn h\u00e0ng ph\u1ea3i tu\u00e2n th\u1ee7 quy \u0111\u1ecbnh c\u1ee7a FAST \u0111\u1ec3 c\u00f3 th\u1ec3 t\u1eadn d\u1ee5ng l\u1ee3i th\u1ebf truy c\u1eadp l\u00e0n \u0111\u01b0\u1eddng FAST t\u1ea1i c\u00e1c \u0111i\u1ec3m v\u01b0\u1ee3t bi\u00ean gi\u1edbi Canada\/Hoa K\u1ef3 v\u00e0 Hoa K\u1ef3\/Mexico.<\/p><\/li><li>Nh\u1eefng lo\u1ea1i th\u1ebb FAST:<br \/><ul><li>Th\u1ebb FAST B\u1eafc \u2013 \u00c1p d\u1ee5ng cho bi\u00ean gi\u1edbi gi\u1eefa Canada v\u00e0 Hoa K\u1ef3<\/li><li>Th\u1ebb FAST Nam \u2013 \u00c1p d\u1ee5ng cho bi\u00ean gi\u1edbi gi\u1eefa Hoa K\u1ef3 v\u00e0 Mexico<\/li><\/ul><p>\u00a0<\/p><p><b>Ph\u1ea1m vi v\u00e0 t\u01b0\u01a1ng th\u00edch:<\/b><\/p>Th\u1ebb FAST B\u1eafc cung c\u1ea5p \u0111\u1ea7y \u0111\u1ee7 ti\u1ec7n \u00edch khi nh\u1eadp c\u1ea3nh v\u00e0o Hoa K\u1ef3 t\u1ea1i c\u1ea3 hai bi\u00ean gi\u1edbi. N\u1ebfu m\u1ed9t ng\u01b0\u1eddi \u0111\u01b0\u1ee3c ph\u00ea duy\u1ec7t cho th\u1ebb FAST B\u1eafc, ng\u01b0\u1eddi \u0111\u00f3 kh\u00f4ng c\u1ea7n ph\u1ea3i \u0111\u0103ng k\u00fd cho FAST Nam. Tuy nhi\u00ean, n\u1ebfu m\u1ed9t \u1ee9ng vi\u00ean \u0111\u01b0\u1ee3c ph\u00ea duy\u1ec7t cho th\u1ebb FAST Nam, ng\u01b0\u1eddi \u0111\u00f3 c\u1ea7n ph\u1ea3i \u0111\u0103ng k\u00fd cho th\u1ebb FAST B\u1eafc \u0111\u1ec3 t\u1eadn d\u1ee5ng l\u1ee3i th\u1ebf truy c\u1eadp l\u00e0n \u0111\u01b0\u1eddng FAST tr\u00ean bi\u00ean gi\u1edbi ph\u00eda b\u1eafc c\u1ee7a Hoa K\u1ef3.<br \/><br \/><\/li><li>\u0110i\u1ec1u ki\u1ec7n:<br \/><ul><li>C\u00f4ng d\u00e2n Hoa K\u1ef3<\/li><li>Th\u01b0\u1eddng tr\u00fa d\u00e2n Hoa K\u1ef3<\/li><li>C\u00f4ng d\u00e2n Canada<\/li><li>Th\u01b0\u1eddng tr\u00fa d\u00e2n Canada<\/li><li>C\u00f4ng d\u00e2n Mexico<\/li><\/ul><p><br \/>Ph\u1ea3i t\u1eeb 18 tu\u1ed5i tr\u1edf l\u00ean v\u00e0 c\u00f3 gi\u1ea5y ph\u00e9p l\u00e1i xe h\u1ee3p l\u1ec7.<\/p><\/li><\/ol><\/div>\n\t\t\t\t<\/div>\n\t\t\t\t\t\t\t<div class=\"elementor-accordion-item\">\n\t\t\t\t\t<div id=\"elementor-tab-title-1232\" class=\"elementor-tab-title\" data-tab=\"2\" role=\"button\" aria-controls=\"elementor-tab-content-1232\" aria-expanded=\"false\">\n\t\t\t\t\t\t\t\t\t\t\t\t\t<span class=\"elementor-accordion-icon elementor-accordion-icon-left\" aria-hidden=\"true\">\n\t\t\t\t\t\t\t\t\t\t\t\t\t\t\t<span class=\"elementor-accordion-icon-closed\"><i class=\"fas fa-plus\"><\/i><\/span>\n\t\t\t\t\t\t\t\t<span class=\"elementor-accordion-icon-opened\"><i class=\"fas fa-minus\"><\/i><\/span>\n\t\t\t\t\t\t\t\t\t\t\t\t\t\t<\/span>\n\t\t\t\t\t\t\t\t\t\t\t\t<a class=\"elementor-accordion-title\" tabindex=\"0\">Th\u1ebb NEXUS<\/a>\n\t\t\t\t\t<\/div>\n\t\t\t\t\t<div id=\"elementor-tab-content-1232\" class=\"elementor-tab-content elementor-clearfix\" data-tab=\"2\" role=\"region\" aria-labelledby=\"elementor-tab-title-1232\"><ol><li style=\"list-style-type: none;\"><ol><li><p>NEXUS CARD l\u00e0 g\u00ec?<\/p>NEXUS CARD \u0111\u01b0\u1ee3c thi\u1ebft k\u1ebf \u0111\u1ec3 \u0111\u1ea9y nhanh th\u1ee7 t\u1ee5c nh\u1eadp c\u1ea3nh v\u00e0o Canada v\u00e0 Hoa K\u1ef3 cho c\u00e1c h\u00e0nh kh\u00e1ch \u0111\u01b0\u1ee3c x\u00e9t duy\u1ec7t tr\u01b0\u1edbc v\u00e0 \u0111\u00e1nh gi\u00e1 l\u00e0 c\u00f3 r\u1ee7i ro th\u1ea5p. NEXUS CARD \u0111\u01b0\u1ee3c qu\u1ea3n l\u00fd chung b\u1edfi C\u01a1 quan D\u1ecbch v\u1ee5 Bi\u00ean gi\u1edbi Canada (CBSA) v\u00e0 C\u1ee5c H\u1ea3i quan v\u00e0 Bi\u00ean ph\u00f2ng Hoa K\u1ef3 (CBP). Khi b\u1ea1n c\u00f3 m\u1ed9t th\u1ebb th\u00e0nh vi\u00ean NEXUS, b\u1ea1n c\u00f3 th\u1ec3 \u0111\u01b0\u1ee3c h\u01b0\u1edfng l\u1ee3i t\u1eeb vi\u1ec7c x\u1eed l\u00fd nhanh ch\u00f3ng th\u00f4ng qua c\u00e1c l\u00e0n \u0111\u01b0\u1eddng ri\u00eang bi\u1ec7t t\u1ea1i c\u00e1c s\u00e2n bay \u0111\u01b0\u1ee3c ch\u1ec9 \u0111\u1ecbnh, bi\u00ean gi\u1edbi \u0111\u01b0\u1eddng b\u1ed9 ho\u1eb7c c\u00e1c \u0111\u1ecba \u0111i\u1ec3m b\u00e1o c\u00e1o h\u00e0ng h\u1ea3i.<br \/><br \/><\/li><li>\u0110i\u1ec1u ki\u1ec7n \u0111\u1ee7 \u0111i\u1ec1u ki\u1ec7n<ul><li>C\u00f4ng d\u00e2n Hoa K\u1ef3<\/li><li>C\u01b0 d\u00e2n v\u0129nh c\u01b0u Hoa K\u1ef3<\/li><li>C\u00f4ng d\u00e2n Canada<\/li><li>C\u01b0 d\u00e2n v\u0129nh c\u01b0u Canada<\/li><li>C\u00f4ng d\u00e2n Mexico l\u00e0 th\u00e0nh vi\u00ean c\u1ee7a Ch\u01b0\u01a1ng tr\u00ecnh <em>Ng\u01b0\u1eddi du l\u1ecbch \u0111\u00e1ng tin c\u1eady<\/em> (Trusted Traveller Program)<\/li><\/ul><\/li><\/ol><\/li><\/ol><p>N\u1ebfu b\u1ea1n d\u01b0\u1edbi 18 tu\u1ed5i, b\u1ea1n ph\u1ea3i c\u00f3 s\u1ef1 \u0111\u1ed3ng \u00fd c\u1ee7a cha m\u1eb9 ho\u1eb7c ng\u01b0\u1eddi gi\u00e1m h\u1ed9 h\u1ee3p ph\u00e1p \u0111\u1ec3 tham gia ch\u01b0\u01a1ng tr\u00ecnh.<\/p><\/div>\n\t\t\t\t<\/div>\n\t\t\t\t\t\t\t<div class=\"elementor-accordion-item\">\n\t\t\t\t\t<div id=\"elementor-tab-title-1233\" class=\"elementor-tab-title\" data-tab=\"3\" role=\"button\" aria-controls=\"elementor-tab-content-1233\" aria-expanded=\"false\">\n\t\t\t\t\t\t\t\t\t\t\t\t\t<span class=\"elementor-accordion-icon elementor-accordion-icon-left\" aria-hidden=\"true\">\n\t\t\t\t\t\t\t\t\t\t\t\t\t\t\t<span class=\"elementor-accordion-icon-closed\"><i class=\"fas fa-plus\"><\/i><\/span>\n\t\t\t\t\t\t\t\t<span class=\"elementor-accordion-icon-opened\"><i class=\"fas fa-minus\"><\/i><\/span>\n\t\t\t\t\t\t\t\t\t\t\t\t\t\t<\/span>\n\t\t\t\t\t\t\t\t\t\t\t\t<a class=\"elementor-accordion-title\" tabindex=\"0\">Nh\u1eadp c\u1ea3nh to\u00e0n c\u1ea7u<\/a>\n\t\t\t\t\t<\/div>\n\t\t\t\t\t<div id=\"elementor-tab-content-1233\" class=\"elementor-tab-content elementor-clearfix\" data-tab=\"3\" role=\"region\" aria-labelledby=\"elementor-tab-title-1233\"><ol><li style=\"list-style-type: none;\"><ol><li><p>Nh\u1eadp c\u1ea3nh to\u00e0n c\u1ea7u l\u00e0 g\u00ec?<\/p><\/li><\/ol><\/li><\/ol><p>Nh\u1eadp c\u1ea3nh to\u00e0n c\u1ea7u l\u00e0 ch\u01b0\u01a1ng tr\u00ecnh c\u1ee7a C\u1ee5c H\u1ea3i quan v\u00e0 Bi\u00ean ph\u00f2ng Hoa K\u1ef3 (CBP) cho ph\u00e9p h\u00e0nh kh\u00e1ch \u0111\u01b0\u1ee3c x\u00e9t duy\u1ec7t tr\u01b0\u1edbc v\u00e0 \u0111\u00e1nh gi\u00e1 l\u00e0 c\u00f3 r\u1ee7i ro th\u1ea5p c\u00f3 th\u1ec3 \u0111\u01b0\u1ee3c x\u1eed l\u00fd nhanh ch\u00f3ng khi \u0111\u1ebfn M\u1ef9. Th\u00e0nh vi\u00ean s\u1ebd nh\u1eadp c\u1ea3nh v\u00e0o M\u1ef9 qua c\u00e1c kios t\u1ef1 \u0111\u1ed9ng t\u1ea1i c\u00e1c s\u00e2n bay \u0111\u01b0\u1ee3c ch\u1ecdn.<\/p><ol><li>\u0110i\u1ec1u ki\u1ec7n \u0111\u1ee7 \u0111i\u1ec1u ki\u1ec7n<ul><li>C\u00f4ng d\u00e2n Hoa K\u1ef3<\/li><li>Th\u01b0\u1eddng tr\u00fa nh\u00e2n Hoa K\u1ef3<\/li><li>C\u00f4ng d\u00e2n c\u00e1c qu\u1ed1c gia sau \u0111\u00e2y \u0111\u1ee7 \u0111i\u1ec1u ki\u1ec7n \u0111\u1ec3 tr\u1edf th\u00e0nh th\u00e0nh vi\u00ean c\u1ee7a Global Entry:<ul><li>C\u00f4ng d\u00e2n Argentina<\/li><li>C\u00f4ng d\u00e2n Brazil<\/li><li>C\u00f4ng d\u00e2n Bahrain<\/li><li>C\u00f4ng d\u00e2n \u1ea4n \u0110\u1ed9<\/li><li>C\u00f4ng d\u00e2n Colombia<\/li><li>C\u00f4ng d\u00e2n V\u01b0\u01a1ng qu\u1ed1c Anh<\/li><li>C\u00f4ng d\u00e2n \u0110\u1ee9c<\/li><li>C\u00f4ng d\u00e2n H\u00e0 Lan<\/li><li>C\u00f4ng d\u00e2n Panama<\/li><li>C\u00f4ng d\u00e2n Singapore<\/li><li>C\u00f4ng d\u00e2n H\u00e0n Qu\u1ed1c<\/li><li>C\u00f4ng d\u00e2n Th\u1ee5y S\u0129<\/li><li>C\u00f4ng d\u00e2n \u0110\u00e0i Loan<\/li><li>C\u00f4ng d\u00e2n Mexico<\/li><\/ul><p>\u00a0<\/p><p>N\u1ebfu b\u1ea1n d\u01b0\u1edbi 18 tu\u1ed5i, b\u1ea1n ph\u1ea3i c\u00f3 s\u1ef1 \u0111\u1ed3ng \u00fd c\u1ee7a cha m\u1eb9 ho\u1eb7c ng\u01b0\u1eddi gi\u00e1m h\u1ed9 h\u1ee3p ph\u00e1p \u0111\u1ec3 tham gia ch\u01b0\u01a1ng tr\u00ecnh.<\/p>Ch\u00fang t\u00f4i cung c\u1ea5p cho b\u1ea1n t\u1ea5t c\u1ea3 c\u00e1c lo\u1ea1i d\u1ecbch v\u1ee5 ph\u00f9 h\u1ee3p v\u1edbi nhu c\u1ea7u c\u1ee7a b\u1ea1n t\u1eeb vi\u1ec7c \u0111\u1ecbnh c\u01b0 d\u00e0i h\u1ea1n hay ng\u1eafn h\u1ea1n, \u0111\u1ec3 c\u1ea3i thi\u1ec7n kh\u1ea3 n\u0103ng ti\u1ebfp c\u1eadn c\u1ee7a b\u1ea1n trong v\u00e0 ngo\u00e0i n\u01b0\u1edbc M\u1ef9.<\/li><\/ul><\/li><\/ol><\/div>\n\t\t\t\t<\/div>\n\t\t\t\t\t\t\t\t<\/div>\n\t\t\t\t\t\t<\/div>\n\t\t\t\t<\/div>\n\t\t\t\t\t<\/div>\n\t\t<\/div>\n\t\t\t\t\t<\/div>\n\t\t<\/section>\n\t\t\t\t<\/div>\n\t\t","protected":false},"excerpt":{"rendered":"<p>Ch\u01b0\u01a1ng Tr\u00ecnh \u0110\u1ed1i T\u00e1c Tin C\u1eady Ch\u01b0\u01a1ng tr\u00ecnh \u0110\u1ed1i t\u00e1c \u0110\u00e1ng Tin C\u1eady (TTP) cung c\u1ea5p quy tr\u00ecnh ki\u1ec3m tra s\u1eeda \u0111\u1ed5i cho c\u00e1c th\u00e0nh vi\u00ean \u0111\u01b0\u1ee3c ph\u00ea duy\u1ec7t tr\u01b0\u1edbc. C\u00e1c ch\u01b0\u01a1ng tr\u00ecnh c\u1ea3i thi\u1ec7n an ninh b\u1eb1ng c\u00e1ch t\u1ed1i \u01b0u h\u00f3a quy tr\u00ecnh ki\u1ec3m tra, v\u00e0 h\u1ed7 tr\u1ee3 th\u01b0\u01a1ng m\u1ea1i v\u00e0 du l\u1ecbch h\u1ee3p [&hellip;]<\/p>\n","protected":false},"author":9,"featured_media":0,"parent":0,"menu_order":0,"comment_status":"closed","ping_status":"closed","template":"","meta":{"footnotes":""},"class_list":["post-5814","page","type-page","status-publish","hentry"],"_links":{"self":[{"href":"https:\/\/nexusvisa.ca\/vi\/wp-json\/wp\/v2\/pages\/5814","targetHints":{"allow":["GET"]}}],"collection":[{"href":"https:\/\/nexusvisa.ca\/vi\/wp-json\/wp\/v2\/pages"}],"about":[{"href":"https:\/\/nexusvisa.ca\/vi\/wp-json\/wp\/v2\/types\/page"}],"author":[{"embeddable":true,"href":"https:\/\/nexusvisa.ca\/vi\/wp-json\/wp\/v2\/users\/9"}],"replies":[{"embeddable":true,"href":"https:\/\/nexusvisa.ca\/vi\/wp-json\/wp\/v2\/comments?post=5814"}],"version-history":[{"count":32,"href":"https:\/\/nexusvisa.ca\/vi\/wp-json\/wp\/v2\/pages\/5814\/revisions"}],"predecessor-version":[{"id":11738,"href":"https:\/\/nexusvisa.ca\/vi\/wp-json\/wp\/v2\/pages\/5814\/revisions\/11738"}],"wp:attachment":[{"href":"https:\/\/nexusvisa.ca\/vi\/wp-json\/wp\/v2\/media?parent=5814"}],"curies":[{"name":"wp","href":"https:\/\/api.w.org\/{rel}","templated":true}]}}