{"id":5802,"date":"2023-01-31T14:58:07","date_gmt":"2023-01-31T21:58:07","guid":{"rendered":"http:\/\/nexusvisa.com\/chinh-sach-bao-mat\/"},"modified":"2023-03-29T16:41:34","modified_gmt":"2023-03-29T22:41:34","slug":"chinh-sach-bao-mat","status":"publish","type":"page","link":"https:\/\/nexusvisa.ca\/vi\/chinh-sach-bao-mat\/","title":{"rendered":"Ch\u00ednh S\u00e1ch B\u1ea3o M\u1eadt"},"content":{"rendered":"\t\t<div data-elementor-type=\"wp-page\" data-elementor-id=\"5802\" class=\"elementor elementor-5802 elementor-2759\">\n\t\t\t\t\t\t<section class=\"elementor-section elementor-top-section elementor-element elementor-element-257fd0b elementor-section-boxed elementor-section-height-default elementor-section-height-default\" data-id=\"257fd0b\" data-element_type=\"section\" data-e-type=\"section\">\n\t\t\t\t\t\t<div class=\"elementor-container elementor-column-gap-default\">\n\t\t\t\t\t<div class=\"elementor-column elementor-col-100 elementor-top-column elementor-element elementor-element-8e9182c\" data-id=\"8e9182c\" data-element_type=\"column\" data-e-type=\"column\">\n\t\t\t<div class=\"elementor-widget-wrap elementor-element-populated\">\n\t\t\t\t\t\t<div class=\"elementor-element elementor-element-7164df8 animated-slow elementor-invisible elementor-widget elementor-widget-heading\" data-id=\"7164df8\" data-element_type=\"widget\" data-e-type=\"widget\" data-settings=\"{&quot;_animation&quot;:&quot;fadeIn&quot;}\" data-widget_type=\"heading.default\">\n\t\t\t\t<div class=\"elementor-widget-container\">\n\t\t\t\t\t<h1 class=\"elementor-heading-title elementor-size-default\">Ch\u00ednh S\u00e1ch B\u1ea3o M\u1eadt<\/h1>\t\t\t\t<\/div>\n\t\t\t\t<\/div>\n\t\t\t\t\t<\/div>\n\t\t<\/div>\n\t\t\t\t\t<\/div>\n\t\t<\/section>\n\t\t\t\t<section class=\"elementor-section elementor-top-section elementor-element elementor-element-628e426 animated-slow elementor-section-boxed elementor-section-height-default elementor-section-height-default elementor-invisible\" data-id=\"628e426\" data-element_type=\"section\" data-e-type=\"section\" data-settings=\"{&quot;animation&quot;:&quot;fadeIn&quot;,&quot;animation_delay&quot;:300}\">\n\t\t\t\t\t\t<div class=\"elementor-container elementor-column-gap-default\">\n\t\t\t\t\t<div class=\"elementor-column elementor-col-100 elementor-top-column elementor-element elementor-element-ecf1a2a\" data-id=\"ecf1a2a\" data-element_type=\"column\" data-e-type=\"column\">\n\t\t\t<div class=\"elementor-widget-wrap elementor-element-populated\">\n\t\t\t\t\t\t<div class=\"elementor-element elementor-element-d70338b elementor-widget elementor-widget-text-editor\" data-id=\"d70338b\" data-element_type=\"widget\" data-e-type=\"widget\" data-widget_type=\"text-editor.default\">\n\t\t\t\t<div class=\"elementor-widget-container\">\n\t\t\t\t\t\t\t\t\t<p>\n            <strong>Tuy\u00ean b\u1ed1 quy\u1ec1n ri\u00eang t\u01b0 th\u00f4ng tin c\u00e1 nh\u00e2n<\/strong>\n          <\/p>\n<p>Nexus Immigration &amp; Recruitment cam k\u1ebft b\u1ea3o v\u1ec7 t\u1ea5t c\u1ea3 th\u00f4ng tin c\u00e1 nh\u00e2n \u0111\u01b0\u1ee3c cung c\u1ea5p cho ch\u00fang t\u00f4i b\u1edfi kh\u00e1ch h\u00e0ng. Ch\u00fang t\u00f4i s\u1ebd l\u00e0m vi\u1ec7c \u0111\u1ec3 \u0111\u1ea3m b\u1ea3o r\u1eb1ng t\u1ea5t c\u1ea3 th\u00f4ng tin c\u00e1 nh\u00e2n v\u00e0 t\u00e0i li\u1ec7u c\u1ee7a kh\u00e1ch h\u00e0ng s\u1ebd \u0111\u01b0\u1ee3c qu\u1ea3n l\u00fd m\u1ed9t c\u00e1ch hi\u1ec7u qu\u1ea3 ho\u00e0n to\u00e0n ph\u00f9 h\u1ee3p v\u1edbi \u0110\u1ea1o lu\u1eadt B\u1ea3o v\u1ec7 Th\u00f4ng tin C\u00e1 nh\u00e2n c\u1ee7a Alberta v\u00e0 c\u00e1c \u0111\u1ea1o lu\u1eadt li\u00ean quan v\u00e0 c\u00f3 li\u00ean quan kh\u00e1c.<\/p>\n<p>Ch\u00ednh s\u00e1ch n\u00e0y \u00e1p d\u1ee5ng cho b\u1ea5t k\u1ef3 ng\u01b0\u1eddi n\u00e0o cung c\u1ea5p d\u1ecbch v\u1ee5 thay m\u1eb7t cho ch\u00fang t\u00f4i.<\/p>\n<\/p>\n<p>\n            <strong>Th\u00f4ng tin c\u00e1 nh\u00e2n<\/strong>\n          <\/p>\n<p>Th\u00f4ng tin c\u00e1 nh\u00e2n c\u00f3 ngh\u0129a l\u00e0 th\u00f4ng tin v\u1ec1 m\u1ed9t c\u00e1 nh\u00e2n c\u1ee5 th\u1ec3. \u0110i\u1ec1u n\u00e0y bao g\u1ed3m t\u00ean, \u0111\u1ecba ch\u1ec9 nh\u00e0 v\u00e0 s\u1ed1 \u0111i\u1ec7n tho\u1ea1i c\u1ee7a m\u1ed9t c\u00e1 nh\u00e2n, tu\u1ed5i, gi\u1edbi t\u00ednh, t\u00ecnh tr\u1ea1ng h\u00f4n nh\u00e2n ho\u1eb7c gia \u0111\u00ecnh, s\u1ed1 nh\u1eadn d\u1ea1ng, th\u00f4ng tin t\u00e0i ch\u00ednh, l\u1ecbch s\u1eed gi\u00e1o d\u1ee5c, vv.<\/p>\n<p>Ch\u00fang t\u00f4i kh\u00f4ng thu th\u1eadp th\u00f4ng tin t\u1eeb nh\u1eefng ng\u01b0\u1eddi truy c\u1eadp trang web c\u1ee7a ch\u00fang t\u00f4i. Ch\u00fang t\u00f4i ch\u1ec9 thu th\u1eadp th\u00f4ng tin tr\u1ef1c ti\u1ebfp t\u1eeb kh\u00e1ch h\u00e0ng c\u1ee7a ch\u00fang t\u00f4i. Ch\u00fang t\u00f4i c\u0169ng c\u00f3 th\u1ec3 thu th\u1eadp th\u00f4ng tin t\u1eeb c\u00e1c c\u00e1 nh\u00e2n kh\u00e1c v\u1edbi s\u1ef1 \u0111\u1ed3ng \u00fd \u0111\u01b0\u1ee3c cung c\u1ea5p t\u1eeb kh\u00e1ch h\u00e0ng ch\u00ednh ho\u1eb7c theo quy \u0111\u1ecbnh c\u1ee7a ph\u00e1p lu\u1eadt.<\/p>\n<p>Kh\u00e1ch h\u00e0ng s\u1ebd \u0111\u01b0\u1ee3c th\u00f4ng b\u00e1o \u0111\u1ea7y \u0111\u1ee7 tr\u01b0\u1edbc ho\u1eb7c t\u1ea1i th\u1eddi \u0111i\u1ec3m thu th\u1eadp th\u00f4ng tin v\u00e0 m\u1ee5c \u0111\u00edch s\u1eed d\u1ee5ng th\u00f4ng tin s\u1ebd \u0111\u01b0\u1ee3c s\u1eed d\u1ee5ng. Ch\u00fang t\u00f4i s\u1ebd kh\u00f4ng thu th\u1eadp b\u1ea5t k\u1ef3 lo\u1ea1i th\u00f4ng tin c\u00e1 nh\u00e2n hay th\u00f4ng tin \u0111\u1eb7c quy\u1ec1n n\u00e0o m\u00e0 kh\u00f4ng c\u00f3 s\u1ef1 \u0111\u1ed3ng \u00fd ho\u1eb7c s\u1ef1 hi\u1ec3u bi\u1ebft c\u1ee7a kh\u00e1ch h\u00e0ng.<\/p>\n<p>Ch\u00fang t\u00f4i S\u1ebc KH\u00d4NG b\u00e1n l\u1ea1i, ph\u00e2n ph\u1ed1i ho\u1eb7c chia s\u1ebb d\u1eef li\u1ec7u c\u00e1 nh\u00e2n c\u1ee7a b\u1ea1n v\u1edbi b\u00ean th\u1ee9 ba.<\/p>\n<\/p>\n<p>\n            <strong>S\u1ef1 \u0111\u1ed3ng \u00fd<\/strong>\n          <\/p>\n<p>Nexus Immigration &amp; Recruitment s\u1ebd lu\u00f4n y\u00eau c\u1ea7u s\u1ef1 \u0111\u1ed3ng \u00fd \u0111\u1ec3 thu th\u1eadp, s\u1eed d\u1ee5ng ho\u1eb7c ti\u1ebft l\u1ed9 th\u00f4ng tin c\u00e1 nh\u00e2n v\u00e0 t\u00e0i li\u1ec7u c\u1ee7a kh\u00e1ch h\u00e0ng, tr\u1eeb tr\u01b0\u1eddng h\u1ee3p c\u1ee5 th\u1ec3 n\u01a1i vi\u1ec7c thu th\u1eadp, s\u1eed d\u1ee5ng ho\u1eb7c ti\u1ebft l\u1ed9 m\u00e0 kh\u00f4ng c\u00f3 s\u1ef1 \u0111\u1ed3ng \u00fd \u0111\u01b0\u1ee3c \u1ee7y quy\u1ec1n ho\u1eb7c y\u00eau c\u1ea7u theo ph\u00e1p lu\u1eadt. Ch\u00fang t\u00f4i c\u00f3 th\u1ec3 cho r\u1eb1ng b\u1ea1n \u0111\u00e3 \u0111\u1ed3ng \u00fd trong tr\u01b0\u1eddng h\u1ee3p b\u1ea1n cung c\u1ea5p th\u00f4ng tin v\u00ec m\u1ee5c \u0111\u00edch r\u00f5 r\u00e0ng.<\/p>\n<p>Trong tr\u01b0\u1eddng h\u1ee3p ch\u00fang t\u00f4i thu th\u1eadp th\u00f4ng tin c\u00e1 nh\u00e2n tr\u01b0\u1edbc ng\u00e0y 1 th\u00e1ng 1 n\u0103m 2004, ch\u00fang t\u00f4i cho r\u1eb1ng b\u1ea1n \u0111\u00e3 \u0111\u1ed3ng \u00fd cho ch\u00fang t\u00f4i s\u1eed d\u1ee5ng v\u00e0, n\u1ebfu th\u00edch h\u1ee3p, ti\u1ebft l\u1ed9 cho m\u1ee5c \u0111\u00edch m\u00e0 th\u00f4ng tin \u0111\u01b0\u1ee3c thu th\u1eadp.<\/p>\n<p>Ch\u00fang t\u00f4i s\u1ebd y\u00eau c\u1ea7u s\u1ef1 \u0111\u1ed3ng \u00fd r\u00f5 r\u00e0ng c\u1ee7a b\u1ea1n \u0111\u1ed1i v\u1edbi m\u1ed9t s\u1ed1 m\u1ee5c \u0111\u00edch v\u00e0 c\u00f3 th\u1ec3 kh\u00f4ng th\u1ec3 cung c\u1ea5p m\u1ed9t s\u1ed1 d\u1ecbch v\u1ee5 n\u1ebfu b\u1ea1n kh\u00f4ng \u0111\u1ed3ng \u00fd cung c\u1ea5p s\u1ef1 cho ph\u00e9p cho vi\u1ec7c thu th\u1eadp, s\u1eed d\u1ee5ng ho\u1eb7c ti\u1ebft l\u1ed9 m\u1ed9t s\u1ed1 th\u00f4ng tin c\u00e1 nh\u00e2n v\u00e0 t\u00e0i li\u1ec7u c\u1ee5 th\u1ec3. Trong tr\u01b0\u1eddng h\u1ee3p c\u1ea7n s\u1ef1 \u0111\u1ed3ng \u00fd r\u00f5 r\u00e0ng, ch\u00fang t\u00f4i th\u01b0\u1eddng y\u00eau c\u1ea7u kh\u00e1ch h\u00e0ng cung c\u1ea5p s\u1ef1 \u0111\u1ed3ng \u00fd c\u1ee7a h\u1ecd b\u1eb1ng mi\u1ec7ng (tr\u1ef1c ti\u1ebfp, qua \u0111i\u1ec7n tho\u1ea1i), b\u1eb1ng v\u0103n b\u1ea3n (b\u1eb1ng c\u00e1ch k\u00fd v\u00e0o m\u1ed9t bi\u1ec3u m\u1eabu cho ph\u00e9p, \u0111\u00e1nh d\u1ea5u v\u00e0o m\u1ed9t \u00f4 tr\u00ean bi\u1ec3u m\u1eabu ho\u1eb7c b\u1eb1ng \u0111i\u1ec7n t\u1eed (b\u1eb1ng c\u00e1ch nh\u1ea5p v\u00e0o m\u1ed9t n\u00fat).<\/p>\n<p>Trong nh\u1eefng tr\u01b0\u1eddng h\u1ee3p kh\u00f4ng li\u00ean quan \u0111\u1ebfn th\u00f4ng tin ho\u1eb7c t\u00e0i li\u1ec7u nh\u1ea1y c\u1ea3m, ch\u00fang t\u00f4i c\u00f3 th\u1ec3 d\u1ef1a v\u00e0o s\u1ef1 cho ph\u00e9p \u201ct\u1ef1 ch\u1ecdn kh\u00f4ng\u201d (opt-out). V\u00ed d\u1ee5, ch\u00fang t\u00f4i c\u00f3 th\u1ec3 ti\u1ebft l\u1ed9 th\u00f4ng tin li\u00ean l\u1ea1c c\u1ee7a b\u1ea1n cho c\u00e1c t\u1ed5 ch\u1ee9c kh\u00e1c m\u00e0 ch\u00fang t\u00f4i tin r\u1eb1ng c\u00f3 th\u1ec3 li\u00ean quan ho\u1eb7c c\u00f3 l\u1ee3i cho t\u00ecnh hu\u1ed1ng c\u1ee7a b\u1ea1n, tr\u1eeb khi b\u1ea1n y\u00eau c\u1ea7u ch\u00fang t\u00f4i kh\u00f4ng ti\u1ebft l\u1ed9 th\u00f4ng tin c\u1ee7a b\u1ea1n.<\/p>\n<p>M\u1ed9t kh\u00e1ch h\u00e0ng c\u00f3 th\u1ec3 r\u00fat l\u1ea1i s\u1ef1 cho ph\u00e9p v\u1ec1 vi\u1ec7c s\u1eed d\u1ee5ng v\u00e0 ti\u1ebft l\u1ed9 th\u00f4ng tin c\u00e1 nh\u00e2n v\u00e0 t\u00e0i li\u1ec7u b\u1ea5t c\u1ee9 l\u00fac n\u00e0o, tr\u1eeb khi th\u00f4ng tin c\u00e1 nh\u00e2n \u0111\u00f3 l\u00e0 c\u1ea7n thi\u1ebft \u0111\u1ec3 ch\u00fang t\u00f4i ho\u00e0n th\u00e0nh c\u00e1c ngh\u0129a v\u1ee5 v\u00e0 d\u1ecbch v\u1ee5 chuy\u00ean nghi\u1ec7p ho\u1eb7c ph\u00e1p l\u00fd c\u1ee7a m\u00ecnh. Ch\u00fang t\u00f4i s\u1ebd n\u1ed7 l\u1ef1c t\u00f4n tr\u1ecdng v\u00e0 h\u1ed7 tr\u1ee3 quy\u1ebft \u0111\u1ecbnh c\u1ee7a b\u1ea1n, nh\u01b0ng ch\u00fang t\u00f4i c\u00f3 th\u1ec3 kh\u00f4ng th\u1ec3 cung c\u1ea5p cho b\u1ea1n m\u1ed9t s\u1ed1 d\u1ecbch v\u1ee5 n\u1ebfu ch\u00fang t\u00f4i kh\u00f4ng c\u00f3 th\u00f4ng tin c\u00e1 nh\u00e2n c\u1ea7n thi\u1ebft.<\/p>\n<p>Ch\u00fang t\u00f4i c\u00f3 th\u1ec3 thu th\u1eadp, s\u1eed d\u1ee5ng ho\u1eb7c ti\u1ebft l\u1ed9 th\u00f4ng tin c\u00e1 nh\u00e2n c\u1ee7a kh\u00e1ch h\u00e0ng m\u00e0 kh\u00f4ng c\u1ea7n s\u1ef1 \u0111\u1ed3ng \u00fd ch\u1ec9 khi c\u00f3 quy \u0111\u1ecbnh ph\u00e1p lu\u1eadt cho ph\u00e9p. V\u00ed d\u1ee5, ch\u00fang t\u00f4i kh\u00f4ng c\u1ea7n y\u00eau c\u1ea7u s\u1ef1 \u0111\u1ed3ng \u00fd khi vi\u1ec7c thu th\u1eadp, s\u1eed d\u1ee5ng ho\u1eb7c ti\u1ebft l\u1ed9 l\u00e0 h\u1ee3p l\u00fd cho m\u1ed9t cu\u1ed9c \u0111i\u1ec1u tra ho\u1eb7c th\u1ee7 t\u1ee5c ph\u00e1p l\u00fd, \u0111\u1ec3 thu h\u1ed3i kho\u1ea3n n\u1ee3 \u0111\u1ebfn t\u1ed5 ch\u1ee9c c\u1ee7a ch\u00fang t\u00f4i, trong tr\u01b0\u1eddng h\u1ee3p kh\u1ea9n c\u1ea5p \u0111e d\u1ecda t\u00ednh m\u1ea1ng, s\u1ee9c kh\u1ecfe ho\u1eb7c an to\u00e0n ho\u1eb7c khi th\u00f4ng tin c\u00e1 nh\u00e2n \u0111\u00f3 l\u00e0 t\u1eeb m\u1ed9t danh b\u1ea1 \u0111i\u1ec7n tho\u1ea1i c\u00f4ng c\u1ed9ng.<\/p>\n<p>Ch\u00fang t\u00f4i s\u1ebd s\u1eed d\u1ee5ng v\u00e0 ti\u1ebft l\u1ed9 th\u00f4ng tin c\u00e1 nh\u00e2n v\u00e0 t\u00e0i li\u1ec7u c\u1ee7a kh\u00e1ch h\u00e0ng ch\u1ec9 cho m\u1ee5c \u0111\u00edch m\u00e0 th\u00f4ng tin \u0111\u00e3 \u0111\u01b0\u1ee3c thu th\u1eadp, tr\u1eeb khi c\u00f3 quy \u0111\u1ecbnh ph\u00e1p lu\u1eadt cho ph\u00e9p. Ph\u00e1p lu\u1eadt c\u0169ng cho ph\u00e9p ch\u00fang t\u00f4i s\u1eed d\u1ee5ng th\u00f4ng tin li\u00ean l\u1ea1c \u0111\u00f3 \u0111\u1ec3 thu h\u1ed3i kho\u1ea3n n\u1ee3 \u0111\u1ebfn t\u1ed5 ch\u1ee9c c\u1ee7a ch\u00fang t\u00f4i, n\u1ebfu \u0111i\u1ec1u \u0111\u00f3 c\u1ea7n thi\u1ebft.<\/p>\n<p>N\u1ebfu ch\u00fang t\u00f4i mu\u1ed1n s\u1eed d\u1ee5ng ho\u1eb7c ti\u1ebft l\u1ed9 th\u00f4ng tin c\u00e1 nh\u00e2n c\u1ee7a b\u1ea1n cho b\u1ea5t k\u1ef3 m\u1ee5c \u0111\u00edch n\u00e0o v\u01b0\u1ee3t qu\u00e1 c\u00e1c d\u1ecbch v\u1ee5 c\u1ee5 th\u1ec3 \u0111\u01b0\u1ee3c cung c\u1ea5p b\u1edfi t\u1ed5 ch\u1ee9c c\u1ee7a ch\u00fang t\u00f4i, ch\u00fang t\u00f4i s\u1ebd lu\u00f4n y\u00eau c\u1ea7u s\u1ef1 \u0111\u1ed3ng \u00fd c\u1ee7a b\u1ea1n tr\u01b0\u1edbc.<\/p>\n<\/p>\n<p>\n            <strong>B\u1ea3o v\u1ec7 Th\u00f4ng tin C\u00e1 Nh\u00e2n<\/strong>\n          <\/p>\n<p>Nexus Immigration &amp; Recruitment s\u1ebd c\u1ed1 g\u1eafng h\u1ebft s\u1ee9c \u0111\u1ec3 \u0111\u1ea3m b\u1ea3o th\u00f4ng tin kh\u00e1ch h\u00e0ng ch\u00ednh x\u00e1c v\u00e0 \u0111\u1ea7y \u0111\u1ee7. Ch\u00fang t\u00f4i d\u1ef1a tr\u00ean kh\u00e1ch h\u00e0ng \u0111\u1ec3 th\u00f4ng b\u00e1o cho ch\u00fang t\u00f4i n\u1ebfu c\u00f3 thay \u0111\u1ed5i th\u00f4ng tin c\u00e1 nh\u00e2n c\u1ee7a h\u1ecd c\u00f3 th\u1ec3 \u1ea3nh h\u01b0\u1edfng \u0111\u1ebfn m\u1ed1i quan h\u1ec7 c\u1ee7a h\u1ecd v\u1edbi t\u1ed5 ch\u1ee9c c\u1ee7a ch\u00fang t\u00f4i. N\u1ebfu qu\u00fd v\u1ecb nh\u1eadn th\u1ea5y m\u1ed9t l\u1ed7i trong th\u00f4ng tin c\u1ee7a ch\u00fang t\u00f4i v\u1ec1 qu\u00fd v\u1ecb, vui l\u00f2ng cho ch\u00fang t\u00f4i bi\u1ebft v\u00e0 ch\u00fang t\u00f4i s\u1ebd s\u1eeda ch\u1eefa n\u00f3 khi c\u00f3 y\u00eau c\u1ea7u v\u00e0 \u0111\u00fang m\u1ee9c c\u00f3 th\u1ec3.<\/p>\n<p>Ch\u00fang t\u00f4i s\u1ebd b\u1ea3o v\u1ec7 th\u00f4ng tin c\u00e1 nh\u00e2n c\u1ee7a kh\u00e1ch h\u00e0ng theo c\u00e1ch th\u00edch h\u1ee3p v\u1edbi t\u00ednh nh\u1ea1y c\u1ea3m c\u1ee7a th\u00f4ng tin. Ch\u00fang t\u00f4i s\u1ebd c\u1ed1 g\u1eafng h\u1ebft s\u1ee9c \u0111\u1ec3 ng\u0103n ch\u1eb7n b\u1ea5t k\u1ef3 s\u1ef1 m\u1ea5t m\u00e1t, l\u1ea1m d\u1ee5ng, ti\u1ebft l\u1ed9 ho\u1eb7c s\u1eeda \u0111\u1ed5i th\u00f4ng tin c\u00e1 nh\u00e2n n\u00e0o, c\u0169ng nh\u01b0 b\u1ea5t k\u1ef3 truy c\u1eadp tr\u00e1i ph\u00e9p n\u00e0o v\u00e0o th\u00f4ng tin c\u00e1 nh\u00e2n.<\/p>\n<p>Ch\u00fang t\u00f4i s\u1ebd th\u00f4ng b\u00e1o cho V\u0103n ph\u00f2ng \u1ee6y vi\u00ean B\u1ea3o v\u1ec7 Th\u00f4ng tin v\u00e0 Quy\u1ec1n ri\u00eang t\u01b0 c\u1ee7a Alberta ngay l\u1eadp t\u1ee9c v\u1ec1 b\u1ea5t k\u1ef3 vi ph\u1ea1m b\u1ea3o m\u1eadt n\u00e0o \u1ea3nh h\u01b0\u1edfng \u0111\u1ebfn th\u00f4ng tin c\u00e1 nh\u00e2n, n\u1ebfu vi ph\u1ea1m \u0111\u00f3 t\u1ea1o ra nguy c\u01a1 th\u1ef1c s\u1ef1 g\u00e2y thi\u1ec7t h\u1ea1i \u0111\u00e1ng k\u1ec3 cho c\u00e1 nh\u00e2n.<\/p>\n<p>Ch\u00fang t\u00f4i s\u1ebd gi\u1eef th\u00f4ng tin c\u00e1 nh\u00e2n c\u1ee7a kh\u00e1ch h\u00e0ng ch\u1ec9 trong th\u1eddi gian h\u1ee3p l\u00fd \u0111\u1ec3 \u0111\u00e1p \u1ee9ng c\u00e1c m\u1ee5c \u0111\u00edch cho vi\u1ec7c thu th\u1eadp th\u00f4ng tin \u0111\u00f3 ho\u1eb7c cho c\u00e1c m\u1ee5c \u0111\u00edch ph\u00e1p l\u00fd ho\u1eb7c kinh doanh.<\/p>\n<p>N\u1ebfu c\u1ea7n thi\u1ebft, ch\u00fang t\u00f4i s\u1ebd bi\u1ebfn th\u00f4ng tin c\u00e1 nh\u00e2n c\u1ee7a kh\u00e1ch h\u00e0ng th\u00e0nh kh\u00f4ng nh\u1eadn d\u1ea1ng \u0111\u01b0\u1ee3c ho\u1eb7c h\u1ee7y b\u1ecf c\u00e1c b\u1ea3n ghi ch\u1ee9a th\u00f4ng tin c\u00e1 nh\u00e2n khi th\u00f4ng tin \u0111\u00f3 kh\u00f4ng c\u00f2n c\u1ea7n thi\u1ebft n\u1eefa. Ch\u00fang t\u00f4i s\u1ebd s\u1eed d\u1ee5ng c\u00e1c bi\u1ec7n ph\u00e1p b\u1ea3o m\u1eadt th\u00edch h\u1ee3p khi h\u1ee7y b\u1ecf th\u00f4ng tin c\u00e1 nh\u00e2n c\u1ee7a kh\u00e1ch h\u00e0ng, bao g\u1ed3m vi\u1ec7c x\u00e9 nh\u1ecf c\u00e1c b\u1ea3n ghi tr\u00ean gi\u1ea5y v\u00e0 x\u00f3a v\u0129nh vi\u1ec5n c\u00e1c b\u1ea3n ghi \u0111i\u1ec7n t\u1eed.<\/p>\n\t\t\t\t\t\t\t\t<\/div>\n\t\t\t\t<\/div>\n\t\t\t\t\t<\/div>\n\t\t<\/div>\n\t\t\t\t\t<\/div>\n\t\t<\/section>\n\t\t\t\t<\/div>\n\t\t","protected":false},"excerpt":{"rendered":"<p>Ch\u00ednh S\u00e1ch B\u1ea3o M\u1eadt Tuy\u00ean b\u1ed1 quy\u1ec1n ri\u00eang t\u01b0 th\u00f4ng tin c\u00e1 nh\u00e2n Nexus Immigration &amp; Recruitment cam k\u1ebft b\u1ea3o v\u1ec7 t\u1ea5t c\u1ea3 th\u00f4ng tin c\u00e1 nh\u00e2n \u0111\u01b0\u1ee3c cung c\u1ea5p cho ch\u00fang t\u00f4i b\u1edfi kh\u00e1ch h\u00e0ng. Ch\u00fang t\u00f4i s\u1ebd l\u00e0m vi\u1ec7c \u0111\u1ec3 \u0111\u1ea3m b\u1ea3o r\u1eb1ng t\u1ea5t c\u1ea3 th\u00f4ng tin c\u00e1 nh\u00e2n v\u00e0 t\u00e0i li\u1ec7u c\u1ee7a [&hellip;]<\/p>\n","protected":false},"author":9,"featured_media":0,"parent":0,"menu_order":0,"comment_status":"closed","ping_status":"closed","template":"","meta":{"footnotes":""},"class_list":["post-5802","page","type-page","status-publish","hentry"],"_links":{"self":[{"href":"https:\/\/nexusvisa.ca\/vi\/wp-json\/wp\/v2\/pages\/5802","targetHints":{"allow":["GET"]}}],"collection":[{"href":"https:\/\/nexusvisa.ca\/vi\/wp-json\/wp\/v2\/pages"}],"about":[{"href":"https:\/\/nexusvisa.ca\/vi\/wp-json\/wp\/v2\/types\/page"}],"author":[{"embeddable":true,"href":"https:\/\/nexusvisa.ca\/vi\/wp-json\/wp\/v2\/users\/9"}],"replies":[{"embeddable":true,"href":"https:\/\/nexusvisa.ca\/vi\/wp-json\/wp\/v2\/comments?post=5802"}],"version-history":[{"count":18,"href":"https:\/\/nexusvisa.ca\/vi\/wp-json\/wp\/v2\/pages\/5802\/revisions"}],"predecessor-version":[{"id":11734,"href":"https:\/\/nexusvisa.ca\/vi\/wp-json\/wp\/v2\/pages\/5802\/revisions\/11734"}],"wp:attachment":[{"href":"https:\/\/nexusvisa.ca\/vi\/wp-json\/wp\/v2\/media?parent=5802"}],"curies":[{"name":"wp","href":"https:\/\/api.w.org\/{rel}","templated":true}]}}