{"id":5751,"date":"2023-01-25T18:08:05","date_gmt":"2023-01-26T01:08:05","guid":{"rendered":"http:\/\/nexusvisa.com\/the-xanh-hoa-ky\/"},"modified":"2023-03-29T16:33:44","modified_gmt":"2023-03-29T22:33:44","slug":"the-xanh-hoa-ky","status":"publish","type":"page","link":"https:\/\/nexusvisa.ca\/vi\/the-xanh-hoa-ky\/","title":{"rendered":"Th\u1ebb Xanh Hoa K\u1ef3"},"content":{"rendered":"\t\t<div data-elementor-type=\"wp-page\" data-elementor-id=\"5751\" class=\"elementor elementor-5751 elementor-2508\">\n\t\t\t\t\t\t<section class=\"elementor-section elementor-top-section elementor-element elementor-element-e60e9fe elementor-section-boxed elementor-section-height-default elementor-section-height-default\" data-id=\"e60e9fe\" data-element_type=\"section\" data-e-type=\"section\">\n\t\t\t\t\t\t<div class=\"elementor-container elementor-column-gap-default\">\n\t\t\t\t\t<div class=\"elementor-column elementor-col-100 elementor-top-column elementor-element elementor-element-3d0a348\" data-id=\"3d0a348\" data-element_type=\"column\" data-e-type=\"column\">\n\t\t\t<div class=\"elementor-widget-wrap elementor-element-populated\">\n\t\t\t\t\t\t<div class=\"elementor-element elementor-element-6aefdce animated-slow elementor-invisible elementor-widget elementor-widget-heading\" data-id=\"6aefdce\" data-element_type=\"widget\" data-e-type=\"widget\" data-settings=\"{&quot;_animation&quot;:&quot;fadeIn&quot;}\" data-widget_type=\"heading.default\">\n\t\t\t\t<div class=\"elementor-widget-container\">\n\t\t\t\t\t<h1 class=\"elementor-heading-title elementor-size-default\">Th\u1ebb Xanh Hoa K\u1ef3<\/h1>\t\t\t\t<\/div>\n\t\t\t\t<\/div>\n\t\t\t\t\t<\/div>\n\t\t<\/div>\n\t\t\t\t\t<\/div>\n\t\t<\/section>\n\t\t\t\t<section class=\"elementor-section elementor-top-section elementor-element elementor-element-9722ee5 elementor-section-boxed elementor-section-height-default elementor-section-height-default\" data-id=\"9722ee5\" data-element_type=\"section\" data-e-type=\"section\">\n\t\t\t\t\t\t<div class=\"elementor-container elementor-column-gap-default\">\n\t\t\t\t\t<div class=\"elementor-column elementor-col-50 elementor-top-column elementor-element elementor-element-12bb6fd\" data-id=\"12bb6fd\" data-element_type=\"column\" data-e-type=\"column\">\n\t\t\t<div class=\"elementor-widget-wrap elementor-element-populated\">\n\t\t\t\t\t\t<div class=\"elementor-element elementor-element-635501b elementor-invisible elementor-widget elementor-widget-image\" data-id=\"635501b\" data-element_type=\"widget\" data-e-type=\"widget\" data-settings=\"{&quot;_animation&quot;:&quot;fadeInLeft&quot;,&quot;_animation_delay&quot;:500}\" data-widget_type=\"image.default\">\n\t\t\t\t<div class=\"elementor-widget-container\">\n\t\t\t\t\t\t\t\t\t\t\t\t\t\t\t<img fetchpriority=\"high\" decoding=\"async\" width=\"768\" height=\"512\" src=\"https:\/\/nexusvisa.ca\/wp-content\/uploads\/2023\/01\/american-green-card-2022-10-19-22-38-41-utc-768x512.jpg\" class=\"attachment-medium_large size-medium_large wp-image-4835\" alt=\"\" srcset=\"https:\/\/nexusvisa.ca\/wp-content\/uploads\/2023\/01\/american-green-card-2022-10-19-22-38-41-utc-768x512.jpg 768w, https:\/\/nexusvisa.ca\/wp-content\/uploads\/2023\/01\/american-green-card-2022-10-19-22-38-41-utc-600x400.jpg 600w, https:\/\/nexusvisa.ca\/wp-content\/uploads\/2023\/01\/american-green-card-2022-10-19-22-38-41-utc-1024x683.jpg 1024w, https:\/\/nexusvisa.ca\/wp-content\/uploads\/2023\/01\/american-green-card-2022-10-19-22-38-41-utc.jpg 1800w\" sizes=\"(max-width: 768px) 100vw, 768px\" \/>\t\t\t\t\t\t\t\t\t\t\t\t\t\t\t<\/div>\n\t\t\t\t<\/div>\n\t\t\t\t\t<\/div>\n\t\t<\/div>\n\t\t\t\t<div class=\"elementor-column elementor-col-50 elementor-top-column elementor-element elementor-element-409a626\" data-id=\"409a626\" data-element_type=\"column\" data-e-type=\"column\">\n\t\t\t<div class=\"elementor-widget-wrap elementor-element-populated\">\n\t\t\t\t\t\t<div class=\"elementor-element elementor-element-41a904b animated-slow elementor-invisible elementor-widget elementor-widget-text-editor\" data-id=\"41a904b\" data-element_type=\"widget\" data-e-type=\"widget\" data-settings=\"{&quot;_animation&quot;:&quot;fadeIn&quot;,&quot;_animation_delay&quot;:500}\" data-widget_type=\"text-editor.default\">\n\t\t\t\t<div class=\"elementor-widget-container\">\n\t\t\t\t\t\t\t\t\t<p>Th\u1ebb Xanh l\u00e0 m\u1ed9t b\u01b0\u1edbc \u0111\u1ec7m quan tr\u1ecdng \u0111\u1ec3 nhi\u1ec1u ng\u01b0\u1eddi ch\u01b0a c\u00f3 qu\u1ed1c t\u1ecbch Hoa K\u1ef3 x\u00e2y d\u1ef1ng m\u1ed9t t\u01b0\u01a1ng lai t\u01b0\u01a1i s\u00e1ng t\u1ea1i Hoa K\u1ef3. Nh\u1eefng quy\u1ec1n l\u1ee3i c\u1ee7a c\u00f4ng d\u00e2n qu\u1ed1c t\u1ecbch Hoa K\u1ef3, ch\u1eb3ng h\u1ea1n nh\u01b0 \u0111\u01b0\u1ee3c ph\u00e9p s\u1ed1ng, l\u00e0m vi\u1ec7c v\u00e0 h\u1ecdc t\u1eadp h\u1ee3p ph\u00e1p tr\u00ean kh\u1eafp Hoa K\u1ef3. Tr\u1edf th\u00e0nh Ch\u1ee7 th\u1ebb xanh c\u0169ng mang \u0111\u1ebfn c\u01a1 h\u1ed9i tr\u1edf th\u00e0nh c\u00f4ng d\u00e2n Hoa K\u1ef3 sau 3 \u0111\u1ebfn 5 n\u0103m c\u01b0 tr\u00fa.<\/p>\t\t\t\t\t\t\t\t<\/div>\n\t\t\t\t<\/div>\n\t\t\t\t<div class=\"elementor-element elementor-element-ee9b02c animated-slow elementor-invisible elementor-widget elementor-widget-accordion\" data-id=\"ee9b02c\" data-element_type=\"widget\" data-e-type=\"widget\" data-settings=\"{&quot;_animation&quot;:&quot;fadeIn&quot;,&quot;_animation_delay&quot;:500}\" data-widget_type=\"accordion.default\">\n\t\t\t\t<div class=\"elementor-widget-container\">\n\t\t\t\t\t\t\t<div class=\"elementor-accordion\">\n\t\t\t\t\t\t\t<div class=\"elementor-accordion-item\">\n\t\t\t\t\t<div id=\"elementor-tab-title-2501\" class=\"elementor-tab-title\" data-tab=\"1\" role=\"button\" aria-controls=\"elementor-tab-content-2501\" aria-expanded=\"false\">\n\t\t\t\t\t\t\t\t\t\t\t\t\t<span class=\"elementor-accordion-icon elementor-accordion-icon-left\" aria-hidden=\"true\">\n\t\t\t\t\t\t\t\t\t\t\t\t\t\t\t<span class=\"elementor-accordion-icon-closed\"><i class=\"fas fa-plus\"><\/i><\/span>\n\t\t\t\t\t\t\t\t<span class=\"elementor-accordion-icon-opened\"><i class=\"fas fa-minus\"><\/i><\/span>\n\t\t\t\t\t\t\t\t\t\t\t\t\t\t<\/span>\n\t\t\t\t\t\t\t\t\t\t\t\t<a class=\"elementor-accordion-title\" tabindex=\"0\">Th\u1ebb xanh d\u1ef1a tr\u00ean gia \u0111\u00ecnh<\/a>\n\t\t\t\t\t<\/div>\n\t\t\t\t\t<div id=\"elementor-tab-content-2501\" class=\"elementor-tab-content elementor-clearfix\" data-tab=\"1\" role=\"region\" aria-labelledby=\"elementor-tab-title-2501\"><p>Th\u00f4ng qua b\u1ea3o l\u00e3nh gia \u0111\u00ecnh, c\u00e1c th\u00e0nh vi\u00ean trong gia \u0111\u00ecnh b\u1ecb chia c\u1eaft do kho\u1ea3ng c\u00e1ch ho\u1eb7c c\u00e1c ho\u00e0n c\u1ea3nh kh\u00e1c c\u00f3 th\u1ec3 \u0111o\u00e0n t\u1ee5. Ch\u01b0\u01a1ng tr\u00ecnh n\u00e0y mang \u0111\u1ebfn cho c\u00f4ng d\u00e2n Hoa K\u1ef3 c\u01a1 h\u1ed9i b\u1ea3o l\u00e3nh cho v\u1ee3\/ch\u1ed3ng, con c\u00e1i, cha m\u1eb9, \u00f4ng b\u00e0 v\u00e0 \u0111\u00f4i khi l\u00e0 anh ch\u1ecb em ru\u1ed9t c\u1ee7a h\u1ecd. T\u00e0i tr\u1ee3 gia \u0111\u00ecnh l\u00e0 m\u1ed9t c\u00e1ch tuy\u1ec7t v\u1eddi \u0111\u1ec3 c\u00e1c gia \u0111\u00ecnh k\u1ebft n\u1ed1i l\u1ea1i v\u00e0 c\u1ee7ng c\u1ed1 m\u1ed1i quan h\u1ec7 y\u00eau th\u01b0\u01a1ng v\u00e0 tin t\u01b0\u1edfng \u0111\u00e3 g\u1eafn k\u1ebft h\u1ecd.<\/p><\/div>\n\t\t\t\t<\/div>\n\t\t\t\t\t\t\t<div class=\"elementor-accordion-item\">\n\t\t\t\t\t<div id=\"elementor-tab-title-2502\" class=\"elementor-tab-title\" data-tab=\"2\" role=\"button\" aria-controls=\"elementor-tab-content-2502\" aria-expanded=\"false\">\n\t\t\t\t\t\t\t\t\t\t\t\t\t<span class=\"elementor-accordion-icon elementor-accordion-icon-left\" aria-hidden=\"true\">\n\t\t\t\t\t\t\t\t\t\t\t\t\t\t\t<span class=\"elementor-accordion-icon-closed\"><i class=\"fas fa-plus\"><\/i><\/span>\n\t\t\t\t\t\t\t\t<span class=\"elementor-accordion-icon-opened\"><i class=\"fas fa-minus\"><\/i><\/span>\n\t\t\t\t\t\t\t\t\t\t\t\t\t\t<\/span>\n\t\t\t\t\t\t\t\t\t\t\t\t<a class=\"elementor-accordion-title\" tabindex=\"0\">Th\u1ebb xanh d\u1ef1a tr\u00ean vi\u1ec7c l\u00e0m<\/a>\n\t\t\t\t\t<\/div>\n\t\t\t\t\t<div id=\"elementor-tab-content-2502\" class=\"elementor-tab-content elementor-clearfix\" data-tab=\"2\" role=\"region\" aria-labelledby=\"elementor-tab-title-2502\"><p>Th\u1ebb xanh d\u1ef1a tr\u00ean vi\u1ec7c l\u00e0m l\u00e0 l\u1ef1a ch\u1ecdn t\u1ed1t nh\u1ea5t cho b\u1ea5t k\u1ef3 ai mu\u1ed1n \u0111\u1ecbnh c\u01b0 t\u1ea1i Hoa K\u1ef3 d\u1ef1a tr\u00ean kinh nghi\u1ec7m l\u00e0m vi\u1ec7c v\u00e0 k\u1ef9 n\u0103ng c\u1ee7a h\u1ecd tr\u01b0\u1edbc khi nh\u1eadp c\u01b0. C\u00f3 5 lo\u1ea1i th\u1ebb xanh d\u1ef1a tr\u00ean vi\u1ec7c l\u00e0m c\u00f2n \u0111\u01b0\u1ee3c g\u1ecdi l\u00e0 th\u1ecb th\u1ef1c EB. Nh\u1eefng danh m\u1ee5c n\u00e0y bao g\u1ed3m:<\/p>\n<ol>\n<li>Visa EB-1 d\u00e0nh cho ng\u01b0\u1eddi lao \u0111\u1ed9ng \u01b0u ti\u00ean<\/li>\n<li>Visa EB-2 d\u00e0nh cho c\u00e1c chuy\u00ean gia c\u00f3 b\u1eb1ng c\u1ea5p cao<\/li>\n<li>Visa EB-3 d\u00e0nh cho lao \u0111\u1ed9ng c\u00f3 tay ngh\u1ec1 v\u00e0 lao \u0111\u1ed9ng ph\u1ed5 th\u00f4ng<\/li>\n<li>Visa EB-4 d\u00e0nh cho ng\u01b0\u1eddi nh\u1eadp c\u01b0 \u0111\u1eb7c bi\u1ec7t<\/li>\n<li>Th\u1ecb th\u1ef1c EB-5 d\u00e0nh cho nh\u00e0 \u0111\u1ea7u t\u01b0<\/li>\n<\/ol>\n<\/div>\n\t\t\t\t<\/div>\n\t\t\t\t\t\t\t\t<\/div>\n\t\t\t\t\t\t<\/div>\n\t\t\t\t<\/div>\n\t\t\t\t\t<\/div>\n\t\t<\/div>\n\t\t\t\t\t<\/div>\n\t\t<\/section>\n\t\t\t\t<section class=\"elementor-section elementor-top-section elementor-element elementor-element-2a58d58 animated-slow elementor-section-boxed elementor-section-height-default elementor-section-height-default elementor-invisible\" data-id=\"2a58d58\" data-element_type=\"section\" data-e-type=\"section\" data-settings=\"{&quot;animation&quot;:&quot;fadeIn&quot;,&quot;animation_delay&quot;:500}\">\n\t\t\t\t\t\t<div class=\"elementor-container elementor-column-gap-default\">\n\t\t\t\t\t<div class=\"elementor-column elementor-col-100 elementor-top-column elementor-element elementor-element-9f947da\" data-id=\"9f947da\" data-element_type=\"column\" data-e-type=\"column\">\n\t\t\t<div class=\"elementor-widget-wrap elementor-element-populated\">\n\t\t\t\t\t\t<div class=\"elementor-element elementor-element-29f11d3 elementor-widget elementor-widget-text-editor\" data-id=\"29f11d3\" data-element_type=\"widget\" data-e-type=\"widget\" data-widget_type=\"text-editor.default\">\n\t\t\t\t<div class=\"elementor-widget-container\">\n\t\t\t\t\t\t\t\t\t<p><strong>\u01afu \u0111i\u1ec3m c\u1ee7a Th\u1ebb xanh l\u00e0 g\u00ec?<\/strong><\/p><p>S\u1edf h\u1eefu Th\u1ebb xanh Hoa K\u1ef3 mang l\u1ea1i cho ch\u1ee7 s\u1edf h\u1eefu g\u1ea7n nh\u01b0 t\u1ea5t c\u1ea3 c\u00e1c quy\u1ec1n ngang b\u1eb1ng v\u1edbi c\u00f4ng d\u00e2n Hoa K\u1ef3. Bao g\u1ed3m c\u00e1c:<\/p><ul><li>C\u01b0 tr\u00fa kh\u00f4ng gi\u1edbi h\u1ea1n t\u1ea1i Hoa K\u1ef3<\/li><li>Gi\u1ea5y ph\u00e9p lao \u0111\u1ed9ng kh\u00f4ng gi\u1edbi h\u1ea1n \u1edf Hoa K\u1ef3<\/li><li>Xu\u1ea5t nh\u1eadp c\u1ea3nh d\u1ec5 d\u00e0ng v\u00e0 kh\u00f4ng gi\u1edbi h\u1ea1n m\u00e0 kh\u00f4ng c\u1ea7n th\u1ecb th\u1ef1c ho\u1eb7c ESTA<\/li><li>Mi\u1ec5n th\u1ecb th\u1ef1c khi v\u00e0o c\u00e1c n\u01b0\u1edbc th\u00e0nh vi\u00ean NAFTA v\u00e0 TN<\/li><li>\u0110\u1ee7 \u0111i\u1ec1u ki\u1ec7n nh\u1eadn tr\u1ee3 c\u1ea5p Medicare v\u00e0 c\u00e1c h\u1ed7 tr\u1ee3 kh\u00e1c c\u1ee7a ch\u00ednh ph\u1ee7 sau 5 n\u0103m v\u1edbi t\u01b0 c\u00e1ch l\u00e0 ch\u1ee7 th\u1ebb xanh<\/li><li>C\u00f3 th\u1ec3 n\u1ed9p \u0111\u01a1n xin qu\u1ed1c t\u1ecbch Hoa K\u1ef3 sau 3 ho\u1eb7c 5 n\u0103m v\u1edbi t\u01b0 c\u00e1ch l\u00e0 ng\u01b0\u1eddi c\u00f3 Th\u1ebb xanh<\/li><\/ul>\t\t\t\t\t\t\t\t<\/div>\n\t\t\t\t<\/div>\n\t\t\t\t\t<\/div>\n\t\t<\/div>\n\t\t\t\t\t<\/div>\n\t\t<\/section>\n\t\t\t\t<section class=\"elementor-section elementor-top-section elementor-element elementor-element-461ac91 elementor-section-boxed elementor-section-height-default elementor-section-height-default elementor-invisible\" data-id=\"461ac91\" data-element_type=\"section\" data-e-type=\"section\" data-settings=\"{&quot;animation&quot;:&quot;fadeIn&quot;}\">\n\t\t\t\t\t\t<div class=\"elementor-container elementor-column-gap-default\">\n\t\t\t\t\t<div class=\"elementor-column elementor-col-50 elementor-top-column elementor-element elementor-element-c2e8d32\" data-id=\"c2e8d32\" data-element_type=\"column\" data-e-type=\"column\">\n\t\t\t<div class=\"elementor-widget-wrap elementor-element-populated\">\n\t\t\t\t\t\t<div class=\"elementor-element elementor-element-70bd7be elementor-widget elementor-widget-image\" data-id=\"70bd7be\" data-element_type=\"widget\" data-e-type=\"widget\" data-widget_type=\"image.default\">\n\t\t\t\t<div class=\"elementor-widget-container\">\n\t\t\t\t\t\t\t\t\t\t\t\t\t\t\t<img decoding=\"async\" width=\"768\" height=\"512\" data-src=\"https:\/\/nexusvisa.ca\/wp-content\/uploads\/2023\/01\/grandparents-putting-coin-into-moneybox-economy-f-2022-02-04-00-38-05-utc-768x512.jpg\" class=\"attachment-medium_large size-medium_large wp-image-5230 lazyload\" alt=\"\" data-srcset=\"https:\/\/nexusvisa.ca\/wp-content\/uploads\/2023\/01\/grandparents-putting-coin-into-moneybox-economy-f-2022-02-04-00-38-05-utc-768x512.jpg 768w, https:\/\/nexusvisa.ca\/wp-content\/uploads\/2023\/01\/grandparents-putting-coin-into-moneybox-economy-f-2022-02-04-00-38-05-utc-600x400.jpg 600w, https:\/\/nexusvisa.ca\/wp-content\/uploads\/2023\/01\/grandparents-putting-coin-into-moneybox-economy-f-2022-02-04-00-38-05-utc-1024x683.jpg 1024w, https:\/\/nexusvisa.ca\/wp-content\/uploads\/2023\/01\/grandparents-putting-coin-into-moneybox-economy-f-2022-02-04-00-38-05-utc.jpg 1200w\" data-sizes=\"(max-width: 768px) 100vw, 768px\" src=\"data:image\/svg+xml;base64,PHN2ZyB3aWR0aD0iMSIgaGVpZ2h0PSIxIiB4bWxucz0iaHR0cDovL3d3dy53My5vcmcvMjAwMC9zdmciPjwvc3ZnPg==\" style=\"--smush-placeholder-width: 768px; --smush-placeholder-aspect-ratio: 768\/512;\" \/>\t\t\t\t\t\t\t\t\t\t\t\t\t\t\t<\/div>\n\t\t\t\t<\/div>\n\t\t\t\t\t<\/div>\n\t\t<\/div>\n\t\t\t\t<div class=\"elementor-column elementor-col-50 elementor-top-column elementor-element elementor-element-fff8ce9\" data-id=\"fff8ce9\" data-element_type=\"column\" data-e-type=\"column\">\n\t\t\t<div class=\"elementor-widget-wrap elementor-element-populated\">\n\t\t\t\t\t\t<div class=\"elementor-element elementor-element-b5764c7 elementor-widget elementor-widget-text-editor\" data-id=\"b5764c7\" data-element_type=\"widget\" data-e-type=\"widget\" data-widget_type=\"text-editor.default\">\n\t\t\t\t<div class=\"elementor-widget-container\">\n\t\t\t\t\t\t\t\t\t<p>C\u00f3 Th\u1ebb xanh l\u00e0 m\u1ed9t \u0111\u1eb7c quy\u1ec1n tuy\u1ec7t v\u1eddi m\u1edf ra nhi\u1ec1u c\u01a1 h\u1ed9i. N\u1ebfu b\u1ea1n quan t\u00e2m \u0111\u1ebfn v\u1ea5n \u0111\u1ec1 n\u00e0y , vui l\u00f2ng k\u1ebft n\u1ed1i v\u1ed1i ch\u00fang t\u00f4i \u0111\u1ec3 bi\u1ebft th\u00eam th\u00f4ng tin v\u1ec1 c\u00e1ch \u0111\u01b0\u1ee3c t\u00e0i tr\u1ee3 Th\u1ebb xanh th\u00f4ng qua h\u00f4n nh\u00e2n, vi\u1ec7c l\u00e0m, gia \u0111\u00ecnh ho\u1eb7c \u0111\u1ea7u t\u01b0.<\/p>\t\t\t\t\t\t\t\t<\/div>\n\t\t\t\t<\/div>\n\t\t\t\t\t<\/div>\n\t\t<\/div>\n\t\t\t\t\t<\/div>\n\t\t<\/section>\n\t\t\t\t<\/div>\n\t\t","protected":false},"excerpt":{"rendered":"<p>Th\u1ebb Xanh Hoa K\u1ef3 Th\u1ebb Xanh l\u00e0 m\u1ed9t b\u01b0\u1edbc \u0111\u1ec7m quan tr\u1ecdng \u0111\u1ec3 nhi\u1ec1u ng\u01b0\u1eddi ch\u01b0a c\u00f3 qu\u1ed1c t\u1ecbch Hoa K\u1ef3 x\u00e2y d\u1ef1ng m\u1ed9t t\u01b0\u01a1ng lai t\u01b0\u01a1i s\u00e1ng t\u1ea1i Hoa K\u1ef3. Nh\u1eefng quy\u1ec1n l\u1ee3i c\u1ee7a c\u00f4ng d\u00e2n qu\u1ed1c t\u1ecbch Hoa K\u1ef3, ch\u1eb3ng h\u1ea1n nh\u01b0 \u0111\u01b0\u1ee3c ph\u00e9p s\u1ed1ng, l\u00e0m vi\u1ec7c v\u00e0 h\u1ecdc t\u1eadp h\u1ee3p ph\u00e1p tr\u00ean [&hellip;]<\/p>\n","protected":false},"author":9,"featured_media":0,"parent":0,"menu_order":0,"comment_status":"closed","ping_status":"closed","template":"","meta":{"footnotes":""},"class_list":["post-5751","page","type-page","status-publish","hentry"],"_links":{"self":[{"href":"https:\/\/nexusvisa.ca\/vi\/wp-json\/wp\/v2\/pages\/5751","targetHints":{"allow":["GET"]}}],"collection":[{"href":"https:\/\/nexusvisa.ca\/vi\/wp-json\/wp\/v2\/pages"}],"about":[{"href":"https:\/\/nexusvisa.ca\/vi\/wp-json\/wp\/v2\/types\/page"}],"author":[{"embeddable":true,"href":"https:\/\/nexusvisa.ca\/vi\/wp-json\/wp\/v2\/users\/9"}],"replies":[{"embeddable":true,"href":"https:\/\/nexusvisa.ca\/vi\/wp-json\/wp\/v2\/comments?post=5751"}],"version-history":[{"count":23,"href":"https:\/\/nexusvisa.ca\/vi\/wp-json\/wp\/v2\/pages\/5751\/revisions"}],"predecessor-version":[{"id":11698,"href":"https:\/\/nexusvisa.ca\/vi\/wp-json\/wp\/v2\/pages\/5751\/revisions\/11698"}],"wp:attachment":[{"href":"https:\/\/nexusvisa.ca\/vi\/wp-json\/wp\/v2\/media?parent=5751"}],"curies":[{"name":"wp","href":"https:\/\/api.w.org\/{rel}","templated":true}]}}