{"id":5724,"date":"2023-01-23T15:07:57","date_gmt":"2023-01-23T22:07:57","guid":{"rendered":"http:\/\/nexusvisa.com\/chuong-trinh-de-cu-cap-tinh\/"},"modified":"2023-03-29T16:46:05","modified_gmt":"2023-03-29T22:46:05","slug":"dinh-cu-dien-de-cu-tinh-bang","status":"publish","type":"page","link":"https:\/\/nexusvisa.ca\/vi\/dinh-cu-dien-de-cu-tinh-bang\/","title":{"rendered":"\u0110\u1ecbnh C\u01b0 Di\u1ec7n \u0110\u1ec1 C\u1eed T\u1ec9nh Bang"},"content":{"rendered":"\t\t<div data-elementor-type=\"wp-page\" data-elementor-id=\"5724\" class=\"elementor elementor-5724 elementor-2178\">\n\t\t\t\t\t\t<section class=\"elementor-section elementor-top-section elementor-element elementor-element-1b1cf25 elementor-section-boxed elementor-section-height-default elementor-section-height-default\" data-id=\"1b1cf25\" data-element_type=\"section\" data-e-type=\"section\">\n\t\t\t\t\t\t<div class=\"elementor-container elementor-column-gap-default\">\n\t\t\t\t\t<div class=\"elementor-column elementor-col-100 elementor-top-column elementor-element elementor-element-909396b\" data-id=\"909396b\" data-element_type=\"column\" data-e-type=\"column\">\n\t\t\t<div class=\"elementor-widget-wrap elementor-element-populated\">\n\t\t\t\t\t\t<div class=\"elementor-element elementor-element-40df803 animated-slow elementor-invisible elementor-widget elementor-widget-heading\" data-id=\"40df803\" data-element_type=\"widget\" data-e-type=\"widget\" data-settings=\"{&quot;_animation&quot;:&quot;fadeIn&quot;}\" data-widget_type=\"heading.default\">\n\t\t\t\t<div class=\"elementor-widget-container\">\n\t\t\t\t\t<h1 class=\"elementor-heading-title elementor-size-default\">\u0110\u1ecbnh C\u01b0 Di\u1ec7n \u0110\u1ec1 C\u1eed T\u1ec9nh Bang<\/h1>\t\t\t\t<\/div>\n\t\t\t\t<\/div>\n\t\t\t\t\t<\/div>\n\t\t<\/div>\n\t\t\t\t\t<\/div>\n\t\t<\/section>\n\t\t\t\t<section class=\"elementor-section elementor-top-section elementor-element elementor-element-a32d12e elementor-section-boxed elementor-section-height-default elementor-section-height-default\" data-id=\"a32d12e\" data-element_type=\"section\" data-e-type=\"section\">\n\t\t\t\t\t\t<div class=\"elementor-container elementor-column-gap-default\">\n\t\t\t\t\t<div class=\"elementor-column elementor-col-50 elementor-top-column elementor-element elementor-element-aa67009\" data-id=\"aa67009\" data-element_type=\"column\" data-e-type=\"column\">\n\t\t\t<div class=\"elementor-widget-wrap elementor-element-populated\">\n\t\t\t\t\t\t<div class=\"elementor-element elementor-element-743bc23 elementor-invisible elementor-widget elementor-widget-image\" data-id=\"743bc23\" data-element_type=\"widget\" data-e-type=\"widget\" data-settings=\"{&quot;_animation&quot;:&quot;fadeInLeft&quot;,&quot;_animation_delay&quot;:500}\" data-widget_type=\"image.default\">\n\t\t\t\t<div class=\"elementor-widget-container\">\n\t\t\t\t\t\t\t\t\t\t\t\t\t\t\t<img fetchpriority=\"high\" decoding=\"async\" width=\"560\" height=\"690\" src=\"https:\/\/nexusvisa.ca\/wp-content\/uploads\/2023\/01\/children-projecting-robots-with-teacher-2022-01-31-14-55-53-utc-560x690.jpg\" class=\"attachment-conult_medium size-conult_medium wp-image-4900\" alt=\"\" \/>\t\t\t\t\t\t\t\t\t\t\t\t\t\t\t<\/div>\n\t\t\t\t<\/div>\n\t\t\t\t\t<\/div>\n\t\t<\/div>\n\t\t\t\t<div class=\"elementor-column elementor-col-50 elementor-top-column elementor-element elementor-element-d76ec87\" data-id=\"d76ec87\" data-element_type=\"column\" data-e-type=\"column\">\n\t\t\t<div class=\"elementor-widget-wrap elementor-element-populated\">\n\t\t\t\t\t\t<div class=\"elementor-element elementor-element-cb3af70 animated-slow elementor-invisible elementor-widget elementor-widget-text-editor\" data-id=\"cb3af70\" data-element_type=\"widget\" data-e-type=\"widget\" data-settings=\"{&quot;_animation&quot;:&quot;fadeIn&quot;,&quot;_animation_delay&quot;:500}\" data-widget_type=\"text-editor.default\">\n\t\t\t\t<div class=\"elementor-widget-container\">\n\t\t\t\t\t\t\t\t\t<p><strong>Ch\u01b0\u01a1ng tr\u00ecnh \u0111\u1ec1 c\u1eed t\u1ec9nh bang (PNP)<\/strong> cho ph\u00e9p c\u00e1c t\u1ec9nh v\u00e0 v\u00f9ng l\u00e3nh th\u1ed5 c\u1ee7a Canada \u0111\u1ec1 c\u1eed c\u00e1c c\u00e1 nh\u00e2n nh\u1eadp c\u01b0 v\u00e0o t\u1ec9nh v\u00e0 v\u00f9ng l\u00e3nh th\u1ed5 c\u1ee7a h\u1ecd d\u1ef1a tr\u00ean c\u00e1c ti\u00eau ch\u00ed do ch\u00ednh quy\u1ec1n t\u1ec9nh\/l\u00e3nh th\u1ed5 \u0111\u1eb7t ra. Nh\u1eefng \u1ee9ng vi\u00ean th\u00e0nh c\u00f4ng s\u1ebd nh\u1eadn \u0111\u01b0\u1ee3c m\u1ed9t \u0111\u1ec1 c\u1eed c\u1ea5p t\u1ec9nh, sau \u0111\u00f3 c\u00f3 th\u1ec3 \u0111\u01b0\u1ee3c s\u1eed d\u1ee5ng \u0111\u1ec3 n\u1ed9p \u0111\u01a1n cho B\u1ed9 Di tr\u00fa, Ng\u01b0\u1eddi t\u1ecb n\u1ea1n v\u00e0 Qu\u1ed1c t\u1ecbch Canada (IRCC) \u0111\u1ec3 tr\u1edf th\u00e0nh th\u01b0\u1eddng tr\u00fa nh\u00e2n.<\/p><p>\u0110\u1ec3 \u0111\u1ee7 \u0111i\u1ec1u ki\u1ec7n theo Ch\u01b0\u01a1ng tr\u00ecnh \u0111\u1ec1 c\u1eed t\u1ec9nh bang (PNP), m\u1ed9t t\u1ec9nh ho\u1eb7c v\u00f9ng l\u00e3nh th\u1ed5 c\u1ee7a Canada ph\u1ea3i \u0111\u1ec1 c\u1eed ng\u01b0\u1eddi n\u1ed9p \u0111\u01a1n. H\u1ea7u h\u1ebft c\u00e1c t\u1ec9nh c\u1ee7a Canada \u0111\u1ec1u c\u00f3 th\u1ecfa thu\u1eadn v\u1edbi ch\u00ednh ph\u1ee7 li\u00ean bang \u0111\u1ec3 th\u1ef1c hi\u1ec7n \u0111\u1eb7c quy\u1ec1n \u0111\u1ec1 c\u1eed c\u00f4ng d\u00e2n n\u01b0\u1edbc ngo\u00e0i mu\u1ed1n l\u1eadp nghi\u1ec7p t\u1ea1i c\u00e1c t\u1ec9nh v\u00e0 v\u00f9ng l\u00e3nh th\u1ed5 t\u01b0\u01a1ng \u1ee9ng c\u1ee7a h\u1ecd.<\/p><p>Ch\u01b0\u01a1ng tr\u00ecnh \u0111\u1ec1 c\u1eed c\u1ea5p t\u1ec9nh d\u00e0nh cho nh\u1eefng ng\u01b0\u1eddi lao \u0111\u1ed9ng:<\/p><ul><li>C\u00f3 kinh nghi\u1ec7m \u0111i h\u1ecdc v\u00e0\/ho\u1eb7c kinh nghi\u1ec7m l\u00e0m vi\u1ec7c c\u00f3 th\u1ec3 \u0111\u00f3ng g\u00f3p cho n\u1ec1n kinh t\u1ebf c\u1ee7a m\u1ed9t t\u1ec9nh ho\u1eb7c v\u00f9ng l\u00e3nh th\u1ed5 \u0111\u01b0\u1ee3c ch\u1ec9 \u0111\u1ecbnh.<\/li><li>C\u00f3 \u00fd \u0111\u1ecbnh s\u1ed1ng \u1edf t\u1ec9nh \u0111\u00f3 l\u00e2u d\u00e0i v\u00e0<\/li><li>Mu\u1ed1n tr\u1edf th\u00e0nh th\u01b0\u1eddng tr\u00fa nh\u00e2n Canada<\/li><\/ul>\t\t\t\t\t\t\t\t<\/div>\n\t\t\t\t<\/div>\n\t\t\t\t\t<\/div>\n\t\t<\/div>\n\t\t\t\t\t<\/div>\n\t\t<\/section>\n\t\t\t\t<\/div>\n\t\t","protected":false},"excerpt":{"rendered":"<p>\u0110\u1ecbnh C\u01b0 Di\u1ec7n \u0110\u1ec1 C\u1eed T\u1ec9nh Bang Ch\u01b0\u01a1ng tr\u00ecnh \u0111\u1ec1 c\u1eed t\u1ec9nh bang (PNP) cho ph\u00e9p c\u00e1c t\u1ec9nh v\u00e0 v\u00f9ng l\u00e3nh th\u1ed5 c\u1ee7a Canada \u0111\u1ec1 c\u1eed c\u00e1c c\u00e1 nh\u00e2n nh\u1eadp c\u01b0 v\u00e0o t\u1ec9nh v\u00e0 v\u00f9ng l\u00e3nh th\u1ed5 c\u1ee7a h\u1ecd d\u1ef1a tr\u00ean c\u00e1c ti\u00eau ch\u00ed do ch\u00ednh quy\u1ec1n t\u1ec9nh\/l\u00e3nh th\u1ed5 \u0111\u1eb7t ra. Nh\u1eefng \u1ee9ng vi\u00ean th\u00e0nh [&hellip;]<\/p>\n","protected":false},"author":9,"featured_media":0,"parent":0,"menu_order":0,"comment_status":"closed","ping_status":"closed","template":"","meta":{"footnotes":""},"class_list":["post-5724","page","type-page","status-publish","hentry"],"_links":{"self":[{"href":"https:\/\/nexusvisa.ca\/vi\/wp-json\/wp\/v2\/pages\/5724","targetHints":{"allow":["GET"]}}],"collection":[{"href":"https:\/\/nexusvisa.ca\/vi\/wp-json\/wp\/v2\/pages"}],"about":[{"href":"https:\/\/nexusvisa.ca\/vi\/wp-json\/wp\/v2\/types\/page"}],"author":[{"embeddable":true,"href":"https:\/\/nexusvisa.ca\/vi\/wp-json\/wp\/v2\/users\/9"}],"replies":[{"embeddable":true,"href":"https:\/\/nexusvisa.ca\/vi\/wp-json\/wp\/v2\/comments?post=5724"}],"version-history":[{"count":23,"href":"https:\/\/nexusvisa.ca\/vi\/wp-json\/wp\/v2\/pages\/5724\/revisions"}],"predecessor-version":[{"id":11762,"href":"https:\/\/nexusvisa.ca\/vi\/wp-json\/wp\/v2\/pages\/5724\/revisions\/11762"}],"wp:attachment":[{"href":"https:\/\/nexusvisa.ca\/vi\/wp-json\/wp\/v2\/media?parent=5724"}],"curies":[{"name":"wp","href":"https:\/\/api.w.org\/{rel}","templated":true}]}}