{"id":5655,"date":"2023-01-25T16:53:33","date_gmt":"2023-01-25T23:53:33","guid":{"rendered":"http:\/\/nexusvisa.com\/visa-my\/"},"modified":"2023-03-29T16:40:54","modified_gmt":"2023-03-29T22:40:54","slug":"visa-du-lich-my","status":"publish","type":"page","link":"https:\/\/nexusvisa.ca\/vi\/visa-du-lich-my\/","title":{"rendered":"Visa Du L\u1ecbch M\u1ef9"},"content":{"rendered":"\t\t<div data-elementor-type=\"wp-page\" data-elementor-id=\"5655\" class=\"elementor elementor-5655 elementor-2500\">\n\t\t\t\t\t\t<section class=\"elementor-section elementor-top-section elementor-element elementor-element-1fbabbb elementor-section-boxed elementor-section-height-default elementor-section-height-default\" data-id=\"1fbabbb\" data-element_type=\"section\" data-e-type=\"section\">\n\t\t\t\t\t\t<div class=\"elementor-container elementor-column-gap-default\">\n\t\t\t\t\t<div class=\"elementor-column elementor-col-100 elementor-top-column elementor-element elementor-element-3ff5bf7\" data-id=\"3ff5bf7\" data-element_type=\"column\" data-e-type=\"column\">\n\t\t\t<div class=\"elementor-widget-wrap elementor-element-populated\">\n\t\t\t\t\t\t<div class=\"elementor-element elementor-element-d159d04 animated-slow elementor-invisible elementor-widget elementor-widget-heading\" data-id=\"d159d04\" data-element_type=\"widget\" data-e-type=\"widget\" data-settings=\"{&quot;_animation&quot;:&quot;fadeIn&quot;}\" data-widget_type=\"heading.default\">\n\t\t\t\t<div class=\"elementor-widget-container\">\n\t\t\t\t\t<h1 class=\"elementor-heading-title elementor-size-default\">Visa Du L\u1ecbch M\u1ef9<\/h1>\t\t\t\t<\/div>\n\t\t\t\t<\/div>\n\t\t\t\t\t<\/div>\n\t\t<\/div>\n\t\t\t\t\t<\/div>\n\t\t<\/section>\n\t\t\t\t<section class=\"elementor-section elementor-top-section elementor-element elementor-element-d201243 elementor-section-boxed elementor-section-height-default elementor-section-height-default\" data-id=\"d201243\" data-element_type=\"section\" data-e-type=\"section\">\n\t\t\t\t\t\t<div class=\"elementor-container elementor-column-gap-default\">\n\t\t\t\t\t<div class=\"elementor-column elementor-col-50 elementor-top-column elementor-element elementor-element-b01e796\" data-id=\"b01e796\" data-element_type=\"column\" data-e-type=\"column\">\n\t\t\t<div class=\"elementor-widget-wrap elementor-element-populated\">\n\t\t\t\t\t\t<div class=\"elementor-element elementor-element-dd2234e elementor-invisible elementor-widget elementor-widget-image\" data-id=\"dd2234e\" data-element_type=\"widget\" data-e-type=\"widget\" data-settings=\"{&quot;_animation&quot;:&quot;fadeInLeft&quot;,&quot;_animation_delay&quot;:500}\" data-widget_type=\"image.default\">\n\t\t\t\t<div class=\"elementor-widget-container\">\n\t\t\t\t\t\t\t\t\t\t\t\t\t\t\t<img fetchpriority=\"high\" decoding=\"async\" width=\"768\" height=\"512\" src=\"https:\/\/nexusvisa.ca\/wp-content\/uploads\/2023\/01\/usa-flag-and-a-passport-2021-08-30-08-26-33-utc-768x512.jpg\" class=\"attachment-medium_large size-medium_large wp-image-5015\" alt=\"\" srcset=\"https:\/\/nexusvisa.ca\/wp-content\/uploads\/2023\/01\/usa-flag-and-a-passport-2021-08-30-08-26-33-utc-768x512.jpg 768w, https:\/\/nexusvisa.ca\/wp-content\/uploads\/2023\/01\/usa-flag-and-a-passport-2021-08-30-08-26-33-utc-600x400.jpg 600w, https:\/\/nexusvisa.ca\/wp-content\/uploads\/2023\/01\/usa-flag-and-a-passport-2021-08-30-08-26-33-utc-1024x683.jpg 1024w, https:\/\/nexusvisa.ca\/wp-content\/uploads\/2023\/01\/usa-flag-and-a-passport-2021-08-30-08-26-33-utc.jpg 1600w\" sizes=\"(max-width: 768px) 100vw, 768px\" \/>\t\t\t\t\t\t\t\t\t\t\t\t\t\t\t<\/div>\n\t\t\t\t<\/div>\n\t\t\t\t\t<\/div>\n\t\t<\/div>\n\t\t\t\t<div class=\"elementor-column elementor-col-50 elementor-top-column elementor-element elementor-element-b0e02a8\" data-id=\"b0e02a8\" data-element_type=\"column\" data-e-type=\"column\">\n\t\t\t<div class=\"elementor-widget-wrap elementor-element-populated\">\n\t\t\t\t\t\t<div class=\"elementor-element elementor-element-13ceed3 animated-slow elementor-invisible elementor-widget elementor-widget-text-editor\" data-id=\"13ceed3\" data-element_type=\"widget\" data-e-type=\"widget\" data-settings=\"{&quot;_animation&quot;:&quot;fadeIn&quot;,&quot;_animation_delay&quot;:500}\" data-widget_type=\"text-editor.default\">\n\t\t\t\t<div class=\"elementor-widget-container\">\n\t\t\t\t\t\t\t\t\t<p><strong>C\u00f3 ph\u1ea3i b\u1ea1n \u0111ang t\u00ecm ki\u1ebfm th\u00f4ng tin v\u1ec1 \u0111\u1ea7u t\u01b0 v\u00e0 \u0111\u1ecbnh c\u01b0 v\u00e0o Hoa K\u1ef3?<\/strong><\/p><p>Visa E2 l\u00e0 m\u1ed9t l\u1ef1a ch\u1ecdn tuy\u1ec7t v\u1eddi cho c\u00e1c nh\u00e0 \u0111\u1ea7u t\u01b0 v\u00e0 doanh nh\u00e2n. V\u1edbi Visa E2, b\u1ea1n c\u00f3 th\u1ec3 sinh s\u1ed1ng t\u1ea1i Hoa K\u1ef3, b\u1eaft \u0111\u1ea7u kinh doanh t\u1ea1i Hoa K\u1ef3 v\u00e0 l\u00e0m vi\u1ec7c cho doanh nghi\u1ec7p c\u1ee7a m\u00ecnh.<\/p><p><strong>Th\u1ecb th\u1ef1c E2 l\u00e0 g\u00ec? <\/strong><\/p><p>Th\u1ecb th\u1ef1c E2 l\u00e0 th\u1ecb th\u1ef1c kh\u00f4ng \u0111\u1ecbnh c\u01b0 d\u00e0nh cho c\u00e1c nh\u00e0 \u0111\u1ea7u t\u01b0, doanh nh\u00e2n v\u00e0 nh\u1eefng ng\u01b0\u1eddi mu\u1ed1n \u0111i\u1ec1u h\u00e0nh m\u1ed9t doanh nghi\u1ec7p t\u1ea1i Hoa K\u1ef3. N\u00f3 cho ph\u00e9p m\u1ed9t c\u00f4ng d\u00e2n c\u1ee7a m\u1ed9t qu\u1ed1c gia hi\u1ec7p \u01b0\u1edbc chuy\u1ec3n \u0111\u1ebfn Hoa K\u1ef3 \u0111\u1ec3 \u0111\u1ea7u t\u01b0 v\u00e0 \u0111i\u1ec1u h\u00e0nh m\u1ed9t doanh nghi\u1ec7p ho\u1eb7c nh\u01b0\u1ee3ng quy\u1ec1n th\u01b0\u01a1ng m\u1ea1i.<\/p>\t\t\t\t\t\t\t\t<\/div>\n\t\t\t\t<\/div>\n\t\t\t\t\t<\/div>\n\t\t<\/div>\n\t\t\t\t\t<\/div>\n\t\t<\/section>\n\t\t\t\t<section class=\"elementor-section elementor-top-section elementor-element elementor-element-9081ef8 animated-slow elementor-section-boxed elementor-section-height-default elementor-section-height-default elementor-invisible\" data-id=\"9081ef8\" data-element_type=\"section\" data-e-type=\"section\" data-settings=\"{&quot;animation&quot;:&quot;fadeIn&quot;,&quot;animation_delay&quot;:500}\">\n\t\t\t\t\t\t<div class=\"elementor-container elementor-column-gap-default\">\n\t\t\t\t\t<div class=\"elementor-column elementor-col-100 elementor-top-column elementor-element elementor-element-9b4708e\" data-id=\"9b4708e\" data-element_type=\"column\" data-e-type=\"column\">\n\t\t\t<div class=\"elementor-widget-wrap elementor-element-populated\">\n\t\t\t\t\t\t<div class=\"elementor-element elementor-element-1a7f41a elementor-widget elementor-widget-text-editor\" data-id=\"1a7f41a\" data-element_type=\"widget\" data-e-type=\"widget\" data-widget_type=\"text-editor.default\">\n\t\t\t\t<div class=\"elementor-widget-container\">\n\t\t\t\t\t\t\t\t\t<p><strong>\u01afu \u0111i\u1ec3m c\u1ee7a th\u1ecb th\u1ef1c E2 l\u00e0 g\u00ec?<\/strong><\/p><ul><li>Kh\u00f4ng y\u00eau c\u1ea7u b\u1eb1ng c\u1ea5p h\u1ecdc thu\u1eadt<\/li><li>E-2 l\u00e0 c\u00e1ch nhanh nh\u1ea5t \u0111\u1ec3 s\u1ed1ng \u1edf Hoa K\u1ef3<\/li><li>N\u00f3 kh\u00f4ng ph\u1ea3i l\u00e0 m\u1ed9t qu\u00e1 tr\u00ecnh d\u00e0i (th\u01b0\u1eddng trong v\u00f2ng 180 ng\u00e0y)<\/li><li>Kh\u00f4ng c\u00f3 s\u1ed1 ti\u1ec1n \u0111\u1ea7u t\u01b0 t\u1ed1i thi\u1ec3u \u0111\u01b0\u1ee3c y\u00eau c\u1ea7u<\/li><li>Kh\u00f4ng c\u00f3 y\u00eau c\u1ea7u nh\u00e2n vi\u00ean<\/li><li>B\u1ea5t k\u1ef3 doanh nghi\u1ec7p c\u00f3 th\u1ec3 l\u00e0m vi\u1ec7c<\/li><li>V\u1ee3\/ch\u1ed3ng v\u00e0 con c\u00e1i d\u01b0\u1edbi 21 tu\u1ed5i c\u00f3 th\u1ec3 \u0111i c\u00f9ng nh\u00e0 \u0111\u1ea7u t\u01b0<\/li><li>E2 c\u00f3 th\u1ec3 ti\u1ebfp t\u1ee5c \u201cm\u00e3i m\u00e3i\u201d<\/li><\/ul>\t\t\t\t\t\t\t\t<\/div>\n\t\t\t\t<\/div>\n\t\t\t\t\t<\/div>\n\t\t<\/div>\n\t\t\t\t\t<\/div>\n\t\t<\/section>\n\t\t\t\t<section class=\"elementor-section elementor-top-section elementor-element elementor-element-761e8f8 elementor-section-boxed elementor-section-height-default elementor-section-height-default elementor-invisible\" data-id=\"761e8f8\" data-element_type=\"section\" data-e-type=\"section\" data-settings=\"{&quot;animation&quot;:&quot;fadeIn&quot;}\">\n\t\t\t\t\t\t<div class=\"elementor-container elementor-column-gap-default\">\n\t\t\t\t\t<div class=\"elementor-column elementor-col-50 elementor-top-column elementor-element elementor-element-2b6adb3\" data-id=\"2b6adb3\" data-element_type=\"column\" data-e-type=\"column\">\n\t\t\t<div class=\"elementor-widget-wrap elementor-element-populated\">\n\t\t\t\t\t\t<div class=\"elementor-element elementor-element-ca648e1 elementor-widget elementor-widget-image\" data-id=\"ca648e1\" data-element_type=\"widget\" data-e-type=\"widget\" data-widget_type=\"image.default\">\n\t\t\t\t<div class=\"elementor-widget-container\">\n\t\t\t\t\t\t\t\t\t\t\t\t\t\t\t<img decoding=\"async\" width=\"768\" height=\"512\" data-src=\"https:\/\/nexusvisa.ca\/wp-content\/uploads\/2023\/01\/multiracial-business-people-having-briefing-at-off-2021-12-09-02-46-03-utc-768x512.jpg\" class=\"attachment-medium_large size-medium_large wp-image-5225 lazyload\" alt=\"\" data-srcset=\"https:\/\/nexusvisa.ca\/wp-content\/uploads\/2023\/01\/multiracial-business-people-having-briefing-at-off-2021-12-09-02-46-03-utc-768x512.jpg 768w, https:\/\/nexusvisa.ca\/wp-content\/uploads\/2023\/01\/multiracial-business-people-having-briefing-at-off-2021-12-09-02-46-03-utc-600x400.jpg 600w, https:\/\/nexusvisa.ca\/wp-content\/uploads\/2023\/01\/multiracial-business-people-having-briefing-at-off-2021-12-09-02-46-03-utc-1024x683.jpg 1024w, https:\/\/nexusvisa.ca\/wp-content\/uploads\/2023\/01\/multiracial-business-people-having-briefing-at-off-2021-12-09-02-46-03-utc.jpg 1200w\" data-sizes=\"(max-width: 768px) 100vw, 768px\" src=\"data:image\/svg+xml;base64,PHN2ZyB3aWR0aD0iMSIgaGVpZ2h0PSIxIiB4bWxucz0iaHR0cDovL3d3dy53My5vcmcvMjAwMC9zdmciPjwvc3ZnPg==\" style=\"--smush-placeholder-width: 768px; --smush-placeholder-aspect-ratio: 768\/512;\" \/>\t\t\t\t\t\t\t\t\t\t\t\t\t\t\t<\/div>\n\t\t\t\t<\/div>\n\t\t\t\t\t<\/div>\n\t\t<\/div>\n\t\t\t\t<div class=\"elementor-column elementor-col-50 elementor-top-column elementor-element elementor-element-1279d17\" data-id=\"1279d17\" data-element_type=\"column\" data-e-type=\"column\">\n\t\t\t<div class=\"elementor-widget-wrap elementor-element-populated\">\n\t\t\t\t\t\t<div class=\"elementor-element elementor-element-895d10c elementor-widget elementor-widget-text-editor\" data-id=\"895d10c\" data-element_type=\"widget\" data-e-type=\"widget\" data-widget_type=\"text-editor.default\">\n\t\t\t\t<div class=\"elementor-widget-container\">\n\t\t\t\t\t\t\t\t\t<p>Th\u1ecb th\u1ef1c E-2 c\u00f3 th\u1ec3 l\u00e0 m\u1ed9t ph\u01b0\u01a1ng ti\u1ec7n tuy\u1ec7t v\u1eddi \u0111\u1ec3 gi\u00fap b\u1ea1n th\u00e0nh l\u1eadp doanh nghi\u1ec7p c\u1ee7a m\u00ecnh t\u1ea1i Hoa K\u1ef3. Th\u1ecb th\u1ef1c n\u00e0y c\u00f3 s\u1eb5n cho c\u00f4ng d\u00e2n c\u1ee7a c\u00e1c qu\u1ed1c gia hi\u1ec7p \u01b0\u1edbc Hoa K\u1ef3 v\u00e0 n\u00f3 \u0111\u01b0\u1ee3c coi l\u00e0 m\u1ed9t l\u1ef1a ch\u1ecdn d\u1ec5 ti\u1ebfp c\u1eadn h\u01a1n. N\u1ebfu b\u1ea1n quan t\u00e2m \u0111\u1ebfn vi\u1ec7c t\u00ecm hi\u1ec3u th\u00eam v\u1ec1 c\u00e1ch lo\u1ea1i th\u1ecb th\u1ef1c n\u00e0y c\u00f3 th\u1ec3 mang l\u1ea1i l\u1ee3i \u00edch cho b\u1ea1n, h\u00e3y nh\u1edb \u0111\u0103ng k\u00fd t\u01b0 v\u1ea5n v\u1edbi ch\u00fang t\u00f4i. \u0110\u1ed9i ng\u0169 chuy\u00ean gia c\u1ee7a ch\u00fang t\u00f4i s\u1ebd cung c\u1ea5p cho b\u1ea1n t\u1ea5t c\u1ea3 th\u00f4ng tin v\u00e0 h\u1ed7 tr\u1ee3 b\u1ea1n c\u1ea7n \u0111\u1ec3 kh\u00e1m ph\u00e1 kh\u1ea3 n\u0103ng nh\u1eadn \u0111\u01b0\u1ee3c th\u1ecb th\u1ef1c E-2.<\/p>\n\t\t\t\t\t\t\t\t<\/div>\n\t\t\t\t<\/div>\n\t\t\t\t\t<\/div>\n\t\t<\/div>\n\t\t\t\t\t<\/div>\n\t\t<\/section>\n\t\t\t\t<\/div>\n\t\t","protected":false},"excerpt":{"rendered":"<p>Visa Du L\u1ecbch M\u1ef9 C\u00f3 ph\u1ea3i b\u1ea1n \u0111ang t\u00ecm ki\u1ebfm th\u00f4ng tin v\u1ec1 \u0111\u1ea7u t\u01b0 v\u00e0 \u0111\u1ecbnh c\u01b0 v\u00e0o Hoa K\u1ef3? Visa E2 l\u00e0 m\u1ed9t l\u1ef1a ch\u1ecdn tuy\u1ec7t v\u1eddi cho c\u00e1c nh\u00e0 \u0111\u1ea7u t\u01b0 v\u00e0 doanh nh\u00e2n. V\u1edbi Visa E2, b\u1ea1n c\u00f3 th\u1ec3 sinh s\u1ed1ng t\u1ea1i Hoa K\u1ef3, b\u1eaft \u0111\u1ea7u kinh doanh t\u1ea1i Hoa K\u1ef3 [&hellip;]<\/p>\n","protected":false},"author":9,"featured_media":0,"parent":0,"menu_order":0,"comment_status":"closed","ping_status":"closed","template":"","meta":{"footnotes":""},"class_list":["post-5655","page","type-page","status-publish","hentry"],"_links":{"self":[{"href":"https:\/\/nexusvisa.ca\/vi\/wp-json\/wp\/v2\/pages\/5655","targetHints":{"allow":["GET"]}}],"collection":[{"href":"https:\/\/nexusvisa.ca\/vi\/wp-json\/wp\/v2\/pages"}],"about":[{"href":"https:\/\/nexusvisa.ca\/vi\/wp-json\/wp\/v2\/types\/page"}],"author":[{"embeddable":true,"href":"https:\/\/nexusvisa.ca\/vi\/wp-json\/wp\/v2\/users\/9"}],"replies":[{"embeddable":true,"href":"https:\/\/nexusvisa.ca\/vi\/wp-json\/wp\/v2\/comments?post=5655"}],"version-history":[{"count":26,"href":"https:\/\/nexusvisa.ca\/vi\/wp-json\/wp\/v2\/pages\/5655\/revisions"}],"predecessor-version":[{"id":11730,"href":"https:\/\/nexusvisa.ca\/vi\/wp-json\/wp\/v2\/pages\/5655\/revisions\/11730"}],"wp:attachment":[{"href":"https:\/\/nexusvisa.ca\/vi\/wp-json\/wp\/v2\/media?parent=5655"}],"curies":[{"name":"wp","href":"https:\/\/api.w.org\/{rel}","templated":true}]}}