{"id":5609,"date":"2023-01-26T17:07:13","date_gmt":"2023-01-27T00:07:13","guid":{"rendered":"http:\/\/nexusvisa.com\/giay-nhap-hoc\/"},"modified":"2023-03-29T16:52:47","modified_gmt":"2023-03-29T22:52:47","slug":"giay-phep-nhap-hoc","status":"publish","type":"page","link":"https:\/\/nexusvisa.ca\/vi\/giay-phep-nhap-hoc\/","title":{"rendered":"Gi\u1ea5y Ph\u00e9p Nh\u1eadp H\u1ecdc"},"content":{"rendered":"\t\t<div data-elementor-type=\"wp-page\" data-elementor-id=\"5609\" class=\"elementor elementor-5609 elementor-2568\">\n\t\t\t\t\t\t<section class=\"elementor-section elementor-top-section elementor-element elementor-element-2876238 elementor-section-boxed elementor-section-height-default elementor-section-height-default\" data-id=\"2876238\" data-element_type=\"section\" data-e-type=\"section\">\n\t\t\t\t\t\t<div class=\"elementor-container elementor-column-gap-default\">\n\t\t\t\t\t<div class=\"elementor-column elementor-col-100 elementor-top-column elementor-element elementor-element-80b3aa0\" data-id=\"80b3aa0\" data-element_type=\"column\" data-e-type=\"column\">\n\t\t\t<div class=\"elementor-widget-wrap elementor-element-populated\">\n\t\t\t\t\t\t<div class=\"elementor-element elementor-element-146108d animated-slow elementor-invisible elementor-widget elementor-widget-heading\" data-id=\"146108d\" data-element_type=\"widget\" data-e-type=\"widget\" data-settings=\"{&quot;_animation&quot;:&quot;fadeIn&quot;}\" data-widget_type=\"heading.default\">\n\t\t\t\t<div class=\"elementor-widget-container\">\n\t\t\t\t\t<h1 class=\"elementor-heading-title elementor-size-default\">Gi\u1ea5y Ph\u00e9p Nh\u1eadp H\u1ecdc (Study Permit)<\/h1>\t\t\t\t<\/div>\n\t\t\t\t<\/div>\n\t\t\t\t\t<\/div>\n\t\t<\/div>\n\t\t\t\t\t<\/div>\n\t\t<\/section>\n\t\t\t\t<section class=\"elementor-section elementor-top-section elementor-element elementor-element-8a5ddc3 elementor-section-boxed elementor-section-height-default elementor-section-height-default\" data-id=\"8a5ddc3\" data-element_type=\"section\" data-e-type=\"section\">\n\t\t\t\t\t\t<div class=\"elementor-container elementor-column-gap-default\">\n\t\t\t\t\t<div class=\"elementor-column elementor-col-50 elementor-top-column elementor-element elementor-element-fb253cc\" data-id=\"fb253cc\" data-element_type=\"column\" data-e-type=\"column\">\n\t\t\t<div class=\"elementor-widget-wrap elementor-element-populated\">\n\t\t\t\t\t\t<div class=\"elementor-element elementor-element-b1b333a elementor-invisible elementor-widget elementor-widget-image\" data-id=\"b1b333a\" data-element_type=\"widget\" data-e-type=\"widget\" data-settings=\"{&quot;_animation&quot;:&quot;fadeInLeft&quot;,&quot;_animation_delay&quot;:500}\" data-widget_type=\"image.default\">\n\t\t\t\t<div class=\"elementor-widget-container\">\n\t\t\t\t\t\t\t\t\t\t\t\t\t\t\t<img fetchpriority=\"high\" decoding=\"async\" width=\"768\" height=\"512\" src=\"https:\/\/nexusvisa.ca\/wp-content\/uploads\/2023\/01\/group-study-in-university-library-2022-02-02-05-06-46-utc-768x512.jpg\" class=\"attachment-medium_large size-medium_large wp-image-4925\" alt=\"\" srcset=\"https:\/\/nexusvisa.ca\/wp-content\/uploads\/2023\/01\/group-study-in-university-library-2022-02-02-05-06-46-utc-768x512.jpg 768w, https:\/\/nexusvisa.ca\/wp-content\/uploads\/2023\/01\/group-study-in-university-library-2022-02-02-05-06-46-utc-600x400.jpg 600w, https:\/\/nexusvisa.ca\/wp-content\/uploads\/2023\/01\/group-study-in-university-library-2022-02-02-05-06-46-utc-1024x683.jpg 1024w, https:\/\/nexusvisa.ca\/wp-content\/uploads\/2023\/01\/group-study-in-university-library-2022-02-02-05-06-46-utc.jpg 1800w\" sizes=\"(max-width: 768px) 100vw, 768px\" \/>\t\t\t\t\t\t\t\t\t\t\t\t\t\t\t<\/div>\n\t\t\t\t<\/div>\n\t\t\t\t\t<\/div>\n\t\t<\/div>\n\t\t\t\t<div class=\"elementor-column elementor-col-50 elementor-top-column elementor-element elementor-element-63ba753\" data-id=\"63ba753\" data-element_type=\"column\" data-e-type=\"column\">\n\t\t\t<div class=\"elementor-widget-wrap elementor-element-populated\">\n\t\t\t\t\t\t<div class=\"elementor-element elementor-element-461d695 animated-slow elementor-invisible elementor-widget elementor-widget-text-editor\" data-id=\"461d695\" data-element_type=\"widget\" data-e-type=\"widget\" data-settings=\"{&quot;_animation&quot;:&quot;fadeIn&quot;,&quot;_animation_delay&quot;:500}\" data-widget_type=\"text-editor.default\">\n\t\t\t\t<div class=\"elementor-widget-container\">\n\t\t\t\t\t\t\t\t\t<p>Canada l\u00e0 m\u1ed9t trong 10 qu\u1ed1c gia t\u1ed1t nh\u1ea5t \u0111\u1ec3 sinh vi\u00ean qu\u1ed1c t\u1ebf theo \u0111u\u1ed5i vi\u1ec7c h\u1ecdc \u1edf m\u1ecdi c\u1ea5p \u0111\u1ed9 t\u1eeb ti\u1ec3u h\u1ecdc, trung h\u1ecdc, sau trung h\u1ecdc\/\u0111\u1ea1i h\u1ecdc, sau \u0111\u1ea1i h\u1ecdc v\u00e0 cao h\u1ecdc. Canada l\u00e0 m\u1ed9t qu\u1ed1c gia gi\u00e0u t\u00ednh \u0111a s\u1eafc t\u1ed9c v\u00e0 \u0111a v\u0103n h\u00f3a. Khi \u0111\u1ebfn du h\u1ecdc Canada, b\u1ea1n c\u00f3 th\u1ec3 g\u1eb7p g\u1ee1 v\u00e0 k\u1ebft b\u1ea1n v\u1edbi m\u1ecdi ng\u01b0\u1eddi t\u1eeb kh\u1eafp n\u01a1i tr\u00ean th\u1ebf gi\u1edbi trong khi theo \u0111u\u1ed5i vi\u1ec7c h\u1ecdc c\u1ee7a m\u00ecnh trong m\u1ed9t m\u00f4i tr\u01b0\u1eddng gi\u00e1o d\u1ee5c \u0111\u1eb3ng c\u1ea5p th\u1ebf gi\u1edbi.<\/p>\n<p>B\u1eaft \u0111\u1ea7u \u1edf c\u1ea5p \u0111\u1ed9 sau trung h\u1ecdc\/\u0111\u1ea1i h\u1ecdc, sinh vi\u00ean theo h\u1ecdc c\u00e1c ch\u01b0\u01a1ng tr\u00ecnh \u0111\u1ee7 \u0111i\u1ec1u ki\u1ec7n t\u1ea1i c\u00e1c h\u1ecdc vi\u1ec7n \u0111\u1ee7 ti\u00eau chu\u1ea9n c\u00f3 th\u1ec3 c\u00f3 c\u01a1 h\u1ed9i l\u00e0m vi\u1ec7c b\u00e1n th\u1eddi gian trong khu\u00f4n vi\u00ean tr\u01b0\u1eddng v\u00e0\/ho\u1eb7c ngo\u00e0i khu\u00f4n vi\u00ean tr\u01b0\u1eddng trong h\u1ecdc k\u1ef3 th\u00f4ng th\u01b0\u1eddng v\u00e0 l\u00e0m vi\u1ec7c to\u00e0n th\u1eddi gian trong th\u1eddi gian gi\u1eefa c\u00e1c h\u1ecdc k\u1ef3 ngh\u1ec9 (v\u00ed d\u1ee5: ngh\u1ec9 \u0111\u00f4ng, h\u1ecdc k\u1ef3 h\u00e8, v.v.). Sau khi ho\u00e0n th\u00e0nh th\u00e0nh c\u00f4ng ch\u01b0\u01a1ng tr\u00ecnh \u0111\u1ee7 \u0111i\u1ec1u ki\u1ec7n t\u1ea1i c\u00e1c h\u1ecdc vi\u1ec7n \u0111\u1ee7 \u0111i\u1ec1u ki\u1ec7n, b\u1ea1n c\u00f3 th\u1ec3 \u0111\u1ee7 \u0111i\u1ec1u ki\u1ec7n \u0111\u1ec3 \u0111\u01b0\u1ee3c c\u1ea5p gi\u1ea5y ph\u00e9p l\u00e0m vi\u1ec7c sau \u0111\u1ea1i h\u1ecdc (PGWP). PGWP l\u00e0 Gi\u1ea5y ph\u00e9p L\u00e0m vi\u1ec7c M\u1edf \u0111\u01b0\u1ee3c LMIA mi\u1ec5n tr\u1eeb cho ph\u00e9p m\u1ed9t c\u00e1 nh\u00e2n \u00e1p d\u1ee5ng c\u00e1c b\u1ed9 k\u1ef9 n\u0103ng c\u1ee7a h\u1ecd, c\u00f3 th\u1ec3 h\u1ecdc \u0111\u01b0\u1ee3c t\u1eeb c\u00e1c tr\u01b0\u1eddng h\u1ecdc ho\u1eb7c b\u1ea5t k\u1ef3 n\u01a1i n\u00e0o \u1edf Canada. \u0110i\u1ec1u n\u00e0y c\u00f3 th\u1ec3 gi\u00fap m\u1ed9t c\u00e1 nh\u00e2n x\u00e2y d\u1ef1ng m\u1ea1ng l\u01b0\u1edbi m\u1ecdi ng\u01b0\u1eddi, tr\u1ea3i nghi\u1ec7m th\u00eam v\u1ec1 cu\u1ed9c s\u1ed1ng \u1edf Canada v\u00e0 c\u00f3 nh\u1eefng \u00fd t\u01b0\u1edfng t\u1ed1t h\u01a1n v\u1ec1 n\u01a1i s\u1ebd ti\u1ebfp t\u1ee5c.<\/p>\n\t\t\t\t\t\t\t\t<\/div>\n\t\t\t\t<\/div>\n\t\t\t\t\t<\/div>\n\t\t<\/div>\n\t\t\t\t\t<\/div>\n\t\t<\/section>\n\t\t\t\t<\/div>\n\t\t","protected":false},"excerpt":{"rendered":"<p>Gi\u1ea5y Ph\u00e9p Nh\u1eadp H\u1ecdc (Study Permit) Canada l\u00e0 m\u1ed9t trong 10 qu\u1ed1c gia t\u1ed1t nh\u1ea5t \u0111\u1ec3 sinh vi\u00ean qu\u1ed1c t\u1ebf theo \u0111u\u1ed5i vi\u1ec7c h\u1ecdc \u1edf m\u1ecdi c\u1ea5p \u0111\u1ed9 t\u1eeb ti\u1ec3u h\u1ecdc, trung h\u1ecdc, sau trung h\u1ecdc\/\u0111\u1ea1i h\u1ecdc, sau \u0111\u1ea1i h\u1ecdc v\u00e0 cao h\u1ecdc. Canada l\u00e0 m\u1ed9t qu\u1ed1c gia gi\u00e0u t\u00ednh \u0111a s\u1eafc t\u1ed9c v\u00e0 \u0111a [&hellip;]<\/p>\n","protected":false},"author":9,"featured_media":0,"parent":0,"menu_order":0,"comment_status":"closed","ping_status":"closed","template":"","meta":{"footnotes":""},"class_list":["post-5609","page","type-page","status-publish","hentry"],"_links":{"self":[{"href":"https:\/\/nexusvisa.ca\/vi\/wp-json\/wp\/v2\/pages\/5609","targetHints":{"allow":["GET"]}}],"collection":[{"href":"https:\/\/nexusvisa.ca\/vi\/wp-json\/wp\/v2\/pages"}],"about":[{"href":"https:\/\/nexusvisa.ca\/vi\/wp-json\/wp\/v2\/types\/page"}],"author":[{"embeddable":true,"href":"https:\/\/nexusvisa.ca\/vi\/wp-json\/wp\/v2\/users\/9"}],"replies":[{"embeddable":true,"href":"https:\/\/nexusvisa.ca\/vi\/wp-json\/wp\/v2\/comments?post=5609"}],"version-history":[{"count":25,"href":"https:\/\/nexusvisa.ca\/vi\/wp-json\/wp\/v2\/pages\/5609\/revisions"}],"predecessor-version":[{"id":11792,"href":"https:\/\/nexusvisa.ca\/vi\/wp-json\/wp\/v2\/pages\/5609\/revisions\/11792"}],"wp:attachment":[{"href":"https:\/\/nexusvisa.ca\/vi\/wp-json\/wp\/v2\/media?parent=5609"}],"curies":[{"name":"wp","href":"https:\/\/api.w.org\/{rel}","templated":true}]}}