{"id":5559,"date":"2023-01-24T14:42:12","date_gmt":"2023-01-24T21:42:12","guid":{"rendered":"http:\/\/nexusvisa.com\/ve-alberta\/"},"modified":"2023-04-06T15:36:11","modified_gmt":"2023-04-06T21:36:11","slug":"ve-alberta","status":"publish","type":"page","link":"https:\/\/nexusvisa.ca\/vi\/ve-alberta\/","title":{"rendered":"V\u1ec1 Alberta"},"content":{"rendered":"\t\t<div data-elementor-type=\"wp-page\" data-elementor-id=\"5559\" class=\"elementor elementor-5559 elementor-2371\">\n\t\t\t\t\t\t<section class=\"elementor-section elementor-top-section elementor-element elementor-element-8c569ff elementor-section-boxed elementor-section-height-default elementor-section-height-default\" data-id=\"8c569ff\" data-element_type=\"section\" data-e-type=\"section\">\n\t\t\t\t\t\t<div class=\"elementor-container elementor-column-gap-default\">\n\t\t\t\t\t<div class=\"elementor-column elementor-col-100 elementor-top-column elementor-element elementor-element-da5ed65\" data-id=\"da5ed65\" data-element_type=\"column\" data-e-type=\"column\">\n\t\t\t<div class=\"elementor-widget-wrap elementor-element-populated\">\n\t\t\t\t\t\t<div class=\"elementor-element elementor-element-8403a2c animated-slow elementor-invisible elementor-widget elementor-widget-heading\" data-id=\"8403a2c\" data-element_type=\"widget\" data-e-type=\"widget\" data-settings=\"{&quot;_animation&quot;:&quot;fadeIn&quot;}\" data-widget_type=\"heading.default\">\n\t\t\t\t<div class=\"elementor-widget-container\">\n\t\t\t\t\t<h1 class=\"elementor-heading-title elementor-size-default\">V\u1ec1 Alberta<\/h1>\t\t\t\t<\/div>\n\t\t\t\t<\/div>\n\t\t\t\t\t<\/div>\n\t\t<\/div>\n\t\t\t\t\t<\/div>\n\t\t<\/section>\n\t\t\t\t<section class=\"elementor-section elementor-top-section elementor-element elementor-element-8fea94e elementor-section-boxed elementor-section-height-default elementor-section-height-default\" data-id=\"8fea94e\" data-element_type=\"section\" data-e-type=\"section\">\n\t\t\t\t\t\t<div class=\"elementor-container elementor-column-gap-default\">\n\t\t\t\t\t<div class=\"elementor-column elementor-col-50 elementor-top-column elementor-element elementor-element-2e3a4f1\" data-id=\"2e3a4f1\" data-element_type=\"column\" data-e-type=\"column\">\n\t\t\t<div class=\"elementor-widget-wrap elementor-element-populated\">\n\t\t\t\t\t\t<div class=\"elementor-element elementor-element-dd37b10 elementor-invisible elementor-widget elementor-widget-image\" data-id=\"dd37b10\" data-element_type=\"widget\" data-e-type=\"widget\" data-settings=\"{&quot;_animation&quot;:&quot;fadeInLeft&quot;,&quot;_animation_delay&quot;:500}\" data-widget_type=\"image.default\">\n\t\t\t\t<div class=\"elementor-widget-container\">\n\t\t\t\t\t\t\t\t\t\t\t\t\t\t\t<img fetchpriority=\"high\" decoding=\"async\" width=\"900\" height=\"675\" src=\"https:\/\/nexusvisa.ca\/wp-content\/uploads\/2023\/02\/calgary-alberta-canada-2022-03-07-17-57-04-utc-2-1024x768.jpg\" class=\"attachment-large size-large wp-image-5295\" alt=\"\" srcset=\"https:\/\/nexusvisa.ca\/wp-content\/uploads\/2023\/02\/calgary-alberta-canada-2022-03-07-17-57-04-utc-2-1024x768.jpg 1024w, https:\/\/nexusvisa.ca\/wp-content\/uploads\/2023\/02\/calgary-alberta-canada-2022-03-07-17-57-04-utc-2-600x450.jpg 600w, https:\/\/nexusvisa.ca\/wp-content\/uploads\/2023\/02\/calgary-alberta-canada-2022-03-07-17-57-04-utc-2-768x576.jpg 768w, https:\/\/nexusvisa.ca\/wp-content\/uploads\/2023\/02\/calgary-alberta-canada-2022-03-07-17-57-04-utc-2-560x420.jpg 560w, https:\/\/nexusvisa.ca\/wp-content\/uploads\/2023\/02\/calgary-alberta-canada-2022-03-07-17-57-04-utc-2.jpg 1240w\" sizes=\"(max-width: 900px) 100vw, 900px\" \/>\t\t\t\t\t\t\t\t\t\t\t\t\t\t\t<\/div>\n\t\t\t\t<\/div>\n\t\t\t\t\t<\/div>\n\t\t<\/div>\n\t\t\t\t<div class=\"elementor-column elementor-col-50 elementor-top-column elementor-element elementor-element-1d11d4e\" data-id=\"1d11d4e\" data-element_type=\"column\" data-e-type=\"column\">\n\t\t\t<div class=\"elementor-widget-wrap elementor-element-populated\">\n\t\t\t\t\t\t<div class=\"elementor-element elementor-element-463a3bc animated-slow elementor-invisible elementor-widget elementor-widget-gva-heading-block\" data-id=\"463a3bc\" data-element_type=\"widget\" data-e-type=\"widget\" data-settings=\"{&quot;_animation&quot;:&quot;fadeIn&quot;,&quot;_animation_delay&quot;:500}\" data-widget_type=\"gva-heading-block.default\">\n\t\t\t\t<div class=\"elementor-widget-container\">\n\t\t\t\t\t<div class=\"gva-element-gva-heading-block gva-element\">   <div class=\"align-left style-1 widget gsc-heading box-align-left auto-responsive\">\r\n      <div class=\"content-inner\">\r\n         \r\n         \r\n         <div class=\"heading-line\"><span><\/span><span><\/span><\/div>\r\n                     <div class=\"sub-title\">\r\n               <span class=\"tagline\">L\u00e0m quen v\u1edbi Alberta<\/span> \r\n            <\/div>\r\n           \r\n         \r\n                     <h2 class=\"title\">\r\n               <span>T\u1ea1i sao l\u1ea1i l\u00e0 Alberta?<\/span>\r\n            <\/h2>\r\n                              <div class=\"title-desc\">Alberta l\u00e0 t\u1ec9nh \u0111\u00f4ng d\u00e2n th\u1ee9 t\u01b0 c\u1ee7a Canada, n\u00f3 c\u0169ng l\u00e0 t\u1ec9nh l\u1edbn th\u1ee9 t\u01b0 \u1edf Canada. C\u00e1c c\u1ed9ng \u0111\u1ed3ng \u0111a d\u1ea1ng l\u00e0 m\u1ed9t ph\u1ea7n khi\u1ebfn Alberta tr\u1edf th\u00e0nh m\u1ed9t n\u01a1i tuy\u1ec7t v\u1eddi \u0111\u1ec3 sinh s\u1ed1ng.<\/br><\/br>Alberta r\u1ea5t coi tr\u1ecdng vi\u1ec7c b\u1ea3o t\u1ed3n m\u00f4i tr\u01b0\u1eddng t\u1ef1 nhi\u00ean v\u00e0 Alberta r\u1ea5t t\u1ef1 h\u00e0o v\u1ec1 t\u00e0i nguy\u00ean thi\u00ean nhi\u00ean c\u1ee7a m\u00ecnh v\u00e0 lu\u00f4n n\u1ed7 l\u1ef1c \u0111\u1ec3 \u0111\u1ea3m b\u1ea3o r\u1eb1ng c\u00e1c c\u00f4ng vi\u00ean c\u1ee7a Alberta \u0111\u01b0\u1ee3c duy tr\u00ec . Tr\u00ean to\u00e0n t\u1ec9nh, c\u00f3 n\u0103m Di s\u1ea3n Th\u1ebf gi\u1edbi \u0111\u01b0\u1ee3c UNESCO c\u00f4ng nh\u1eadn v\u00e0 n\u0103m c\u00f4ng vi\u00ean qu\u1ed1c gia, c\u0169ng nh\u01b0 h\u01a1n 450 c\u00f4ng vi\u00ean v\u00e0 khu b\u1ea3o t\u1ed3n c\u1ea5p t\u1ec9nh d\u00e0nh cho m\u1ecdi ho\u1ea1t \u0111\u1ed9ng ngo\u00e0i tr\u1eddi m\u00e0 m\u1ecdi ng\u01b0\u1eddi c\u00f3 th\u1ec3 th\u1ef1c s\u1ef1 t\u1eadn h\u01b0\u1edfng ch\u1ee7 \u0111\u1ec1 thi\u00ean nhi\u00ean tuy\u1ec7t v\u1eddi nh\u1ea5t \u1edf Alberta.<\/div>\r\n         \r\n         \r\n      <\/div>\r\n   <\/div>\r\n<\/div>\t\t\t\t<\/div>\n\t\t\t\t<\/div>\n\t\t\t\t\t<\/div>\n\t\t<\/div>\n\t\t\t\t\t<\/div>\n\t\t<\/section>\n\t\t\t\t<section class=\"elementor-section elementor-top-section elementor-element elementor-element-65a5261 animated-slow elementor-section-boxed elementor-section-height-default elementor-section-height-default elementor-invisible\" data-id=\"65a5261\" data-element_type=\"section\" data-e-type=\"section\" data-settings=\"{&quot;animation&quot;:&quot;fadeIn&quot;,&quot;animation_delay&quot;:500}\">\n\t\t\t\t\t\t<div class=\"elementor-container elementor-column-gap-default\">\n\t\t\t\t\t<div class=\"elementor-column elementor-col-100 elementor-top-column elementor-element elementor-element-0b33e3b\" data-id=\"0b33e3b\" data-element_type=\"column\" data-e-type=\"column\">\n\t\t\t<div class=\"elementor-widget-wrap elementor-element-populated\">\n\t\t\t\t\t\t<div class=\"elementor-element elementor-element-f488b93 elementor-widget elementor-widget-text-editor\" data-id=\"f488b93\" data-element_type=\"widget\" data-e-type=\"widget\" data-widget_type=\"text-editor.default\">\n\t\t\t\t<div class=\"elementor-widget-container\">\n\t\t\t\t\t\t\t\t\t<p class=\"font_8\">\n            <span style=\"color: var(--conult-body-color); font-family: var(--conult-font-sans-serif);\">Ngo\u00e0i phong c\u1ea3nh tuy\u1ec7t v\u1eddi v\u00e0 ngo\u1ea1n m\u1ee5c, Alberta c\u00f2n \u0111\u01b0\u1ee3c bi\u1ebft \u0111\u1ebfn v\u1edbi:<\/span>\n          <\/p>\n\t\t\t\t\t\t\t\t<\/div>\n\t\t\t\t<\/div>\n\t\t\t\t<div class=\"elementor-element elementor-element-c707687 elementor-widget elementor-widget-accordion\" data-id=\"c707687\" data-element_type=\"widget\" data-e-type=\"widget\" data-widget_type=\"accordion.default\">\n\t\t\t\t<div class=\"elementor-widget-container\">\n\t\t\t\t\t\t\t<div class=\"elementor-accordion\">\n\t\t\t\t\t\t\t<div class=\"elementor-accordion-item\">\n\t\t\t\t\t<div id=\"elementor-tab-title-2081\" class=\"elementor-tab-title\" data-tab=\"1\" role=\"button\" aria-controls=\"elementor-tab-content-2081\" aria-expanded=\"false\">\n\t\t\t\t\t\t\t\t\t\t\t\t\t<span class=\"elementor-accordion-icon elementor-accordion-icon-left\" aria-hidden=\"true\">\n\t\t\t\t\t\t\t\t\t\t\t\t\t\t\t<span class=\"elementor-accordion-icon-closed\"><i class=\"fas fa-plus\"><\/i><\/span>\n\t\t\t\t\t\t\t\t<span class=\"elementor-accordion-icon-opened\"><i class=\"fas fa-minus\"><\/i><\/span>\n\t\t\t\t\t\t\t\t\t\t\t\t\t\t<\/span>\n\t\t\t\t\t\t\t\t\t\t\t\t<a class=\"elementor-accordion-title\" tabindex=\"0\">H\u1ec7 th\u1ed1ng ch\u0103m s\u00f3c s\u1ee9c kh\u1ecfe<\/a>\n\t\t\t\t\t<\/div>\n\t\t\t\t\t<div id=\"elementor-tab-content-2081\" class=\"elementor-tab-content elementor-clearfix\" data-tab=\"1\" role=\"region\" aria-labelledby=\"elementor-tab-title-2081\"><ul><li class=\"font_8\">H\u1ec7 th\u1ed1ng ch\u0103m s\u00f3c s\u1ee9c kh\u1ecfe \u0111\u1eb3ng c\u1ea5p th\u1ebf gi\u1edbi c\u1ee7a Alberta cho ph\u00e9p m\u1ecdi ng\u01b0\u1eddi ti\u1ebfp c\u1eadn v\u1edbi c\u00e1c b\u1ec7nh vi\u1ec7n, Ph\u00f2ng kh\u00e1m, nhi\u1ec1u d\u1ecbch v\u1ee5 h\u1ed7 tr\u1ee3 x\u00e3 h\u1ed9i c\u0169ng nh\u01b0 c\u00e1c b\u00e1c s\u0129 v\u00e0 nh\u00e2n vi\u00ean ch\u0103m s\u00f3c s\u1ee9c kh\u1ecfe c\u00f3 tr\u00ecnh \u0111\u1ed9.<\/li><li class=\"font_8\">T\u1ea5t c\u1ea3 c\u00e1c t\u1ec9nh v\u00e0 v\u00f9ng l\u00e3nh th\u1ed5 \u0111\u1ec1u cung c\u1ea5p d\u1ecbch v\u1ee5 ch\u0103m s\u00f3c s\u1ee9c kh\u1ecfe to\u00e0n c\u1ea7u, \u0111\u01b0\u1ee3c t\u00e0i tr\u1ee3 c\u00f4ng khai cho t\u1ea5t c\u1ea3 c\u00f4ng d\u00e2n v\u00e0 c\u01b0 d\u00e2n h\u1ee3p ph\u00e1p c\u1ee7a Canada<\/li><li class=\"font_8\">H\u1ed7 tr\u1ee3 t\u00e0i ch\u00ednh cho gia \u0111\u00ecnh c\u00f3 thu nh\u1eadp th\u1ea5p.<\/li><li class=\"font_8\">Mi\u1ec5n ph\u00ed cho c\u00e1c D\u1ecbch v\u1ee5 Y t\u1ebf Kh\u1ea9n c\u1ea5p, v\u00ed d\u1ee5: Xe c\u1ee9u th\u01b0\u01a1ng, ti\u00eam ng\u1eeba c\u1ea3m c\u00fam, h\u1ed7 tr\u1ee3 vi\u1ec7n ph\u00ed v\u00e0 thu\u1ed1c,\u2026.<\/li><\/ul><\/div>\n\t\t\t\t<\/div>\n\t\t\t\t\t\t\t<div class=\"elementor-accordion-item\">\n\t\t\t\t\t<div id=\"elementor-tab-title-2082\" class=\"elementor-tab-title\" data-tab=\"2\" role=\"button\" aria-controls=\"elementor-tab-content-2082\" aria-expanded=\"false\">\n\t\t\t\t\t\t\t\t\t\t\t\t\t<span class=\"elementor-accordion-icon elementor-accordion-icon-left\" aria-hidden=\"true\">\n\t\t\t\t\t\t\t\t\t\t\t\t\t\t\t<span class=\"elementor-accordion-icon-closed\"><i class=\"fas fa-plus\"><\/i><\/span>\n\t\t\t\t\t\t\t\t<span class=\"elementor-accordion-icon-opened\"><i class=\"fas fa-minus\"><\/i><\/span>\n\t\t\t\t\t\t\t\t\t\t\t\t\t\t<\/span>\n\t\t\t\t\t\t\t\t\t\t\t\t<a class=\"elementor-accordion-title\" tabindex=\"0\">H\u1ec7 th\u1ed1ng gi\u00e1o d\u1ee5c<\/a>\n\t\t\t\t\t<\/div>\n\t\t\t\t\t<div id=\"elementor-tab-content-2082\" class=\"elementor-tab-content elementor-clearfix\" data-tab=\"2\" role=\"region\" aria-labelledby=\"elementor-tab-title-2082\"><ul>\n<li class=\"font_8\">Alberta c\u00f3 m\u1ed9t h\u1ec7 th\u1ed1ng gi\u00e1o d\u1ee5c n\u1ed5i ti\u1ebfng, t\u1eeb m\u1eabu gi\u00e1o cho \u0111\u1ebfn c\u00e1c tr\u01b0\u1eddng \u0111\u1ea1i h\u1ecdc, n\u01a1i t\u1ea1o ra nh\u1eefng nghi\u00ean c\u1ee9u h\u00e0ng \u0111\u1ea7u th\u1ebf gi\u1edbi.<\/li>\n<li class=\"font_8\">Tr\u1ebb em s\u1ebd c\u00f3 nhi\u1ec1u l\u1ef1a ch\u1ecdn v\u1ec1 tr\u01b0\u1eddng h\u1ecdc kh\u00e1c nhau, t\u1ea5t c\u1ea3 \u0111\u1ec1u \u0111\u01b0\u1ee3c t\u00e0i tr\u1ee3 b\u1eb1ng ti\u1ec1n thu\u1ebf v\u00e0 kh\u00f4ng t\u00ednh ph\u00ed.<\/li>\n<li class=\"font_8\">Alberta c\u0169ng c\u00f3 c\u00e1c ch\u01b0\u01a1ng tr\u00ecnh gi\u00e1o d\u1ee5c tr\u1ef1c tuy\u1ebfn\/\u1ea3o, c\u0169ng nh\u01b0 c\u00e1c tr\u01b0\u1eddng thay th\u1ebf c\u00f3 s\u1eb5n d\u01b0\u1edbi d\u1ea1ng c\u00e1c l\u1ef1a ch\u1ecdn gi\u00e1o d\u1ee5c.<\/li>\n<li class=\"font_8\">K\u1ebf ho\u1ea1ch Gi\u00e1o d\u1ee5c Centennial c\u1ee7a Alberta \u0111\u01b0\u1ee3c \u0111\u01b0a ra v\u00e0o n\u0103m 2005. K\u1ebf ho\u1ea1ch n\u00e0y s\u1ebd \u0111\u00f3ng g\u00f3p 500 \u0111\u00f4 la v\u00e0o K\u1ebf ho\u1ea1ch ti\u1ebft ki\u1ec7m gi\u00e1o d\u1ee5c \u0111\u00e3 \u0111\u0103ng k\u00fd c\u1ee7a m\u1ed7i \u0111\u1ee9a tr\u1ebb \u0111\u01b0\u1ee3c sinh ra b\u1edfi c\u01b0 d\u00e2n Alberta t\u1eeb n\u0103m 2005 tr\u1edf \u0111i.<\/li>\n<\/ul>\n<\/div>\n\t\t\t\t<\/div>\n\t\t\t\t\t\t\t<div class=\"elementor-accordion-item\">\n\t\t\t\t\t<div id=\"elementor-tab-title-2083\" class=\"elementor-tab-title\" data-tab=\"3\" role=\"button\" aria-controls=\"elementor-tab-content-2083\" aria-expanded=\"false\">\n\t\t\t\t\t\t\t\t\t\t\t\t\t<span class=\"elementor-accordion-icon elementor-accordion-icon-left\" aria-hidden=\"true\">\n\t\t\t\t\t\t\t\t\t\t\t\t\t\t\t<span class=\"elementor-accordion-icon-closed\"><i class=\"fas fa-plus\"><\/i><\/span>\n\t\t\t\t\t\t\t\t<span class=\"elementor-accordion-icon-opened\"><i class=\"fas fa-minus\"><\/i><\/span>\n\t\t\t\t\t\t\t\t\t\t\t\t\t\t<\/span>\n\t\t\t\t\t\t\t\t\t\t\t\t<a class=\"elementor-accordion-title\" tabindex=\"0\">Kinh t\u1ebf v\u00e0 Vi\u1ec7c l\u00e0m<\/a>\n\t\t\t\t\t<\/div>\n\t\t\t\t\t<div id=\"elementor-tab-content-2083\" class=\"elementor-tab-content elementor-clearfix\" data-tab=\"3\" role=\"region\" aria-labelledby=\"elementor-tab-title-2083\"><ul>\n<li class=\"font_8\">Thu\u1ebf th\u1ea5p nh\u1ea5t \u1edf Canada<\/li>\n<li class=\"font_8\">Ti\u1ec1n l\u01b0\u01a1ng c\u1ee7a vi\u1ec7c l\u00e0m l\u00e0 m\u1ed9t trong nh\u1eefng m\u1ee9c cao nh\u1ea5t \u1edf Canada.<\/li>\n<li class=\"font_8\">C\u00e1c trung t\u00e2m H\u1ed7 tr\u1ee3 c\u1ee7a Alberta cung c\u1ea5p c\u00e1c ch\u01b0\u01a1ng tr\u00ecnh v\u00e0 d\u1ecbch v\u1ee5 vi\u1ec7c l\u00e0m tr\u00ean kh\u1eafp Alberta.<\/li>\n<li class=\"font_8\">Gi\u1ea3m thu\u1ebf v\u00e0 gi\u1ea3m gi\u00e1 \u0111\u1ec3 gi\u00fap b\u1ea1n ti\u1ebft ki\u1ec7m chi ph\u00ed n\u0103ng l\u01b0\u1ee3ng.<\/li>\n<li class=\"font_8\">C\u00e1c ng\u00e0nh n\u00f4ng nghi\u1ec7p v\u00e0 ch\u0103n nu\u00f4i gia s\u00fac v\u1eabn l\u00e0 m\u1ed9t ph\u1ea7n quan tr\u1ecdng c\u1ee7a n\u1ec1n v\u0103n h\u00f3a v\u00e0 kinh t\u1ebf c\u1ee7a t\u1ec9nh.<\/li>\n<\/ul>\n<\/div>\n\t\t\t\t<\/div>\n\t\t\t\t\t\t\t<div class=\"elementor-accordion-item\">\n\t\t\t\t\t<div id=\"elementor-tab-title-2084\" class=\"elementor-tab-title\" data-tab=\"4\" role=\"button\" aria-controls=\"elementor-tab-content-2084\" aria-expanded=\"false\">\n\t\t\t\t\t\t\t\t\t\t\t\t\t<span class=\"elementor-accordion-icon elementor-accordion-icon-left\" aria-hidden=\"true\">\n\t\t\t\t\t\t\t\t\t\t\t\t\t\t\t<span class=\"elementor-accordion-icon-closed\"><i class=\"fas fa-plus\"><\/i><\/span>\n\t\t\t\t\t\t\t\t<span class=\"elementor-accordion-icon-opened\"><i class=\"fas fa-minus\"><\/i><\/span>\n\t\t\t\t\t\t\t\t\t\t\t\t\t\t<\/span>\n\t\t\t\t\t\t\t\t\t\t\t\t<a class=\"elementor-accordion-title\" tabindex=\"0\">nh\u1eadp c\u01b0<\/a>\n\t\t\t\t\t<\/div>\n\t\t\t\t\t<div id=\"elementor-tab-content-2084\" class=\"elementor-tab-content elementor-clearfix\" data-tab=\"4\" role=\"region\" aria-labelledby=\"elementor-tab-title-2084\"><ul>\n<li class=\"font_8\">Alberta Immigrant Nominee Program (AINP) \u0111\u01b0\u1ee3c thi\u1ebft k\u1ebf \u0111\u1ec3 l\u1ea5p \u0111\u1ea7y t\u00ecnh tr\u1ea1ng thi\u1ebfu lao \u0111\u1ed9ng trong t\u1ec9nh, h\u1ed7 tr\u1ee3 t\u0103ng tr\u01b0\u1edfng kinh t\u1ebf v\u00e0 \u0111\u00e1p \u1ee9ng nhu c\u1ea7u c\u1ee7a ng\u01b0\u1eddi s\u1eed d\u1ee5ng lao \u0111\u1ed9ng.<\/li>\n<li class=\"font_8\">Alberta cung c\u1ea5p m\u1ed9t lo\u1ea1t c\u00e1c d\u1ecbch v\u1ee5 v\u00e0 tr\u1ee3 c\u1ea5p \u0111\u1ec3 h\u1ed7 tr\u1ee3 nh\u1eefng ng\u01b0\u1eddi nh\u1eadp c\u01b0 m\u1edbi, ch\u1eb3ng h\u1ea1n nh\u01b0 Tr\u1ee3 c\u1ea5p \u0111\u1ed5i m\u1edbi t\u01b0 v\u1ea5n cho ng\u01b0\u1eddi nh\u1eadp c\u01b0 c\u1ee7a Alberta, Gi\u1ea3i th\u01b0\u1edfng c\u00f4ng nh\u1eadn ng\u01b0\u1eddi m\u1edbi \u0111\u1ebfn c\u1ee7a Alberta, D\u1ecbch v\u1ee5 \u0111\u00e1nh gi\u00e1 tr\u00ecnh \u0111\u1ed9 qu\u1ed1c t\u1ebf (IQAS) v\u00e0 Ch\u01b0\u01a1ng tr\u00ecnh h\u1ed9i nh\u1eadp v\u00e0 \u0111\u1ecbnh c\u01b0 Alberta.<\/li>\n<li class=\"font_8\">V\u0103n ph\u00f2ng T\u01b0 v\u1ea5n Lao \u0111\u1ed9ng N\u01b0\u1edbc ngo\u00e0i T\u1ea1m th\u1eddi (TFW) c\u1ee7a Alberta gi\u00fap nh\u1eefng ng\u01b0\u1eddi lao \u0111\u1ed9ng n\u01b0\u1edbc ngo\u00e0i t\u1ea1m th\u1eddi, sinh vi\u00ean qu\u1ed1c t\u1ebf (c\u00f3 gi\u1ea5y ph\u00e9p l\u00e0m vi\u1ec7c) v\u00e0 ng\u01b0\u1eddi s\u1eed d\u1ee5ng lao \u0111\u1ed9ng hi\u1ec3u c\u00e1c quy\u1ec1n c\u1ee7a h\u1ecd v\u00e0 t\u00ecm gi\u1ea3i ph\u00e1p cho c\u00e1c t\u00ecnh hu\u1ed1ng li\u00ean quan \u0111\u1ebfn \u0111i\u1ec1u ki\u1ec7n l\u00e0m vi\u1ec7c kh\u00f4ng c\u00f4ng b\u1eb1ng, kh\u00f4ng an to\u00e0n ho\u1eb7c kh\u00f4ng l\u00e0nh m\u1ea1nh.<\/li>\n<\/ul>\n<\/div>\n\t\t\t\t<\/div>\n\t\t\t\t\t\t\t\t<\/div>\n\t\t\t\t\t\t<\/div>\n\t\t\t\t<\/div>\n\t\t\t\t\t<\/div>\n\t\t<\/div>\n\t\t\t\t\t<\/div>\n\t\t<\/section>\n\t\t\t\t<\/div>\n\t\t","protected":false},"excerpt":{"rendered":"<p>V\u1ec1 Alberta L\u00e0m quen v\u1edbi Alberta T\u1ea1i sao l\u1ea1i l\u00e0 Alberta? Alberta l\u00e0 t\u1ec9nh \u0111\u00f4ng d\u00e2n th\u1ee9 t\u01b0 c\u1ee7a Canada, n\u00f3 c\u0169ng l\u00e0 t\u1ec9nh l\u1edbn th\u1ee9 t\u01b0 \u1edf Canada. C\u00e1c c\u1ed9ng \u0111\u1ed3ng \u0111a d\u1ea1ng l\u00e0 m\u1ed9t ph\u1ea7n khi\u1ebfn Alberta tr\u1edf th\u00e0nh m\u1ed9t n\u01a1i tuy\u1ec7t v\u1eddi \u0111\u1ec3 sinh s\u1ed1ng.Alberta r\u1ea5t coi tr\u1ecdng vi\u1ec7c b\u1ea3o t\u1ed3n m\u00f4i [&hellip;]<\/p>\n","protected":false},"author":9,"featured_media":0,"parent":0,"menu_order":0,"comment_status":"closed","ping_status":"closed","template":"","meta":{"footnotes":""},"class_list":["post-5559","page","type-page","status-publish","hentry"],"_links":{"self":[{"href":"https:\/\/nexusvisa.ca\/vi\/wp-json\/wp\/v2\/pages\/5559","targetHints":{"allow":["GET"]}}],"collection":[{"href":"https:\/\/nexusvisa.ca\/vi\/wp-json\/wp\/v2\/pages"}],"about":[{"href":"https:\/\/nexusvisa.ca\/vi\/wp-json\/wp\/v2\/types\/page"}],"author":[{"embeddable":true,"href":"https:\/\/nexusvisa.ca\/vi\/wp-json\/wp\/v2\/users\/9"}],"replies":[{"embeddable":true,"href":"https:\/\/nexusvisa.ca\/vi\/wp-json\/wp\/v2\/comments?post=5559"}],"version-history":[{"count":19,"href":"https:\/\/nexusvisa.ca\/vi\/wp-json\/wp\/v2\/pages\/5559\/revisions"}],"predecessor-version":[{"id":11949,"href":"https:\/\/nexusvisa.ca\/vi\/wp-json\/wp\/v2\/pages\/5559\/revisions\/11949"}],"wp:attachment":[{"href":"https:\/\/nexusvisa.ca\/vi\/wp-json\/wp\/v2\/media?parent=5559"}],"curies":[{"name":"wp","href":"https:\/\/api.w.org\/{rel}","templated":true}]}}