{"id":5555,"date":"2023-01-23T11:55:55","date_gmt":"2023-01-23T18:55:55","guid":{"rendered":"http:\/\/nexusvisa.com\/chuong-trinh-tu-kinh-doanh\/"},"modified":"2023-04-06T15:22:15","modified_gmt":"2023-04-06T21:22:15","slug":"dinh-cu-dien-tu-kinh-doanh","status":"publish","type":"page","link":"https:\/\/nexusvisa.ca\/vi\/dinh-cu-dien-tu-kinh-doanh\/","title":{"rendered":"\u0110\u1ecbnh C\u01b0 Di\u1ec7n T\u1ef1 Kinh Doanh"},"content":{"rendered":"\t\t<div data-elementor-type=\"wp-page\" data-elementor-id=\"5555\" class=\"elementor elementor-5555 elementor-2166\">\n\t\t\t\t\t\t<section class=\"elementor-section elementor-top-section elementor-element elementor-element-1abd77b elementor-section-boxed elementor-section-height-default elementor-section-height-default\" data-id=\"1abd77b\" data-element_type=\"section\" data-e-type=\"section\">\n\t\t\t\t\t\t<div class=\"elementor-container elementor-column-gap-default\">\n\t\t\t\t\t<div class=\"elementor-column elementor-col-100 elementor-top-column elementor-element elementor-element-16d067a\" data-id=\"16d067a\" data-element_type=\"column\" data-e-type=\"column\">\n\t\t\t<div class=\"elementor-widget-wrap elementor-element-populated\">\n\t\t\t\t\t\t<div class=\"elementor-element elementor-element-414fb21 animated-slow elementor-invisible elementor-widget elementor-widget-heading\" data-id=\"414fb21\" data-element_type=\"widget\" data-e-type=\"widget\" data-settings=\"{&quot;_animation&quot;:&quot;fadeIn&quot;}\" data-widget_type=\"heading.default\">\n\t\t\t\t<div class=\"elementor-widget-container\">\n\t\t\t\t\t<h1 class=\"elementor-heading-title elementor-size-default\">\u0110\u1ecbnh C\u01b0 Di\u1ec7n T\u1ef1 Kinh Doanh<\/h1>\t\t\t\t<\/div>\n\t\t\t\t<\/div>\n\t\t\t\t\t<\/div>\n\t\t<\/div>\n\t\t\t\t\t<\/div>\n\t\t<\/section>\n\t\t\t\t<section class=\"elementor-section elementor-top-section elementor-element elementor-element-f183482 elementor-section-boxed elementor-section-height-default elementor-section-height-default\" data-id=\"f183482\" data-element_type=\"section\" data-e-type=\"section\">\n\t\t\t\t\t\t<div class=\"elementor-container elementor-column-gap-default\">\n\t\t\t\t\t<div class=\"elementor-column elementor-col-50 elementor-top-column elementor-element elementor-element-9fd08c5\" data-id=\"9fd08c5\" data-element_type=\"column\" data-e-type=\"column\">\n\t\t\t<div class=\"elementor-widget-wrap elementor-element-populated\">\n\t\t\t\t\t\t<div class=\"elementor-element elementor-element-e44c6f2 elementor-invisible elementor-widget elementor-widget-image\" data-id=\"e44c6f2\" data-element_type=\"widget\" data-e-type=\"widget\" data-settings=\"{&quot;_animation&quot;:&quot;fadeInLeft&quot;,&quot;_animation_delay&quot;:500}\" data-widget_type=\"image.default\">\n\t\t\t\t<div class=\"elementor-widget-container\">\n\t\t\t\t\t\t\t\t\t\t\t\t\t\t\t<img fetchpriority=\"high\" decoding=\"async\" width=\"768\" height=\"512\" src=\"https:\/\/nexusvisa.ca\/wp-content\/uploads\/2023\/01\/new-normal-self-employed-women-hand-holding-pen-a-2022-11-02-17-22-16-utc-768x512.jpg\" class=\"attachment-medium_large size-medium_large wp-image-4970\" alt=\"\" srcset=\"https:\/\/nexusvisa.ca\/wp-content\/uploads\/2023\/01\/new-normal-self-employed-women-hand-holding-pen-a-2022-11-02-17-22-16-utc-768x512.jpg 768w, https:\/\/nexusvisa.ca\/wp-content\/uploads\/2023\/01\/new-normal-self-employed-women-hand-holding-pen-a-2022-11-02-17-22-16-utc-600x400.jpg 600w, https:\/\/nexusvisa.ca\/wp-content\/uploads\/2023\/01\/new-normal-self-employed-women-hand-holding-pen-a-2022-11-02-17-22-16-utc-1024x683.jpg 1024w, https:\/\/nexusvisa.ca\/wp-content\/uploads\/2023\/01\/new-normal-self-employed-women-hand-holding-pen-a-2022-11-02-17-22-16-utc.jpg 1600w\" sizes=\"(max-width: 768px) 100vw, 768px\" \/>\t\t\t\t\t\t\t\t\t\t\t\t\t\t\t<\/div>\n\t\t\t\t<\/div>\n\t\t\t\t\t<\/div>\n\t\t<\/div>\n\t\t\t\t<div class=\"elementor-column elementor-col-50 elementor-top-column elementor-element elementor-element-54bf77d\" data-id=\"54bf77d\" data-element_type=\"column\" data-e-type=\"column\">\n\t\t\t<div class=\"elementor-widget-wrap elementor-element-populated\">\n\t\t\t\t\t\t<div class=\"elementor-element elementor-element-c4333d9 animated-slow elementor-invisible elementor-widget elementor-widget-text-editor\" data-id=\"c4333d9\" data-element_type=\"widget\" data-e-type=\"widget\" data-settings=\"{&quot;_animation&quot;:&quot;fadeIn&quot;,&quot;_animation_delay&quot;:500}\" data-widget_type=\"text-editor.default\">\n\t\t\t\t<div class=\"elementor-widget-container\">\n\t\t\t\t\t\t\t\t\t<p><strong>Ch\u01b0\u01a1ng Tr\u00ecnh T\u1ef1 Kinh Doanh<\/strong> (Self Employed) d\u00e0nh cho nh\u1eefng c\u00f4ng d\u00e2n n\u01b0\u1edbc ngo\u00e0i c\u00f3 th\u1ec3 t\u1ea1o vi\u1ec7c l\u00e0m cho ri\u00eang m\u00ecnh, b\u1eb1ng c\u00e1ch \u0111\u00f3ng g\u00f3p th\u1ec3 thao, v\u0103n h\u00f3a ho\u1eb7c ngh\u1ec7 thu\u1eadt cho th\u1ecb tr\u01b0\u1eddng vi\u1ec7c l\u00e0m c\u1ee7a Canada. Nh\u1eefng ng\u01b0\u1eddi c\u00f3 kinh t\u1ebf v\u00e0 kinh nghi\u1ec7m l\u00e0m vi\u1ec7c ph\u00f9 h\u1ee3p c\u00f3 th\u1ec3 \u0111\u0103ng k\u00fd Ch\u01b0\u01a1ng tr\u00ecnh T\u1ef1 kinh doanh. Ch\u01b0\u01a1ng tr\u00ecnh n\u00e0y kh\u00f4ng c\u00f3 gi\u00e1 tr\u1ecb r\u00f2ng t\u1ed1i thi\u1ec3u v\u00e0\/ho\u1eb7c y\u00eau c\u1ea7u \u0111\u1ea7u t\u01b0.<\/p><p>\u0110\u1ec3 \u0111\u1ee7 \u0111i\u1ec1u ki\u1ec7n l\u00e0 ng\u01b0\u1eddi t\u1ef1 kinh doanh, b\u1ea1n ph\u1ea3i c\u00f3 hai n\u0103m kinh nghi\u1ec7m li\u00ean quan trong 5 n\u0103m qua v\u00e0 cho th\u1ea5y r\u1eb1ng b\u1ea1n c\u00f3 \u00fd \u0111\u1ecbnh tr\u1edf th\u00e0nh Ng\u01b0\u1eddi t\u1ef1 kinh doanh t\u1ea1i Canada. B\u1ea1n c\u0169ng ph\u1ea3i \u0111\u1ea1t \u00edt nh\u1ea5t 35 \u0111i\u1ec3m tr\u00ean b\u1ea3ng \u0111i\u1ec3m l\u1ef1a ch\u1ecdn \u0111\u01b0\u1ee3c thi\u1ebft k\u1ebf \u0111\u1ec3 x\u00e1c \u0111\u1ecbnh li\u1ec7u b\u1ea1n c\u00f3 th\u1ec3 \u0111\u00f3ng g\u00f3p kinh t\u1ebf cho Canada hay kh\u00f4ng.<\/p>\t\t\t\t\t\t\t\t<\/div>\n\t\t\t\t<\/div>\n\t\t\t\t\t<\/div>\n\t\t<\/div>\n\t\t\t\t\t<\/div>\n\t\t<\/section>\n\t\t\t\t<section class=\"elementor-section elementor-top-section elementor-element elementor-element-fcc4e04 animated-slow elementor-section-boxed elementor-section-height-default elementor-section-height-default elementor-invisible\" data-id=\"fcc4e04\" data-element_type=\"section\" data-e-type=\"section\" data-settings=\"{&quot;animation&quot;:&quot;fadeIn&quot;,&quot;animation_delay&quot;:500}\">\n\t\t\t\t\t\t<div class=\"elementor-container elementor-column-gap-default\">\n\t\t\t\t\t<div class=\"elementor-column elementor-col-100 elementor-top-column elementor-element elementor-element-de1df18\" data-id=\"de1df18\" data-element_type=\"column\" data-e-type=\"column\">\n\t\t\t<div class=\"elementor-widget-wrap elementor-element-populated\">\n\t\t\t\t\t\t<div class=\"elementor-element elementor-element-0db17d8 elementor-widget elementor-widget-text-editor\" data-id=\"0db17d8\" data-element_type=\"widget\" data-e-type=\"widget\" data-widget_type=\"text-editor.default\">\n\t\t\t\t<div class=\"elementor-widget-container\">\n\t\t\t\t\t\t\t\t\t<p>\u0110\u1ec3 Nh\u1eadp c\u01b0 v\u1edbi t\u01b0 c\u00e1ch l\u00e0 ng\u01b0\u1eddi t\u1ef1 kinh doanh, b\u1ea1n ph\u1ea3i \u0111\u00e1p \u1ee9ng c\u00e1c ti\u00eau ch\u00ed ng\u00e0nh c\u1ee7a ch\u01b0\u01a1ng tr\u00ecnh:<\/p><ul><li>Kinh nghi\u1ec7m<\/li><li>Gi\u00e1o d\u1ee5c<\/li><li>Tu\u1ed5i<\/li><li>Kh\u1ea3 n\u0103ng ng\u00f4n ng\u1eef<\/li><li>kh\u1ea3 n\u0103ng th\u00edch \u1ee9ng<\/li><\/ul>\t\t\t\t\t\t\t\t<\/div>\n\t\t\t\t<\/div>\n\t\t\t\t\t<\/div>\n\t\t<\/div>\n\t\t\t\t\t<\/div>\n\t\t<\/section>\n\t\t\t\t<\/div>\n\t\t","protected":false},"excerpt":{"rendered":"<p>\u0110\u1ecbnh C\u01b0 Di\u1ec7n T\u1ef1 Kinh Doanh Ch\u01b0\u01a1ng Tr\u00ecnh T\u1ef1 Kinh Doanh (Self Employed) d\u00e0nh cho nh\u1eefng c\u00f4ng d\u00e2n n\u01b0\u1edbc ngo\u00e0i c\u00f3 th\u1ec3 t\u1ea1o vi\u1ec7c l\u00e0m cho ri\u00eang m\u00ecnh, b\u1eb1ng c\u00e1ch \u0111\u00f3ng g\u00f3p th\u1ec3 thao, v\u0103n h\u00f3a ho\u1eb7c ngh\u1ec7 thu\u1eadt cho th\u1ecb tr\u01b0\u1eddng vi\u1ec7c l\u00e0m c\u1ee7a Canada. Nh\u1eefng ng\u01b0\u1eddi c\u00f3 kinh t\u1ebf v\u00e0 kinh nghi\u1ec7m l\u00e0m [&hellip;]<\/p>\n","protected":false},"author":9,"featured_media":0,"parent":0,"menu_order":0,"comment_status":"closed","ping_status":"closed","template":"","meta":{"footnotes":""},"class_list":["post-5555","page","type-page","status-publish","hentry"],"_links":{"self":[{"href":"https:\/\/nexusvisa.ca\/vi\/wp-json\/wp\/v2\/pages\/5555","targetHints":{"allow":["GET"]}}],"collection":[{"href":"https:\/\/nexusvisa.ca\/vi\/wp-json\/wp\/v2\/pages"}],"about":[{"href":"https:\/\/nexusvisa.ca\/vi\/wp-json\/wp\/v2\/types\/page"}],"author":[{"embeddable":true,"href":"https:\/\/nexusvisa.ca\/vi\/wp-json\/wp\/v2\/users\/9"}],"replies":[{"embeddable":true,"href":"https:\/\/nexusvisa.ca\/vi\/wp-json\/wp\/v2\/comments?post=5555"}],"version-history":[{"count":30,"href":"https:\/\/nexusvisa.ca\/vi\/wp-json\/wp\/v2\/pages\/5555\/revisions"}],"predecessor-version":[{"id":11934,"href":"https:\/\/nexusvisa.ca\/vi\/wp-json\/wp\/v2\/pages\/5555\/revisions\/11934"}],"wp:attachment":[{"href":"https:\/\/nexusvisa.ca\/vi\/wp-json\/wp\/v2\/media?parent=5555"}],"curies":[{"name":"wp","href":"https:\/\/api.w.org\/{rel}","templated":true}]}}