{"id":5551,"date":"2023-01-24T11:54:35","date_gmt":"2023-01-24T18:54:35","guid":{"rendered":"http:\/\/nexusvisa.com\/chuong-trinh-nguoi-cham-soc\/"},"modified":"2023-04-06T15:29:57","modified_gmt":"2023-04-06T21:29:57","slug":"dinh-cu-dien-cham-soc-suc-khoe","status":"publish","type":"page","link":"https:\/\/nexusvisa.ca\/vi\/dinh-cu-dien-cham-soc-suc-khoe\/","title":{"rendered":"\u0110\u1ecbnh C\u01b0 Di\u1ec7n Ch\u0103m S\u00f3c S\u1ee9c Kh\u1ecfe"},"content":{"rendered":"\t\t<div data-elementor-type=\"wp-page\" data-elementor-id=\"5551\" class=\"elementor elementor-5551 elementor-2341\">\n\t\t\t\t\t\t<section class=\"elementor-section elementor-top-section elementor-element elementor-element-4fd4f77 elementor-section-boxed elementor-section-height-default elementor-section-height-default\" data-id=\"4fd4f77\" data-element_type=\"section\" data-e-type=\"section\">\n\t\t\t\t\t\t<div class=\"elementor-container elementor-column-gap-default\">\n\t\t\t\t\t<div class=\"elementor-column elementor-col-100 elementor-top-column elementor-element elementor-element-7e322a7\" data-id=\"7e322a7\" data-element_type=\"column\" data-e-type=\"column\">\n\t\t\t<div class=\"elementor-widget-wrap elementor-element-populated\">\n\t\t\t\t\t\t<div class=\"elementor-element elementor-element-b67d174 animated-slow elementor-invisible elementor-widget elementor-widget-heading\" data-id=\"b67d174\" data-element_type=\"widget\" data-e-type=\"widget\" data-settings=\"{&quot;_animation&quot;:&quot;fadeIn&quot;}\" data-widget_type=\"heading.default\">\n\t\t\t\t<div class=\"elementor-widget-container\">\n\t\t\t\t\t<h1 class=\"elementor-heading-title elementor-size-default\">\u0110\u1ecbnh C\u01b0 Di\u1ec7n Ch\u0103m S\u00f3c S\u1ee9c Kh\u1ecfe<\/h1>\t\t\t\t<\/div>\n\t\t\t\t<\/div>\n\t\t\t\t\t<\/div>\n\t\t<\/div>\n\t\t\t\t\t<\/div>\n\t\t<\/section>\n\t\t\t\t<section class=\"elementor-section elementor-top-section elementor-element elementor-element-ee423b4 elementor-section-boxed elementor-section-height-default elementor-section-height-default\" data-id=\"ee423b4\" data-element_type=\"section\" data-e-type=\"section\">\n\t\t\t\t\t\t<div class=\"elementor-container elementor-column-gap-default\">\n\t\t\t\t\t<div class=\"elementor-column elementor-col-50 elementor-top-column elementor-element elementor-element-977320e\" data-id=\"977320e\" data-element_type=\"column\" data-e-type=\"column\">\n\t\t\t<div class=\"elementor-widget-wrap elementor-element-populated\">\n\t\t\t\t\t\t<div class=\"elementor-element elementor-element-f12d4ee elementor-invisible elementor-widget elementor-widget-image\" data-id=\"f12d4ee\" data-element_type=\"widget\" data-e-type=\"widget\" data-settings=\"{&quot;_animation&quot;:&quot;fadeInLeft&quot;,&quot;_animation_delay&quot;:500}\" data-widget_type=\"image.default\">\n\t\t\t\t<div class=\"elementor-widget-container\">\n\t\t\t\t\t\t\t\t\t\t\t\t\t\t\t<img fetchpriority=\"high\" decoding=\"async\" width=\"768\" height=\"512\" src=\"https:\/\/nexusvisa.ca\/wp-content\/uploads\/2023\/01\/children-making-cookies-2022-02-17-17-23-18-utc-768x512.jpg\" class=\"attachment-medium_large size-medium_large wp-image-4895\" alt=\"\" srcset=\"https:\/\/nexusvisa.ca\/wp-content\/uploads\/2023\/01\/children-making-cookies-2022-02-17-17-23-18-utc-768x512.jpg 768w, https:\/\/nexusvisa.ca\/wp-content\/uploads\/2023\/01\/children-making-cookies-2022-02-17-17-23-18-utc-600x400.jpg 600w, https:\/\/nexusvisa.ca\/wp-content\/uploads\/2023\/01\/children-making-cookies-2022-02-17-17-23-18-utc-1024x683.jpg 1024w, https:\/\/nexusvisa.ca\/wp-content\/uploads\/2023\/01\/children-making-cookies-2022-02-17-17-23-18-utc.jpg 1800w\" sizes=\"(max-width: 768px) 100vw, 768px\" \/>\t\t\t\t\t\t\t\t\t\t\t\t\t\t\t<\/div>\n\t\t\t\t<\/div>\n\t\t\t\t\t<\/div>\n\t\t<\/div>\n\t\t\t\t<div class=\"elementor-column elementor-col-50 elementor-top-column elementor-element elementor-element-ea83de2\" data-id=\"ea83de2\" data-element_type=\"column\" data-e-type=\"column\">\n\t\t\t<div class=\"elementor-widget-wrap elementor-element-populated\">\n\t\t\t\t\t\t<div class=\"elementor-element elementor-element-6ef4ce2 animated-slow elementor-invisible elementor-widget elementor-widget-text-editor\" data-id=\"6ef4ce2\" data-element_type=\"widget\" data-e-type=\"widget\" data-settings=\"{&quot;_animation&quot;:&quot;fadeIn&quot;,&quot;_animation_delay&quot;:500}\" data-widget_type=\"text-editor.default\">\n\t\t\t\t<div class=\"elementor-widget-container\">\n\t\t\t\t\t\t\t\t\t<p><strong>Ch\u01b0\u01a1ng tr\u00ecnh Ch\u0103m S\u00f3c S\u1ee9c Kh\u1ecfe (Caregiver Program) <\/strong>t\u1ea1o c\u01a1 h\u1ed9i cho c\u00e1c chuy\u00ean gia ch\u0103m s\u00f3c c\u00f3 tr\u00ecnh \u0111\u1ed9 \u0111\u1ea1t \u0111\u01b0\u1ee3c quy\u1ec1n th\u01b0\u1eddng tr\u00fa nh\u00e2n t\u1ea1i Canada. Ch\u01b0\u01a1ng tr\u00ecnh cung c\u1ea5p c\u01a1 h\u1ed9i vi\u1ec7c l\u00e0m v\u00e0 cung c\u1ea5p m\u1ed9t l\u1ed9 tr\u00ecnh cho nh\u1eefng c\u00e1 nh\u00e2n c\u00f3 m\u1ed9t \u0111\u1ebfn hai n\u0103m kinh nghi\u1ec7m l\u00e0m vi\u1ec7c ch\u0103m s\u00f3c tr\u1ebb em ho\u1eb7c ng\u01b0\u1eddi cao tu\u1ed5i \u0111\u1ec3 \u0111\u1ee7 \u0111i\u1ec1u ki\u1ec7n tr\u1edf th\u00e0nh Th\u01b0\u1eddng tr\u00fa nh\u00e2n. Ch\u01b0\u01a1ng tr\u00ecnh n\u00e0y c\u1ef1c k\u1ef3 c\u00f3 l\u1ee3i cho nh\u1eefng ng\u01b0\u1eddi \u0111ang cung c\u1ea5p d\u1ecbch v\u1ee5 ch\u0103m s\u00f3c tr\u1ebb em ho\u1eb7c h\u1ed7 tr\u1ee3 t\u1ea1i nh\u00e0 cho ng\u01b0\u1eddi cao tu\u1ed5i ho\u1eb7c ng\u01b0\u1eddi khuy\u1ebft t\u1eadt, gi\u00fap nh\u1eefng ng\u01b0\u1eddi ch\u0103m s\u00f3c \u0111\u1ea1t \u0111\u01b0\u1ee3c nguy\u1ec7n v\u1ecdng ngh\u1ec1 nghi\u1ec7p c\u1ee7a h\u1ecd \u1edf Canada d\u1ec5 d\u00e0ng h\u01a1n bao gi\u1edd h\u1ebft.<\/p>\t\t\t\t\t\t\t\t<\/div>\n\t\t\t\t<\/div>\n\t\t\t\t\t<\/div>\n\t\t<\/div>\n\t\t\t\t\t<\/div>\n\t\t<\/section>\n\t\t\t\t<section class=\"elementor-section elementor-top-section elementor-element elementor-element-8e80685 animated-slow elementor-section-boxed elementor-section-height-default elementor-section-height-default elementor-invisible\" data-id=\"8e80685\" data-element_type=\"section\" data-e-type=\"section\" data-settings=\"{&quot;animation&quot;:&quot;fadeIn&quot;,&quot;animation_delay&quot;:500}\">\n\t\t\t\t\t\t<div class=\"elementor-container elementor-column-gap-default\">\n\t\t\t\t\t<div class=\"elementor-column elementor-col-100 elementor-top-column elementor-element elementor-element-dfb81fe\" data-id=\"dfb81fe\" data-element_type=\"column\" data-e-type=\"column\">\n\t\t\t<div class=\"elementor-widget-wrap elementor-element-populated\">\n\t\t\t\t\t\t<div class=\"elementor-element elementor-element-0e744e7 elementor-widget elementor-widget-text-editor\" data-id=\"0e744e7\" data-element_type=\"widget\" data-e-type=\"widget\" data-widget_type=\"text-editor.default\">\n\t\t\t\t<div class=\"elementor-widget-container\">\n\t\t\t\t\t\t\t\t\t<p>Ch\u01b0\u01a1ng tr\u00ecnh c\u00f3 ba h\u1ea1ng m\u1ee5c:<\/p>\n\t\t\t\t\t\t\t\t<\/div>\n\t\t\t\t<\/div>\n\t\t\t\t<section class=\"elementor-section elementor-inner-section elementor-element elementor-element-aeb7187 elementor-section-boxed elementor-section-height-default elementor-section-height-default\" data-id=\"aeb7187\" data-element_type=\"section\" data-e-type=\"section\">\n\t\t\t\t\t\t<div class=\"elementor-container elementor-column-gap-default\">\n\t\t\t\t\t<div class=\"elementor-column elementor-col-33 elementor-inner-column elementor-element elementor-element-8d829ee\" data-id=\"8d829ee\" data-element_type=\"column\" data-e-type=\"column\" data-settings=\"{&quot;background_background&quot;:&quot;classic&quot;}\">\n\t\t\t<div class=\"elementor-widget-wrap elementor-element-populated\">\n\t\t\t\t\t\t<div class=\"elementor-element elementor-element-93fcadd elementor-widget elementor-widget-heading\" data-id=\"93fcadd\" data-element_type=\"widget\" data-e-type=\"widget\" data-widget_type=\"heading.default\">\n\t\t\t\t<div class=\"elementor-widget-container\">\n\t\t\t\t\t<h2 class=\"elementor-heading-title elementor-size-default\">Ch\u01b0\u01a1ng Tr\u00ecnh B\u1ea3o M\u1eabu T\u1ea1i Gia (LCP)<\/h2>\t\t\t\t<\/div>\n\t\t\t\t<\/div>\n\t\t\t\t<div class=\"elementor-element elementor-element-c659868 elementor-widget elementor-widget-text-editor\" data-id=\"c659868\" data-element_type=\"widget\" data-e-type=\"widget\" data-widget_type=\"text-editor.default\">\n\t\t\t\t<div class=\"elementor-widget-container\">\n\t\t\t\t\t\t\t\t\t<p>Ch\u01b0\u01a1ng tr\u00ecnh LCP d\u00e0nh cho c\u00f4ng d\u00e2n n\u01b0\u1edbc ngo\u00e0i c\u00f3 \u00edt nh\u1ea5t 1 n\u0103m kinh nghi\u1ec7m ch\u0103m s\u00f3c tr\u1ebb em, \u0111\u01b0\u1ee3c c\u00f4ng d\u00e2n Canada v\u00e0 th\u01b0\u1eddng tr\u00fa nh\u00e2n thu\u00ea l\u00e0m b\u1ea3o m\u1eabu cho con ch\u01b0a \u0111\u1ee7 tu\u1ed5i v\u1ecb th\u00e0nh ni\u00ean c\u1ee7a h\u1ecd.<\/p>\t\t\t\t\t\t\t\t<\/div>\n\t\t\t\t<\/div>\n\t\t\t\t\t<\/div>\n\t\t<\/div>\n\t\t\t\t<div class=\"elementor-column elementor-col-33 elementor-inner-column elementor-element elementor-element-32a78b5\" data-id=\"32a78b5\" data-element_type=\"column\" data-e-type=\"column\" data-settings=\"{&quot;background_background&quot;:&quot;classic&quot;}\">\n\t\t\t<div class=\"elementor-widget-wrap elementor-element-populated\">\n\t\t\t\t\t\t<div class=\"elementor-element elementor-element-7a4dfc3 elementor-widget elementor-widget-heading\" data-id=\"7a4dfc3\" data-element_type=\"widget\" data-e-type=\"widget\" data-widget_type=\"heading.default\">\n\t\t\t\t<div class=\"elementor-widget-container\">\n\t\t\t\t\t<h2 class=\"elementor-heading-title elementor-size-default\">Ch\u01b0\u01a1ng tr\u00ecnh Th\u00ed \u0111i\u1ec3m Ch\u0103m s\u00f3c Tr\u1ebb em t\u1ea1i nh\u00e0<\/h2>\t\t\t\t<\/div>\n\t\t\t\t<\/div>\n\t\t\t\t<div class=\"elementor-element elementor-element-97b54ce elementor-widget elementor-widget-text-editor\" data-id=\"97b54ce\" data-element_type=\"widget\" data-e-type=\"widget\" data-widget_type=\"text-editor.default\">\n\t\t\t\t<div class=\"elementor-widget-container\">\n\t\t\t\t\t\t\t\t\t<p>\u0110\u00e2y l\u00e0 ch\u01b0\u01a1ng tr\u00ecnh th\u00ed \u0111i\u1ec3m k\u00e9o d\u00e0i 5 n\u0103m \u0111\u01b0\u1ee3c tri\u1ec3n khai v\u00e0o th\u00e1ng 6 n\u0103m 2019, cho ph\u00e9p nh\u1eefng ng\u01b0\u1eddi ch\u0103m s\u00f3c \u0111\u1ee7 \u0111i\u1ec1u ki\u1ec7n v\u00e0 c\u00e1c th\u00e0nh vi\u00ean gia \u0111\u00ecnh c\u1ee7a h\u1ecd c\u00f3 c\u01a1 h\u1ed9i \u0111\u1ebfn Canada v\u1edbi m\u1ee5c ti\u00eau tr\u1edf th\u00e0nh th\u01b0\u1eddng tr\u00fa nh\u00e2n.<\/p>\n\t\t\t\t\t\t\t\t<\/div>\n\t\t\t\t<\/div>\n\t\t\t\t\t<\/div>\n\t\t<\/div>\n\t\t\t\t<div class=\"elementor-column elementor-col-33 elementor-inner-column elementor-element elementor-element-aa14e70\" data-id=\"aa14e70\" data-element_type=\"column\" data-e-type=\"column\" data-settings=\"{&quot;background_background&quot;:&quot;classic&quot;}\">\n\t\t\t<div class=\"elementor-widget-wrap elementor-element-populated\">\n\t\t\t\t\t\t<div class=\"elementor-element elementor-element-bcb5362 elementor-widget elementor-widget-heading\" data-id=\"bcb5362\" data-element_type=\"widget\" data-e-type=\"widget\" data-widget_type=\"heading.default\">\n\t\t\t\t<div class=\"elementor-widget-container\">\n\t\t\t\t\t<h2 class=\"elementor-heading-title elementor-size-default\">Ch\u01b0\u01a1ng Tr\u00ecnh Nh\u00e2n Vi\u00ean H\u1ed7 Tr\u1ee3 T\u1ea1i Nh\u00e0<\/h2>\t\t\t\t<\/div>\n\t\t\t\t<\/div>\n\t\t\t\t<div class=\"elementor-element elementor-element-f71dcfe elementor-widget elementor-widget-text-editor\" data-id=\"f71dcfe\" data-element_type=\"widget\" data-e-type=\"widget\" data-widget_type=\"text-editor.default\">\n\t\t\t\t<div class=\"elementor-widget-container\">\n\t\t\t\t\t\t\t\t\t<p>Nh\u00e2n vi\u00ean H\u1ed7 tr\u1ee3 t\u1ea1i nh\u00e0 ch\u1ecbu tr\u00e1ch nhi\u1ec7m gi\u00fap \u0111\u1ee1 ng\u01b0\u1eddi cao ni\u00ean, ng\u01b0\u1eddi khuy\u1ebft t\u1eadt v\u00e0 c\u00e1 nh\u00e2n ph\u1ee5c h\u1ed3i ch\u1ee9c n\u0103ng. Ch\u01b0\u01a1ng tr\u00ecnh n\u00e0y cho ph\u00e9p c\u00f4ng d\u00e2n n\u01b0\u1edbc ngo\u00e0i c\u00f9ng v\u1edbi gia \u0111\u00ecnh c\u1ee7a h\u1ecd c\u00f3 c\u01a1 h\u1ed9i xin gi\u1ea5y ph\u00e9p l\u00e0m vi\u1ec7c t\u1ea1m th\u1eddi v\u00e0 n\u1ed9p \u0111\u01a1n xin th\u01b0\u1eddng tr\u00fa t\u1ea1i Canada sau khi c\u00f3 \u0111\u1ee7 kinh nghi\u1ec7m l\u00e0m vi\u1ec7c (\u00edt nh\u1ea5t 2 n\u0103m) ho\u1eb7c m\u1ed9t l\u1eddi m\u1eddi l\u00e0m vi\u1ec7c h\u1ee3p l\u1ec7.<\/p>\n\t\t\t\t\t\t\t\t<\/div>\n\t\t\t\t<\/div>\n\t\t\t\t\t<\/div>\n\t\t<\/div>\n\t\t\t\t\t<\/div>\n\t\t<\/section>\n\t\t\t\t\t<\/div>\n\t\t<\/div>\n\t\t\t\t\t<\/div>\n\t\t<\/section>\n\t\t\t\t<\/div>\n\t\t","protected":false},"excerpt":{"rendered":"<p>\u0110\u1ecbnh C\u01b0 Di\u1ec7n Ch\u0103m S\u00f3c S\u1ee9c Kh\u1ecfe Ch\u01b0\u01a1ng tr\u00ecnh Ch\u0103m S\u00f3c S\u1ee9c Kh\u1ecfe (Caregiver Program) t\u1ea1o c\u01a1 h\u1ed9i cho c\u00e1c chuy\u00ean gia ch\u0103m s\u00f3c c\u00f3 tr\u00ecnh \u0111\u1ed9 \u0111\u1ea1t \u0111\u01b0\u1ee3c quy\u1ec1n th\u01b0\u1eddng tr\u00fa nh\u00e2n t\u1ea1i Canada. Ch\u01b0\u01a1ng tr\u00ecnh cung c\u1ea5p c\u01a1 h\u1ed9i vi\u1ec7c l\u00e0m v\u00e0 cung c\u1ea5p m\u1ed9t l\u1ed9 tr\u00ecnh cho nh\u1eefng c\u00e1 nh\u00e2n c\u00f3 m\u1ed9t [&hellip;]<\/p>\n","protected":false},"author":9,"featured_media":0,"parent":0,"menu_order":0,"comment_status":"closed","ping_status":"closed","template":"","meta":{"footnotes":""},"class_list":["post-5551","page","type-page","status-publish","hentry"],"_links":{"self":[{"href":"https:\/\/nexusvisa.ca\/vi\/wp-json\/wp\/v2\/pages\/5551","targetHints":{"allow":["GET"]}}],"collection":[{"href":"https:\/\/nexusvisa.ca\/vi\/wp-json\/wp\/v2\/pages"}],"about":[{"href":"https:\/\/nexusvisa.ca\/vi\/wp-json\/wp\/v2\/types\/page"}],"author":[{"embeddable":true,"href":"https:\/\/nexusvisa.ca\/vi\/wp-json\/wp\/v2\/users\/9"}],"replies":[{"embeddable":true,"href":"https:\/\/nexusvisa.ca\/vi\/wp-json\/wp\/v2\/comments?post=5551"}],"version-history":[{"count":33,"href":"https:\/\/nexusvisa.ca\/vi\/wp-json\/wp\/v2\/pages\/5551\/revisions"}],"predecessor-version":[{"id":11937,"href":"https:\/\/nexusvisa.ca\/vi\/wp-json\/wp\/v2\/pages\/5551\/revisions\/11937"}],"wp:attachment":[{"href":"https:\/\/nexusvisa.ca\/vi\/wp-json\/wp\/v2\/media?parent=5551"}],"curies":[{"name":"wp","href":"https:\/\/api.w.org\/{rel}","templated":true}]}}