{"id":5521,"date":"2023-01-17T09:16:41","date_gmt":"2023-01-17T16:16:41","guid":{"rendered":"http:\/\/nexusvisa.com\/doi-cua-chung-toi\/"},"modified":"2025-02-14T13:08:58","modified_gmt":"2025-02-14T20:08:58","slug":"doi-ngu-nhan-vien","status":"publish","type":"page","link":"https:\/\/nexusvisa.ca\/vi\/doi-ngu-nhan-vien\/","title":{"rendered":"\u0110\u1ed9i Ng\u0169 Nh\u00e2n Vi\u00ean"},"content":{"rendered":"\t\t<div data-elementor-type=\"wp-page\" data-elementor-id=\"5521\" class=\"elementor elementor-5521 elementor-216\">\n\t\t\t\t\t\t<section class=\"elementor-section elementor-top-section elementor-element elementor-element-8e8d9b7 elementor-section-boxed elementor-section-height-default elementor-section-height-default\" data-id=\"8e8d9b7\" data-element_type=\"section\" data-e-type=\"section\">\n\t\t\t\t\t\t<div class=\"elementor-container elementor-column-gap-default\">\n\t\t\t\t\t<div class=\"elementor-column elementor-col-100 elementor-top-column elementor-element elementor-element-9bab228\" data-id=\"9bab228\" data-element_type=\"column\" data-e-type=\"column\">\n\t\t\t<div class=\"elementor-widget-wrap elementor-element-populated\">\n\t\t\t\t\t\t<div class=\"elementor-element elementor-element-88261cd animated-slow elementor-invisible elementor-widget elementor-widget-heading\" data-id=\"88261cd\" data-element_type=\"widget\" data-e-type=\"widget\" data-settings=\"{&quot;_animation&quot;:&quot;fadeIn&quot;}\" data-widget_type=\"heading.default\">\n\t\t\t\t<div class=\"elementor-widget-container\">\n\t\t\t\t\t<h1 class=\"elementor-heading-title elementor-size-default\">\u0110\u1ed9i Ng\u0169 Nh\u00e2n Vi\u00ean<\/h1>\t\t\t\t<\/div>\n\t\t\t\t<\/div>\n\t\t\t\t\t<\/div>\n\t\t<\/div>\n\t\t\t\t\t<\/div>\n\t\t<\/section>\n\t\t\t\t<section class=\"elementor-section elementor-top-section elementor-element elementor-element-36f7f7b elementor-section-full_width animated-slow elementor-section-height-default elementor-section-height-default elementor-invisible\" data-id=\"36f7f7b\" data-element_type=\"section\" data-e-type=\"section\" data-settings=\"{&quot;animation&quot;:&quot;fadeIn&quot;,&quot;animation_delay&quot;:500}\">\n\t\t\t\t\t\t<div class=\"elementor-container elementor-column-gap-default\">\n\t\t\t\t\t<div class=\"elementor-column elementor-col-100 elementor-top-column elementor-element elementor-element-7554f6c\" data-id=\"7554f6c\" data-element_type=\"column\" data-e-type=\"column\">\n\t\t\t<div class=\"elementor-widget-wrap elementor-element-populated\">\n\t\t\t\t\t\t<div class=\"elementor-element elementor-element-a132d67 elementor-widget elementor-widget-gva-services-group\" data-id=\"a132d67\" data-element_type=\"widget\" data-e-type=\"widget\" data-widget_type=\"gva-services-group.default\">\n\t\t\t\t<div class=\"elementor-widget-container\">\n\t\t\t\t\t<div class=\"gva-element-gva-services-group gva-element\">\r\n<div class=\"swiper-slider-wrapper gsc-services-group layout-carousel style-2 \">\r\n   <div class=\"swiper-content-inner\">   \r\n      <div class=\"init-carousel-swiper swiper\" data-carousel=\"{&quot;items&quot;:3,&quot;items_lg&quot;:3,&quot;items_md&quot;:3,&quot;items_sm&quot;:2,&quot;items_xs&quot;:1,&quot;items_xx&quot;:1,&quot;items_xxx&quot;:1,&quot;effect&quot;:&quot;slide&quot;,&quot;space_between&quot;:30,&quot;loop&quot;:1,&quot;speed&quot;:1000,&quot;autoplay&quot;:1,&quot;autoplay_delay&quot;:4500,&quot;autoplay_hover&quot;:1,&quot;navigation&quot;:1,&quot;pagination&quot;:0,&quot;dynamic_bullets&quot;:0,&quot;pagination_type&quot;:&quot;bullets&quot;}\">\r\n         <div class=\"swiper-wrapper\">\r\n                           <div class=\"swiper-slide\">\r\n                  \r\n\t\r\n\r\n   <div class=\"service-item style-2\">\r\n      \r\n      \t      <div class=\"service-image text-center\">\r\n\t      \t<img decoding=\"async\"  data-src=\"https:\/\/nexusvisa.ca\/wp-content\/uploads\/2023\/01\/business-solidarity-2022-02-08-03-18-36-utc.jpg\" alt=\"Ch\u00ednh tr\u1ef1c\" src=\"data:image\/svg+xml;base64,PHN2ZyB3aWR0aD0iMSIgaGVpZ2h0PSIxIiB4bWxucz0iaHR0cDovL3d3dy53My5vcmcvMjAwMC9zdmciPjwvc3ZnPg==\" class=\"lazyload\" style=\"--smush-placeholder-width: 800px; --smush-placeholder-aspect-ratio: 800\/800;\" \/>\r\n\t      <\/div>\r\n\t   \r\n      <div class=\"service-content\">\r\n\t\t\t<div class=\"content-inner\">\r\n\t\t\t\t\t\t\t\t\t<h3 class=\"title\"><span>Ch\u00ednh tr\u1ef1c<\/span><\/h3>\r\n\t\t\t\t\r\n\t\t\t\t\t\t\t\t\t<span class=\"box-icon\">\r\n\t\t\t\t\t\t<i aria-hidden=\"true\" class=\" la la-handshake-o\"><\/i>\t\t\t\t\t<\/span>\r\n\t\t\t\t\t\t\t<\/div>\t\r\n\t\t<\/div>\r\n\r\n\t\t\r\n\t\t<div class=\"service-content-hover\">\r\n\t\t\t<div class=\"content-inner\">\r\n\t\t\t\t\t\t\t\t\t<span class=\"box-icon\">\r\n\t\t\t\t\t\t<i aria-hidden=\"true\" class=\" la la-handshake-o\"><\/i>\t\t\t\t\t<\/span>\r\n\t\t\t\t\r\n\t\t\t\t\t\t\t\t\t<h3 class=\"title\"><span>Ch\u00ednh tr\u1ef1c<\/span><\/h3>\r\n\t\t\t\t\t\t\t\t\t\t\t\t\t<div class=\"desc\">\u0110\u00f3 l\u00e0 h\u1ea1t gi\u1ed1ng cho th\u00e0nh t\u1ef1u. Ch\u00fang t\u00f4i c\u00f3 \u0111\u1ea1o \u0111\u1ee9c, ch\u00fang t\u00f4i coi tr\u1ecdng s\u1ef1 trung th\u1ef1c v\u00e0 m\u1ed1i quan h\u1ec7 l\u00e2u d\u00e0i v\u1edbi kh\u00e1ch h\u00e0ng. Tr\u1ecdng t\u00e2m c\u1ee7a ch\u00fang t\u00f4i l\u00e0 cung c\u1ea5p cho kh\u00e1ch h\u00e0ng nh\u1eefng l\u1ef1a ch\u1ecdn v\u00e0 h\u1ed7 tr\u1ee3 ch\u00ednh x\u00e1c d\u00e0nh ri\u00eang cho t\u1eebng t\u00ecnh hu\u1ed1ng c\u1ee5 th\u1ec3.<\/div>\r\n\t\t\t\t\t\t\t<\/div>\t\r\n\t\t\t<div class=\"service-background\">\r\n\t\t\t\t\t\t\t\t\t<img decoding=\"async\" data-src=\"https:\/\/nexusvisa.ca\/wp-content\/uploads\/2023\/01\/business-solidarity-2022-02-08-03-18-36-utc.jpg\" alt=\"Ch\u00ednh tr\u1ef1c\" src=\"data:image\/svg+xml;base64,PHN2ZyB3aWR0aD0iMSIgaGVpZ2h0PSIxIiB4bWxucz0iaHR0cDovL3d3dy53My5vcmcvMjAwMC9zdmciPjwvc3ZnPg==\" class=\"lazyload\" style=\"--smush-placeholder-width: 800px; --smush-placeholder-aspect-ratio: 800\/800;\" \/>\r\n\t\t\t\t\t\r\n\t\t\t<\/div>\r\n\t\t\t\t\t<\/div>\t\r\n\t<\/div>\r\n\t\r\n\r\n\r\n\r\n               <\/div>\r\n                           <div class=\"swiper-slide\">\r\n                  \r\n\t\r\n\r\n   <div class=\"service-item style-2\">\r\n      \r\n      \t      <div class=\"service-image text-center\">\r\n\t      \t<img decoding=\"async\"  data-src=\"https:\/\/nexusvisa.ca\/wp-content\/uploads\/2023\/01\/hand-choosing-smile-face-from-emotion-block-for-cu-2022-12-29-04-14-51-utc.jpg\" alt=\"Tr\u00e1ch nhi\u1ec7m\" src=\"data:image\/svg+xml;base64,PHN2ZyB3aWR0aD0iMSIgaGVpZ2h0PSIxIiB4bWxucz0iaHR0cDovL3d3dy53My5vcmcvMjAwMC9zdmciPjwvc3ZnPg==\" class=\"lazyload\" style=\"--smush-placeholder-width: 800px; --smush-placeholder-aspect-ratio: 800\/800;\" \/>\r\n\t      <\/div>\r\n\t   \r\n      <div class=\"service-content\">\r\n\t\t\t<div class=\"content-inner\">\r\n\t\t\t\t\t\t\t\t\t<h3 class=\"title\"><span>Tr\u00e1ch nhi\u1ec7m<\/span><\/h3>\r\n\t\t\t\t\r\n\t\t\t\t\t\t\t\t\t<span class=\"box-icon\">\r\n\t\t\t\t\t\t<i aria-hidden=\"true\" class=\"fas fa-home\"><\/i>\t\t\t\t\t<\/span>\r\n\t\t\t\t\t\t\t<\/div>\t\r\n\t\t<\/div>\r\n\r\n\t\t\r\n\t\t<div class=\"service-content-hover\">\r\n\t\t\t<div class=\"content-inner\">\r\n\t\t\t\t\t\t\t\t\t<span class=\"box-icon\">\r\n\t\t\t\t\t\t<i aria-hidden=\"true\" class=\"fas fa-home\"><\/i>\t\t\t\t\t<\/span>\r\n\t\t\t\t\r\n\t\t\t\t\t\t\t\t\t<h3 class=\"title\"><span>Tr\u00e1ch nhi\u1ec7m<\/span><\/h3>\r\n\t\t\t\t\t\t\t\t\t\t\t\t\t<div class=\"desc\">Ch\u00fang t\u00f4i ch\u1ecbu tr\u00e1ch nhi\u1ec7m kh\u00f4ng ch\u1ec9 v\u1ec1 nh\u1eefng g\u00ec ch\u00fang t\u00f4i l\u00e0m m\u00e0 c\u1ea3 nh\u1eefng vi\u1ec7c ch\u00fang t\u00f4i kh\u00f4ng l\u00e0m.<\/div>\r\n\t\t\t\t\t\t\t<\/div>\t\r\n\t\t\t<div class=\"service-background\">\r\n\t\t\t\t\t\t\t\t\t<img decoding=\"async\" data-src=\"https:\/\/nexusvisa.ca\/wp-content\/uploads\/2023\/01\/hand-choosing-smile-face-from-emotion-block-for-cu-2022-12-29-04-14-51-utc.jpg\" alt=\"Tr\u00e1ch nhi\u1ec7m\" src=\"data:image\/svg+xml;base64,PHN2ZyB3aWR0aD0iMSIgaGVpZ2h0PSIxIiB4bWxucz0iaHR0cDovL3d3dy53My5vcmcvMjAwMC9zdmciPjwvc3ZnPg==\" class=\"lazyload\" style=\"--smush-placeholder-width: 800px; --smush-placeholder-aspect-ratio: 800\/800;\" \/>\r\n\t\t\t\t\t\r\n\t\t\t<\/div>\r\n\t\t\t\t\t<\/div>\t\r\n\t<\/div>\r\n\t\r\n\r\n\r\n\r\n               <\/div>\r\n                           <div class=\"swiper-slide\">\r\n                  \r\n\t\r\n\r\n   <div class=\"service-item style-2\">\r\n      \r\n      \t      <div class=\"service-image text-center\">\r\n\t      \t<img decoding=\"async\"  data-src=\"https:\/\/nexusvisa.ca\/wp-content\/uploads\/2023\/01\/library-drawer-close-up-2021-08-26-15-45-57-utc.jpg\" alt=\"Kinh nghi\u1ec7m\" src=\"data:image\/svg+xml;base64,PHN2ZyB3aWR0aD0iMSIgaGVpZ2h0PSIxIiB4bWxucz0iaHR0cDovL3d3dy53My5vcmcvMjAwMC9zdmciPjwvc3ZnPg==\" class=\"lazyload\" style=\"--smush-placeholder-width: 800px; --smush-placeholder-aspect-ratio: 800\/800;\" \/>\r\n\t      <\/div>\r\n\t   \r\n      <div class=\"service-content\">\r\n\t\t\t<div class=\"content-inner\">\r\n\t\t\t\t\t\t\t\t\t<h3 class=\"title\"><span>Kinh nghi\u1ec7m<\/span><\/h3>\r\n\t\t\t\t\r\n\t\t\t\t\t\t\t\t\t<span class=\"box-icon\">\r\n\t\t\t\t\t\t<i aria-hidden=\"true\" class=\"far fa-lightbulb\"><\/i>\t\t\t\t\t<\/span>\r\n\t\t\t\t\t\t\t<\/div>\t\r\n\t\t<\/div>\r\n\r\n\t\t\r\n\t\t<div class=\"service-content-hover\">\r\n\t\t\t<div class=\"content-inner\">\r\n\t\t\t\t\t\t\t\t\t<span class=\"box-icon\">\r\n\t\t\t\t\t\t<i aria-hidden=\"true\" class=\"far fa-lightbulb\"><\/i>\t\t\t\t\t<\/span>\r\n\t\t\t\t\r\n\t\t\t\t\t\t\t\t\t<h3 class=\"title\"><span>Kinh nghi\u1ec7m<\/span><\/h3>\r\n\t\t\t\t\t\t\t\t\t\t\t\t\t<div class=\"desc\">C\u00e1c chuy\u00ean gia t\u01b0 v\u1ea5n nh\u1eadp c\u01b0 \u0111\u01b0\u1ee3c c\u1ea5p ph\u00e9p c\u1ee7a ch\u00fang t\u00f4i cung c\u1ea5p tr\u00ecnh \u0111\u1ed9 chuy\u00ean m\u00f4n cao, n\u0103ng l\u1ef1c v\u00e0 tr\u1ecdng t\u00e2m chi\u1ebfn l\u01b0\u1ee3c c\u1ea7n thi\u1ebft \u0111\u1ec3 \u0111\u1ea3m b\u1ea3o kh\u00e1ch h\u00e0ng c\u1ee7a ch\u00fang t\u00f4i \u0111\u1ea1t \u0111\u01b0\u1ee3c th\u00e0nh c\u00f4ng c\u00e1c m\u1ee5c ti\u00eau nh\u1eadp c\u01b0 c\u1ee7a h\u1ecd.<\/div>\r\n\t\t\t\t\t\t\t<\/div>\t\r\n\t\t\t<div class=\"service-background\">\r\n\t\t\t\t\t\t\t\t\t<img decoding=\"async\" data-src=\"https:\/\/nexusvisa.ca\/wp-content\/uploads\/2023\/01\/library-drawer-close-up-2021-08-26-15-45-57-utc.jpg\" alt=\"Kinh nghi\u1ec7m\" src=\"data:image\/svg+xml;base64,PHN2ZyB3aWR0aD0iMSIgaGVpZ2h0PSIxIiB4bWxucz0iaHR0cDovL3d3dy53My5vcmcvMjAwMC9zdmciPjwvc3ZnPg==\" class=\"lazyload\" style=\"--smush-placeholder-width: 800px; --smush-placeholder-aspect-ratio: 800\/800;\" \/>\r\n\t\t\t\t\t\r\n\t\t\t<\/div>\r\n\t\t\t\t\t<\/div>\t\r\n\t<\/div>\r\n\t\r\n\r\n\r\n\r\n               <\/div>\r\n                     <\/div> \r\n      <\/div>\r\n   <\/div>   \r\n   <div class=\"swiper-pagination\"><\/div>   <div class=\"swiper-nav-next\"><\/div><div class=\"swiper-nav-prev\"><\/div><\/div>\r\n<\/div>\t\t\t\t<\/div>\n\t\t\t\t<\/div>\n\t\t\t\t\t<\/div>\n\t\t<\/div>\n\t\t\t\t\t<\/div>\n\t\t<\/section>\n\t\t\t\t<section class=\"elementor-section elementor-top-section elementor-element elementor-element-4c6d811 animated-slow elementor-section-boxed elementor-section-height-default elementor-section-height-default elementor-invisible\" data-id=\"4c6d811\" data-element_type=\"section\" data-e-type=\"section\" data-settings=\"{&quot;background_background&quot;:&quot;classic&quot;,&quot;animation&quot;:&quot;fadeIn&quot;,&quot;animation_delay&quot;:500}\">\n\t\t\t\t\t\t<div class=\"elementor-container elementor-column-gap-default\">\n\t\t\t\t\t<div class=\"elementor-column elementor-col-100 elementor-top-column elementor-element elementor-element-af7b22e\" data-id=\"af7b22e\" data-element_type=\"column\" data-e-type=\"column\">\n\t\t\t<div class=\"elementor-widget-wrap elementor-element-populated\">\n\t\t\t\t\t\t<div class=\"elementor-element elementor-element-20e875c elementor-invisible elementor-widget elementor-widget-gva-heading-block\" data-id=\"20e875c\" data-element_type=\"widget\" data-e-type=\"widget\" data-settings=\"{&quot;_animation&quot;:&quot;fadeIn&quot;}\" data-widget_type=\"gva-heading-block.default\">\n\t\t\t\t<div class=\"elementor-widget-container\">\n\t\t\t\t\t<div class=\"gva-element-gva-heading-block gva-element\">   <div class=\"align-center style-1 widget gsc-heading box-align-center auto-responsive\">\r\n      <div class=\"content-inner\">\r\n         \r\n         \r\n         <div class=\"heading-line\"><span><\/span><span><\/span><\/div>\r\n                     <div class=\"sub-title\">\r\n               <span class=\"tagline\">T\u01b0 v\u1ea5n chuy\u00ean nghi\u1ec7p<\/span> \r\n            <\/div>\r\n           \r\n         \r\n                     <h2 class=\"title\">\r\n               <span>G\u1eb7p g\u1ee1 c\u00e1c chuy\u00ean gia c\u1ee7a ch\u00fang t\u00f4i<\/span>\r\n            <\/h2>\r\n                  \r\n         \r\n      <\/div>\r\n   <\/div>\r\n<\/div>\t\t\t\t<\/div>\n\t\t\t\t<\/div>\n\t\t\t\t\t<\/div>\n\t\t<\/div>\n\t\t\t\t\t<\/div>\n\t\t<\/section>\n\t\t\t\t<section class=\"elementor-section elementor-top-section elementor-element elementor-element-e0f711a elementor-section-boxed elementor-section-height-default elementor-section-height-default elementor-invisible\" data-id=\"e0f711a\" data-element_type=\"section\" data-e-type=\"section\" data-settings=\"{&quot;background_background&quot;:&quot;classic&quot;,&quot;animation&quot;:&quot;fadeIn&quot;}\">\n\t\t\t\t\t\t<div class=\"elementor-container elementor-column-gap-default\">\n\t\t\t\t\t<div class=\"elementor-column elementor-col-100 elementor-top-column elementor-element elementor-element-89b69fc\" data-id=\"89b69fc\" data-element_type=\"column\" data-e-type=\"column\">\n\t\t\t<div class=\"elementor-widget-wrap elementor-element-populated\">\n\t\t\t\t\t\t<div class=\"elementor-element elementor-element-741250c elementor-widget elementor-widget-image\" data-id=\"741250c\" data-element_type=\"widget\" data-e-type=\"widget\" data-widget_type=\"image.default\">\n\t\t\t\t<div class=\"elementor-widget-container\">\n\t\t\t\t\t\t\t\t\t\t\t\t\t\t\t<img fetchpriority=\"high\" decoding=\"async\" width=\"800\" height=\"1000\" src=\"https:\/\/nexusvisa.ca\/wp-content\/uploads\/2023\/07\/\u7f8e\u4e3d\u4eba\u751f0305_website-1.jpg\" class=\"attachment-large size-large wp-image-13792\" alt=\"\" srcset=\"https:\/\/nexusvisa.ca\/wp-content\/uploads\/2023\/07\/\u7f8e\u4e3d\u4eba\u751f0305_website-1.jpg 800w, https:\/\/nexusvisa.ca\/wp-content\/uploads\/2023\/07\/\u7f8e\u4e3d\u4eba\u751f0305_website-1-768x960.jpg 768w\" sizes=\"(max-width: 800px) 100vw, 800px\" \/>\t\t\t\t\t\t\t\t\t\t\t\t\t\t\t<\/div>\n\t\t\t\t<\/div>\n\t\t\t\t<div class=\"elementor-element elementor-element-9546408 elementor-widget elementor-widget-heading\" data-id=\"9546408\" data-element_type=\"widget\" data-e-type=\"widget\" data-widget_type=\"heading.default\">\n\t\t\t\t<div class=\"elementor-widget-container\">\n\t\t\t\t\t<h2 class=\"elementor-heading-title elementor-size-medium\">Gi\u00e1m \u0110\u1ed1c \u0110i\u1ec1u H\u00e0nh \/ RCIC<\/h2>\t\t\t\t<\/div>\n\t\t\t\t<\/div>\n\t\t\t\t<div class=\"elementor-element elementor-element-4986566 elementor-widget elementor-widget-heading\" data-id=\"4986566\" data-element_type=\"widget\" data-e-type=\"widget\" data-widget_type=\"heading.default\">\n\t\t\t\t<div class=\"elementor-widget-container\">\n\t\t\t\t\t<h2 class=\"elementor-heading-title elementor-size-large\">Jully Wang<\/h2>\t\t\t\t<\/div>\n\t\t\t\t<\/div>\n\t\t\t\t<div class=\"elementor-element elementor-element-3f7ae3c elementor-widget elementor-widget-text-editor\" data-id=\"3f7ae3c\" data-element_type=\"widget\" data-e-type=\"widget\" data-widget_type=\"text-editor.default\">\n\t\t\t\t<div class=\"elementor-widget-container\">\n\t\t\t\t\t\t\t\t\t<p>Jully l\u00e0 ng\u01b0\u1eddi s\u00e1ng l\u1eadp Nexus Immigration &amp; Recruitment, \u0111\u1ed3ng th\u1eddi l\u00e0 Chuy\u00ean gia t\u01b0 v\u1ea5n nh\u1eadp c\u01b0 Canada (RCIC) v\u1edbi h\u01a1n hai th\u1eadp k\u1ef7 kinh nghi\u1ec7m l\u00e0m vi\u1ec7c trong c\u00e1c ng\u00e0nh c\u00f4ng nghi\u1ec7p s\u00e1ng t\u1ea1o, y t\u1ebf v\u00e0 doanh nghi\u1ec7p.<\/p><p>Jully c\u00f3 ki\u1ebfn th\u1ee9c s\u00e2u r\u1ed9ng v\u1ec1 h\u1ec7 th\u1ed1ng nh\u1eadp c\u01b0 Canada v\u00e0 cung c\u1ea5p cho kh\u00e1ch h\u00e0ng c\u1ee7a m\u00ecnh c\u00e1c gi\u1ea3i ph\u00e1p \u0111\u01b0\u1ee3c c\u00e1 nh\u00e2n h\u00f3a cho nhu c\u1ea7u di c\u01b0 c\u1ee7a h\u1ecd. C\u00f4 cam k\u1ebft ch\u1ecbu tr\u00e1ch nhi\u1ec7m gi\u1ea3i tr\u00ecnh, gi\u1ea3i quy\u1ebft v\u1ea5n \u0111\u1ec1 v\u00e0 l\u1eadp k\u1ebf ho\u1ea1ch chi\u1ebfn l\u01b0\u1ee3c cho c\u00e1c t\u00ecnh hu\u1ed1ng nh\u1eadp c\u01b0 c\u00e1 nh\u00e2n ho\u1eb7c doanh nghi\u1ec7p.<\/p>\t\t\t\t\t\t\t\t<\/div>\n\t\t\t\t<\/div>\n\t\t\t\t\t<\/div>\n\t\t<\/div>\n\t\t\t\t\t<\/div>\n\t\t<\/section>\n\t\t\t\t<section class=\"elementor-section elementor-top-section elementor-element elementor-element-815098d elementor-section-boxed elementor-section-height-default elementor-section-height-default elementor-invisible\" data-id=\"815098d\" data-element_type=\"section\" data-e-type=\"section\" data-settings=\"{&quot;background_background&quot;:&quot;classic&quot;,&quot;animation&quot;:&quot;fadeIn&quot;}\">\n\t\t\t\t\t\t<div class=\"elementor-container elementor-column-gap-default\">\n\t\t\t\t\t<div class=\"elementor-column elementor-col-50 elementor-top-column elementor-element elementor-element-93c5b00\" data-id=\"93c5b00\" data-element_type=\"column\" data-e-type=\"column\">\n\t\t\t<div class=\"elementor-widget-wrap elementor-element-populated\">\n\t\t\t\t\t\t<div class=\"elementor-element elementor-element-e87e985 elementor-widget elementor-widget-image\" data-id=\"e87e985\" data-element_type=\"widget\" data-e-type=\"widget\" data-widget_type=\"image.default\">\n\t\t\t\t<div class=\"elementor-widget-container\">\n\t\t\t\t\t\t\t\t\t\t\t\t\t\t\t<img decoding=\"async\" width=\"819\" height=\"1024\" data-src=\"https:\/\/nexusvisa.ca\/wp-content\/uploads\/2023\/01\/Martina_Portrait-819x1024.jpg\" class=\"attachment-large size-large wp-image-5085 lazyload\" alt=\"\" data-srcset=\"https:\/\/nexusvisa.ca\/wp-content\/uploads\/2023\/01\/Martina_Portrait-819x1024.jpg 819w, https:\/\/nexusvisa.ca\/wp-content\/uploads\/2023\/01\/Martina_Portrait-600x750.jpg 600w, https:\/\/nexusvisa.ca\/wp-content\/uploads\/2023\/01\/Martina_Portrait-768x960.jpg 768w, https:\/\/nexusvisa.ca\/wp-content\/uploads\/2023\/01\/Martina_Portrait.jpg 960w\" data-sizes=\"(max-width: 819px) 100vw, 819px\" src=\"data:image\/svg+xml;base64,PHN2ZyB3aWR0aD0iMSIgaGVpZ2h0PSIxIiB4bWxucz0iaHR0cDovL3d3dy53My5vcmcvMjAwMC9zdmciPjwvc3ZnPg==\" style=\"--smush-placeholder-width: 819px; --smush-placeholder-aspect-ratio: 819\/1024;\" \/>\t\t\t\t\t\t\t\t\t\t\t\t\t\t\t<\/div>\n\t\t\t\t<\/div>\n\t\t\t\t<div class=\"elementor-element elementor-element-572c905 elementor-widget elementor-widget-heading\" data-id=\"572c905\" data-element_type=\"widget\" data-e-type=\"widget\" data-widget_type=\"heading.default\">\n\t\t\t\t<div class=\"elementor-widget-container\">\n\t\t\t\t\t<h2 class=\"elementor-heading-title elementor-size-medium\">Gi\u00e1m \u0110\u1ed1c \u0110i\u1ec1u H\u00e0nh<\/h2>\t\t\t\t<\/div>\n\t\t\t\t<\/div>\n\t\t\t\t<div class=\"elementor-element elementor-element-12fe755 elementor-widget elementor-widget-heading\" data-id=\"12fe755\" data-element_type=\"widget\" data-e-type=\"widget\" data-widget_type=\"heading.default\">\n\t\t\t\t<div class=\"elementor-widget-container\">\n\t\t\t\t\t<h2 class=\"elementor-heading-title elementor-size-default\">Martina Chan<\/h2>\t\t\t\t<\/div>\n\t\t\t\t<\/div>\n\t\t\t\t<div class=\"elementor-element elementor-element-961895a elementor-widget elementor-widget-text-editor\" data-id=\"961895a\" data-element_type=\"widget\" data-e-type=\"widget\" data-widget_type=\"text-editor.default\">\n\t\t\t\t<div class=\"elementor-widget-container\">\n\t\t\t\t\t\t\t\t\t<p class=\"font_8\">V\u1edbi h\u01a1n 20 n\u0103m kinh nghi\u1ec7m l\u00e0m vi\u1ec7c, Martina l\u00e0 m\u1ed9t chuy\u00ean gia qu\u1ea3n l\u00fd kinh doanh n\u00f3i chung c\u00f3 nhi\u1ec1u kinh nghi\u1ec7m trong vi\u1ec7c qu\u1ea3n l\u00fd ho\u1ea1t \u0111\u1ed9ng t\u1ed5ng th\u1ec3 v\u00e0 l\u00e3nh \u0111\u1ea1o c\u00e1c nh\u00f3m \u0111\u1ec3 \u0111\u1ea1t \u0111\u01b0\u1ee3c m\u1ee5c ti\u00eau c\u1ee7a c\u00f4ng ty. <\/p>\n<p>Martina \u0111\u00e3 t\u1eebng l\u00e0 qu\u1ea3n l\u00fd c\u1ea5p cao c\u1ee7a m\u1ed9t trong nh\u1eefng c\u00f4ng ty ni\u00eam y\u1ebft \u0111\u1ea1i ch\u00fang \u1edf H\u1ed3ng K\u00f4ng, th\u1ec3 hi\u1ec7n chuy\u00ean m\u00f4n c\u1ee7a c\u00f4 trong qu\u1ea3n l\u00fd d\u1ef1 \u00e1n, l\u1eadp k\u1ebf ho\u1ea1ch chi\u1ebfn l\u01b0\u1ee3c v\u00e0 ph\u00e1t tri\u1ec3n kinh doanh. \u01afu ti\u00ean c\u1ee7a c\u00f4 \u1ea5y lu\u00f4n l\u00e0 \u0111\u1ea3m b\u1ea3o s\u1ef1 h\u00e0i l\u00f2ng c\u1ee7a kh\u00e1ch h\u00e0ng v\u00e0 ch\u1ea5t l\u01b0\u1ee3ng c\u00f4ng vi\u1ec7c xu\u1ea5t s\u1eafc, \u0111i\u1ec1u n\u00e0y \u0111\u00e3 d\u1eabn \u0111\u1ebfn th\u00e0nh c\u00f4ng l\u1edbn v\u00e0 \u0111\u01b0\u1ee3c c\u00f4ng nh\u1eadn trong ng\u00e0nh.<\/p>\n\t\t\t\t\t\t\t\t<\/div>\n\t\t\t\t<\/div>\n\t\t\t\t\t<\/div>\n\t\t<\/div>\n\t\t\t\t<div class=\"elementor-column elementor-col-50 elementor-top-column elementor-element elementor-element-9da26a3\" data-id=\"9da26a3\" data-element_type=\"column\" data-e-type=\"column\">\n\t\t\t<div class=\"elementor-widget-wrap elementor-element-populated\">\n\t\t\t\t\t\t<div class=\"elementor-element elementor-element-1653f63 elementor-widget elementor-widget-image\" data-id=\"1653f63\" data-element_type=\"widget\" data-e-type=\"widget\" data-widget_type=\"image.default\">\n\t\t\t\t<div class=\"elementor-widget-container\">\n\t\t\t\t\t\t\t\t\t\t\t\t\t\t\t<img decoding=\"async\" width=\"819\" height=\"1024\" data-src=\"https:\/\/nexusvisa.ca\/wp-content\/uploads\/2023\/02\/Georgia_Portrait_v2-819x1024.jpg\" class=\"attachment-large size-large wp-image-5265 lazyload\" alt=\"\" data-srcset=\"https:\/\/nexusvisa.ca\/wp-content\/uploads\/2023\/02\/Georgia_Portrait_v2-819x1024.jpg 819w, https:\/\/nexusvisa.ca\/wp-content\/uploads\/2023\/02\/Georgia_Portrait_v2-600x750.jpg 600w, https:\/\/nexusvisa.ca\/wp-content\/uploads\/2023\/02\/Georgia_Portrait_v2-768x960.jpg 768w, https:\/\/nexusvisa.ca\/wp-content\/uploads\/2023\/02\/Georgia_Portrait_v2.jpg 960w\" data-sizes=\"(max-width: 819px) 100vw, 819px\" src=\"data:image\/svg+xml;base64,PHN2ZyB3aWR0aD0iMSIgaGVpZ2h0PSIxIiB4bWxucz0iaHR0cDovL3d3dy53My5vcmcvMjAwMC9zdmciPjwvc3ZnPg==\" style=\"--smush-placeholder-width: 819px; --smush-placeholder-aspect-ratio: 819\/1024;\" \/>\t\t\t\t\t\t\t\t\t\t\t\t\t\t\t<\/div>\n\t\t\t\t<\/div>\n\t\t\t\t<div class=\"elementor-element elementor-element-f0089ef elementor-widget elementor-widget-heading\" data-id=\"f0089ef\" data-element_type=\"widget\" data-e-type=\"widget\" data-widget_type=\"heading.default\">\n\t\t\t\t<div class=\"elementor-widget-container\">\n\t\t\t\t\t<h2 class=\"elementor-heading-title elementor-size-medium\">Gi\u00e1m \u0110\u1ed1c Qu\u1ea3n L\u00fd Kinh Doanh V\u00f9ng <\/h2>\t\t\t\t<\/div>\n\t\t\t\t<\/div>\n\t\t\t\t<div class=\"elementor-element elementor-element-f99db43 elementor-widget elementor-widget-heading\" data-id=\"f99db43\" data-element_type=\"widget\" data-e-type=\"widget\" data-widget_type=\"heading.default\">\n\t\t\t\t<div class=\"elementor-widget-container\">\n\t\t\t\t\t<h2 class=\"elementor-heading-title elementor-size-default\">Georgia Jaw<\/h2>\t\t\t\t<\/div>\n\t\t\t\t<\/div>\n\t\t\t\t<div class=\"elementor-element elementor-element-b527ff7 elementor-widget elementor-widget-text-editor\" data-id=\"b527ff7\" data-element_type=\"widget\" data-e-type=\"widget\" data-widget_type=\"text-editor.default\">\n\t\t\t\t<div class=\"elementor-widget-container\">\n\t\t\t\t\t\t\t\t\t<p class=\"font_8\">Georgia l\u00e0 gi\u00e1m \u0111\u1ed1c khu v\u1ef1c c\u1ee7a ch\u00fang t\u00f4i, ng\u01b0\u1eddi \u0111\u00e3 c\u00f3 h\u01a1n m\u1ed9t th\u1eadp k\u1ef7 kinh nghi\u1ec7m l\u00e0m vi\u1ec7c v\u1edbi nhi\u1ec1u \u0111\u1ed1i t\u00e1c kinh doanh v\u00e0 kh\u00e1ch h\u00e0ng tr\u00ean to\u00e0n th\u1ebf gi\u1edbi trong ng\u00e0nh ph\u00e1t tri\u1ec3n kinh doanh qu\u1ed1c t\u1ebf, \u0111\u1ed3ng th\u1eddi c\u0169ng chuy\u00ean v\u1ec1 l\u1eadp k\u1ebf ho\u1ea1ch d\u1ecbch v\u1ee5 h\u01b0\u1edbng \u0111\u1ebfn kh\u00e1ch h\u00e0ng.<\/p>\n<p class=\"font_8\">H\u1ea7u h\u1ebft m\u1ecdi ng\u01b0\u1eddi th\u1ea5y c\u00f4 \u1ea5y l\u00e0 m\u1ed9t ng\u01b0\u1eddi l\u1ea1c quan, n\u0103ng \u0111\u1ed9ng trong nh\u00f3m v\u1edbi k\u1ef9 n\u0103ng giao ti\u1ebfp tuy\u1ec7t v\u1eddi. V\u1edbi c\u00e1c k\u1ef9 n\u0103ng \u0111a v\u0103n h\u00f3a v\u00e0 ti\u1ebfp x\u00fac qu\u1ed1c t\u1ebf c\u1ee7a m\u00ecnh, Georgia \u0111\u00e1nh gi\u00e1 cao nh\u1eefng ng\u01b0\u1eddi c\u00f3 xu\u1ea5t th\u00e2n kh\u00e1c nhau, \u0111\u1ed3ng th\u1eddi r\u1ea5t gi\u1ecfi trong vi\u1ec7c hi\u1ec3u v\u00e0 \u0111\u1ed3ng c\u1ea3m v\u1edbi nhu c\u1ea7u c\u1ee7a nh\u00f3m kh\u00e1ch h\u00e0ng nh\u1eadp c\u01b0 c\u1ee7a ch\u00fang t\u00f4i.<\/p>\n\t\t\t\t\t\t\t\t<\/div>\n\t\t\t\t<\/div>\n\t\t\t\t\t<\/div>\n\t\t<\/div>\n\t\t\t\t\t<\/div>\n\t\t<\/section>\n\t\t\t\t<\/div>\n\t\t","protected":false},"excerpt":{"rendered":"<p>\u0110\u1ed9i Ng\u0169 Nh\u00e2n Vi\u00ean Ch\u00ednh tr\u1ef1c Ch\u00ednh tr\u1ef1c \u0110\u00f3 l\u00e0 h\u1ea1t gi\u1ed1ng cho th\u00e0nh t\u1ef1u. Ch\u00fang t\u00f4i c\u00f3 \u0111\u1ea1o \u0111\u1ee9c, ch\u00fang t\u00f4i coi tr\u1ecdng s\u1ef1 trung th\u1ef1c v\u00e0 m\u1ed1i quan h\u1ec7 l\u00e2u d\u00e0i v\u1edbi kh\u00e1ch h\u00e0ng. Tr\u1ecdng t\u00e2m c\u1ee7a ch\u00fang t\u00f4i l\u00e0 cung c\u1ea5p cho kh\u00e1ch h\u00e0ng nh\u1eefng l\u1ef1a ch\u1ecdn v\u00e0 h\u1ed7 tr\u1ee3 ch\u00ednh x\u00e1c [&hellip;]<\/p>\n","protected":false},"author":9,"featured_media":0,"parent":0,"menu_order":0,"comment_status":"closed","ping_status":"closed","template":"","meta":{"footnotes":""},"class_list":["post-5521","page","type-page","status-publish","hentry"],"_links":{"self":[{"href":"https:\/\/nexusvisa.ca\/vi\/wp-json\/wp\/v2\/pages\/5521","targetHints":{"allow":["GET"]}}],"collection":[{"href":"https:\/\/nexusvisa.ca\/vi\/wp-json\/wp\/v2\/pages"}],"about":[{"href":"https:\/\/nexusvisa.ca\/vi\/wp-json\/wp\/v2\/types\/page"}],"author":[{"embeddable":true,"href":"https:\/\/nexusvisa.ca\/vi\/wp-json\/wp\/v2\/users\/9"}],"replies":[{"embeddable":true,"href":"https:\/\/nexusvisa.ca\/vi\/wp-json\/wp\/v2\/comments?post=5521"}],"version-history":[{"count":83,"href":"https:\/\/nexusvisa.ca\/vi\/wp-json\/wp\/v2\/pages\/5521\/revisions"}],"predecessor-version":[{"id":15341,"href":"https:\/\/nexusvisa.ca\/vi\/wp-json\/wp\/v2\/pages\/5521\/revisions\/15341"}],"wp:attachment":[{"href":"https:\/\/nexusvisa.ca\/vi\/wp-json\/wp\/v2\/media?parent=5521"}],"curies":[{"name":"wp","href":"https:\/\/api.w.org\/{rel}","templated":true}]}}