{"id":5468,"date":"2022-12-08T03:53:12","date_gmt":"2022-12-08T10:53:12","guid":{"rendered":"http:\/\/nexusvisa.com\/ve-chung-toi\/"},"modified":"2023-03-29T16:39:34","modified_gmt":"2023-03-29T22:39:34","slug":"ve-chung-toi","status":"publish","type":"page","link":"https:\/\/nexusvisa.ca\/vi\/ve-chung-toi\/","title":{"rendered":"V\u1ec1 Ch\u00fang T\u00f4i"},"content":{"rendered":"\t\t<div data-elementor-type=\"wp-page\" data-elementor-id=\"5468\" class=\"elementor elementor-5468 elementor-21\">\n\t\t\t\t\t\t<section class=\"elementor-section elementor-top-section elementor-element elementor-element-30747e9 elementor-section-boxed elementor-section-height-default elementor-section-height-default\" data-id=\"30747e9\" data-element_type=\"section\" data-e-type=\"section\">\n\t\t\t\t\t\t<div class=\"elementor-container elementor-column-gap-default\">\n\t\t\t\t\t<div class=\"elementor-column elementor-col-100 elementor-top-column elementor-element elementor-element-48378ee\" data-id=\"48378ee\" data-element_type=\"column\" data-e-type=\"column\">\n\t\t\t<div class=\"elementor-widget-wrap elementor-element-populated\">\n\t\t\t\t\t\t<div class=\"elementor-element elementor-element-62de831 animated-slow elementor-invisible elementor-widget elementor-widget-heading\" data-id=\"62de831\" data-element_type=\"widget\" data-e-type=\"widget\" data-settings=\"{&quot;_animation&quot;:&quot;fadeIn&quot;}\" data-widget_type=\"heading.default\">\n\t\t\t\t<div class=\"elementor-widget-container\">\n\t\t\t\t\t<h1 class=\"elementor-heading-title elementor-size-default\">V\u1ec1 Ch\u00fang T\u00f4i<\/h1>\t\t\t\t<\/div>\n\t\t\t\t<\/div>\n\t\t\t\t<div class=\"elementor-element elementor-element-8696b6f animated-slow elementor-invisible elementor-widget elementor-widget-text-editor\" data-id=\"8696b6f\" data-element_type=\"widget\" data-e-type=\"widget\" data-settings=\"{&quot;_animation&quot;:&quot;fadeIn&quot;}\" data-widget_type=\"text-editor.default\">\n\t\t\t\t<div class=\"elementor-widget-container\">\n\t\t\t\t\t\t\t\t\t<p>V\u1edbi nhi\u1ec1u n\u0103m kinh nghi\u1ec7m trong l\u0129nh v\u1ef1c \u0111\u1ecbnh c\u01b0, Nexus Immigration &amp; Recruitment c\u00f3 th\u1ec3 gi\u1ea3i quy\u1ebft nhi\u1ec1u v\u1ea5n \u0111\u1ec1 v\u00e0 \u0111\u01b0a ra c\u00e1c gi\u1ea3i ph\u00e1p ph\u00f9 h\u1ee3p. Ch\u00fang t\u00f4i lu\u00f4n n\u1ed7 l\u1ef1c trong c\u00f4ng vi\u1ec7c \u0111\u1ec3 h\u1ed7 tr\u1ee3 kh\u00e1ch h\u00e0ng, \u0111\u01b0a ra gi\u1ea3i ph\u00e1p t\u1ed1t nh\u1ea5t, ph\u00f9 h\u1ee3p nh\u1ea5t t\u00f9y v\u00e0o \u0111i\u1ec1u ki\u1ec7n v\u00e0 l\u00fd l\u1ecbch c\u1ee7a t\u1eebng kh\u00e1ch h\u00e0ng, gi\u00fap h\u1ecd c\u00f3 th\u1ec3 \u0111\u1ea1t \u0111\u01b0\u1ee3c \u01b0\u1edbc m\u01a1 \u0111\u1ecbnh c\u01b0 \u1edf Canada.<\/p>\t\t\t\t\t\t\t\t<\/div>\n\t\t\t\t<\/div>\n\t\t\t\t\t<\/div>\n\t\t<\/div>\n\t\t\t\t\t<\/div>\n\t\t<\/section>\n\t\t\t\t<section class=\"elementor-section elementor-top-section elementor-element elementor-element-df84d69 elementor-section-boxed elementor-section-height-default elementor-section-height-default\" data-id=\"df84d69\" data-element_type=\"section\" data-e-type=\"section\">\n\t\t\t\t\t\t<div class=\"elementor-container elementor-column-gap-default\">\n\t\t\t\t\t<div class=\"elementor-column elementor-col-50 elementor-top-column elementor-element elementor-element-6545f60\" data-id=\"6545f60\" data-element_type=\"column\" data-e-type=\"column\">\n\t\t\t<div class=\"elementor-widget-wrap elementor-element-populated\">\n\t\t\t\t\t\t<div class=\"elementor-element elementor-element-403b52d elementor-invisible elementor-widget elementor-widget-image\" data-id=\"403b52d\" data-element_type=\"widget\" data-e-type=\"widget\" data-settings=\"{&quot;_animation&quot;:&quot;fadeInLeft&quot;,&quot;_animation_delay&quot;:500}\" data-widget_type=\"image.default\">\n\t\t\t\t<div class=\"elementor-widget-container\">\n\t\t\t\t\t\t\t\t\t\t\t\t\t\t\t<img fetchpriority=\"high\" decoding=\"async\" width=\"768\" height=\"512\" src=\"https:\/\/nexusvisa.ca\/wp-content\/uploads\/2023\/01\/house-with-the-flag-of-canada-immigration-to-cana-2022-09-15-03-03-57-utc-768x512.jpg\" class=\"attachment-medium_large size-medium_large wp-image-4950\" alt=\"\" srcset=\"https:\/\/nexusvisa.ca\/wp-content\/uploads\/2023\/01\/house-with-the-flag-of-canada-immigration-to-cana-2022-09-15-03-03-57-utc-768x512.jpg 768w, https:\/\/nexusvisa.ca\/wp-content\/uploads\/2023\/01\/house-with-the-flag-of-canada-immigration-to-cana-2022-09-15-03-03-57-utc-600x400.jpg 600w, https:\/\/nexusvisa.ca\/wp-content\/uploads\/2023\/01\/house-with-the-flag-of-canada-immigration-to-cana-2022-09-15-03-03-57-utc-1024x683.jpg 1024w, https:\/\/nexusvisa.ca\/wp-content\/uploads\/2023\/01\/house-with-the-flag-of-canada-immigration-to-cana-2022-09-15-03-03-57-utc.jpg 1800w\" sizes=\"(max-width: 768px) 100vw, 768px\" \/>\t\t\t\t\t\t\t\t\t\t\t\t\t\t\t<\/div>\n\t\t\t\t<\/div>\n\t\t\t\t\t<\/div>\n\t\t<\/div>\n\t\t\t\t<div class=\"elementor-column elementor-col-50 elementor-top-column elementor-element elementor-element-b34bdd8\" data-id=\"b34bdd8\" data-element_type=\"column\" data-e-type=\"column\">\n\t\t\t<div class=\"elementor-widget-wrap elementor-element-populated\">\n\t\t\t\t\t\t<div class=\"elementor-element elementor-element-64f77f2 animated-slow elementor-invisible elementor-widget elementor-widget-gva-heading-block\" data-id=\"64f77f2\" data-element_type=\"widget\" data-e-type=\"widget\" data-settings=\"{&quot;_animation&quot;:&quot;fadeIn&quot;,&quot;_animation_delay&quot;:500}\" data-widget_type=\"gva-heading-block.default\">\n\t\t\t\t<div class=\"elementor-widget-container\">\n\t\t\t\t\t<div class=\"gva-element-gva-heading-block gva-element\">   <div class=\"align-left style-1 widget gsc-heading box-align-left auto-responsive\">\r\n      <div class=\"content-inner\">\r\n         \r\n         \r\n         <div class=\"heading-line\"><span><\/span><span><\/span><\/div>\r\n                     <div class=\"sub-title\">\r\n               <span class=\"tagline\">T\u00ecm hi\u1ec3u them v\u1ec1 ch\u00fang t\u00f4i<\/span> \r\n            <\/div>\r\n           \r\n         \r\n                     <h2 class=\"title\">\r\n               <span>T\u1ea1i sao n\u00ean s\u1eed d\u1ee5ng Chuy\u00ean gia t\u01b0 v\u1ea5n \u0111\u1ecbnh c\u01b0 Canada (RCIC)?<\/span>\r\n            <\/h2>\r\n                              <div class=\"title-desc\">Chuy\u00ean gia t\u01b0 v\u1ea5n nh\u1eadp c\u01b0 Canada theo quy \u0111\u1ecbnh (RCIC) l\u00e0 m\u1ed9t chuy\u00ean gia c\u00f3 tr\u00ecnh \u0111\u1ed9 \u0111\u1ea7y \u0111\u1ee7 \u0111\u1ea1i di\u1ec7n cho ti\u00eau chu\u1ea9n ng\u00e0nh trong vi\u1ec7c cung c\u1ea5p d\u1ecbch v\u1ee5 nh\u1eadp c\u01b0. M\u1ed9t RCIC \u0111\u01b0\u1ee3c Ch\u00ednh ph\u1ee7 Canada ch\u00ednh th\u1ee9c c\u00f4ng nh\u1eadn \u0111\u1ec3 ti\u1ebfn h\u00e0nh v\u00e0 cung c\u1ea5p c\u00e1c d\u1ecbch v\u1ee5 nh\u1eadp c\u01b0 theo \u0111\u00fang c\u00e1c ch\u00ednh s\u00e1ch v\u00e0 quy \u0111\u1ecbnh hi\u1ec7n h\u00e0nh nh\u1ea5t c\u1ee7a ch\u00ednh ph\u1ee7. M\u1ed7i RCIC ph\u1ea3i tr\u1ea3i qua m\u1ed9t qu\u00e1 tr\u00ecnh \u0111\u00e0o t\u1ea1o v\u00e0 \u0111\u00e1nh gi\u00e1 nghi\u00eam ng\u1eb7t \u0111\u1ec3 \u0111\u1ea3m b\u1ea3o r\u1eb1ng h\u1ecd c\u00f3 n\u0103ng l\u1ef1c, k\u1ef9 n\u0103ng v\u00e0 s\u1ef1 ch\u00ednh tr\u1ef1c c\u1ea7n thi\u1ebft \u0111\u1ec3 cung c\u1ea5p c\u00e1c d\u1ecbch v\u1ee5 nh\u1eadp c\u01b0. C\u00e1c RCIC \u0111\u01b0\u1ee3c b\u1ea3o hi\u1ec3m theo B\u1ea3o hi\u1ec3m Sai s\u00f3t v\u00e0 Thi\u1ebfu s\u00f3t c\u1ee7a H\u1ed9i \u0111\u1ed3ng T\u01b0 v\u1ea5n Di tr\u00fa c\u1ee7a H\u1ed9i \u0111\u1ed3ng Qu\u1ea3n l\u00fd Canada (ICCRC) \u0111\u1ed1i v\u1edbi b\u1ea5t k\u1ef3 h\u00e0nh vi sai tr\u00e1i ngh\u1ec1 nghi\u1ec7p n\u00e0o. Ch\u00ednh s\u00e1ch n\u00e0y cung c\u1ea5p b\u1ea3o m\u1eadt v\u00e0 b\u1ea3o v\u1ec7 b\u1ed5 sung n\u1ebfu x\u1ea3y ra tranh ch\u1ea5p gi\u1eefa c\u00e1c RCIC v\u00e0 kh\u00e1ch h\u00e0ng.<\/div>\r\n         \r\n         \r\n      <\/div>\r\n   <\/div>\r\n<\/div>\t\t\t\t<\/div>\n\t\t\t\t<\/div>\n\t\t\t\t\t<\/div>\n\t\t<\/div>\n\t\t\t\t\t<\/div>\n\t\t<\/section>\n\t\t\t\t<section class=\"elementor-section elementor-top-section elementor-element elementor-element-0305425 elementor-section-boxed elementor-section-height-default elementor-section-height-default\" data-id=\"0305425\" data-element_type=\"section\" data-e-type=\"section\">\n\t\t\t\t\t\t<div class=\"elementor-container elementor-column-gap-default\">\n\t\t\t\t\t<div class=\"elementor-column elementor-col-50 elementor-top-column elementor-element elementor-element-9b33a97\" data-id=\"9b33a97\" data-element_type=\"column\" data-e-type=\"column\">\n\t\t\t<div class=\"elementor-widget-wrap elementor-element-populated\">\n\t\t\t\t\t\t<div class=\"elementor-element elementor-element-b698c38 elementor-invisible elementor-widget elementor-widget-image\" data-id=\"b698c38\" data-element_type=\"widget\" data-e-type=\"widget\" data-settings=\"{&quot;_animation&quot;:&quot;fadeIn&quot;,&quot;_animation_delay&quot;:0}\" data-widget_type=\"image.default\">\n\t\t\t\t<div class=\"elementor-widget-container\">\n\t\t\t\t\t\t\t\t\t\t\t\t\t\t\t<img decoding=\"async\" width=\"600\" height=\"540\" data-src=\"https:\/\/nexusvisa.ca\/wp-content\/uploads\/2023\/01\/business-meeting-and-brainstrom-2022-11-01-02-35-09-utc-600x540.jpg\" class=\"attachment-medium size-medium wp-image-5105 lazyload\" alt=\"\" src=\"data:image\/svg+xml;base64,PHN2ZyB3aWR0aD0iMSIgaGVpZ2h0PSIxIiB4bWxucz0iaHR0cDovL3d3dy53My5vcmcvMjAwMC9zdmciPjwvc3ZnPg==\" style=\"--smush-placeholder-width: 600px; --smush-placeholder-aspect-ratio: 600\/540;\" \/>\t\t\t\t\t\t\t\t\t\t\t\t\t\t\t<\/div>\n\t\t\t\t<\/div>\n\t\t\t\t\t<\/div>\n\t\t<\/div>\n\t\t\t\t<div class=\"elementor-column elementor-col-50 elementor-top-column elementor-element elementor-element-c324000\" data-id=\"c324000\" data-element_type=\"column\" data-e-type=\"column\">\n\t\t\t<div class=\"elementor-widget-wrap elementor-element-populated\">\n\t\t\t\t\t\t<div class=\"elementor-element elementor-element-0168968 elementor-invisible elementor-widget elementor-widget-gva-heading-block\" data-id=\"0168968\" data-element_type=\"widget\" data-e-type=\"widget\" data-settings=\"{&quot;_animation&quot;:&quot;fadeIn&quot;,&quot;_animation_delay&quot;:0}\" data-widget_type=\"gva-heading-block.default\">\n\t\t\t\t<div class=\"elementor-widget-container\">\n\t\t\t\t\t<div class=\"gva-element-gva-heading-block gva-element\">   <div class=\"align-left style-1 widget gsc-heading box-align-left auto-responsive\">\r\n      <div class=\"content-inner\">\r\n         \r\n         \r\n         <div class=\"heading-line\"><span><\/span><span><\/span><\/div>\r\n           \r\n         \r\n                     <h2 class=\"title\">\r\n               <span>Chuy\u00ean gia t\u01b0 v\u1ea5n nh\u1eadp c\u01b0 Canada (RCIC) c\u00f3 th\u1ec3 gi\u00fap nh\u1eefng ai?<\/span>\r\n            <\/h2>\r\n                              <div class=\"title-desc\">M\u1ed9t RCIC c\u00f3 th\u1ec3 gi\u00fap \u0111\u1ee1 nh\u1eefng ng\u01b0\u1eddi ch\u01b0a ph\u1ea3i l\u00e0 ng\u01b0\u1eddi Canada v\u00e0 ng\u01b0\u1eddi Canada \u0111\u00e1p \u1ee9ng nhu c\u1ea7u nh\u1eadp c\u01b0 c\u1ee7a h\u1ecd, t\u1eeb nh\u1eefng c\u00f4ng d\u00e2n n\u01b0\u1edbc ngo\u00e0i \u0111ang t\u00ecm ki\u1ebfm th\u00f4ng tin vi\u1ec7c l\u00e0m \u1edf Canada cho \u0111\u1ebfn nh\u1eefng ch\u1ee7 doanh nghi\u1ec7p \u1edf Canada \u0111ang t\u00ecm c\u00e1ch \u0111\u1ec3 c\u00f3 th\u1ec3 thu\u00ea nh\u1eefng ng\u01b0\u1eddi lao \u0111\u1ed9ng n\u01b0\u1edbc ngo\u00e0i c\u00f3 tr\u00ecnh \u0111\u1ed9. RCIC kh\u00f4ng ph\u00e2n bi\u1ec7t \u0111\u1ed1i x\u1eed trong vi\u1ec7c cung c\u1ea5p d\u1ecbch v\u1ee5 c\u1ee7a h\u1ecd cho nh\u1eefng c\u00e1 nh\u00e2n c\u1ea7n h\u1ed7 tr\u1ee3 v\u1ec1 nh\u1eadp c\u01b0 Canada v\u00e0 s\u1ebd \u0111\u1ea1i di\u1ec7n v\u00e0 b\u1ea3o v\u1ec7 l\u1ee3i \u00edch t\u1ed1t nh\u1ea5t c\u1ee7a kh\u00e1ch h\u00e0ng c\u1ee7a h\u1ecd t\u1eeb l\u1eadp tr\u01b0\u1eddng \u0111\u1ea1o \u0111\u1ee9c v\u1eefng ch\u1eafc.<\/div>\r\n         \r\n         \r\n      <\/div>\r\n   <\/div>\r\n<\/div>\t\t\t\t<\/div>\n\t\t\t\t<\/div>\n\t\t\t\t<div class=\"elementor-element elementor-element-08495f1 elementor-invisible elementor-widget elementor-widget-gva-heading-block\" data-id=\"08495f1\" data-element_type=\"widget\" data-e-type=\"widget\" data-settings=\"{&quot;_animation&quot;:&quot;fadeIn&quot;}\" data-widget_type=\"gva-heading-block.default\">\n\t\t\t\t<div class=\"elementor-widget-container\">\n\t\t\t\t\t<div class=\"gva-element-gva-heading-block gva-element\">   <div class=\"align-left style-1 widget gsc-heading box-align-left auto-responsive\">\r\n      <div class=\"content-inner\">\r\n         \r\n         \r\n         <div class=\"heading-line\"><span><\/span><span><\/span><\/div>\r\n           \r\n         \r\n                     <h2 class=\"title\">\r\n               <span>T\u01b0 v\u1ea5n nh\u1eadp c\u01b0 Canada theo quy \u0111\u1ecbnh c\u00f3 \u0111\u1eaft kh\u00f4ng?<\/span>\r\n            <\/h2>\r\n                              <div class=\"title-desc\">Chi ph\u00ed d\u1ecbch v\u1ee5 c\u1ee7a m\u1ed9t chuy\u00ean gia RCIC v\u1eabn ph\u1ea3i ch\u0103ng h\u01a1n nhi\u1ec1u so v\u1edbi Lu\u1eadt s\u01b0 di tr\u00fa v\u00e0 th\u01b0\u1eddng hi\u1ec7u qu\u1ea3 h\u01a1n v\u00e0 c\u00f3 tr\u00ecnh \u0111\u1ed9 h\u01a1n trong vi\u1ec7c gi\u1ea3i quy\u1ebft t\u1ea5t c\u1ea3 c\u00e1c lo\u1ea1i v\u1ea5n \u0111\u1ec1 li\u00ean quan \u0111\u1ebfn nh\u1eadp c\u01b0. T\u1ea5t c\u1ea3 c\u00e1c RCIC \u0111\u1ec1u \u0111\u01b0\u1ee3c trang b\u1ecb c\u00e1c ch\u00ednh s\u00e1ch v\u00e0 th\u1ee7 t\u1ee5c c\u1eadp nh\u1eadt nh\u1ea5t v\u00e0 m\u1ee9c gi\u00e1 d\u1ecbch v\u1ee5 c\u1ee7a RCIC ph\u1ea3n \u00e1nh m\u1ee9c \u0111\u1ed9 chuy\u00ean nghi\u1ec7p v\u00e0 ki\u1ebfn th\u1ee9c chuy\u00ean s\u00e2u khi cung c\u1ea5p c\u00e1c d\u1ecbch v\u1ee5 nh\u1eadp c\u01b0.<\/div>\r\n         \r\n         \r\n      <\/div>\r\n   <\/div>\r\n<\/div>\t\t\t\t<\/div>\n\t\t\t\t<\/div>\n\t\t\t\t\t<\/div>\n\t\t<\/div>\n\t\t\t\t\t<\/div>\n\t\t<\/section>\n\t\t\t\t<\/div>\n\t\t","protected":false},"excerpt":{"rendered":"<p>V\u1ec1 Ch\u00fang T\u00f4i V\u1edbi nhi\u1ec1u n\u0103m kinh nghi\u1ec7m trong l\u0129nh v\u1ef1c \u0111\u1ecbnh c\u01b0, Nexus Immigration &amp; Recruitment c\u00f3 th\u1ec3 gi\u1ea3i quy\u1ebft nhi\u1ec1u v\u1ea5n \u0111\u1ec1 v\u00e0 \u0111\u01b0a ra c\u00e1c gi\u1ea3i ph\u00e1p ph\u00f9 h\u1ee3p. Ch\u00fang t\u00f4i lu\u00f4n n\u1ed7 l\u1ef1c trong c\u00f4ng vi\u1ec7c \u0111\u1ec3 h\u1ed7 tr\u1ee3 kh\u00e1ch h\u00e0ng, \u0111\u01b0a ra gi\u1ea3i ph\u00e1p t\u1ed1t nh\u1ea5t, ph\u00f9 h\u1ee3p nh\u1ea5t t\u00f9y [&hellip;]<\/p>\n","protected":false},"author":9,"featured_media":0,"parent":0,"menu_order":0,"comment_status":"closed","ping_status":"closed","template":"","meta":{"footnotes":""},"class_list":["post-5468","page","type-page","status-publish","hentry"],"_links":{"self":[{"href":"https:\/\/nexusvisa.ca\/vi\/wp-json\/wp\/v2\/pages\/5468","targetHints":{"allow":["GET"]}}],"collection":[{"href":"https:\/\/nexusvisa.ca\/vi\/wp-json\/wp\/v2\/pages"}],"about":[{"href":"https:\/\/nexusvisa.ca\/vi\/wp-json\/wp\/v2\/types\/page"}],"author":[{"embeddable":true,"href":"https:\/\/nexusvisa.ca\/vi\/wp-json\/wp\/v2\/users\/9"}],"replies":[{"embeddable":true,"href":"https:\/\/nexusvisa.ca\/vi\/wp-json\/wp\/v2\/comments?post=5468"}],"version-history":[{"count":35,"href":"https:\/\/nexusvisa.ca\/vi\/wp-json\/wp\/v2\/pages\/5468\/revisions"}],"predecessor-version":[{"id":11722,"href":"https:\/\/nexusvisa.ca\/vi\/wp-json\/wp\/v2\/pages\/5468\/revisions\/11722"}],"wp:attachment":[{"href":"https:\/\/nexusvisa.ca\/vi\/wp-json\/wp\/v2\/media?parent=5468"}],"curies":[{"name":"wp","href":"https:\/\/api.w.org\/{rel}","templated":true}]}}