{"id":5837,"date":"2023-01-26T12:21:37","date_gmt":"2023-01-26T19:21:37","guid":{"rendered":"http:\/\/nexusvisa.com\/permiso-de-trabajo\/"},"modified":"2023-05-18T15:40:44","modified_gmt":"2023-05-18T21:40:44","slug":"permiso-de-trabajo","status":"publish","type":"page","link":"https:\/\/nexusvisa.ca\/es\/permiso-de-trabajo\/","title":{"rendered":"Permiso De Trabajo"},"content":{"rendered":"\t\t<div data-elementor-type=\"wp-page\" data-elementor-id=\"5837\" class=\"elementor elementor-5837 elementor-2545\">\n\t\t\t\t\t\t<section class=\"elementor-section elementor-top-section elementor-element elementor-element-4b2a1b0 elementor-section-boxed elementor-section-height-default elementor-section-height-default\" data-id=\"4b2a1b0\" data-element_type=\"section\" data-e-type=\"section\">\n\t\t\t\t\t\t<div class=\"elementor-container elementor-column-gap-default\">\n\t\t\t\t\t<div class=\"elementor-column elementor-col-100 elementor-top-column elementor-element elementor-element-2f22419\" data-id=\"2f22419\" data-element_type=\"column\" data-e-type=\"column\">\n\t\t\t<div class=\"elementor-widget-wrap elementor-element-populated\">\n\t\t\t\t\t\t<div class=\"elementor-element elementor-element-c577caf animated-slow elementor-invisible elementor-widget elementor-widget-heading\" data-id=\"c577caf\" data-element_type=\"widget\" data-e-type=\"widget\" data-settings=\"{&quot;_animation&quot;:&quot;fadeIn&quot;}\" data-widget_type=\"heading.default\">\n\t\t\t\t<div class=\"elementor-widget-container\">\n\t\t\t\t\t<h1 class=\"elementor-heading-title elementor-size-default\">Permiso de trabajo<\/h1>\t\t\t\t<\/div>\n\t\t\t\t<\/div>\n\t\t\t\t\t<\/div>\n\t\t<\/div>\n\t\t\t\t\t<\/div>\n\t\t<\/section>\n\t\t\t\t<section class=\"elementor-section elementor-top-section elementor-element elementor-element-5d76d86 elementor-section-boxed elementor-section-height-default elementor-section-height-default\" data-id=\"5d76d86\" data-element_type=\"section\" data-e-type=\"section\">\n\t\t\t\t\t\t<div class=\"elementor-container elementor-column-gap-default\">\n\t\t\t\t\t<div class=\"elementor-column elementor-col-50 elementor-top-column elementor-element elementor-element-ec1abee\" data-id=\"ec1abee\" data-element_type=\"column\" data-e-type=\"column\">\n\t\t\t<div class=\"elementor-widget-wrap elementor-element-populated\">\n\t\t\t\t\t\t<div class=\"elementor-element elementor-element-4beb1eb elementor-invisible elementor-widget elementor-widget-image\" data-id=\"4beb1eb\" data-element_type=\"widget\" data-e-type=\"widget\" data-settings=\"{&quot;_animation&quot;:&quot;fadeInLeft&quot;,&quot;_animation_delay&quot;:500}\" data-widget_type=\"image.default\">\n\t\t\t\t<div class=\"elementor-widget-container\">\n\t\t\t\t\t\t\t\t\t\t\t\t\t\t\t<img fetchpriority=\"high\" decoding=\"async\" width=\"768\" height=\"492\" src=\"https:\/\/nexusvisa.ca\/wp-content\/uploads\/2023\/01\/busy-people-two-doctors-in-white-coats-is-in-the-2021-12-27-21-54-18-utc-768x492.jpg\" class=\"attachment-medium_large size-medium_large wp-image-4879\" alt=\"\" srcset=\"https:\/\/nexusvisa.ca\/wp-content\/uploads\/2023\/01\/busy-people-two-doctors-in-white-coats-is-in-the-2021-12-27-21-54-18-utc-768x492.jpg 768w, https:\/\/nexusvisa.ca\/wp-content\/uploads\/2023\/01\/busy-people-two-doctors-in-white-coats-is-in-the-2021-12-27-21-54-18-utc-600x384.jpg 600w, https:\/\/nexusvisa.ca\/wp-content\/uploads\/2023\/01\/busy-people-two-doctors-in-white-coats-is-in-the-2021-12-27-21-54-18-utc-1024x655.jpg 1024w, https:\/\/nexusvisa.ca\/wp-content\/uploads\/2023\/01\/busy-people-two-doctors-in-white-coats-is-in-the-2021-12-27-21-54-18-utc.jpg 1800w\" sizes=\"(max-width: 768px) 100vw, 768px\" \/>\t\t\t\t\t\t\t\t\t\t\t\t\t\t\t<\/div>\n\t\t\t\t<\/div>\n\t\t\t\t\t<\/div>\n\t\t<\/div>\n\t\t\t\t<div class=\"elementor-column elementor-col-50 elementor-top-column elementor-element elementor-element-dee43ec\" data-id=\"dee43ec\" data-element_type=\"column\" data-e-type=\"column\">\n\t\t\t<div class=\"elementor-widget-wrap elementor-element-populated\">\n\t\t\t\t\t\t<div class=\"elementor-element elementor-element-fc2bd73 animated-slow elementor-invisible elementor-widget elementor-widget-text-editor\" data-id=\"fc2bd73\" data-element_type=\"widget\" data-e-type=\"widget\" data-settings=\"{&quot;_animation&quot;:&quot;fadeIn&quot;,&quot;_animation_delay&quot;:500}\" data-widget_type=\"text-editor.default\">\n\t\t\t\t<div class=\"elementor-widget-container\">\n\t\t\t\t\t\t\t\t\t<p>Canad\u00e1 es uno de los mejores lugares para trabajar y vivir, ya que es conocido por su ambiente agradable, paisajes pintorescos y sociedad multicultural.\u00a0Ofrecemos una manera f\u00e1cil y sin complicaciones de encontrar posibles empleadores y trabajar para obtener un permiso de trabajo.\u00a0Con nosotros, puede obtener servicios personalizados para sus necesidades espec\u00edficas, Nexus puede facilitar su camino y guiarlo hacia el \u00e9xito en la fuerza laboral canadiense.<\/p><p>Un permiso de trabajo, anteriormente conocido como \u201cAutorizaci\u00f3n de Empleo\u201d, es un documento legal que autoriza a un extranjero a trabajar en Canad\u00e1. Para la mayor\u00eda de los extranjeros calificados, es un paso firme hacia la residencia permanente en Canad\u00e1.<\/p>\t\t\t\t\t\t\t\t<\/div>\n\t\t\t\t<\/div>\n\t\t\t\t\t<\/div>\n\t\t<\/div>\n\t\t\t\t\t<\/div>\n\t\t<\/section>\n\t\t\t\t<section class=\"elementor-section elementor-top-section elementor-element elementor-element-2dc6504 animated-slow elementor-section-boxed elementor-section-height-default elementor-section-height-default elementor-invisible\" data-id=\"2dc6504\" data-element_type=\"section\" data-e-type=\"section\" data-settings=\"{&quot;animation&quot;:&quot;fadeIn&quot;,&quot;animation_delay&quot;:500}\">\n\t\t\t\t\t\t<div class=\"elementor-container elementor-column-gap-default\">\n\t\t\t\t\t<div class=\"elementor-column elementor-col-100 elementor-top-column elementor-element elementor-element-c929643\" data-id=\"c929643\" data-element_type=\"column\" data-e-type=\"column\">\n\t\t\t<div class=\"elementor-widget-wrap elementor-element-populated\">\n\t\t\t\t\t\t<div class=\"elementor-element elementor-element-5e3c5ff elementor-widget elementor-widget-text-editor\" data-id=\"5e3c5ff\" data-element_type=\"widget\" data-e-type=\"widget\" data-widget_type=\"text-editor.default\">\n\t\t\t\t<div class=\"elementor-widget-container\">\n\t\t\t\t\t\t\t\t\t<p>Hay muchas opciones diferentes para obtener un permiso de trabajo canadiense, seg\u00fan el conjunto de habilidades de una persona para la necesidad actual del mercado laboral canadiense y la conexi\u00f3n con las comunidades canadienses, uno puede ser elegible para solicitar un permiso a trav\u00e9s de uno de los siguientes programas:<\/p>\t\t\t\t\t\t\t\t<\/div>\n\t\t\t\t<\/div>\n\t\t\t\t<div class=\"elementor-element elementor-element-ac634b0 elementor-widget elementor-widget-accordion\" data-id=\"ac634b0\" data-element_type=\"widget\" data-e-type=\"widget\" data-widget_type=\"accordion.default\">\n\t\t\t\t<div class=\"elementor-widget-container\">\n\t\t\t\t\t\t\t<div class=\"elementor-accordion\">\n\t\t\t\t\t\t\t<div class=\"elementor-accordion-item\">\n\t\t\t\t\t<div id=\"elementor-tab-title-1801\" class=\"elementor-tab-title\" data-tab=\"1\" role=\"button\" aria-controls=\"elementor-tab-content-1801\" aria-expanded=\"false\">\n\t\t\t\t\t\t\t\t\t\t\t\t\t<span class=\"elementor-accordion-icon elementor-accordion-icon-left\" aria-hidden=\"true\">\n\t\t\t\t\t\t\t\t\t\t\t\t\t\t\t<span class=\"elementor-accordion-icon-closed\"><i class=\"fas fa-plus\"><\/i><\/span>\n\t\t\t\t\t\t\t\t<span class=\"elementor-accordion-icon-opened\"><i class=\"fas fa-minus\"><\/i><\/span>\n\t\t\t\t\t\t\t\t\t\t\t\t\t\t<\/span>\n\t\t\t\t\t\t\t\t\t\t\t\t<a class=\"elementor-accordion-title\" tabindex=\"0\">Programa de Trabajadores Extranjeros Temporales (TFWP)<\/a>\n\t\t\t\t\t<\/div>\n\t\t\t\t\t<div id=\"elementor-tab-content-1801\" class=\"elementor-tab-content elementor-clearfix\" data-tab=\"1\" role=\"region\" aria-labelledby=\"elementor-tab-title-1801\"><p>El Programa de Trabajadores Extranjeros Temporales (TFWP, por sus siglas en ingl\u00e9s) es un programa dise\u00f1ado para permitir que los empleadores canadienses cubran la escasez de mano de obra mediante la contrataci\u00f3n temporal de trabajadores extranjeros.<\/p><p>Los criterios para este programa son los siguientes:<\/p><ul><li>Tener una Evaluaci\u00f3n de Impacto en el Mercado Laboral (LMIA) positiva<\/li><li>Tener una oferta de trabajo v\u00e1lida de un empleador canadiense<\/li><li>Convencer a un oficial de inmigraci\u00f3n de que <em>dejar\u00e1<\/em> Canad\u00e1 al final de la estad\u00eda autorizada<\/li><li>Debe demostrar calificaci\u00f3n para el puesto de trabajo que se ofrece<\/li><\/ul><\/div>\n\t\t\t\t<\/div>\n\t\t\t\t\t\t\t<div class=\"elementor-accordion-item\">\n\t\t\t\t\t<div id=\"elementor-tab-title-1802\" class=\"elementor-tab-title\" data-tab=\"2\" role=\"button\" aria-controls=\"elementor-tab-content-1802\" aria-expanded=\"false\">\n\t\t\t\t\t\t\t\t\t\t\t\t\t<span class=\"elementor-accordion-icon elementor-accordion-icon-left\" aria-hidden=\"true\">\n\t\t\t\t\t\t\t\t\t\t\t\t\t\t\t<span class=\"elementor-accordion-icon-closed\"><i class=\"fas fa-plus\"><\/i><\/span>\n\t\t\t\t\t\t\t\t<span class=\"elementor-accordion-icon-opened\"><i class=\"fas fa-minus\"><\/i><\/span>\n\t\t\t\t\t\t\t\t\t\t\t\t\t\t<\/span>\n\t\t\t\t\t\t\t\t\t\t\t\t<a class=\"elementor-accordion-title\" tabindex=\"0\">Experiencia Internacional Canad\u00e1 (IEC)<\/a>\n\t\t\t\t\t<\/div>\n\t\t\t\t\t<div id=\"elementor-tab-content-1802\" class=\"elementor-tab-content elementor-clearfix\" data-tab=\"2\" role=\"region\" aria-labelledby=\"elementor-tab-title-1802\"><p>La Experiencia Internacional en Canad\u00e1 (IEC) brinda a los j\u00f3venes la oportunidad de viajar y trabajar en Canad\u00e1 por hasta 2 a\u00f1os.<\/p><p>Hay 3 tipos diferentes de experiencias de trabajo y viajes disponibles:<\/p><p>1. Vacaciones de trabajo:<\/p><p>Este programa brinda una oportunidad a j\u00f3venes de conocer Canad\u00e1 mientras adquieren una valiosa experiencia laboral.\u00a0El tipo de Permiso de trabajo es un Permiso de trabajo abierto, que le permite trabajar temporalmente (1 o 2 a\u00f1os) para casi cualquier empleador en Canad\u00e1 (se aplican algunas excepciones).\u00a0Esta categor\u00eda es adecuada para:<\/p><ul><li>si no tienes una oferta de trabajo<\/li><li>si desea trabajar para m\u00e1s de un empleador en Canad\u00e1<\/li><li>si quieres trabajar en m\u00e1s de un lugar<\/li><li>si te gustaria ganar algo de dinero para poder viajar<\/li><\/ul><p>2. J\u00f3venes profesionales:<\/p><p>El programa es:<\/p><ul><li>Su pa\u00eds o territorio de ciudadan\u00eda debe tener un Acuerdo de Movilidad Juvenil con Canad\u00e1.<\/li><li>El permiso de trabajo para j\u00f3venes profesionales est\u00e1 disponible para ciudadanos de 18 a 30 o de 18 a 35 a\u00f1os de edad de 24 pa\u00edses que tengan una oferta de trabajo en Canad\u00e1.<\/li><\/ul><p>El tipo de permiso de trabajo es un permiso de trabajo espec\u00edfico del empleador.\u00a0Su empleador debe cumplir con todas las leyes laborales de la provincia o territorio donde planea trabajar, incluidos los requisitos de salario m\u00ednimo.\u00a0Esta categor\u00eda es adecuada para:<\/p><ul><li>Si tiene una oferta de trabajo en Canad\u00e1 que cuenta para su desarrollo profesional<\/li><li>trabajar\u00e1 para el mismo empleador en el mismo lugar durante su estad\u00eda en Canad\u00e1<\/li><\/ul><p>3. Cooperativa internacional (pasant\u00eda):<\/p><p>El tipo de permiso de trabajo es un permiso de trabajo espec\u00edfico del empleador.\u00a0La pasant\u00eda que se ofrece en Canad\u00e1 debe estar directamente relacionada con su campo de estudio.\u00a0Los salarios y las normas laborales deben seguir las leyes laborales de la provincia o territorio en el que trabajar\u00e1.\u00a0El c\u00f3digo laboral determinar\u00e1 si una pasant\u00eda debe ser pagada o no.\u00a0Esta categor\u00eda es adecuada para:<\/p><ul><li>si eres un estudiante matriculado en una instituci\u00f3n de educaci\u00f3n superior.<\/li><li>si tiene una oferta de trabajo para una pr\u00e1ctica laboral o pasant\u00eda en Canad\u00e1<\/li><li>si necesitas hacer pr\u00e1ctica profesional o pasant\u00eda para completar tus estudios<\/li><li>si trabajar\u00e1s para el mismo empleador en el mismo lugar durante su estad\u00eda en Canad\u00e1<\/li><\/ul><\/div>\n\t\t\t\t<\/div>\n\t\t\t\t\t\t\t<div class=\"elementor-accordion-item\">\n\t\t\t\t\t<div id=\"elementor-tab-title-1803\" class=\"elementor-tab-title\" data-tab=\"3\" role=\"button\" aria-controls=\"elementor-tab-content-1803\" aria-expanded=\"false\">\n\t\t\t\t\t\t\t\t\t\t\t\t\t<span class=\"elementor-accordion-icon elementor-accordion-icon-left\" aria-hidden=\"true\">\n\t\t\t\t\t\t\t\t\t\t\t\t\t\t\t<span class=\"elementor-accordion-icon-closed\"><i class=\"fas fa-plus\"><\/i><\/span>\n\t\t\t\t\t\t\t\t<span class=\"elementor-accordion-icon-opened\"><i class=\"fas fa-minus\"><\/i><\/span>\n\t\t\t\t\t\t\t\t\t\t\t\t\t\t<\/span>\n\t\t\t\t\t\t\t\t\t\t\t\t<a class=\"elementor-accordion-title\" tabindex=\"0\">Permiso de trabajo abierto puente (BOWP) Canad\u00e1<\/a>\n\t\t\t\t\t<\/div>\n\t\t\t\t\t<div id=\"elementor-tab-content-1803\" class=\"elementor-tab-content elementor-clearfix\" data-tab=\"3\" role=\"region\" aria-labelledby=\"elementor-tab-title-1803\"><p>El Permiso de trabajo abierto puente (BOWP) permite que los ciudadanos extranjeros contin\u00faen trabajando en Canad\u00e1 mientras esperan una decisi\u00f3n sobre su solicitud de residencia permanente. Si tiene un permiso de trabajo canadiense v\u00e1lido que vence dentro de los 4 meses y ha solicitado la residencia permanente, deber\u00e1 solicitar el permiso de trabajo abierto puente (BOWP).<\/p><\/div>\n\t\t\t\t<\/div>\n\t\t\t\t\t\t\t<div class=\"elementor-accordion-item\">\n\t\t\t\t\t<div id=\"elementor-tab-title-1804\" class=\"elementor-tab-title\" data-tab=\"4\" role=\"button\" aria-controls=\"elementor-tab-content-1804\" aria-expanded=\"false\">\n\t\t\t\t\t\t\t\t\t\t\t\t\t<span class=\"elementor-accordion-icon elementor-accordion-icon-left\" aria-hidden=\"true\">\n\t\t\t\t\t\t\t\t\t\t\t\t\t\t\t<span class=\"elementor-accordion-icon-closed\"><i class=\"fas fa-plus\"><\/i><\/span>\n\t\t\t\t\t\t\t\t<span class=\"elementor-accordion-icon-opened\"><i class=\"fas fa-minus\"><\/i><\/span>\n\t\t\t\t\t\t\t\t\t\t\t\t\t\t<\/span>\n\t\t\t\t\t\t\t\t\t\t\t\t<a class=\"elementor-accordion-title\" tabindex=\"0\">Permiso de trabajo por cuenta propia<\/a>\n\t\t\t\t\t<\/div>\n\t\t\t\t\t<div id=\"elementor-tab-content-1804\" class=\"elementor-tab-content elementor-clearfix\" data-tab=\"4\" role=\"region\" aria-labelledby=\"elementor-tab-title-1804\"><p>En los \u00faltimos a\u00f1os, Canad\u00e1 se ha posicionado como un destino atractivo para muchos empresarios, inversionistas y nuevas empresas extranjeras, Por esta raz\u00f3n, el gobierno canadiense ha creado varias v\u00edas de visa de negocios a trav\u00e9s de las cuales los residentes extranjeros pueden obtener la residencia permanente en Canad\u00e1.\u00a0Si est\u00e1 buscando comprar o invertir en un negocio canadiense existente mientras obtiene un permiso de trabajo v\u00e1lido que brinda estabilidad para usted y su familia, cons\u00faltenos para explorar posibles opciones.<\/p><\/div>\n\t\t\t\t<\/div>\n\t\t\t\t\t\t\t<div class=\"elementor-accordion-item\">\n\t\t\t\t\t<div id=\"elementor-tab-title-1805\" class=\"elementor-tab-title\" data-tab=\"5\" role=\"button\" aria-controls=\"elementor-tab-content-1805\" aria-expanded=\"false\">\n\t\t\t\t\t\t\t\t\t\t\t\t\t<span class=\"elementor-accordion-icon elementor-accordion-icon-left\" aria-hidden=\"true\">\n\t\t\t\t\t\t\t\t\t\t\t\t\t\t\t<span class=\"elementor-accordion-icon-closed\"><i class=\"fas fa-plus\"><\/i><\/span>\n\t\t\t\t\t\t\t\t<span class=\"elementor-accordion-icon-opened\"><i class=\"fas fa-minus\"><\/i><\/span>\n\t\t\t\t\t\t\t\t\t\t\t\t\t\t<\/span>\n\t\t\t\t\t\t\t\t\t\t\t\t<a class=\"elementor-accordion-title\" tabindex=\"0\">Permiso de trabajo de posgrado (PGWP)<\/a>\n\t\t\t\t\t<\/div>\n\t\t\t\t\t<div id=\"elementor-tab-content-1805\" class=\"elementor-tab-content elementor-clearfix\" data-tab=\"5\" role=\"region\" aria-labelledby=\"elementor-tab-title-1805\"><p>Los estudiantes internacionales que se grad\u00faan de institutos de aprendizaje canadienses pueden tener la oportunidad de seguir trabajando en Canad\u00e1 y obtener una experiencia laboral invaluable en Canad\u00e1.\u00a0Despu\u00e9s de completar un programa acad\u00e9mico o comercial calificado en un Instituto de aprendizaje designado (DLI) en Canad\u00e1, uno puede ser elegible para solicitar un Permiso de trabajo de posgrado (PGWP) que puede ser v\u00e1lido por 6 meses hasta un m\u00e1ximo de 3 a\u00f1os.\u00a0Un PGWP es un permiso de trabajo abierto y es una autorizaci\u00f3n previa de LMIA.\u00a0Con restricciones menores a ciertos oficios, uno puede trabajar para cualquier empleador en cualquier lugar dentro de Canad\u00e1.<\/p><\/div>\n\t\t\t\t<\/div>\n\t\t\t\t\t\t\t<div class=\"elementor-accordion-item\">\n\t\t\t\t\t<div id=\"elementor-tab-title-1806\" class=\"elementor-tab-title\" data-tab=\"6\" role=\"button\" aria-controls=\"elementor-tab-content-1806\" aria-expanded=\"false\">\n\t\t\t\t\t\t\t\t\t\t\t\t\t<span class=\"elementor-accordion-icon elementor-accordion-icon-left\" aria-hidden=\"true\">\n\t\t\t\t\t\t\t\t\t\t\t\t\t\t\t<span class=\"elementor-accordion-icon-closed\"><i class=\"fas fa-plus\"><\/i><\/span>\n\t\t\t\t\t\t\t\t<span class=\"elementor-accordion-icon-opened\"><i class=\"fas fa-minus\"><\/i><\/span>\n\t\t\t\t\t\t\t\t\t\t\t\t\t\t<\/span>\n\t\t\t\t\t\t\t\t\t\t\t\t<a class=\"elementor-accordion-title\" tabindex=\"0\">Permiso de Trabajo abierto para C\u00f3nyugue<\/a>\n\t\t\t\t\t<\/div>\n\t\t\t\t\t<div id=\"elementor-tab-content-1806\" class=\"elementor-tab-content elementor-clearfix\" data-tab=\"6\" role=\"region\" aria-labelledby=\"elementor-tab-title-1806\"><p>Si su c\u00f3nyuge tiene un permiso de trabajo o un permiso de estudio v\u00e1lido en Canad\u00e1, o si ha solicitado ser patrocinado para la residencia permanente por su c\u00f3nyuge o pareja de hecho en Canad\u00e1, puede ser elegible para un permiso de trabajo abierto.<\/p><p>Elegibilidad para un SOWP:<\/p><ul><li>Se presenta una solicitud de patrocinio del c\u00f3nyuge\/pareja de hecho para la residencia permanente.<\/li><li>El solicitante debe tener la condici\u00f3n de residente temporal vigente como visitante, estudiante o trabajador.<\/li><li>El solicitante y el patrocinador deben cumplir con todos los criterios de elegibilidad para el patrocinio del c\u00f3nyuge o pareja de hecho.<\/li><\/ul><\/div>\n\t\t\t\t<\/div>\n\t\t\t\t\t\t\t\t<\/div>\n\t\t\t\t\t\t<\/div>\n\t\t\t\t<\/div>\n\t\t\t\t\t<\/div>\n\t\t<\/div>\n\t\t\t\t\t<\/div>\n\t\t<\/section>\n\t\t\t\t<\/div>\n\t\t","protected":false},"excerpt":{"rendered":"<p>Permiso de trabajo Canad\u00e1 es uno de los mejores lugares para trabajar y vivir, ya que es conocido por su ambiente agradable, paisajes pintorescos y sociedad multicultural.\u00a0Ofrecemos una manera f\u00e1cil y sin complicaciones de encontrar posibles empleadores y trabajar para obtener un permiso de trabajo.\u00a0Con nosotros, puede obtener servicios personalizados para sus necesidades espec\u00edficas, Nexus [&hellip;]<\/p>\n","protected":false},"author":9,"featured_media":0,"parent":0,"menu_order":0,"comment_status":"closed","ping_status":"closed","template":"","meta":{"footnotes":""},"class_list":["post-5837","page","type-page","status-publish","hentry"],"_links":{"self":[{"href":"https:\/\/nexusvisa.ca\/es\/wp-json\/wp\/v2\/pages\/5837","targetHints":{"allow":["GET"]}}],"collection":[{"href":"https:\/\/nexusvisa.ca\/es\/wp-json\/wp\/v2\/pages"}],"about":[{"href":"https:\/\/nexusvisa.ca\/es\/wp-json\/wp\/v2\/types\/page"}],"author":[{"embeddable":true,"href":"https:\/\/nexusvisa.ca\/es\/wp-json\/wp\/v2\/users\/9"}],"replies":[{"embeddable":true,"href":"https:\/\/nexusvisa.ca\/es\/wp-json\/wp\/v2\/comments?post=5837"}],"version-history":[{"count":25,"href":"https:\/\/nexusvisa.ca\/es\/wp-json\/wp\/v2\/pages\/5837\/revisions"}],"predecessor-version":[{"id":12947,"href":"https:\/\/nexusvisa.ca\/es\/wp-json\/wp\/v2\/pages\/5837\/revisions\/12947"}],"wp:attachment":[{"href":"https:\/\/nexusvisa.ca\/es\/wp-json\/wp\/v2\/media?parent=5837"}],"curies":[{"name":"wp","href":"https:\/\/api.w.org\/{rel}","templated":true}]}}