{"id":5812,"date":"2023-01-27T10:58:29","date_gmt":"2023-01-27T17:58:29","guid":{"rendered":"http:\/\/nexusvisa.com\/programas-de-viajero-de-confianza\/"},"modified":"2023-05-18T15:56:25","modified_gmt":"2023-05-18T21:56:25","slug":"programas-de-viajero-de-confianza","status":"publish","type":"page","link":"https:\/\/nexusvisa.ca\/es\/programas-de-viajero-de-confianza\/","title":{"rendered":"Programas de viajero de confianza"},"content":{"rendered":"\t\t<div data-elementor-type=\"wp-page\" data-elementor-id=\"5812\" class=\"elementor elementor-5812 elementor-2638\">\n\t\t\t\t\t\t<section class=\"elementor-section elementor-top-section elementor-element elementor-element-63d30d3 elementor-section-boxed elementor-section-height-default elementor-section-height-default\" data-id=\"63d30d3\" data-element_type=\"section\" data-e-type=\"section\">\n\t\t\t\t\t\t<div class=\"elementor-container elementor-column-gap-default\">\n\t\t\t\t\t<div class=\"elementor-column elementor-col-100 elementor-top-column elementor-element elementor-element-bdf1324\" data-id=\"bdf1324\" data-element_type=\"column\" data-e-type=\"column\">\n\t\t\t<div class=\"elementor-widget-wrap elementor-element-populated\">\n\t\t\t\t\t\t<div class=\"elementor-element elementor-element-e084f93 animated-slow elementor-invisible elementor-widget elementor-widget-heading\" data-id=\"e084f93\" data-element_type=\"widget\" data-e-type=\"widget\" data-settings=\"{&quot;_animation&quot;:&quot;fadeIn&quot;}\" data-widget_type=\"heading.default\">\n\t\t\t\t<div class=\"elementor-widget-container\">\n\t\t\t\t\t<h1 class=\"elementor-heading-title elementor-size-default\">Programas de viajero de confianza<\/h1>\t\t\t\t<\/div>\n\t\t\t\t<\/div>\n\t\t\t\t\t<\/div>\n\t\t<\/div>\n\t\t\t\t\t<\/div>\n\t\t<\/section>\n\t\t\t\t<section class=\"elementor-section elementor-top-section elementor-element elementor-element-17d0e52 elementor-section-boxed elementor-section-height-default elementor-section-height-default\" data-id=\"17d0e52\" data-element_type=\"section\" data-e-type=\"section\">\n\t\t\t\t\t\t<div class=\"elementor-container elementor-column-gap-default\">\n\t\t\t\t\t<div class=\"elementor-column elementor-col-50 elementor-top-column elementor-element elementor-element-135bb1c\" data-id=\"135bb1c\" data-element_type=\"column\" data-e-type=\"column\">\n\t\t\t<div class=\"elementor-widget-wrap elementor-element-populated\">\n\t\t\t\t\t\t<div class=\"elementor-element elementor-element-56243a0 elementor-invisible elementor-widget elementor-widget-image\" data-id=\"56243a0\" data-element_type=\"widget\" data-e-type=\"widget\" data-settings=\"{&quot;_animation&quot;:&quot;fadeInLeft&quot;,&quot;_animation_delay&quot;:500}\" data-widget_type=\"image.default\">\n\t\t\t\t<div class=\"elementor-widget-container\">\n\t\t\t\t\t\t\t\t\t\t\t\t\t\t\t<img fetchpriority=\"high\" decoding=\"async\" width=\"768\" height=\"513\" src=\"https:\/\/nexusvisa.ca\/wp-content\/uploads\/2023\/01\/travellers-planning-a-trip-on-a-map-2022-12-15-23-08-12-utc-768x513.jpg\" class=\"attachment-medium_large size-medium_large wp-image-5234\" alt=\"\" srcset=\"https:\/\/nexusvisa.ca\/wp-content\/uploads\/2023\/01\/travellers-planning-a-trip-on-a-map-2022-12-15-23-08-12-utc-768x513.jpg 768w, https:\/\/nexusvisa.ca\/wp-content\/uploads\/2023\/01\/travellers-planning-a-trip-on-a-map-2022-12-15-23-08-12-utc-600x401.jpg 600w, https:\/\/nexusvisa.ca\/wp-content\/uploads\/2023\/01\/travellers-planning-a-trip-on-a-map-2022-12-15-23-08-12-utc-1024x684.jpg 1024w, https:\/\/nexusvisa.ca\/wp-content\/uploads\/2023\/01\/travellers-planning-a-trip-on-a-map-2022-12-15-23-08-12-utc.jpg 1200w\" sizes=\"(max-width: 768px) 100vw, 768px\" \/>\t\t\t\t\t\t\t\t\t\t\t\t\t\t\t<\/div>\n\t\t\t\t<\/div>\n\t\t\t\t\t<\/div>\n\t\t<\/div>\n\t\t\t\t<div class=\"elementor-column elementor-col-50 elementor-top-column elementor-element elementor-element-b48ad3b\" data-id=\"b48ad3b\" data-element_type=\"column\" data-e-type=\"column\">\n\t\t\t<div class=\"elementor-widget-wrap elementor-element-populated\">\n\t\t\t\t\t\t<div class=\"elementor-element elementor-element-ddcb3c2 animated-slow elementor-invisible elementor-widget elementor-widget-text-editor\" data-id=\"ddcb3c2\" data-element_type=\"widget\" data-e-type=\"widget\" data-settings=\"{&quot;_animation&quot;:&quot;fadeIn&quot;,&quot;_animation_delay&quot;:500}\" data-widget_type=\"text-editor.default\">\n\t\t\t\t<div class=\"elementor-widget-container\">\n\t\t\t\t\t\t\t\t\t<p>Los programas viajero de confianza (TTP) brindan una evaluaci\u00f3n modificada para los miembros pre-aprobados.\u00a0Los programas mejoran la seguridad al ser m\u00e1s eficientes durante los controles y facilitan el comercio y los viajes leg\u00edtimos en los puertos de entrada.\u00a0Permiten a los miembros utilizar carriles acelerados en los aeropuertos de EE. UU. y al cruzar fronteras internacionales.\u00a0Estos hacen que la experiencia de viaje de las personas sea m\u00e1s f\u00e1cil y \u00e1gil. Ofrecemos tres tipos de servicios:<\/p><ol><li>Tarjeta R\u00c1PIDO<\/li><li>Tarjeta NEXO<\/li><li>Entrada global<\/li><\/ol>\t\t\t\t\t\t\t\t<\/div>\n\t\t\t\t<\/div>\n\t\t\t\t\t<\/div>\n\t\t<\/div>\n\t\t\t\t\t<\/div>\n\t\t<\/section>\n\t\t\t\t<section class=\"elementor-section elementor-top-section elementor-element elementor-element-990da46 animated-slow elementor-section-boxed elementor-section-height-default elementor-section-height-default elementor-invisible\" data-id=\"990da46\" data-element_type=\"section\" data-e-type=\"section\" data-settings=\"{&quot;animation&quot;:&quot;fadeIn&quot;,&quot;animation_delay&quot;:500}\">\n\t\t\t\t\t\t<div class=\"elementor-container elementor-column-gap-default\">\n\t\t\t\t\t<div class=\"elementor-column elementor-col-100 elementor-top-column elementor-element elementor-element-57394e6\" data-id=\"57394e6\" data-element_type=\"column\" data-e-type=\"column\">\n\t\t\t<div class=\"elementor-widget-wrap elementor-element-populated\">\n\t\t\t\t\t\t<div class=\"elementor-element elementor-element-75a3dbc elementor-widget elementor-widget-accordion\" data-id=\"75a3dbc\" data-element_type=\"widget\" data-e-type=\"widget\" data-widget_type=\"accordion.default\">\n\t\t\t\t<div class=\"elementor-widget-container\">\n\t\t\t\t\t\t\t<div class=\"elementor-accordion\">\n\t\t\t\t\t\t\t<div class=\"elementor-accordion-item\">\n\t\t\t\t\t<div id=\"elementor-tab-title-1231\" class=\"elementor-tab-title\" data-tab=\"1\" role=\"button\" aria-controls=\"elementor-tab-content-1231\" aria-expanded=\"false\">\n\t\t\t\t\t\t\t\t\t\t\t\t\t<span class=\"elementor-accordion-icon elementor-accordion-icon-left\" aria-hidden=\"true\">\n\t\t\t\t\t\t\t\t\t\t\t\t\t\t\t<span class=\"elementor-accordion-icon-closed\"><i class=\"fas fa-plus\"><\/i><\/span>\n\t\t\t\t\t\t\t\t<span class=\"elementor-accordion-icon-opened\"><i class=\"fas fa-minus\"><\/i><\/span>\n\t\t\t\t\t\t\t\t\t\t\t\t\t\t<\/span>\n\t\t\t\t\t\t\t\t\t\t\t\t<a class=\"elementor-accordion-title\" tabindex=\"0\">Tarjeta R\u00c1PIDO<\/a>\n\t\t\t\t\t<\/div>\n\t\t\t\t\t<div id=\"elementor-tab-content-1231\" class=\"elementor-tab-content elementor-clearfix\" data-tab=\"1\" role=\"region\" aria-labelledby=\"elementor-tab-title-1231\"><p>1. \u00bfQu\u00e9 es la tarjeta R\u00c1PIDO?<\/p><p>R\u00c1PIDO = Comercio Libre y Seguro<\/p><p>La tarjeta R\u00c1PIDO brinda el beneficio de un acceso r\u00e1pido al cruce de fronteras.\u00a0Todos los veh\u00edculos comerciales, operadores de motor, transportistas, comerciantes, almacenes intermedios, remitentes y destinatarios deben cumplir con R\u00c1PIDO para aprovechar la ventaja de acceder al carril R\u00c1PIDO en los puntos de cruce fronterizo de Canad\u00e1\/EE. UU. y EE. UU.\/M\u00e9xico.<\/p><p>2. Tipos de R\u00c1PIDO<\/p><ul><li>R\u00c1PIDO Norte \u2013 Frontera entre Canad\u00e1 y EE. UU.<\/li><li>R\u00c1PIDO Sur \u2013 Frontera entre USA y M\u00e9xico<\/li><\/ul><p><strong>Cobertura y compatibilidad:<\/strong><\/p><p>R\u00c1PIDO Norte brinda todos los beneficios al ingresar a los EE. UU. en ambas fronteras. Si se aprueba a una persona para R\u00c1PIDO Norte, no es necesario que solicite R\u00c1PIDO Sur. Sin embargo, si se aprueba a un solicitante para R\u00c1PIDO Sur dicha persona debe solicitar R\u00c1PIDO Norte para aprovechar el acceso al carril R\u00c1PIDO en la frontera norte de los EE. UU.<\/p><p>3. Elegibilidad<\/p><ul><li>Ciudadanos Estadounidenses<\/li><li>Residentes Permanentes legales de EE. UU.<\/li><li>Ciudadanos Canadienses<\/li><li>Residentes Permanentes Canadienses<\/li><li>Ciudadanos Mexicanos<\/li><\/ul><p>Debe tener 18 a\u00f1os de edad o m\u00e1s y poseer una licencia de conducir v\u00e1lida<\/p><\/div>\n\t\t\t\t<\/div>\n\t\t\t\t\t\t\t<div class=\"elementor-accordion-item\">\n\t\t\t\t\t<div id=\"elementor-tab-title-1232\" class=\"elementor-tab-title\" data-tab=\"2\" role=\"button\" aria-controls=\"elementor-tab-content-1232\" aria-expanded=\"false\">\n\t\t\t\t\t\t\t\t\t\t\t\t\t<span class=\"elementor-accordion-icon elementor-accordion-icon-left\" aria-hidden=\"true\">\n\t\t\t\t\t\t\t\t\t\t\t\t\t\t\t<span class=\"elementor-accordion-icon-closed\"><i class=\"fas fa-plus\"><\/i><\/span>\n\t\t\t\t\t\t\t\t<span class=\"elementor-accordion-icon-opened\"><i class=\"fas fa-minus\"><\/i><\/span>\n\t\t\t\t\t\t\t\t\t\t\t\t\t\t<\/span>\n\t\t\t\t\t\t\t\t\t\t\t\t<a class=\"elementor-accordion-title\" tabindex=\"0\">Tarjeta NEXO<\/a>\n\t\t\t\t\t<\/div>\n\t\t\t\t\t<div id=\"elementor-tab-content-1232\" class=\"elementor-tab-content elementor-clearfix\" data-tab=\"2\" role=\"region\" aria-labelledby=\"elementor-tab-title-1232\"><ol><li>\u00bfQu\u00e9 es la TARJETA NEXO?<\/li><\/ol><p>TARJETA NEXO est\u00e1 dise\u00f1ada para acelerar los cruces fronterizos hacia Canad\u00e1 y los Estados Unidos (EE. UU.) para viajeros de bajo riesgo con aprobaci\u00f3n previa.\u00a0Es administrado conjuntamente por la Agencia de Servicios Fronterizos de Canad\u00e1 (CBSA) y la Oficina de Aduanas y Protecci\u00f3n Fronteriza de los Estados Unidos (CBP).\u00a0Cuando tiene una tarjeta de membres\u00eda NEXO, puede beneficiarse del procesamiento acelerado a trav\u00e9s de carriles exclusivos en aeropuertos designados, fronteras terrestres o lugares de informes mar\u00edtimos.<\/p><p>2. Elegibilidad<\/p><ul><li>Ciudadanos Estadounidenses<\/li><li>Residentes permanetes legales de los Estados Unidos<\/li><li>Ciudadanos Canadienses<\/li><li>Residentes Permanentes Canadienses<\/li><li>Ciudadanos Mexicanos que son miembros del\u00a0<em>Programa Viajero Confiable<\/em>\u00a0(Trusted Traveler Program)<\/li><\/ul><p>Si es menor de 18 a\u00f1os, debe tener el consentimiento de sus padres o tutores legales para participar en el programa<\/p><\/div>\n\t\t\t\t<\/div>\n\t\t\t\t\t\t\t<div class=\"elementor-accordion-item\">\n\t\t\t\t\t<div id=\"elementor-tab-title-1233\" class=\"elementor-tab-title\" data-tab=\"3\" role=\"button\" aria-controls=\"elementor-tab-content-1233\" aria-expanded=\"false\">\n\t\t\t\t\t\t\t\t\t\t\t\t\t<span class=\"elementor-accordion-icon elementor-accordion-icon-left\" aria-hidden=\"true\">\n\t\t\t\t\t\t\t\t\t\t\t\t\t\t\t<span class=\"elementor-accordion-icon-closed\"><i class=\"fas fa-plus\"><\/i><\/span>\n\t\t\t\t\t\t\t\t<span class=\"elementor-accordion-icon-opened\"><i class=\"fas fa-minus\"><\/i><\/span>\n\t\t\t\t\t\t\t\t\t\t\t\t\t\t<\/span>\n\t\t\t\t\t\t\t\t\t\t\t\t<a class=\"elementor-accordion-title\" tabindex=\"0\">Entrada global<\/a>\n\t\t\t\t\t<\/div>\n\t\t\t\t\t<div id=\"elementor-tab-content-1233\" class=\"elementor-tab-content elementor-clearfix\" data-tab=\"3\" role=\"region\" aria-labelledby=\"elementor-tab-title-1233\"><ol><li>\u00bfQu\u00e9 es la ENTRADA GLOBAL?<\/li><\/ol><p>Entrada Global es un programa de\u00a0<em>Protecci\u00f3n<\/em>\u00a0Fronteriza y Aduanas (CBP, por sus siglas en ingl\u00e9s) de EE. UU. que permite la autorizaci\u00f3n acelerada para viajeros de bajo riesgo pre-aprobados al llegar a los Estados Unidos.\u00a0Los miembros ingresan a los Estados Unidos a trav\u00e9s de quioscos autom\u00e1ticos en aeropuertos seleccionados.<\/p><p>2. Elegibilidad<\/p><ul><li style=\"list-style-type: none;\"><ul><li>Ciudadanos de Estados Unidos<\/li><li>Residentes permanentes legales de EE. UU.<\/li><li>Los ciudadanos de los siguientes pa\u00edses son elegibles para ser miembro de Entrada Global:<br \/><ul><li>Ciudadanos \u00a0de Argentina<\/li><li>Ciudadanos de Brasil<\/li><li>Ciudadanos de Bar\u00e9in<\/li><li>Ciudadanos de la India<\/li><li>Ciudadanos de Colombia<\/li><li>Ciudadanos del Reino Unido<\/li><li>Ciudadanos de Alemania<\/li><li>Ciudadanos de los Pa\u00edses Bajos<\/li><li>Ciudadanos de Panam\u00e1<\/li><li>Ciudadanos de Singapur<\/li><li>Ciudadanos de Corea del Sur<\/li><li>Ciudadanos de Suiza<\/li><li>Ciudadanos de Taiw\u00e1n<\/li><li>Ciudadanos de M\u00e9xico<\/li><\/ul><\/li><\/ul><\/li><\/ul><p>Si es menor de 18 a\u00f1os, debe contar con el consentimiento de sus padres o tutores legales para participar en el programa.<\/p><p>Le brindamos todo tipo de servicios para satisfacer sus necesidades, desde la <em><strong>acomodaci\u00f3n<\/strong><\/em> a largo o corto plazo, para mejorar su accesibilidad dentro y fuera de los EE. UU.<\/p><\/div>\n\t\t\t\t<\/div>\n\t\t\t\t\t\t\t\t<\/div>\n\t\t\t\t\t\t<\/div>\n\t\t\t\t<\/div>\n\t\t\t\t\t<\/div>\n\t\t<\/div>\n\t\t\t\t\t<\/div>\n\t\t<\/section>\n\t\t\t\t<\/div>\n\t\t","protected":false},"excerpt":{"rendered":"<p>Programas de viajero de confianza Los programas viajero de confianza (TTP) brindan una evaluaci\u00f3n modificada para los miembros pre-aprobados.\u00a0Los programas mejoran la seguridad al ser m\u00e1s eficientes durante los controles y facilitan el comercio y los viajes leg\u00edtimos en los puertos de entrada.\u00a0Permiten a los miembros utilizar carriles acelerados en los aeropuertos de EE. UU. [&hellip;]<\/p>\n","protected":false},"author":9,"featured_media":0,"parent":0,"menu_order":0,"comment_status":"closed","ping_status":"closed","template":"","meta":{"footnotes":""},"class_list":["post-5812","page","type-page","status-publish","hentry"],"_links":{"self":[{"href":"https:\/\/nexusvisa.ca\/es\/wp-json\/wp\/v2\/pages\/5812","targetHints":{"allow":["GET"]}}],"collection":[{"href":"https:\/\/nexusvisa.ca\/es\/wp-json\/wp\/v2\/pages"}],"about":[{"href":"https:\/\/nexusvisa.ca\/es\/wp-json\/wp\/v2\/types\/page"}],"author":[{"embeddable":true,"href":"https:\/\/nexusvisa.ca\/es\/wp-json\/wp\/v2\/users\/9"}],"replies":[{"embeddable":true,"href":"https:\/\/nexusvisa.ca\/es\/wp-json\/wp\/v2\/comments?post=5812"}],"version-history":[{"count":25,"href":"https:\/\/nexusvisa.ca\/es\/wp-json\/wp\/v2\/pages\/5812\/revisions"}],"predecessor-version":[{"id":12970,"href":"https:\/\/nexusvisa.ca\/es\/wp-json\/wp\/v2\/pages\/5812\/revisions\/12970"}],"wp:attachment":[{"href":"https:\/\/nexusvisa.ca\/es\/wp-json\/wp\/v2\/media?parent=5812"}],"curies":[{"name":"wp","href":"https:\/\/api.w.org\/{rel}","templated":true}]}}