{"id":5781,"date":"2023-01-31T14:54:28","date_gmt":"2023-01-31T21:54:28","guid":{"rendered":"http:\/\/nexusvisa.com\/descargo-de-responsabilidad\/"},"modified":"2023-03-29T15:33:21","modified_gmt":"2023-03-29T21:33:21","slug":"descargo-de-responsabilidad","status":"publish","type":"page","link":"https:\/\/nexusvisa.ca\/es\/descargo-de-responsabilidad\/","title":{"rendered":"Descargo De Responsabilidad"},"content":{"rendered":"\t\t<div data-elementor-type=\"wp-page\" data-elementor-id=\"5781\" class=\"elementor elementor-5781 elementor-2749\">\n\t\t\t\t\t\t<section class=\"elementor-section elementor-top-section elementor-element elementor-element-d2e889d elementor-section-boxed elementor-section-height-default elementor-section-height-default\" data-id=\"d2e889d\" data-element_type=\"section\" data-e-type=\"section\">\n\t\t\t\t\t\t<div class=\"elementor-container elementor-column-gap-default\">\n\t\t\t\t\t<div class=\"elementor-column elementor-col-100 elementor-top-column elementor-element elementor-element-d2e0b90\" data-id=\"d2e0b90\" data-element_type=\"column\" data-e-type=\"column\">\n\t\t\t<div class=\"elementor-widget-wrap elementor-element-populated\">\n\t\t\t\t\t\t<div class=\"elementor-element elementor-element-06f3ba0 animated-slow elementor-invisible elementor-widget elementor-widget-heading\" data-id=\"06f3ba0\" data-element_type=\"widget\" data-e-type=\"widget\" data-settings=\"{&quot;_animation&quot;:&quot;fadeIn&quot;}\" data-widget_type=\"heading.default\">\n\t\t\t\t<div class=\"elementor-widget-container\">\n\t\t\t\t\t<h1 class=\"elementor-heading-title elementor-size-default\">Descargo De Responsabilidad<\/h1>\t\t\t\t<\/div>\n\t\t\t\t<\/div>\n\t\t\t\t\t<\/div>\n\t\t<\/div>\n\t\t\t\t\t<\/div>\n\t\t<\/section>\n\t\t\t\t<section class=\"elementor-section elementor-top-section elementor-element elementor-element-b9cae84 animated-slow elementor-section-boxed elementor-section-height-default elementor-section-height-default elementor-invisible\" data-id=\"b9cae84\" data-element_type=\"section\" data-e-type=\"section\" data-settings=\"{&quot;animation&quot;:&quot;fadeIn&quot;,&quot;animation_delay&quot;:300}\">\n\t\t\t\t\t\t<div class=\"elementor-container elementor-column-gap-default\">\n\t\t\t\t\t<div class=\"elementor-column elementor-col-100 elementor-top-column elementor-element elementor-element-43d76f6\" data-id=\"43d76f6\" data-element_type=\"column\" data-e-type=\"column\">\n\t\t\t<div class=\"elementor-widget-wrap elementor-element-populated\">\n\t\t\t\t\t\t<div class=\"elementor-element elementor-element-eafbcef elementor-widget elementor-widget-text-editor\" data-id=\"eafbcef\" data-element_type=\"widget\" data-e-type=\"widget\" data-widget_type=\"text-editor.default\">\n\t\t\t\t<div class=\"elementor-widget-container\">\n\t\t\t\t\t\t\t\t\t<p>La informaci\u00f3n proporcionada en este sitio web no representa asesoramiento real ni opini\u00f3n profesional de un consultor de inmigraci\u00f3n certificado por CSIC con respecto a cuestiones de inmigraci\u00f3n, ni representa asesoramiento legal real de un profesional legal calificado.<\/p>\n<p>El contenido del sitio web est\u00e1 abierto a la visualizaci\u00f3n general y se proporciona &#8220;tal cual&#8221;. El contenido y el material proporcionados en el sitio web son solo con fines informativos y su uso es completamente voluntario. Nexus Immigration &amp; Recruitment no es responsable ni responsable de la forma en que las informaciones y el contenido de este sitio web puedan ser obtenidos o utilizados, directa o indirectamente, por terceros externos fuera del conocimiento de Nexus Immigration &amp; Recruitment.<\/p>\n<p>El sitio web contiene enlaces a sitios web y contenido externo que no est\u00e1n respaldados, operados o mantenidos por Nexus Immigration &amp; Recruitment. Una vez vinculado a un sitio web externo, est\u00e1 sujeto a las pol\u00edticas de privacidad y descargos de responsabilidad de ese sitio web. Nexus Immigration &amp; Recruitment no es responsable ni responsable de la forma en que su informaci\u00f3n personal pueda ser adquirida o utilizada por partes y organizaciones externas.<\/p>\n\t\t\t\t\t\t\t\t<\/div>\n\t\t\t\t<\/div>\n\t\t\t\t\t<\/div>\n\t\t<\/div>\n\t\t\t\t\t<\/div>\n\t\t<\/section>\n\t\t\t\t<\/div>\n\t\t","protected":false},"excerpt":{"rendered":"<p>Descargo De Responsabilidad La informaci\u00f3n proporcionada en este sitio web no representa asesoramiento real ni opini\u00f3n profesional de un consultor de inmigraci\u00f3n certificado por CSIC con respecto a cuestiones de inmigraci\u00f3n, ni representa asesoramiento legal real de un profesional legal calificado. El contenido del sitio web est\u00e1 abierto a la visualizaci\u00f3n general y se proporciona [&hellip;]<\/p>\n","protected":false},"author":9,"featured_media":0,"parent":0,"menu_order":0,"comment_status":"closed","ping_status":"closed","template":"","meta":{"footnotes":""},"class_list":["post-5781","page","type-page","status-publish","hentry"],"_links":{"self":[{"href":"https:\/\/nexusvisa.ca\/es\/wp-json\/wp\/v2\/pages\/5781","targetHints":{"allow":["GET"]}}],"collection":[{"href":"https:\/\/nexusvisa.ca\/es\/wp-json\/wp\/v2\/pages"}],"about":[{"href":"https:\/\/nexusvisa.ca\/es\/wp-json\/wp\/v2\/types\/page"}],"author":[{"embeddable":true,"href":"https:\/\/nexusvisa.ca\/es\/wp-json\/wp\/v2\/users\/9"}],"replies":[{"embeddable":true,"href":"https:\/\/nexusvisa.ca\/es\/wp-json\/wp\/v2\/comments?post=5781"}],"version-history":[{"count":12,"href":"https:\/\/nexusvisa.ca\/es\/wp-json\/wp\/v2\/pages\/5781\/revisions"}],"predecessor-version":[{"id":11574,"href":"https:\/\/nexusvisa.ca\/es\/wp-json\/wp\/v2\/pages\/5781\/revisions\/11574"}],"wp:attachment":[{"href":"https:\/\/nexusvisa.ca\/es\/wp-json\/wp\/v2\/media?parent=5781"}],"curies":[{"name":"wp","href":"https:\/\/api.w.org\/{rel}","templated":true}]}}