{"id":5738,"date":"2023-01-25T18:08:05","date_gmt":"2023-01-26T01:08:05","guid":{"rendered":"http:\/\/nexusvisa.com\/tarjeta-verde-estadounidense\/"},"modified":"2023-05-16T16:39:27","modified_gmt":"2023-05-16T22:39:27","slug":"tarjeta-verde-de-ee-uu","status":"publish","type":"page","link":"https:\/\/nexusvisa.ca\/es\/tarjeta-verde-de-ee-uu\/","title":{"rendered":"Tarjeta verde de EE. UU."},"content":{"rendered":"\t\t<div data-elementor-type=\"wp-page\" data-elementor-id=\"5738\" class=\"elementor elementor-5738 elementor-2508\">\n\t\t\t\t\t\t<section class=\"elementor-section elementor-top-section elementor-element elementor-element-e60e9fe elementor-section-boxed elementor-section-height-default elementor-section-height-default\" data-id=\"e60e9fe\" data-element_type=\"section\" data-e-type=\"section\">\n\t\t\t\t\t\t<div class=\"elementor-container elementor-column-gap-default\">\n\t\t\t\t\t<div class=\"elementor-column elementor-col-100 elementor-top-column elementor-element elementor-element-3d0a348\" data-id=\"3d0a348\" data-element_type=\"column\" data-e-type=\"column\">\n\t\t\t<div class=\"elementor-widget-wrap elementor-element-populated\">\n\t\t\t\t\t\t<div class=\"elementor-element elementor-element-6aefdce animated-slow elementor-invisible elementor-widget elementor-widget-heading\" data-id=\"6aefdce\" data-element_type=\"widget\" data-e-type=\"widget\" data-settings=\"{&quot;_animation&quot;:&quot;fadeIn&quot;}\" data-widget_type=\"heading.default\">\n\t\t\t\t<div class=\"elementor-widget-container\">\n\t\t\t\t\t<h1 class=\"elementor-heading-title elementor-size-default\">Tarjeta verde de EE. UU.<\/h1>\t\t\t\t<\/div>\n\t\t\t\t<\/div>\n\t\t\t\t\t<\/div>\n\t\t<\/div>\n\t\t\t\t\t<\/div>\n\t\t<\/section>\n\t\t\t\t<section class=\"elementor-section elementor-top-section elementor-element elementor-element-9722ee5 elementor-section-boxed elementor-section-height-default elementor-section-height-default\" data-id=\"9722ee5\" data-element_type=\"section\" data-e-type=\"section\">\n\t\t\t\t\t\t<div class=\"elementor-container elementor-column-gap-default\">\n\t\t\t\t\t<div class=\"elementor-column elementor-col-50 elementor-top-column elementor-element elementor-element-12bb6fd\" data-id=\"12bb6fd\" data-element_type=\"column\" data-e-type=\"column\">\n\t\t\t<div class=\"elementor-widget-wrap elementor-element-populated\">\n\t\t\t\t\t\t<div class=\"elementor-element elementor-element-635501b elementor-invisible elementor-widget elementor-widget-image\" data-id=\"635501b\" data-element_type=\"widget\" data-e-type=\"widget\" data-settings=\"{&quot;_animation&quot;:&quot;fadeInLeft&quot;,&quot;_animation_delay&quot;:500}\" data-widget_type=\"image.default\">\n\t\t\t\t<div class=\"elementor-widget-container\">\n\t\t\t\t\t\t\t\t\t\t\t\t\t\t\t<img fetchpriority=\"high\" decoding=\"async\" width=\"768\" height=\"512\" src=\"https:\/\/nexusvisa.ca\/wp-content\/uploads\/2023\/01\/american-green-card-2022-10-19-22-38-41-utc-768x512.jpg\" class=\"attachment-medium_large size-medium_large wp-image-4834\" alt=\"\" srcset=\"https:\/\/nexusvisa.ca\/wp-content\/uploads\/2023\/01\/american-green-card-2022-10-19-22-38-41-utc-768x512.jpg 768w, https:\/\/nexusvisa.ca\/wp-content\/uploads\/2023\/01\/american-green-card-2022-10-19-22-38-41-utc-600x400.jpg 600w, https:\/\/nexusvisa.ca\/wp-content\/uploads\/2023\/01\/american-green-card-2022-10-19-22-38-41-utc-1024x683.jpg 1024w, https:\/\/nexusvisa.ca\/wp-content\/uploads\/2023\/01\/american-green-card-2022-10-19-22-38-41-utc.jpg 1800w\" sizes=\"(max-width: 768px) 100vw, 768px\" \/>\t\t\t\t\t\t\t\t\t\t\t\t\t\t\t<\/div>\n\t\t\t\t<\/div>\n\t\t\t\t\t<\/div>\n\t\t<\/div>\n\t\t\t\t<div class=\"elementor-column elementor-col-50 elementor-top-column elementor-element elementor-element-409a626\" data-id=\"409a626\" data-element_type=\"column\" data-e-type=\"column\">\n\t\t\t<div class=\"elementor-widget-wrap elementor-element-populated\">\n\t\t\t\t\t\t<div class=\"elementor-element elementor-element-41a904b animated-slow elementor-invisible elementor-widget elementor-widget-text-editor\" data-id=\"41a904b\" data-element_type=\"widget\" data-e-type=\"widget\" data-settings=\"{&quot;_animation&quot;:&quot;fadeIn&quot;,&quot;_animation_delay&quot;:500}\" data-widget_type=\"text-editor.default\">\n\t\t\t\t<div class=\"elementor-widget-container\">\n\t\t\t\t\t\t\t\t\t<p>La tarjeta verde es un trampol\u00edn importante para que muchos ciudadanos no estadounidenses construyan un futuro brillante en los Estados Unidos.\u00a0Tiene varias ventajas, como poder vivir, trabajar y estudiar legalmente en todo Estados Unidos.\u00a0Ser titular de la tarjeta verde tambi\u00e9n proporciona un camino hacia la ciudadan\u00eda estadounidense despu\u00e9s de 3 a 5 a\u00f1os de residencia.<\/p>\t\t\t\t\t\t\t\t<\/div>\n\t\t\t\t<\/div>\n\t\t\t\t<div class=\"elementor-element elementor-element-ee9b02c animated-slow elementor-invisible elementor-widget elementor-widget-accordion\" data-id=\"ee9b02c\" data-element_type=\"widget\" data-e-type=\"widget\" data-settings=\"{&quot;_animation&quot;:&quot;fadeIn&quot;,&quot;_animation_delay&quot;:500}\" data-widget_type=\"accordion.default\">\n\t\t\t\t<div class=\"elementor-widget-container\">\n\t\t\t\t\t\t\t<div class=\"elementor-accordion\">\n\t\t\t\t\t\t\t<div class=\"elementor-accordion-item\">\n\t\t\t\t\t<div id=\"elementor-tab-title-2501\" class=\"elementor-tab-title\" data-tab=\"1\" role=\"button\" aria-controls=\"elementor-tab-content-2501\" aria-expanded=\"false\">\n\t\t\t\t\t\t\t\t\t\t\t\t\t<span class=\"elementor-accordion-icon elementor-accordion-icon-left\" aria-hidden=\"true\">\n\t\t\t\t\t\t\t\t\t\t\t\t\t\t\t<span class=\"elementor-accordion-icon-closed\"><i class=\"fas fa-plus\"><\/i><\/span>\n\t\t\t\t\t\t\t\t<span class=\"elementor-accordion-icon-opened\"><i class=\"fas fa-minus\"><\/i><\/span>\n\t\t\t\t\t\t\t\t\t\t\t\t\t\t<\/span>\n\t\t\t\t\t\t\t\t\t\t\t\t<a class=\"elementor-accordion-title\" tabindex=\"0\">Tarjetas verdes basadas en la familia<\/a>\n\t\t\t\t\t<\/div>\n\t\t\t\t\t<div id=\"elementor-tab-content-2501\" class=\"elementor-tab-content elementor-clearfix\" data-tab=\"1\" role=\"region\" aria-labelledby=\"elementor-tab-title-2501\"><p>A trav\u00e9s del patrocinio familiar, las familias que se encuentran separadas por la distancia u otras circunstancias pueden reunirse.\u00a0Este programa ofrece a los ciudadanos estadounidenses la oportunidad de presentar una petici\u00f3n para sus c\u00f3nyuges, hijos, padres, abuelos y, a veces, hermanos.\u00a0El apadrinamiento familiar es una excelente manera para que las familias se reencuentren y fortalezcan los lazos de amor y confianza que las unen.<\/p><\/div>\n\t\t\t\t<\/div>\n\t\t\t\t\t\t\t<div class=\"elementor-accordion-item\">\n\t\t\t\t\t<div id=\"elementor-tab-title-2502\" class=\"elementor-tab-title\" data-tab=\"2\" role=\"button\" aria-controls=\"elementor-tab-content-2502\" aria-expanded=\"false\">\n\t\t\t\t\t\t\t\t\t\t\t\t\t<span class=\"elementor-accordion-icon elementor-accordion-icon-left\" aria-hidden=\"true\">\n\t\t\t\t\t\t\t\t\t\t\t\t\t\t\t<span class=\"elementor-accordion-icon-closed\"><i class=\"fas fa-plus\"><\/i><\/span>\n\t\t\t\t\t\t\t\t<span class=\"elementor-accordion-icon-opened\"><i class=\"fas fa-minus\"><\/i><\/span>\n\t\t\t\t\t\t\t\t\t\t\t\t\t\t<\/span>\n\t\t\t\t\t\t\t\t\t\t\t\t<a class=\"elementor-accordion-title\" tabindex=\"0\">Tarjetas verdes basadas en el empleo<\/a>\n\t\t\t\t\t<\/div>\n\t\t\t\t\t<div id=\"elementor-tab-content-2502\" class=\"elementor-tab-content elementor-clearfix\" data-tab=\"2\" role=\"region\" aria-labelledby=\"elementor-tab-title-2502\"><p>Las tarjetas verdes basadas en el empleo son la mejor opci\u00f3n para cualquier persona que busque establecerse en los Estados Unidos en funci\u00f3n de su experiencia laboral y habilidades antes de emigrar.\u00a0Hay 5 categor\u00edas de tarjetas verdes basadas en el empleo que tambi\u00e9n se conocen como visas EB.\u00a0Estas categor\u00edas incluyen:<\/p><ol><li>Visa EB-1 para trabajadores prioritarios<\/li><li>Visa EB-2 para profesionales de grado avanzado<\/li><li>Visa EB-3 para trabajadores calificados y no calificados<\/li><li>Visa EB-4 para Inmigrantes Especiales<\/li><li>Visa EB-5 para Inversionistas<\/li><\/ol><\/div>\n\t\t\t\t<\/div>\n\t\t\t\t\t\t\t\t<\/div>\n\t\t\t\t\t\t<\/div>\n\t\t\t\t<\/div>\n\t\t\t\t\t<\/div>\n\t\t<\/div>\n\t\t\t\t\t<\/div>\n\t\t<\/section>\n\t\t\t\t<section class=\"elementor-section elementor-top-section elementor-element elementor-element-2a58d58 animated-slow elementor-section-boxed elementor-section-height-default elementor-section-height-default elementor-invisible\" data-id=\"2a58d58\" data-element_type=\"section\" data-e-type=\"section\" data-settings=\"{&quot;animation&quot;:&quot;fadeIn&quot;,&quot;animation_delay&quot;:500}\">\n\t\t\t\t\t\t<div class=\"elementor-container elementor-column-gap-default\">\n\t\t\t\t\t<div class=\"elementor-column elementor-col-100 elementor-top-column elementor-element elementor-element-9f947da\" data-id=\"9f947da\" data-element_type=\"column\" data-e-type=\"column\">\n\t\t\t<div class=\"elementor-widget-wrap elementor-element-populated\">\n\t\t\t\t\t\t<div class=\"elementor-element elementor-element-29f11d3 elementor-widget elementor-widget-text-editor\" data-id=\"29f11d3\" data-element_type=\"widget\" data-e-type=\"widget\" data-widget_type=\"text-editor.default\">\n\t\t\t\t<div class=\"elementor-widget-container\">\n\t\t\t\t\t\t\t\t\t<p><strong>\u00bfCu\u00e1les son las ventajas de la Tarjeta Verde?<\/strong><\/p><p>Ser propietario de una Tarjeta Verde de los EE. UU. otorga a su titular casi todos los derechos iguales a los de un ciudadano de los EE. UU.\u00a0\u00c9stas incluyen:<\/p><ul><li>Residencia ilimitada en USA<\/li><li>Permiso de trabajo ilimitado en USA<\/li><li>Entrada y salida ilimitadas y f\u00e1ciles, sin visa o ESTA<\/li><li>Exenci\u00f3n de visa al ingresar a los pa\u00edses miembros del TLCAN y TN<\/li><li>Elegibilidad para los beneficios de Medicare y otra asistencia del gobierno despu\u00e9s de 5 a\u00f1os como titular de la Tarjeta Verde<\/li><li>La solicitud de ciudadan\u00eda estadounidense es posible despu\u00e9s de 3 o 5 a\u00f1os como titular de la Tarjeta Verde<\/li><\/ul>\t\t\t\t\t\t\t\t<\/div>\n\t\t\t\t<\/div>\n\t\t\t\t\t<\/div>\n\t\t<\/div>\n\t\t\t\t\t<\/div>\n\t\t<\/section>\n\t\t\t\t<section class=\"elementor-section elementor-top-section elementor-element elementor-element-461ac91 elementor-section-boxed elementor-section-height-default elementor-section-height-default elementor-invisible\" data-id=\"461ac91\" data-element_type=\"section\" data-e-type=\"section\" data-settings=\"{&quot;animation&quot;:&quot;fadeIn&quot;}\">\n\t\t\t\t\t\t<div class=\"elementor-container elementor-column-gap-default\">\n\t\t\t\t\t<div class=\"elementor-column elementor-col-50 elementor-top-column elementor-element elementor-element-c2e8d32\" data-id=\"c2e8d32\" data-element_type=\"column\" data-e-type=\"column\">\n\t\t\t<div class=\"elementor-widget-wrap elementor-element-populated\">\n\t\t\t\t\t\t<div class=\"elementor-element elementor-element-70bd7be elementor-widget elementor-widget-image\" data-id=\"70bd7be\" data-element_type=\"widget\" data-e-type=\"widget\" data-widget_type=\"image.default\">\n\t\t\t\t<div class=\"elementor-widget-container\">\n\t\t\t\t\t\t\t\t\t\t\t\t\t\t\t<img decoding=\"async\" width=\"768\" height=\"512\" data-src=\"https:\/\/nexusvisa.ca\/wp-content\/uploads\/2023\/01\/grandparents-putting-coin-into-moneybox-economy-f-2022-02-04-00-38-05-utc-768x512.jpg\" class=\"attachment-medium_large size-medium_large wp-image-5229 lazyload\" alt=\"\" data-srcset=\"https:\/\/nexusvisa.ca\/wp-content\/uploads\/2023\/01\/grandparents-putting-coin-into-moneybox-economy-f-2022-02-04-00-38-05-utc-768x512.jpg 768w, https:\/\/nexusvisa.ca\/wp-content\/uploads\/2023\/01\/grandparents-putting-coin-into-moneybox-economy-f-2022-02-04-00-38-05-utc-600x400.jpg 600w, https:\/\/nexusvisa.ca\/wp-content\/uploads\/2023\/01\/grandparents-putting-coin-into-moneybox-economy-f-2022-02-04-00-38-05-utc-1024x683.jpg 1024w, https:\/\/nexusvisa.ca\/wp-content\/uploads\/2023\/01\/grandparents-putting-coin-into-moneybox-economy-f-2022-02-04-00-38-05-utc.jpg 1200w\" data-sizes=\"(max-width: 768px) 100vw, 768px\" src=\"data:image\/svg+xml;base64,PHN2ZyB3aWR0aD0iMSIgaGVpZ2h0PSIxIiB4bWxucz0iaHR0cDovL3d3dy53My5vcmcvMjAwMC9zdmciPjwvc3ZnPg==\" style=\"--smush-placeholder-width: 768px; --smush-placeholder-aspect-ratio: 768\/512;\" \/>\t\t\t\t\t\t\t\t\t\t\t\t\t\t\t<\/div>\n\t\t\t\t<\/div>\n\t\t\t\t\t<\/div>\n\t\t<\/div>\n\t\t\t\t<div class=\"elementor-column elementor-col-50 elementor-top-column elementor-element elementor-element-fff8ce9\" data-id=\"fff8ce9\" data-element_type=\"column\" data-e-type=\"column\">\n\t\t\t<div class=\"elementor-widget-wrap elementor-element-populated\">\n\t\t\t\t\t\t<div class=\"elementor-element elementor-element-b5764c7 elementor-widget elementor-widget-text-editor\" data-id=\"b5764c7\" data-element_type=\"widget\" data-e-type=\"widget\" data-widget_type=\"text-editor.default\">\n\t\t\t\t<div class=\"elementor-widget-container\">\n\t\t\t\t\t\t\t\t\t<p>Tener una Tarjeta Verde es un gran privilegio que abre numerosas v\u00edas de oportunidad. Si est\u00e1 interesado en seguir esta opci\u00f3n, cons\u00faltenos para obtener m\u00e1s informaci\u00f3n sobre c\u00f3mo ser patrocinado para una tarjeta verde a trav\u00e9s del matrimonio, el empleo, la familia o la inversi\u00f3n.<\/p>\t\t\t\t\t\t\t\t<\/div>\n\t\t\t\t<\/div>\n\t\t\t\t\t<\/div>\n\t\t<\/div>\n\t\t\t\t\t<\/div>\n\t\t<\/section>\n\t\t\t\t<\/div>\n\t\t","protected":false},"excerpt":{"rendered":"<p>Tarjeta verde de EE. UU. La tarjeta verde es un trampol\u00edn importante para que muchos ciudadanos no estadounidenses construyan un futuro brillante en los Estados Unidos.\u00a0Tiene varias ventajas, como poder vivir, trabajar y estudiar legalmente en todo Estados Unidos.\u00a0Ser titular de la tarjeta verde tambi\u00e9n proporciona un camino hacia la ciudadan\u00eda estadounidense despu\u00e9s de 3 [&hellip;]<\/p>\n","protected":false},"author":9,"featured_media":0,"parent":0,"menu_order":0,"comment_status":"closed","ping_status":"closed","template":"","meta":{"footnotes":""},"class_list":["post-5738","page","type-page","status-publish","hentry"],"_links":{"self":[{"href":"https:\/\/nexusvisa.ca\/es\/wp-json\/wp\/v2\/pages\/5738","targetHints":{"allow":["GET"]}}],"collection":[{"href":"https:\/\/nexusvisa.ca\/es\/wp-json\/wp\/v2\/pages"}],"about":[{"href":"https:\/\/nexusvisa.ca\/es\/wp-json\/wp\/v2\/types\/page"}],"author":[{"embeddable":true,"href":"https:\/\/nexusvisa.ca\/es\/wp-json\/wp\/v2\/users\/9"}],"replies":[{"embeddable":true,"href":"https:\/\/nexusvisa.ca\/es\/wp-json\/wp\/v2\/comments?post=5738"}],"version-history":[{"count":18,"href":"https:\/\/nexusvisa.ca\/es\/wp-json\/wp\/v2\/pages\/5738\/revisions"}],"predecessor-version":[{"id":12752,"href":"https:\/\/nexusvisa.ca\/es\/wp-json\/wp\/v2\/pages\/5738\/revisions\/12752"}],"wp:attachment":[{"href":"https:\/\/nexusvisa.ca\/es\/wp-json\/wp\/v2\/media?parent=5738"}],"curies":[{"name":"wp","href":"https:\/\/api.w.org\/{rel}","templated":true}]}}