{"id":5711,"date":"2023-01-24T14:16:35","date_gmt":"2023-01-24T21:16:35","guid":{"rendered":"http:\/\/nexusvisa.com\/liquidacion\/"},"modified":"2023-05-16T16:26:15","modified_gmt":"2023-05-16T22:26:15","slug":"establecimiento","status":"publish","type":"page","link":"https:\/\/nexusvisa.ca\/es\/establecimiento\/","title":{"rendered":"Establecimiento"},"content":{"rendered":"\t\t<div data-elementor-type=\"wp-page\" data-elementor-id=\"5711\" class=\"elementor elementor-5711 elementor-2361\">\n\t\t\t\t\t\t<section class=\"elementor-section elementor-top-section elementor-element elementor-element-c081c7e elementor-section-boxed elementor-section-height-default elementor-section-height-default\" data-id=\"c081c7e\" data-element_type=\"section\" data-e-type=\"section\">\n\t\t\t\t\t\t<div class=\"elementor-container elementor-column-gap-default\">\n\t\t\t\t\t<div class=\"elementor-column elementor-col-100 elementor-top-column elementor-element elementor-element-748aa5c\" data-id=\"748aa5c\" data-element_type=\"column\" data-e-type=\"column\">\n\t\t\t<div class=\"elementor-widget-wrap elementor-element-populated\">\n\t\t\t\t\t\t<div class=\"elementor-element elementor-element-bc733a4 animated-slow elementor-invisible elementor-widget elementor-widget-heading\" data-id=\"bc733a4\" data-element_type=\"widget\" data-e-type=\"widget\" data-settings=\"{&quot;_animation&quot;:&quot;fadeIn&quot;}\" data-widget_type=\"heading.default\">\n\t\t\t\t<div class=\"elementor-widget-container\">\n\t\t\t\t\t<h1 class=\"elementor-heading-title elementor-size-default\">Establecimiento<\/h1>\t\t\t\t<\/div>\n\t\t\t\t<\/div>\n\t\t\t\t\t<\/div>\n\t\t<\/div>\n\t\t\t\t\t<\/div>\n\t\t<\/section>\n\t\t\t\t<section class=\"elementor-section elementor-top-section elementor-element elementor-element-ecbb620 elementor-section-boxed elementor-section-height-default elementor-section-height-default\" data-id=\"ecbb620\" data-element_type=\"section\" data-e-type=\"section\">\n\t\t\t\t\t\t<div class=\"elementor-container elementor-column-gap-default\">\n\t\t\t\t\t<div class=\"elementor-column elementor-col-50 elementor-top-column elementor-element elementor-element-6ea49c0\" data-id=\"6ea49c0\" data-element_type=\"column\" data-e-type=\"column\">\n\t\t\t<div class=\"elementor-widget-wrap elementor-element-populated\">\n\t\t\t\t\t\t<div class=\"elementor-element elementor-element-ec9fa7f elementor-invisible elementor-widget elementor-widget-image\" data-id=\"ec9fa7f\" data-element_type=\"widget\" data-e-type=\"widget\" data-settings=\"{&quot;_animation&quot;:&quot;fadeInLeft&quot;,&quot;_animation_delay&quot;:&quot;500&quot;}\" data-widget_type=\"image.default\">\n\t\t\t\t<div class=\"elementor-widget-container\">\n\t\t\t\t\t\t\t\t\t\t\t\t\t\t\t<img fetchpriority=\"high\" decoding=\"async\" width=\"768\" height=\"432\" src=\"https:\/\/nexusvisa.ca\/wp-content\/uploads\/2023\/01\/happy-asian-young-family-relocation-removals-settl-2021-09-01-03-30-50-utc-768x432.jpg\" class=\"attachment-medium_large size-medium_large wp-image-4929\" alt=\"\" srcset=\"https:\/\/nexusvisa.ca\/wp-content\/uploads\/2023\/01\/happy-asian-young-family-relocation-removals-settl-2021-09-01-03-30-50-utc-768x432.jpg 768w, https:\/\/nexusvisa.ca\/wp-content\/uploads\/2023\/01\/happy-asian-young-family-relocation-removals-settl-2021-09-01-03-30-50-utc-600x338.jpg 600w, https:\/\/nexusvisa.ca\/wp-content\/uploads\/2023\/01\/happy-asian-young-family-relocation-removals-settl-2021-09-01-03-30-50-utc-1024x576.jpg 1024w, https:\/\/nexusvisa.ca\/wp-content\/uploads\/2023\/01\/happy-asian-young-family-relocation-removals-settl-2021-09-01-03-30-50-utc.jpg 1600w\" sizes=\"(max-width: 768px) 100vw, 768px\" \/>\t\t\t\t\t\t\t\t\t\t\t\t\t\t\t<\/div>\n\t\t\t\t<\/div>\n\t\t\t\t\t<\/div>\n\t\t<\/div>\n\t\t\t\t<div class=\"elementor-column elementor-col-50 elementor-top-column elementor-element elementor-element-f57f18f\" data-id=\"f57f18f\" data-element_type=\"column\" data-e-type=\"column\">\n\t\t\t<div class=\"elementor-widget-wrap elementor-element-populated\">\n\t\t\t\t\t\t<div class=\"elementor-element elementor-element-e2540cc animated-slow elementor-invisible elementor-widget elementor-widget-text-editor\" data-id=\"e2540cc\" data-element_type=\"widget\" data-e-type=\"widget\" data-settings=\"{&quot;_animation&quot;:&quot;fadeIn&quot;,&quot;_animation_delay&quot;:&quot;500&quot;}\" data-widget_type=\"text-editor.default\">\n\t\t\t\t<div class=\"elementor-widget-container\">\n\t\t\t\t\t\t\t\t\t<p>Comience su emocionante viaje en un nuevo pa\u00eds con nuestros servicios integrales de establecimiento, que brinda herramientas y recursos valiosos necesarios para hacer que la transici\u00f3n sea c\u00f3moda.\u00a0Desde cuestiones pr\u00e1cticas para establecerse hasta superar desaf\u00edos abrumadores, estamos aqu\u00ed para ayudarlo en cada paso de esta experiencia que le cambiar\u00e1 la vida.<\/p>\t\t\t\t\t\t\t\t<\/div>\n\t\t\t\t<\/div>\n\t\t\t\t\t<\/div>\n\t\t<\/div>\n\t\t\t\t\t<\/div>\n\t\t<\/section>\n\t\t\t\t<section class=\"elementor-section elementor-top-section elementor-element elementor-element-2db18cd animated-slow elementor-section-boxed elementor-section-height-default elementor-section-height-default elementor-invisible\" data-id=\"2db18cd\" data-element_type=\"section\" data-e-type=\"section\" data-settings=\"{&quot;animation&quot;:&quot;fadeIn&quot;,&quot;animation_delay&quot;:500}\">\n\t\t\t\t\t\t<div class=\"elementor-container elementor-column-gap-default\">\n\t\t\t\t\t<div class=\"elementor-column elementor-col-100 elementor-top-column elementor-element elementor-element-a155544\" data-id=\"a155544\" data-element_type=\"column\" data-e-type=\"column\">\n\t\t\t<div class=\"elementor-widget-wrap elementor-element-populated\">\n\t\t\t\t\t\t<div class=\"elementor-element elementor-element-444dbf0 elementor-widget elementor-widget-text-editor\" data-id=\"444dbf0\" data-element_type=\"widget\" data-e-type=\"widget\" data-widget_type=\"text-editor.default\">\n\t\t\t\t<div class=\"elementor-widget-container\">\n\t\t\t\t\t\t\t\t\t<p>Podemos ayudarle con:<\/p>\n\t\t\t\t\t\t\t\t<\/div>\n\t\t\t\t<\/div>\n\t\t\t\t<div class=\"elementor-element elementor-element-5ee98de elementor-widget elementor-widget-gva-content-carousel\" data-id=\"5ee98de\" data-element_type=\"widget\" data-e-type=\"widget\" data-widget_type=\"gva-content-carousel.default\">\n\t\t\t\t<div class=\"elementor-widget-container\">\n\t\t\t\t\t<div class=\"gva-element-gva-content-carousel gva-element\">\r\n<div class=\"gsc-content-carousel swiper-slider-wrapper\">\r\n   <div class=\"swiper-content-inner\">\r\n      <div class=\"init-carousel-swiper swiper\" data-carousel=\"{&quot;items&quot;:1,&quot;items_lg&quot;:1,&quot;items_md&quot;:1,&quot;items_sm&quot;:1,&quot;items_xs&quot;:1,&quot;items_xx&quot;:1,&quot;items_xxx&quot;:1,&quot;effect&quot;:&quot;slide&quot;,&quot;space_between&quot;:20,&quot;loop&quot;:1,&quot;speed&quot;:600,&quot;autoplay&quot;:1,&quot;autoplay_delay&quot;:4500,&quot;autoplay_hover&quot;:1,&quot;navigation&quot;:1,&quot;pagination&quot;:0,&quot;dynamic_bullets&quot;:0,&quot;pagination_type&quot;:&quot;bullets&quot;}\">\r\n         <div class=\"swiper-wrapper\">\r\n                           <div class=\"swiper-slide\">\r\n                  <div class=\"item-content\">\r\n                     <div class=\"item-content-inner\">\r\n                                                   <div class=\"box-image\">\r\n                              <div class=\"image-content\">\r\n                                 <img decoding=\"async\" data-src=\"https:\/\/nexusvisa.ca\/wp-content\/uploads\/2023\/01\/passenger-is-waiting-for-taxi-2021-08-26-22-38-51-utc.jpg\" alt=\"Servicios de recogida\" src=\"data:image\/svg+xml;base64,PHN2ZyB3aWR0aD0iMSIgaGVpZ2h0PSIxIiB4bWxucz0iaHR0cDovL3d3dy53My5vcmcvMjAwMC9zdmciPjwvc3ZnPg==\" class=\"lazyload\" style=\"--smush-placeholder-width: 1200px; --smush-placeholder-aspect-ratio: 1200\/800;\" \/>\r\n                              <\/div>\r\n                           <\/div>\r\n                                                <div class=\"box-content\">\r\n                           <div class=\"gsc-heading\">\r\n                                                            <h2 class=\"title\">Servicios de recogida<\/h2>   \r\n                              <div class=\"title-desc\">Organizamos los servicios de recogida y entrega en el aeropuerto para que su primer d\u00eda en Canad\u00e1 sea una experiencia agradable.<\/div>                              \r\n                           <\/div>\r\n                        <\/div>\r\n                     <\/div>   \r\n                  <\/div>\r\n               <\/div>\r\n                           <div class=\"swiper-slide\">\r\n                  <div class=\"item-content\">\r\n                     <div class=\"item-content-inner\">\r\n                                                   <div class=\"box-image\">\r\n                              <div class=\"image-content\">\r\n                                 <img decoding=\"async\" data-src=\"https:\/\/nexusvisa.ca\/wp-content\/uploads\/2023\/01\/apartment-professional-renovation-2022-02-02-03-59-18-utc.jpg\" alt=\"Alojamiento\" src=\"data:image\/svg+xml;base64,PHN2ZyB3aWR0aD0iMSIgaGVpZ2h0PSIxIiB4bWxucz0iaHR0cDovL3d3dy53My5vcmcvMjAwMC9zdmciPjwvc3ZnPg==\" class=\"lazyload\" style=\"--smush-placeholder-width: 1200px; --smush-placeholder-aspect-ratio: 1200\/800;\" \/>\r\n                              <\/div>\r\n                           <\/div>\r\n                                                <div class=\"box-content\">\r\n                           <div class=\"gsc-heading\">\r\n                                                            <h2 class=\"title\">Alojamiento<\/h2>   \r\n                              <div class=\"title-desc\">Desbloquea la llave de una nueva casa en Canad\u00e1 con nuestro equipo de agentes inmobiliarios con licencia, quienes ser\u00e1n tus guias para encontrar el alquiler o la compra adecuada que se ajuste perfectamente a sus necesidades.<\/div>                              \r\n                           <\/div>\r\n                        <\/div>\r\n                     <\/div>   \r\n                  <\/div>\r\n               <\/div>\r\n                           <div class=\"swiper-slide\">\r\n                  <div class=\"item-content\">\r\n                     <div class=\"item-content-inner\">\r\n                                                   <div class=\"box-image\">\r\n                              <div class=\"image-content\">\r\n                                 <img decoding=\"async\" data-src=\"https:\/\/nexusvisa.ca\/wp-content\/uploads\/2023\/01\/senior-family-couple-gray-haired-old-man-and-woma-2022-12-08-04-00-33-utc.jpg\" alt=\"Esenciales diarios\" src=\"data:image\/svg+xml;base64,PHN2ZyB3aWR0aD0iMSIgaGVpZ2h0PSIxIiB4bWxucz0iaHR0cDovL3d3dy53My5vcmcvMjAwMC9zdmciPjwvc3ZnPg==\" class=\"lazyload\" style=\"--smush-placeholder-width: 1200px; --smush-placeholder-aspect-ratio: 1200\/800;\" \/>\r\n                              <\/div>\r\n                           <\/div>\r\n                                                <div class=\"box-content\">\r\n                           <div class=\"gsc-heading\">\r\n                                                            <h2 class=\"title\">Esenciales diarios<\/h2>   \r\n                              <div class=\"title-desc\">Nuestra empresa proporciona una orientaci\u00f3n integral sobre ropa y nutrici\u00f3n para las necesidades esenciales diarias de nuestros clientes.<\/div>                              \r\n                           <\/div>\r\n                        <\/div>\r\n                     <\/div>   \r\n                  <\/div>\r\n               <\/div>\r\n                           <div class=\"swiper-slide\">\r\n                  <div class=\"item-content\">\r\n                     <div class=\"item-content-inner\">\r\n                                                   <div class=\"box-image\">\r\n                              <div class=\"image-content\">\r\n                                 <img decoding=\"async\" data-src=\"https:\/\/nexusvisa.ca\/wp-content\/uploads\/2023\/02\/low-angle-of-extravagance-store-with-cars-in-a-row-2021-08-26-15-45-19-utc.jpg\" alt=\"Transporte\" src=\"data:image\/svg+xml;base64,PHN2ZyB3aWR0aD0iMSIgaGVpZ2h0PSIxIiB4bWxucz0iaHR0cDovL3d3dy53My5vcmcvMjAwMC9zdmciPjwvc3ZnPg==\" class=\"lazyload\" style=\"--smush-placeholder-width: 1200px; --smush-placeholder-aspect-ratio: 1200\/800;\" \/>\r\n                              <\/div>\r\n                           <\/div>\r\n                                                <div class=\"box-content\">\r\n                           <div class=\"gsc-heading\">\r\n                                                            <h2 class=\"title\">Transporte<\/h2>   \r\n                              <div class=\"title-desc\">Trabajamos con especialistas en transporte con varios concesionarios, donde acompa\u00f1amos a nuestros clientes en la compra o arriendo de veh\u00edculos, con nuestra mejor capacidad, desde la selecci\u00f3n hasta la negociaci\u00f3n y m\u00e1s all\u00e1.<\/div>                              \r\n                           <\/div>\r\n                        <\/div>\r\n                     <\/div>   \r\n                  <\/div>\r\n               <\/div>\r\n                           <div class=\"swiper-slide\">\r\n                  <div class=\"item-content\">\r\n                     <div class=\"item-content-inner\">\r\n                                                   <div class=\"box-image\">\r\n                              <div class=\"image-content\">\r\n                                 <img decoding=\"async\" data-src=\"https:\/\/nexusvisa.ca\/wp-content\/uploads\/2023\/01\/education-2022-11-07-10-15-19-utc.jpg\" alt=\"Educaci\u00f3n\" src=\"data:image\/svg+xml;base64,PHN2ZyB3aWR0aD0iMSIgaGVpZ2h0PSIxIiB4bWxucz0iaHR0cDovL3d3dy53My5vcmcvMjAwMC9zdmciPjwvc3ZnPg==\" class=\"lazyload\" style=\"--smush-placeholder-width: 1200px; --smush-placeholder-aspect-ratio: 1200\/800;\" \/>\r\n                              <\/div>\r\n                           <\/div>\r\n                                                <div class=\"box-content\">\r\n                           <div class=\"gsc-heading\">\r\n                                                            <h2 class=\"title\">Educaci\u00f3n<\/h2>   \r\n                              <div class=\"title-desc\">Nuestro equipo de expertos puede ayudarlo a elegir las mejores opciones educativas para sus hijos y para ustede, asegurando un camino hacia el \u00e9xito con mejoras educativas personales disponibles en todo Canad\u00e1.<\/div>                              \r\n                           <\/div>\r\n                        <\/div>\r\n                     <\/div>   \r\n                  <\/div>\r\n               <\/div>\r\n                           <div class=\"swiper-slide\">\r\n                  <div class=\"item-content\">\r\n                     <div class=\"item-content-inner\">\r\n                                                   <div class=\"box-image\">\r\n                              <div class=\"image-content\">\r\n                                 <img decoding=\"async\" data-src=\"https:\/\/nexusvisa.ca\/wp-content\/uploads\/2023\/01\/multiracial-business-people-having-briefing-at-off-2021-12-09-02-46-03-utc.jpg\" alt=\"Referencias profesionales\" src=\"data:image\/svg+xml;base64,PHN2ZyB3aWR0aD0iMSIgaGVpZ2h0PSIxIiB4bWxucz0iaHR0cDovL3d3dy53My5vcmcvMjAwMC9zdmciPjwvc3ZnPg==\" class=\"lazyload\" style=\"--smush-placeholder-width: 1200px; --smush-placeholder-aspect-ratio: 1200\/800;\" \/>\r\n                              <\/div>\r\n                           <\/div>\r\n                                                <div class=\"box-content\">\r\n                           <div class=\"gsc-heading\">\r\n                                                            <h2 class=\"title\">Referencias profesionales<\/h2>   \r\n                              <div class=\"title-desc\">Con nuestra amplia gama de redes, podemos ayudarle a encontrar a los expertos adecuados para cualquier otra consulta de referencia sobre consejos comerciales profesionales.<\/div>                              \r\n                           <\/div>\r\n                        <\/div>\r\n                     <\/div>   \r\n                  <\/div>\r\n               <\/div>\r\n                           <div class=\"swiper-slide\">\r\n                  <div class=\"item-content\">\r\n                     <div class=\"item-content-inner\">\r\n                                                   <div class=\"box-image\">\r\n                              <div class=\"image-content\">\r\n                                 <img decoding=\"async\" data-src=\"https:\/\/nexusvisa.ca\/wp-content\/uploads\/2023\/01\/education-2022-12-16-03-44-09-utc.jpg\" alt=\"Credenciales profesionales\" src=\"data:image\/svg+xml;base64,PHN2ZyB3aWR0aD0iMSIgaGVpZ2h0PSIxIiB4bWxucz0iaHR0cDovL3d3dy53My5vcmcvMjAwMC9zdmciPjwvc3ZnPg==\" class=\"lazyload\" style=\"--smush-placeholder-width: 1200px; --smush-placeholder-aspect-ratio: 1200\/800;\" \/>\r\n                              <\/div>\r\n                           <\/div>\r\n                                                <div class=\"box-content\">\r\n                           <div class=\"gsc-heading\">\r\n                                                            <h2 class=\"title\">Credenciales profesionales<\/h2>   \r\n                              <div class=\"title-desc\">Ayudamos a los profesionales regulados a convertir sus licencias profesionales extranjeras, para cumplir con las certificaciones canadienses, con el fin de continuar con sus experiencias profesionales en Canad\u00e1.<\/div>                              \r\n                           <\/div>\r\n                        <\/div>\r\n                     <\/div>   \r\n                  <\/div>\r\n               <\/div>\r\n                           <div class=\"swiper-slide\">\r\n                  <div class=\"item-content\">\r\n                     <div class=\"item-content-inner\">\r\n                                                   <div class=\"box-image\">\r\n                              <div class=\"image-content\">\r\n                                 <img decoding=\"async\" data-src=\"https:\/\/nexusvisa.ca\/wp-content\/uploads\/2023\/01\/travellers-planning-a-trip-on-a-map-2022-12-15-23-08-12-utc.jpg\" alt=\"Conexiones y consejos\" src=\"data:image\/svg+xml;base64,PHN2ZyB3aWR0aD0iMSIgaGVpZ2h0PSIxIiB4bWxucz0iaHR0cDovL3d3dy53My5vcmcvMjAwMC9zdmciPjwvc3ZnPg==\" class=\"lazyload\" style=\"--smush-placeholder-width: 1200px; --smush-placeholder-aspect-ratio: 1200\/801;\" \/>\r\n                              <\/div>\r\n                           <\/div>\r\n                                                <div class=\"box-content\">\r\n                           <div class=\"gsc-heading\">\r\n                                                            <h2 class=\"title\">Conexiones y consejos<\/h2>   \r\n                              <div class=\"title-desc\">Podemos ayudarle a rellenar los formularios de solicitud necesarios cuando lo conectemos con las divisiones gubernamentales adecuadas para sus necesidades familiares, personales o comerciales.<\/div>                              \r\n                           <\/div>\r\n                        <\/div>\r\n                     <\/div>   \r\n                  <\/div>\r\n               <\/div>\r\n                     <\/div>\r\n      <\/div>\r\n   <\/div>   \r\n   <div class=\"swiper-pagination\"><\/div>   <div class=\"swiper-nav-next\"><\/div><div class=\"swiper-nav-prev\"><\/div><\/div>\r\n<\/div>\t\t\t\t<\/div>\n\t\t\t\t<\/div>\n\t\t\t\t\t<\/div>\n\t\t<\/div>\n\t\t\t\t\t<\/div>\n\t\t<\/section>\n\t\t\t\t<\/div>\n\t\t","protected":false},"excerpt":{"rendered":"<p>Establecimiento Comience su emocionante viaje en un nuevo pa\u00eds con nuestros servicios integrales de establecimiento, que brinda herramientas y recursos valiosos necesarios para hacer que la transici\u00f3n sea c\u00f3moda.\u00a0Desde cuestiones pr\u00e1cticas para establecerse hasta superar desaf\u00edos abrumadores, estamos aqu\u00ed para ayudarlo en cada paso de esta experiencia que le cambiar\u00e1 la vida. Podemos ayudarle con: [&hellip;]<\/p>\n","protected":false},"author":9,"featured_media":0,"parent":0,"menu_order":0,"comment_status":"closed","ping_status":"closed","template":"","meta":{"footnotes":""},"class_list":["post-5711","page","type-page","status-publish","hentry"],"_links":{"self":[{"href":"https:\/\/nexusvisa.ca\/es\/wp-json\/wp\/v2\/pages\/5711","targetHints":{"allow":["GET"]}}],"collection":[{"href":"https:\/\/nexusvisa.ca\/es\/wp-json\/wp\/v2\/pages"}],"about":[{"href":"https:\/\/nexusvisa.ca\/es\/wp-json\/wp\/v2\/types\/page"}],"author":[{"embeddable":true,"href":"https:\/\/nexusvisa.ca\/es\/wp-json\/wp\/v2\/users\/9"}],"replies":[{"embeddable":true,"href":"https:\/\/nexusvisa.ca\/es\/wp-json\/wp\/v2\/comments?post=5711"}],"version-history":[{"count":22,"href":"https:\/\/nexusvisa.ca\/es\/wp-json\/wp\/v2\/pages\/5711\/revisions"}],"predecessor-version":[{"id":12669,"href":"https:\/\/nexusvisa.ca\/es\/wp-json\/wp\/v2\/pages\/5711\/revisions\/12669"}],"wp:attachment":[{"href":"https:\/\/nexusvisa.ca\/es\/wp-json\/wp\/v2\/media?parent=5711"}],"curies":[{"name":"wp","href":"https:\/\/api.w.org\/{rel}","templated":true}]}}