{"id":5635,"date":"2023-01-20T11:59:45","date_gmt":"2023-01-20T18:59:45","guid":{"rendered":"http:\/\/nexusvisa.com\/articulo\/"},"modified":"2023-03-29T15:39:12","modified_gmt":"2023-03-29T21:39:12","slug":"noticias","status":"publish","type":"page","link":"https:\/\/nexusvisa.ca\/es\/noticias\/","title":{"rendered":"Noticias"},"content":{"rendered":"\t\t<div data-elementor-type=\"wp-page\" data-elementor-id=\"5635\" class=\"elementor elementor-5635 elementor-2060\">\n\t\t\t\t\t\t<section class=\"elementor-section elementor-top-section elementor-element elementor-element-02794e2 elementor-section-boxed elementor-section-height-default elementor-section-height-default\" data-id=\"02794e2\" data-element_type=\"section\" data-e-type=\"section\">\n\t\t\t\t\t\t<div class=\"elementor-container elementor-column-gap-default\">\n\t\t\t\t\t<div class=\"elementor-column elementor-col-100 elementor-top-column elementor-element elementor-element-be29cc8\" data-id=\"be29cc8\" data-element_type=\"column\" data-e-type=\"column\">\n\t\t\t<div class=\"elementor-widget-wrap elementor-element-populated\">\n\t\t\t\t\t\t<div class=\"elementor-element elementor-element-8220ad4 animated-slow elementor-invisible elementor-widget elementor-widget-heading\" data-id=\"8220ad4\" data-element_type=\"widget\" data-e-type=\"widget\" data-settings=\"{&quot;_animation&quot;:&quot;fadeIn&quot;}\" data-widget_type=\"heading.default\">\n\t\t\t\t<div class=\"elementor-widget-container\">\n\t\t\t\t\t<h1 class=\"elementor-heading-title elementor-size-default\">Noticias<\/h1>\t\t\t\t<\/div>\n\t\t\t\t<\/div>\n\t\t\t\t\t<\/div>\n\t\t<\/div>\n\t\t\t\t\t<\/div>\n\t\t<\/section>\n\t\t\t\t<section class=\"elementor-section elementor-top-section elementor-element elementor-element-9a2a8ea animated-slow elementor-section-boxed elementor-section-height-default elementor-section-height-default elementor-invisible\" data-id=\"9a2a8ea\" data-element_type=\"section\" data-e-type=\"section\" data-settings=\"{&quot;animation&quot;:&quot;fadeIn&quot;,&quot;animation_delay&quot;:500}\">\n\t\t\t\t\t\t<div class=\"elementor-container elementor-column-gap-default\">\n\t\t\t\t\t<div class=\"elementor-column elementor-col-66 elementor-top-column elementor-element elementor-element-fad463c\" data-id=\"fad463c\" data-element_type=\"column\" data-e-type=\"column\">\n\t\t\t<div class=\"elementor-widget-wrap elementor-element-populated\">\n\t\t\t\t\t\t<div class=\"elementor-element elementor-element-64b7b55 elementor-widget elementor-widget-gva-posts\" data-id=\"64b7b55\" data-element_type=\"widget\" data-e-type=\"widget\" data-widget_type=\"gva-posts.default\">\n\t\t\t\t<div class=\"elementor-widget-container\">\n\t\t\t\t\t<div class=\"gva-element-gva-posts gva-element\">  \r\n<div class=\"gva-posts-standard clearfix gva-posts\">\r\n\t\t\r\n\t<div class=\"gva-content-items cleafix\"> \r\n\t\t\t<div class=\"item-post\">\r\n   <article id=\"post-14806\" class=\"post post-style-standard post-14806 type-post status-publish format-standard has-post-thumbnail hentry category-nexus-travel-es\">\r\n      \r\n               <div class=\"post-thumbnail\">\r\n            <a href=\"https:\/\/nexusvisa.ca\/es\/los-5-sitios-web-mas-populares-para-reservar-sus-vacaciones\/\">\r\n               <img fetchpriority=\"high\" decoding=\"async\" width=\"900\" height=\"506\" src=\"https:\/\/nexusvisa.ca\/wp-content\/uploads\/2023\/08\/asian-female-business-traveler-walking-in-airport-2022-06-02-01-29-33-utc-1024x576.webp\" class=\"attachment-large size-large wp-post-image\" alt=\"Los 5 sitios web m\u00e1s populares para reservar sus vacaciones\" srcset=\"https:\/\/nexusvisa.ca\/wp-content\/uploads\/2023\/08\/asian-female-business-traveler-walking-in-airport-2022-06-02-01-29-33-utc-1024x576.webp 1024w, https:\/\/nexusvisa.ca\/wp-content\/uploads\/2023\/08\/asian-female-business-traveler-walking-in-airport-2022-06-02-01-29-33-utc-768x432.webp 768w, https:\/\/nexusvisa.ca\/wp-content\/uploads\/2023\/08\/asian-female-business-traveler-walking-in-airport-2022-06-02-01-29-33-utc-jpg.webp 1280w\" sizes=\"(max-width: 900px) 100vw, 900px\" \/>            <\/a>\r\n         <\/div>   \r\n         \r\n\r\n      <div class=\"entry-content has-thumbnail\">\r\n         <div class=\"content-inner\">\r\n            <div class=\"entry-meta\">\r\n               <div class=\"clearfix meta-inline post-meta-2\"><span class=\"entry-date\"><i class=\"far fa-calendar-alt\"><\/i>10 de agosto de 2023<\/span><\/div>            <\/div> \r\n            <h3 class=\"entry-title\"><a href=\"https:\/\/nexusvisa.ca\/es\/los-5-sitios-web-mas-populares-para-reservar-sus-vacaciones\/\" rel=\"bookmark\">Los 5 sitios web m\u00e1s populares para reservar sus vacaciones<\/a><\/h3>\r\n                           <div class=\"entry-desc\">\r\n                  La gente suele decir que los canadienses tienen un gen de viajero en la sangre.               <\/div>   \r\n                        <div class=\"read-more\">\r\n               <a class=\"btn-border\" href=\"https:\/\/nexusvisa.ca\/es\/los-5-sitios-web-mas-populares-para-reservar-sus-vacaciones\/\">Read more<\/a>\r\n            <\/div>\r\n         <\/div>\r\n\r\n      <\/div>\r\n   <\/article>   \r\n\r\n  <\/div><div class=\"item-post\">\r\n   <article id=\"post-14780\" class=\"post post-style-standard post-14780 type-post status-publish format-standard has-post-thumbnail hentry category-nexus-living-es\">\r\n      \r\n               <div class=\"post-thumbnail\">\r\n            <a href=\"https:\/\/nexusvisa.ca\/es\/dominar-las-preguntas-dificiles-de-la-entrevista\/\">\r\n               <img decoding=\"async\" width=\"900\" height=\"506\" data-src=\"https:\/\/nexusvisa.ca\/wp-content\/uploads\/2023\/08\/candidate-greeting-recruiter-in-job-interview-2022-10-01-02-45-57-utc-1024x576.webp\" class=\"attachment-large size-large wp-post-image lazyload\" alt=\"Dominar las preguntas dif\u00edciles de la entrevista\" data-srcset=\"https:\/\/nexusvisa.ca\/wp-content\/uploads\/2023\/08\/candidate-greeting-recruiter-in-job-interview-2022-10-01-02-45-57-utc-1024x576.webp 1024w, https:\/\/nexusvisa.ca\/wp-content\/uploads\/2023\/08\/candidate-greeting-recruiter-in-job-interview-2022-10-01-02-45-57-utc-768x432.webp 768w, https:\/\/nexusvisa.ca\/wp-content\/uploads\/2023\/08\/candidate-greeting-recruiter-in-job-interview-2022-10-01-02-45-57-utc-jpg.webp 1280w\" data-sizes=\"(max-width: 900px) 100vw, 900px\" src=\"data:image\/svg+xml;base64,PHN2ZyB3aWR0aD0iMSIgaGVpZ2h0PSIxIiB4bWxucz0iaHR0cDovL3d3dy53My5vcmcvMjAwMC9zdmciPjwvc3ZnPg==\" style=\"--smush-placeholder-width: 900px; --smush-placeholder-aspect-ratio: 900\/506;\" \/>            <\/a>\r\n         <\/div>   \r\n         \r\n\r\n      <div class=\"entry-content has-thumbnail\">\r\n         <div class=\"content-inner\">\r\n            <div class=\"entry-meta\">\r\n               <div class=\"clearfix meta-inline post-meta-2\"><span class=\"entry-date\"><i class=\"far fa-calendar-alt\"><\/i>7 de agosto de 2023<\/span><\/div>            <\/div> \r\n            <h3 class=\"entry-title\"><a href=\"https:\/\/nexusvisa.ca\/es\/dominar-las-preguntas-dificiles-de-la-entrevista\/\" rel=\"bookmark\">Dominar las preguntas dif\u00edciles de la entrevista<\/a><\/h3>\r\n                           <div class=\"entry-desc\">\r\n                  Navegar por una entrevista de trabajo puede sentirse como bailar en la cuerda floja. Tienes               <\/div>   \r\n                        <div class=\"read-more\">\r\n               <a class=\"btn-border\" href=\"https:\/\/nexusvisa.ca\/es\/dominar-las-preguntas-dificiles-de-la-entrevista\/\">Read more<\/a>\r\n            <\/div>\r\n         <\/div>\r\n\r\n      <\/div>\r\n   <\/article>   \r\n\r\n  <\/div><div class=\"item-post\">\r\n   <article id=\"post-14750\" class=\"post post-style-standard post-14750 type-post status-publish format-standard has-post-thumbnail hentry category-nexus-living-es\">\r\n      \r\n               <div class=\"post-thumbnail\">\r\n            <a href=\"https:\/\/nexusvisa.ca\/es\/que-es-un-sin-como-obtener-su-numero-de-seguro-social-en-calgary\/\">\r\n               <img decoding=\"async\" width=\"900\" height=\"506\" data-src=\"https:\/\/nexusvisa.ca\/wp-content\/uploads\/2023\/08\/business-approve-and-certificate-concept-confirma-2022-09-29-13-17-58-utc-1024x576.webp\" class=\"attachment-large size-large wp-post-image lazyload\" alt=\"\u00bfQu\u00e9 es un SIN? C\u00f3mo obtener su N\u00famero de seguro social en Calgary\" data-srcset=\"https:\/\/nexusvisa.ca\/wp-content\/uploads\/2023\/08\/business-approve-and-certificate-concept-confirma-2022-09-29-13-17-58-utc-1024x576.webp 1024w, https:\/\/nexusvisa.ca\/wp-content\/uploads\/2023\/08\/business-approve-and-certificate-concept-confirma-2022-09-29-13-17-58-utc-768x432.webp 768w, https:\/\/nexusvisa.ca\/wp-content\/uploads\/2023\/08\/business-approve-and-certificate-concept-confirma-2022-09-29-13-17-58-utc-jpg.webp 1280w\" data-sizes=\"(max-width: 900px) 100vw, 900px\" src=\"data:image\/svg+xml;base64,PHN2ZyB3aWR0aD0iMSIgaGVpZ2h0PSIxIiB4bWxucz0iaHR0cDovL3d3dy53My5vcmcvMjAwMC9zdmciPjwvc3ZnPg==\" style=\"--smush-placeholder-width: 900px; --smush-placeholder-aspect-ratio: 900\/506;\" \/>            <\/a>\r\n         <\/div>   \r\n         \r\n\r\n      <div class=\"entry-content has-thumbnail\">\r\n         <div class=\"content-inner\">\r\n            <div class=\"entry-meta\">\r\n               <div class=\"clearfix meta-inline post-meta-2\"><span class=\"entry-date\"><i class=\"far fa-calendar-alt\"><\/i>3 de agosto de 2023<\/span><\/div>            <\/div> \r\n            <h3 class=\"entry-title\"><a href=\"https:\/\/nexusvisa.ca\/es\/que-es-un-sin-como-obtener-su-numero-de-seguro-social-en-calgary\/\" rel=\"bookmark\">\u00bfQu\u00e9 es un SIN? C\u00f3mo obtener su N\u00famero de seguro social en Calgary<\/a><\/h3>\r\n                           <div class=\"entry-desc\">\r\n                  En Canad\u00e1, ya sea ciudadano, residente permanente o residente temporal con un permiso de trabajo,               <\/div>   \r\n                        <div class=\"read-more\">\r\n               <a class=\"btn-border\" href=\"https:\/\/nexusvisa.ca\/es\/que-es-un-sin-como-obtener-su-numero-de-seguro-social-en-calgary\/\">Read more<\/a>\r\n            <\/div>\r\n         <\/div>\r\n\r\n      <\/div>\r\n   <\/article>   \r\n\r\n  <\/div>\r\n\t\t\t\t\t<div class=\"pagination\">\r\n\t\t\t\t<div class=\"column one pager_wrapper\"><div class=\"pager\"><div class=\"paginations\"><a href=\"https:\/\/nexusvisa.ca\/es\/wp-json\/wp\/v2\/pages\/5635\/\" class=\"page-item active\">1<\/a><a href=\"https:\/\/nexusvisa.ca\/es\/wp-json\/wp\/v2\/pages\/5635\/page\/2\/\" class=\"page-item\">2<\/a><a href=\"https:\/\/nexusvisa.ca\/es\/wp-json\/wp\/v2\/pages\/5635\/page\/3\/\" class=\"page-item\">3<\/a><span class=\"page-item\">... <\/span><a href=\"https:\/\/nexusvisa.ca\/es\/wp-json\/wp\/v2\/pages\/5635\/page\/18\/\" class=\"page-item\">18<\/a><a class=\"next_page\" href=\"https:\/\/nexusvisa.ca\/es\/wp-json\/wp\/v2\/pages\/5635\/page\/2\/\"><i class=\"fas fa-chevron-right\"><\/i><\/a><\/div><\/div><\/div>\n\t\t\t<\/div>\r\n\t\t\t<\/div>\r\n\r\n<\/div>\r\n\r\n<\/div>\t\t\t\t<\/div>\n\t\t\t\t<\/div>\n\t\t\t\t\t<\/div>\n\t\t<\/div>\n\t\t\t\t<div class=\"elementor-column elementor-col-33 elementor-top-column elementor-element elementor-element-8aa7d18\" data-id=\"8aa7d18\" data-element_type=\"column\" data-e-type=\"column\">\n\t\t\t<div class=\"elementor-widget-wrap elementor-element-populated\">\n\t\t\t\t\t\t<div class=\"elementor-element elementor-element-8159445 elementor-widget elementor-widget-wp-widget-categories\" data-id=\"8159445\" data-element_type=\"widget\" data-e-type=\"widget\" data-widget_type=\"wp-widget-categories.default\">\n\t\t\t\t<div class=\"elementor-widget-container\">\n\t\t\t\t\t<h5>Todas las categor\u00edas<\/h5>\n\t\t\t<ul>\n\t\t\t\t\t<li class=\"cat-item cat-item-293\"><a href=\"https:\/\/nexusvisa.ca\/es\/category\/nexus-education-es\/\">Nexus Education<\/a>\n<\/li>\n\t<li class=\"cat-item cat-item-300\"><a href=\"https:\/\/nexusvisa.ca\/es\/category\/nexus-entertainment-es\/\">Nexus Entertainment<\/a>\n<\/li>\n\t<li class=\"cat-item cat-item-93\"><a href=\"https:\/\/nexusvisa.ca\/es\/category\/nexus-foodies-es\/\">Nexus Foodies<\/a>\n<\/li>\n\t<li class=\"cat-item cat-item-257\"><a href=\"https:\/\/nexusvisa.ca\/es\/category\/nexus-health-es\/\">Nexus Health<\/a>\n<\/li>\n\t<li class=\"cat-item cat-item-276\"><a href=\"https:\/\/nexusvisa.ca\/es\/category\/nexus-holiday-es\/\">Nexus Holiday<\/a>\n<\/li>\n\t<li class=\"cat-item cat-item-295\"><a href=\"https:\/\/nexusvisa.ca\/es\/category\/nexus-immigration-es\/\">Nexus Immigration<\/a>\n<\/li>\n\t<li class=\"cat-item cat-item-296\"><a href=\"https:\/\/nexusvisa.ca\/es\/category\/nexus-living-es\/\">Nexus Living<\/a>\n<\/li>\n\t<li class=\"cat-item cat-item-279\"><a href=\"https:\/\/nexusvisa.ca\/es\/category\/nexus-policy-es\/\">Nexus Policy<\/a>\n<\/li>\n\t<li class=\"cat-item cat-item-266\"><a href=\"https:\/\/nexusvisa.ca\/es\/category\/nexus-shopping-es\/\">Nexus Shopping<\/a>\n<\/li>\n\t<li class=\"cat-item cat-item-270\"><a href=\"https:\/\/nexusvisa.ca\/es\/category\/nexus-travel-es\/\">Nexus Travel<\/a>\n<\/li>\n\t\t\t<\/ul>\n\n\t\t\t\t\t\t\t<\/div>\n\t\t\t\t<\/div>\n\t\t\t\t<section class=\"elementor-section elementor-inner-section elementor-element elementor-element-a009fd2 elementor-section-boxed elementor-section-height-default elementor-section-height-default\" data-id=\"a009fd2\" data-element_type=\"section\" data-e-type=\"section\" data-settings=\"{&quot;background_background&quot;:&quot;classic&quot;}\">\n\t\t\t\t\t\t<div class=\"elementor-container elementor-column-gap-default\">\n\t\t\t\t\t<div class=\"elementor-column elementor-col-100 elementor-inner-column elementor-element elementor-element-0efe563\" data-id=\"0efe563\" data-element_type=\"column\" data-e-type=\"column\">\n\t\t\t<div class=\"elementor-widget-wrap elementor-element-populated\">\n\t\t\t\t\t\t<div class=\"elementor-element elementor-element-7d356da elementor-widget elementor-widget-gva-posts\" data-id=\"7d356da\" data-element_type=\"widget\" data-e-type=\"widget\" data-widget_type=\"gva-posts.default\">\n\t\t\t\t<div class=\"elementor-widget-container\">\n\t\t\t\t\t<div class=\"gva-element-gva-posts gva-element\">  \r\n  <div class=\"gva-posts-list-small clearfix gva-posts\">\r\n      <div class=\"gva-content-items\"> \r\n         <div class=\"post post-block-small\">      \r\n   <div class=\"post-content\">\r\n      <div class=\"post-thumbnail\">\r\n         <a class=\"link-image-content\" href=\"https:\/\/nexusvisa.ca\/es\/los-5-sitios-web-mas-populares-para-reservar-sus-vacaciones\/\">\r\n            <img decoding=\"async\" width=\"175\" height=\"175\" data-src=\"https:\/\/nexusvisa.ca\/wp-content\/uploads\/2023\/08\/asian-female-business-traveler-walking-in-airport-2022-06-02-01-29-33-utc-175x175.webp\" class=\"attachment-thumbnail size-thumbnail wp-post-image lazyload\" alt=\"\" src=\"data:image\/svg+xml;base64,PHN2ZyB3aWR0aD0iMSIgaGVpZ2h0PSIxIiB4bWxucz0iaHR0cDovL3d3dy53My5vcmcvMjAwMC9zdmciPjwvc3ZnPg==\" style=\"--smush-placeholder-width: 175px; --smush-placeholder-aspect-ratio: 175\/175;\" \/>         <\/a>\r\n      <\/div>\r\n      <div class=\"content-inner\">\r\n         <div class=\"entry-meta clearfix\">\r\n            <div class=\"clearfix meta-inline post-meta-1\"><span class=\"author vcard\"><i class=\"far fa-user-circle\"><\/i>Nexus Immigration &amp; Recruitment<\/span><\/div>         <\/div> \r\n         <h3 class=\"entry-title\"><a href=\"https:\/\/nexusvisa.ca\/es\/los-5-sitios-web-mas-populares-para-reservar-sus-vacaciones\/\">Los 5 sitios web m\u00e1s populares para reservar sus vacaciones<\/a><\/h3> \r\n      <\/div>    \r\n   <\/div>   \r\n<\/div>\r\n\r\n  <div class=\"post post-block-small\">      \r\n   <div class=\"post-content\">\r\n      <div class=\"post-thumbnail\">\r\n         <a class=\"link-image-content\" href=\"https:\/\/nexusvisa.ca\/es\/dominar-las-preguntas-dificiles-de-la-entrevista\/\">\r\n            <img decoding=\"async\" width=\"175\" height=\"175\" data-src=\"https:\/\/nexusvisa.ca\/wp-content\/uploads\/2023\/08\/candidate-greeting-recruiter-in-job-interview-2022-10-01-02-45-57-utc-175x175.webp\" class=\"attachment-thumbnail size-thumbnail wp-post-image lazyload\" alt=\"\" src=\"data:image\/svg+xml;base64,PHN2ZyB3aWR0aD0iMSIgaGVpZ2h0PSIxIiB4bWxucz0iaHR0cDovL3d3dy53My5vcmcvMjAwMC9zdmciPjwvc3ZnPg==\" style=\"--smush-placeholder-width: 175px; --smush-placeholder-aspect-ratio: 175\/175;\" \/>         <\/a>\r\n      <\/div>\r\n      <div class=\"content-inner\">\r\n         <div class=\"entry-meta clearfix\">\r\n            <div class=\"clearfix meta-inline post-meta-1\"><span class=\"author vcard\"><i class=\"far fa-user-circle\"><\/i>Nexus Immigration &amp; Recruitment<\/span><\/div>         <\/div> \r\n         <h3 class=\"entry-title\"><a href=\"https:\/\/nexusvisa.ca\/es\/dominar-las-preguntas-dificiles-de-la-entrevista\/\">Dominar las preguntas dif\u00edciles de la entrevista<\/a><\/h3> \r\n      <\/div>    \r\n   <\/div>   \r\n<\/div>\r\n\r\n  <div class=\"post post-block-small\">      \r\n   <div class=\"post-content\">\r\n      <div class=\"post-thumbnail\">\r\n         <a class=\"link-image-content\" href=\"https:\/\/nexusvisa.ca\/es\/que-es-un-sin-como-obtener-su-numero-de-seguro-social-en-calgary\/\">\r\n            <img decoding=\"async\" width=\"175\" height=\"175\" data-src=\"https:\/\/nexusvisa.ca\/wp-content\/uploads\/2023\/08\/business-approve-and-certificate-concept-confirma-2022-09-29-13-17-58-utc-175x175.webp\" class=\"attachment-thumbnail size-thumbnail wp-post-image lazyload\" alt=\"\" src=\"data:image\/svg+xml;base64,PHN2ZyB3aWR0aD0iMSIgaGVpZ2h0PSIxIiB4bWxucz0iaHR0cDovL3d3dy53My5vcmcvMjAwMC9zdmciPjwvc3ZnPg==\" style=\"--smush-placeholder-width: 175px; --smush-placeholder-aspect-ratio: 175\/175;\" \/>         <\/a>\r\n      <\/div>\r\n      <div class=\"content-inner\">\r\n         <div class=\"entry-meta clearfix\">\r\n            <div class=\"clearfix meta-inline post-meta-1\"><span class=\"author vcard\"><i class=\"far fa-user-circle\"><\/i>Nexus Immigration &amp; Recruitment<\/span><\/div>         <\/div> \r\n         <h3 class=\"entry-title\"><a href=\"https:\/\/nexusvisa.ca\/es\/que-es-un-sin-como-obtener-su-numero-de-seguro-social-en-calgary\/\">\u00bfQu\u00e9 es un SIN? C\u00f3mo obtener su N\u00famero de seguro social en Calgary<\/a><\/h3> \r\n      <\/div>    \r\n   <\/div>   \r\n<\/div>\r\n\r\n        <\/div>\r\n        <\/div>\r\n  <\/div>\t\t\t\t<\/div>\n\t\t\t\t<\/div>\n\t\t\t\t\t<\/div>\n\t\t<\/div>\n\t\t\t\t\t<\/div>\n\t\t<\/section>\n\t\t\t\t\t<\/div>\n\t\t<\/div>\n\t\t\t\t\t<\/div>\n\t\t<\/section>\n\t\t\t\t<\/div>\n\t\t","protected":false},"excerpt":{"rendered":"<p>Noticias marzo 23, 2023 Las marcas canadienses que la mayor\u00eda de la gente pens\u00f3 que se originaron en EE. UU. Estados Unidos y Canad\u00e1, los dos principales pa\u00edses de Am\u00e9rica del Norte, no solo son Read more marzo 20, 2023 Gastos de manutenci\u00f3n de un mes para una familia de cuatro Si est\u00e1 considerando mudarse [&hellip;]<\/p>\n","protected":false},"author":9,"featured_media":0,"parent":0,"menu_order":0,"comment_status":"closed","ping_status":"closed","template":"","meta":{"footnotes":""},"class_list":["post-5635","page","type-page","status-publish","hentry"],"_links":{"self":[{"href":"https:\/\/nexusvisa.ca\/es\/wp-json\/wp\/v2\/pages\/5635","targetHints":{"allow":["GET"]}}],"collection":[{"href":"https:\/\/nexusvisa.ca\/es\/wp-json\/wp\/v2\/pages"}],"about":[{"href":"https:\/\/nexusvisa.ca\/es\/wp-json\/wp\/v2\/types\/page"}],"author":[{"embeddable":true,"href":"https:\/\/nexusvisa.ca\/es\/wp-json\/wp\/v2\/users\/9"}],"replies":[{"embeddable":true,"href":"https:\/\/nexusvisa.ca\/es\/wp-json\/wp\/v2\/comments?post=5635"}],"version-history":[{"count":20,"href":"https:\/\/nexusvisa.ca\/es\/wp-json\/wp\/v2\/pages\/5635\/revisions"}],"predecessor-version":[{"id":11594,"href":"https:\/\/nexusvisa.ca\/es\/wp-json\/wp\/v2\/pages\/5635\/revisions\/11594"}],"wp:attachment":[{"href":"https:\/\/nexusvisa.ca\/es\/wp-json\/wp\/v2\/media?parent=5635"}],"curies":[{"name":"wp","href":"https:\/\/api.w.org\/{rel}","templated":true}]}}