{"id":5634,"date":"2023-01-25T16:53:33","date_gmt":"2023-01-25T23:53:33","guid":{"rendered":"http:\/\/nexusvisa.com\/visado-de-ee-uu\/"},"modified":"2023-05-18T15:53:11","modified_gmt":"2023-05-18T21:53:11","slug":"visa-estadounidense","status":"publish","type":"page","link":"https:\/\/nexusvisa.ca\/es\/visa-estadounidense\/","title":{"rendered":"Visa estadounidense\u200b"},"content":{"rendered":"\t\t<div data-elementor-type=\"wp-page\" data-elementor-id=\"5634\" class=\"elementor elementor-5634 elementor-2500\">\n\t\t\t\t\t\t<section class=\"elementor-section elementor-top-section elementor-element elementor-element-1fbabbb elementor-section-boxed elementor-section-height-default elementor-section-height-default\" data-id=\"1fbabbb\" data-element_type=\"section\" data-e-type=\"section\">\n\t\t\t\t\t\t<div class=\"elementor-container elementor-column-gap-default\">\n\t\t\t\t\t<div class=\"elementor-column elementor-col-100 elementor-top-column elementor-element elementor-element-3ff5bf7\" data-id=\"3ff5bf7\" data-element_type=\"column\" data-e-type=\"column\">\n\t\t\t<div class=\"elementor-widget-wrap elementor-element-populated\">\n\t\t\t\t\t\t<div class=\"elementor-element elementor-element-d159d04 animated-slow elementor-invisible elementor-widget elementor-widget-heading\" data-id=\"d159d04\" data-element_type=\"widget\" data-e-type=\"widget\" data-settings=\"{&quot;_animation&quot;:&quot;fadeIn&quot;}\" data-widget_type=\"heading.default\">\n\t\t\t\t<div class=\"elementor-widget-container\">\n\t\t\t\t\t<h1 class=\"elementor-heading-title elementor-size-default\">Visa estadounidense<\/h1>\t\t\t\t<\/div>\n\t\t\t\t<\/div>\n\t\t\t\t\t<\/div>\n\t\t<\/div>\n\t\t\t\t\t<\/div>\n\t\t<\/section>\n\t\t\t\t<section class=\"elementor-section elementor-top-section elementor-element elementor-element-d201243 elementor-section-boxed elementor-section-height-default elementor-section-height-default\" data-id=\"d201243\" data-element_type=\"section\" data-e-type=\"section\">\n\t\t\t\t\t\t<div class=\"elementor-container elementor-column-gap-default\">\n\t\t\t\t\t<div class=\"elementor-column elementor-col-50 elementor-top-column elementor-element elementor-element-b01e796\" data-id=\"b01e796\" data-element_type=\"column\" data-e-type=\"column\">\n\t\t\t<div class=\"elementor-widget-wrap elementor-element-populated\">\n\t\t\t\t\t\t<div class=\"elementor-element elementor-element-dd2234e elementor-invisible elementor-widget elementor-widget-image\" data-id=\"dd2234e\" data-element_type=\"widget\" data-e-type=\"widget\" data-settings=\"{&quot;_animation&quot;:&quot;fadeInLeft&quot;,&quot;_animation_delay&quot;:500}\" data-widget_type=\"image.default\">\n\t\t\t\t<div class=\"elementor-widget-container\">\n\t\t\t\t\t\t\t\t\t\t\t\t\t\t\t<img fetchpriority=\"high\" decoding=\"async\" width=\"768\" height=\"512\" src=\"https:\/\/nexusvisa.ca\/wp-content\/uploads\/2023\/01\/usa-flag-and-a-passport-2021-08-30-08-26-33-utc-768x512.jpg\" class=\"attachment-medium_large size-medium_large wp-image-5014\" alt=\"\" srcset=\"https:\/\/nexusvisa.ca\/wp-content\/uploads\/2023\/01\/usa-flag-and-a-passport-2021-08-30-08-26-33-utc-768x512.jpg 768w, https:\/\/nexusvisa.ca\/wp-content\/uploads\/2023\/01\/usa-flag-and-a-passport-2021-08-30-08-26-33-utc-600x400.jpg 600w, https:\/\/nexusvisa.ca\/wp-content\/uploads\/2023\/01\/usa-flag-and-a-passport-2021-08-30-08-26-33-utc-1024x683.jpg 1024w, https:\/\/nexusvisa.ca\/wp-content\/uploads\/2023\/01\/usa-flag-and-a-passport-2021-08-30-08-26-33-utc.jpg 1600w\" sizes=\"(max-width: 768px) 100vw, 768px\" \/>\t\t\t\t\t\t\t\t\t\t\t\t\t\t\t<\/div>\n\t\t\t\t<\/div>\n\t\t\t\t\t<\/div>\n\t\t<\/div>\n\t\t\t\t<div class=\"elementor-column elementor-col-50 elementor-top-column elementor-element elementor-element-b0e02a8\" data-id=\"b0e02a8\" data-element_type=\"column\" data-e-type=\"column\">\n\t\t\t<div class=\"elementor-widget-wrap elementor-element-populated\">\n\t\t\t\t\t\t<div class=\"elementor-element elementor-element-13ceed3 animated-slow elementor-invisible elementor-widget elementor-widget-text-editor\" data-id=\"13ceed3\" data-element_type=\"widget\" data-e-type=\"widget\" data-settings=\"{&quot;_animation&quot;:&quot;fadeIn&quot;,&quot;_animation_delay&quot;:500}\" data-widget_type=\"text-editor.default\">\n\t\t\t\t<div class=\"elementor-widget-container\">\n\t\t\t\t\t\t\t\t\t<p><strong>\u00bfEst\u00e1 buscando informaci\u00f3n sobre inversiones y mudarse a EE. UU.?<\/strong><\/p><p>E2 Visa es una gran opci\u00f3n para inversores y empresarios.\u00a0Con una visa E2, puede vivir en los Estados Unidos, iniciar un negocio en los EE. UU. y trabajar para su negocio.<\/p><p><strong>\u00bfQu\u00e9 es una visa E2?<\/strong><\/p><p>La visa E2 es una visa de no inmigrante para inversionistas, empresarios y personas que buscan administrar un negocio en los Estados Unidos.\u00a0Permite a un ciudadano de un pa\u00eds con un tratado comercial mudarse a los Estados Unidos para invertir y operar un negocio o franquicia.<\/p>\t\t\t\t\t\t\t\t<\/div>\n\t\t\t\t<\/div>\n\t\t\t\t\t<\/div>\n\t\t<\/div>\n\t\t\t\t\t<\/div>\n\t\t<\/section>\n\t\t\t\t<section class=\"elementor-section elementor-top-section elementor-element elementor-element-9081ef8 animated-slow elementor-section-boxed elementor-section-height-default elementor-section-height-default elementor-invisible\" data-id=\"9081ef8\" data-element_type=\"section\" data-e-type=\"section\" data-settings=\"{&quot;animation&quot;:&quot;fadeIn&quot;,&quot;animation_delay&quot;:500}\">\n\t\t\t\t\t\t<div class=\"elementor-container elementor-column-gap-default\">\n\t\t\t\t\t<div class=\"elementor-column elementor-col-100 elementor-top-column elementor-element elementor-element-9b4708e\" data-id=\"9b4708e\" data-element_type=\"column\" data-e-type=\"column\">\n\t\t\t<div class=\"elementor-widget-wrap elementor-element-populated\">\n\t\t\t\t\t\t<div class=\"elementor-element elementor-element-1a7f41a elementor-widget elementor-widget-text-editor\" data-id=\"1a7f41a\" data-element_type=\"widget\" data-e-type=\"widget\" data-widget_type=\"text-editor.default\">\n\t\t\t\t<div class=\"elementor-widget-container\">\n\t\t\t\t\t\t\t\t\t<p><strong>\u00bfCu\u00e1les son las ventajas de la visa E2?<\/strong><\/p><ul><li>Sin requisitos de grado acad\u00e9mico<\/li><li>E-2 es la forma m\u00e1s r\u00e1pida de vivir en los EE. UU.<\/li><li>No es un proceso largo (t\u00edpicamente dentro de 180 d\u00edas)<\/li><li>No hay un monto m\u00ednimo de inversi\u00f3n que se requiera<\/li><li>No hay requisito de empleados<\/li><li>Cualquier negocio puede funcionar<\/li><li>C\u00f3nyuges e hijos menores de 21 a\u00f1os pueden venir con el inversor<\/li><li>El E2 puede continuar \u201cpara siempre\u201d<\/li><\/ul>\t\t\t\t\t\t\t\t<\/div>\n\t\t\t\t<\/div>\n\t\t\t\t\t<\/div>\n\t\t<\/div>\n\t\t\t\t\t<\/div>\n\t\t<\/section>\n\t\t\t\t<section class=\"elementor-section elementor-top-section elementor-element elementor-element-761e8f8 elementor-section-boxed elementor-section-height-default elementor-section-height-default elementor-invisible\" data-id=\"761e8f8\" data-element_type=\"section\" data-e-type=\"section\" data-settings=\"{&quot;animation&quot;:&quot;fadeIn&quot;}\">\n\t\t\t\t\t\t<div class=\"elementor-container elementor-column-gap-default\">\n\t\t\t\t\t<div class=\"elementor-column elementor-col-50 elementor-top-column elementor-element elementor-element-2b6adb3\" data-id=\"2b6adb3\" data-element_type=\"column\" data-e-type=\"column\">\n\t\t\t<div class=\"elementor-widget-wrap elementor-element-populated\">\n\t\t\t\t\t\t<div class=\"elementor-element elementor-element-ca648e1 elementor-widget elementor-widget-image\" data-id=\"ca648e1\" data-element_type=\"widget\" data-e-type=\"widget\" data-widget_type=\"image.default\">\n\t\t\t\t<div class=\"elementor-widget-container\">\n\t\t\t\t\t\t\t\t\t\t\t\t\t\t\t<img decoding=\"async\" width=\"768\" height=\"512\" data-src=\"https:\/\/nexusvisa.ca\/wp-content\/uploads\/2023\/01\/multiracial-business-people-having-briefing-at-off-2021-12-09-02-46-03-utc-768x512.jpg\" class=\"attachment-medium_large size-medium_large wp-image-5224 lazyload\" alt=\"\" data-srcset=\"https:\/\/nexusvisa.ca\/wp-content\/uploads\/2023\/01\/multiracial-business-people-having-briefing-at-off-2021-12-09-02-46-03-utc-768x512.jpg 768w, https:\/\/nexusvisa.ca\/wp-content\/uploads\/2023\/01\/multiracial-business-people-having-briefing-at-off-2021-12-09-02-46-03-utc-600x400.jpg 600w, https:\/\/nexusvisa.ca\/wp-content\/uploads\/2023\/01\/multiracial-business-people-having-briefing-at-off-2021-12-09-02-46-03-utc-1024x683.jpg 1024w, https:\/\/nexusvisa.ca\/wp-content\/uploads\/2023\/01\/multiracial-business-people-having-briefing-at-off-2021-12-09-02-46-03-utc.jpg 1200w\" data-sizes=\"(max-width: 768px) 100vw, 768px\" src=\"data:image\/svg+xml;base64,PHN2ZyB3aWR0aD0iMSIgaGVpZ2h0PSIxIiB4bWxucz0iaHR0cDovL3d3dy53My5vcmcvMjAwMC9zdmciPjwvc3ZnPg==\" style=\"--smush-placeholder-width: 768px; --smush-placeholder-aspect-ratio: 768\/512;\" \/>\t\t\t\t\t\t\t\t\t\t\t\t\t\t\t<\/div>\n\t\t\t\t<\/div>\n\t\t\t\t\t<\/div>\n\t\t<\/div>\n\t\t\t\t<div class=\"elementor-column elementor-col-50 elementor-top-column elementor-element elementor-element-1279d17\" data-id=\"1279d17\" data-element_type=\"column\" data-e-type=\"column\">\n\t\t\t<div class=\"elementor-widget-wrap elementor-element-populated\">\n\t\t\t\t\t\t<div class=\"elementor-element elementor-element-895d10c elementor-widget elementor-widget-text-editor\" data-id=\"895d10c\" data-element_type=\"widget\" data-e-type=\"widget\" data-widget_type=\"text-editor.default\">\n\t\t\t\t<div class=\"elementor-widget-container\">\n\t\t\t\t\t\t\t\t\t<p>Una visa E-2 puede ser un gran veh\u00edculo para ayudarlo a establecer su negocio en los Estados Unidos.\u00a0Esta visa est\u00e1 disponible para ciudadanos de pa\u00edses con tratado con EE. UU. y se considera una opci\u00f3n m\u00e1s accesible.\u00a0Si est\u00e1 interesado en obtener m\u00e1s informaci\u00f3n sobre c\u00f3mo esta visa puede beneficiarlo, aseg\u00farese de reservar una consulta con nosotros.\u00a0Nuestro equipo de profesionales te brindar\u00e1 toda la informaci\u00f3n y asistencia que necesitas para explorar la posibilidad de obtener una visa E-2.<\/p>\t\t\t\t\t\t\t\t<\/div>\n\t\t\t\t<\/div>\n\t\t\t\t\t<\/div>\n\t\t<\/div>\n\t\t\t\t\t<\/div>\n\t\t<\/section>\n\t\t\t\t<\/div>\n\t\t","protected":false},"excerpt":{"rendered":"<p>Visa estadounidense \u00bfEst\u00e1 buscando informaci\u00f3n sobre inversiones y mudarse a EE. UU.? E2 Visa es una gran opci\u00f3n para inversores y empresarios.\u00a0Con una visa E2, puede vivir en los Estados Unidos, iniciar un negocio en los EE. UU. y trabajar para su negocio. \u00bfQu\u00e9 es una visa E2? La visa E2 es una visa de [&hellip;]<\/p>\n","protected":false},"author":9,"featured_media":0,"parent":0,"menu_order":0,"comment_status":"closed","ping_status":"closed","template":"","meta":{"footnotes":""},"class_list":["post-5634","page","type-page","status-publish","hentry"],"_links":{"self":[{"href":"https:\/\/nexusvisa.ca\/es\/wp-json\/wp\/v2\/pages\/5634","targetHints":{"allow":["GET"]}}],"collection":[{"href":"https:\/\/nexusvisa.ca\/es\/wp-json\/wp\/v2\/pages"}],"about":[{"href":"https:\/\/nexusvisa.ca\/es\/wp-json\/wp\/v2\/types\/page"}],"author":[{"embeddable":true,"href":"https:\/\/nexusvisa.ca\/es\/wp-json\/wp\/v2\/users\/9"}],"replies":[{"embeddable":true,"href":"https:\/\/nexusvisa.ca\/es\/wp-json\/wp\/v2\/comments?post=5634"}],"version-history":[{"count":25,"href":"https:\/\/nexusvisa.ca\/es\/wp-json\/wp\/v2\/pages\/5634\/revisions"}],"predecessor-version":[{"id":12967,"href":"https:\/\/nexusvisa.ca\/es\/wp-json\/wp\/v2\/pages\/5634\/revisions\/12967"}],"wp:attachment":[{"href":"https:\/\/nexusvisa.ca\/es\/wp-json\/wp\/v2\/media?parent=5634"}],"curies":[{"name":"wp","href":"https:\/\/api.w.org\/{rel}","templated":true}]}}