{"id":5586,"date":"2023-01-23T10:13:31","date_gmt":"2023-01-23T17:13:31","guid":{"rendered":"http:\/\/nexusvisa.com\/entrada-expres\/"},"modified":"2023-05-16T16:23:45","modified_gmt":"2023-05-16T22:23:45","slug":"entrada-rapida","status":"publish","type":"page","link":"https:\/\/nexusvisa.ca\/es\/entrada-rapida\/","title":{"rendered":"Entrada R\u00e1pida"},"content":{"rendered":"\t\t<div data-elementor-type=\"wp-page\" data-elementor-id=\"5586\" class=\"elementor elementor-5586 elementor-2105\">\n\t\t\t\t\t\t<section class=\"elementor-section elementor-top-section elementor-element elementor-element-571250d elementor-section-boxed elementor-section-height-default elementor-section-height-default\" data-id=\"571250d\" data-element_type=\"section\" data-e-type=\"section\">\n\t\t\t\t\t\t<div class=\"elementor-container elementor-column-gap-default\">\n\t\t\t\t\t<div class=\"elementor-column elementor-col-100 elementor-top-column elementor-element elementor-element-eec0d0f\" data-id=\"eec0d0f\" data-element_type=\"column\" data-e-type=\"column\">\n\t\t\t<div class=\"elementor-widget-wrap elementor-element-populated\">\n\t\t\t\t\t\t<div class=\"elementor-element elementor-element-7704b26 animated-slow elementor-invisible elementor-widget elementor-widget-heading\" data-id=\"7704b26\" data-element_type=\"widget\" data-e-type=\"widget\" data-settings=\"{&quot;_animation&quot;:&quot;fadeIn&quot;}\" data-widget_type=\"heading.default\">\n\t\t\t\t<div class=\"elementor-widget-container\">\n\t\t\t\t\t<h1 class=\"elementor-heading-title elementor-size-default\">Entrada R\u00e1pida<\/h1>\t\t\t\t<\/div>\n\t\t\t\t<\/div>\n\t\t\t\t\t<\/div>\n\t\t<\/div>\n\t\t\t\t\t<\/div>\n\t\t<\/section>\n\t\t\t\t<section class=\"elementor-section elementor-top-section elementor-element elementor-element-5e9a5b7 elementor-section-boxed elementor-section-height-default elementor-section-height-default\" data-id=\"5e9a5b7\" data-element_type=\"section\" data-e-type=\"section\">\n\t\t\t\t\t\t<div class=\"elementor-container elementor-column-gap-default\">\n\t\t\t\t\t<div class=\"elementor-column elementor-col-50 elementor-top-column elementor-element elementor-element-b8f068e\" data-id=\"b8f068e\" data-element_type=\"column\" data-e-type=\"column\">\n\t\t\t<div class=\"elementor-widget-wrap elementor-element-populated\">\n\t\t\t\t\t\t<div class=\"elementor-element elementor-element-53170b3 elementor-invisible elementor-widget elementor-widget-image\" data-id=\"53170b3\" data-element_type=\"widget\" data-e-type=\"widget\" data-settings=\"{&quot;_animation&quot;:&quot;fadeInLeft&quot;,&quot;_animation_delay&quot;:&quot;500&quot;}\" data-widget_type=\"image.default\">\n\t\t\t\t<div class=\"elementor-widget-container\">\n\t\t\t\t\t\t\t\t\t\t\t\t\t\t\t<img fetchpriority=\"high\" decoding=\"async\" width=\"768\" height=\"512\" src=\"https:\/\/nexusvisa.ca\/wp-content\/uploads\/2023\/01\/traveler-in-airport-terminal-2021-08-26-22-38-58-utc-768x512.jpg\" class=\"attachment-medium_large size-medium_large wp-image-5004\" alt=\"\" srcset=\"https:\/\/nexusvisa.ca\/wp-content\/uploads\/2023\/01\/traveler-in-airport-terminal-2021-08-26-22-38-58-utc-768x512.jpg 768w, https:\/\/nexusvisa.ca\/wp-content\/uploads\/2023\/01\/traveler-in-airport-terminal-2021-08-26-22-38-58-utc-600x400.jpg 600w, https:\/\/nexusvisa.ca\/wp-content\/uploads\/2023\/01\/traveler-in-airport-terminal-2021-08-26-22-38-58-utc-1024x682.jpg 1024w, https:\/\/nexusvisa.ca\/wp-content\/uploads\/2023\/01\/traveler-in-airport-terminal-2021-08-26-22-38-58-utc.jpg 1508w\" sizes=\"(max-width: 768px) 100vw, 768px\" \/>\t\t\t\t\t\t\t\t\t\t\t\t\t\t\t<\/div>\n\t\t\t\t<\/div>\n\t\t\t\t\t<\/div>\n\t\t<\/div>\n\t\t\t\t<div class=\"elementor-column elementor-col-50 elementor-top-column elementor-element elementor-element-7914bf8\" data-id=\"7914bf8\" data-element_type=\"column\" data-e-type=\"column\">\n\t\t\t<div class=\"elementor-widget-wrap elementor-element-populated\">\n\t\t\t\t\t\t<div class=\"elementor-element elementor-element-a6858bb animated-slow elementor-invisible elementor-widget elementor-widget-text-editor\" data-id=\"a6858bb\" data-element_type=\"widget\" data-e-type=\"widget\" data-settings=\"{&quot;_animation&quot;:&quot;fadeIn&quot;,&quot;_animation_delay&quot;:&quot;500&quot;}\" data-widget_type=\"text-editor.default\">\n\t\t\t\t<div class=\"elementor-widget-container\">\n\t\t\t\t\t\t\t\t\t<p><strong>Canad\u00e1<\/strong><strong> Entrada <\/strong><strong>R\u00e1pida<\/strong> ofrece una v\u00eda para los profesionales que buscan la residencia permanente en Canad\u00e1. El programa eval\u00faa sus habilidades y otorga puntos a trav\u00e9s del Sistema de Clasificaci\u00f3n Integral (CRS) Siglas en ingles, seg\u00fan las habilidades, el nivel educativo, el dominio del idioma ingl\u00e9s y\/o franc\u00e9s y la experiencia laboral en general.\u00a0<\/p><p>Tambi\u00e9n se otorgan consideraciones adicionales, como capacidades del c\u00f3nyuge o pareja de hecho, oferta de trabajo v\u00e1lida, nominaciones provinciales o territoriales, transferibilidad de competencias y hermanos que residen en Canad\u00e1.\u00a0Aquellos que obtengan la puntuaci\u00f3n m\u00e1s alta tendr\u00e1n la oportunidad de obtener la residencia canadiense a trav\u00e9s de este proceso \u00fanico.<\/p><p><strong>Canad\u00e1<\/strong><strong> Entrada <\/strong><strong>R\u00e1pida<\/strong>\u00a0 eval\u00faa las siguientes tres corrientes federales de inmigraci\u00f3n econ\u00f3mica:<\/p>\t\t\t\t\t\t\t\t<\/div>\n\t\t\t\t<\/div>\n\t\t\t\t<div class=\"elementor-element elementor-element-9967326 animated-slow elementor-invisible elementor-widget elementor-widget-toggle\" data-id=\"9967326\" data-element_type=\"widget\" data-e-type=\"widget\" data-settings=\"{&quot;_animation&quot;:&quot;fadeIn&quot;,&quot;_animation_delay&quot;:&quot;500&quot;}\" data-widget_type=\"toggle.default\">\n\t\t\t\t<div class=\"elementor-widget-container\">\n\t\t\t\t\t\t\t<div class=\"elementor-toggle\">\n\t\t\t\t\t\t\t<div class=\"elementor-toggle-item\">\n\t\t\t\t\t<div id=\"elementor-tab-title-1601\" class=\"elementor-tab-title\" data-tab=\"1\" role=\"button\" aria-controls=\"elementor-tab-content-1601\" aria-expanded=\"false\">\n\t\t\t\t\t\t\t\t\t\t\t\t<span class=\"elementor-toggle-icon elementor-toggle-icon-left\" aria-hidden=\"true\">\n\t\t\t\t\t\t\t\t\t\t\t\t\t\t\t<span class=\"elementor-toggle-icon-closed\"><i class=\"fas fa-caret-right\"><\/i><\/span>\n\t\t\t\t\t\t\t\t<span class=\"elementor-toggle-icon-opened\"><i class=\"elementor-toggle-icon-opened fas fa-caret-up\"><\/i><\/span>\n\t\t\t\t\t\t\t\t\t\t\t\t\t<\/span>\n\t\t\t\t\t\t\t\t\t\t\t\t<a class=\"elementor-toggle-title\" tabindex=\"0\">El Programa Federal de Trabajadores Calificados (FSW)<\/a>\n\t\t\t\t\t<\/div>\n\n\t\t\t\t\t<div id=\"elementor-tab-content-1601\" class=\"elementor-tab-content elementor-clearfix\" data-tab=\"1\" role=\"region\" aria-labelledby=\"elementor-tab-title-1601\"><p>Principalmente para el solicitante con experiencias de trabajo en el extranjero.<\/p><p>Debe haber obtenido un puntaje en el nivel 7 de \u201cReferencia Ling\u00fc\u00edstica Canadiense\u201d(Canadian Language Bench Mark) para Ingl\u00e9s o Franc\u00e9s en competencias de lectura, escritura, comprensi\u00f3n auditiva y expresi\u00f3n oral, dentro de los niveles de habilidad ocupacional calificada en el NOC 0, A, B (NOC 2016) o TEER 0,1,2,3 (NOC 2021)<\/p><p>Debe haber alcanzado un puntaje m\u00ednimo de 67 en los seis factores de selecci\u00f3n: idioma, educaci\u00f3n, experiencia laboral, edad, empleo concertado en Canad\u00e1 y adaptabilidad.<\/p><p>Debe tener suficientes puntos CRS, adem\u00e1s de los seis factores de selecci\u00f3n para ser considerado para recibir una Invitaci\u00f3n para aplicar (ITA). \u00a0<\/p><\/div>\n\t\t\t\t<\/div>\n\t\t\t\t\t\t\t<div class=\"elementor-toggle-item\">\n\t\t\t\t\t<div id=\"elementor-tab-title-1602\" class=\"elementor-tab-title\" data-tab=\"2\" role=\"button\" aria-controls=\"elementor-tab-content-1602\" aria-expanded=\"false\">\n\t\t\t\t\t\t\t\t\t\t\t\t<span class=\"elementor-toggle-icon elementor-toggle-icon-left\" aria-hidden=\"true\">\n\t\t\t\t\t\t\t\t\t\t\t\t\t\t\t<span class=\"elementor-toggle-icon-closed\"><i class=\"fas fa-caret-right\"><\/i><\/span>\n\t\t\t\t\t\t\t\t<span class=\"elementor-toggle-icon-opened\"><i class=\"elementor-toggle-icon-opened fas fa-caret-up\"><\/i><\/span>\n\t\t\t\t\t\t\t\t\t\t\t\t\t<\/span>\n\t\t\t\t\t\t\t\t\t\t\t\t<a class=\"elementor-toggle-title\" tabindex=\"0\">El Programa Federal de Oficios Calificados (FST)<\/a>\n\t\t\t\t\t<\/div>\n\n\t\t\t\t\t<div id=\"elementor-tab-content-1602\" class=\"elementor-tab-content elementor-clearfix\" data-tab=\"2\" role=\"region\" aria-labelledby=\"elementor-tab-title-1602\"><p>Este programa es para trabajadores calificados con experiencia laboral en el extranjero (tanto nacional como internacional) que desean inmigrar a Canad\u00e1 de forma permanente.<\/p><p>Principalmente para el solicitante con experiencia laboral especializada en comercio extranjero o en Canad\u00e1 en el Grupo Principal 72, 73, 82, 83, 92, 93 de NOC, Grupo Menor 6320 y Grupo Unitario 62200. Excluyendo el Subgrupo Principal 726, 932.<\/p><p>Debe haber obtenido un puntaje de nivel 5 en \u201cReferencia Ling\u00fc\u00edstica Canadiense\u201d (Canadian Language Bench Mark) para el idioma Ingl\u00e9s o Franc\u00e9s en las habilidades de compresi\u00f3n oral y expresi\u00f3n oral, y nivel 4 en las habilidades de lectura y escritura, para ocupaciones en NOC B (NOC 2016) o nivel 2 o 3 en TEER (NOC 2021)<\/p><\/div>\n\t\t\t\t<\/div>\n\t\t\t\t\t\t\t<div class=\"elementor-toggle-item\">\n\t\t\t\t\t<div id=\"elementor-tab-title-1603\" class=\"elementor-tab-title\" data-tab=\"3\" role=\"button\" aria-controls=\"elementor-tab-content-1603\" aria-expanded=\"false\">\n\t\t\t\t\t\t\t\t\t\t\t\t<span class=\"elementor-toggle-icon elementor-toggle-icon-left\" aria-hidden=\"true\">\n\t\t\t\t\t\t\t\t\t\t\t\t\t\t\t<span class=\"elementor-toggle-icon-closed\"><i class=\"fas fa-caret-right\"><\/i><\/span>\n\t\t\t\t\t\t\t\t<span class=\"elementor-toggle-icon-opened\"><i class=\"elementor-toggle-icon-opened fas fa-caret-up\"><\/i><\/span>\n\t\t\t\t\t\t\t\t\t\t\t\t\t<\/span>\n\t\t\t\t\t\t\t\t\t\t\t\t<a class=\"elementor-toggle-title\" tabindex=\"0\">La clase de experiencia canadiense (CEC)<\/a>\n\t\t\t\t\t<\/div>\n\n\t\t\t\t\t<div id=\"elementor-tab-content-1603\" class=\"elementor-tab-content elementor-clearfix\" data-tab=\"3\" role=\"region\" aria-labelledby=\"elementor-tab-title-1603\"><p>Principalmente para el solicitante con experiencia laboral canadiense obtenidas en los tres a\u00f1os anteriores, solicite el nivel de habilidad ocupacional que va desde NOC 0, A, B (NOC 2016) o TEER 0, 1, 2, 3 (NOC 2021).<\/p><p>Debe haber obtenido un puntaje de nivel 7 en \u201cReferencia Ling\u00fc\u00edstica Canadiense\u201d (Canadian Language Bench Mark) en competencias de ingles o franc\u00e9s en lectura, escruitura, comprensi\u00f3n auditiva y expresi\u00f3n oral para ocupaciones en NOC 0 y A (NOC 2016), o TEER 0 o 1 (NOC 2021).<\/p><p>Debe haber obtenido un puntaje de nivel 5 en \u201cReferencia Ling\u00fc\u00edstica Canadiense\u201d en competencias de ingles o franc\u00e9s en lectura, escritura, compresi\u00f3n auditiva y expresi\u00f3n oral para ocupaciones en en NOC B (NOC 2016), o TEER 2 o 3 (NOC 2021).<\/p><\/div>\n\t\t\t\t<\/div>\n\t\t\t\t\t\t\t\t<\/div>\n\t\t\t\t\t\t<\/div>\n\t\t\t\t<\/div>\n\t\t\t\t\t<\/div>\n\t\t<\/div>\n\t\t\t\t\t<\/div>\n\t\t<\/section>\n\t\t\t\t<section class=\"elementor-section elementor-top-section elementor-element elementor-element-2a758ad animated-slow elementor-section-boxed elementor-section-height-default elementor-section-height-default elementor-invisible\" data-id=\"2a758ad\" data-element_type=\"section\" data-e-type=\"section\" data-settings=\"{&quot;animation&quot;:&quot;fadeIn&quot;,&quot;animation_delay&quot;:&quot;500&quot;}\">\n\t\t\t\t\t\t<div class=\"elementor-container elementor-column-gap-default\">\n\t\t\t\t\t<div class=\"elementor-column elementor-col-100 elementor-top-column elementor-element elementor-element-47e1f7c\" data-id=\"47e1f7c\" data-element_type=\"column\" data-e-type=\"column\">\n\t\t\t<div class=\"elementor-widget-wrap elementor-element-populated\">\n\t\t\t\t\t\t<div class=\"elementor-element elementor-element-91a81bd elementor-widget elementor-widget-text-editor\" data-id=\"91a81bd\" data-element_type=\"widget\" data-e-type=\"widget\" data-widget_type=\"text-editor.default\">\n\t\t\t\t<div class=\"elementor-widget-container\">\n\t\t\t\t\t\t\t\t\t<p>Este\u00a0<strong>Sistema de clasificaci\u00f3n integral <\/strong><strong>(CRS)<\/strong>\u00a0brinda a los solicitantes los beneficios de la transparencia: saber con precisi\u00f3n qu\u00e9 puntaje CRS necesitan para ser elegibles para un \u201cITA\u201d y convertirse en residentes permanentes en Canad\u00e1.\u00a0<\/p><p>La escala de puntos tiene una puntuaci\u00f3n m\u00e1xima de 1200 puntos y lo eval\u00faa a usted y a su c\u00f3nyuge (si corresponde) en su:<\/p><ul><li>Edad<\/li><li>Nivel de educaci\u00f3n<\/li><li>Habilidades ling\u00fc\u00edsticas (Ingl\u00e9s\/Franc\u00e9s)\u200b<\/li><li>Experiencias laborales en Canad\u00e1<\/li><li>Experiencias laborales fuera de Canad\u00e1<\/li><li>Adaptabilidad de habilidades<\/li><\/ul>\t\t\t\t\t\t\t\t<\/div>\n\t\t\t\t<\/div>\n\t\t\t\t\t<\/div>\n\t\t<\/div>\n\t\t\t\t\t<\/div>\n\t\t<\/section>\n\t\t\t\t<\/div>\n\t\t","protected":false},"excerpt":{"rendered":"<p>Entrada R\u00e1pida Canad\u00e1 Entrada R\u00e1pida ofrece una v\u00eda para los profesionales que buscan la residencia permanente en Canad\u00e1. El programa eval\u00faa sus habilidades y otorga puntos a trav\u00e9s del Sistema de Clasificaci\u00f3n Integral (CRS) Siglas en ingles, seg\u00fan las habilidades, el nivel educativo, el dominio del idioma ingl\u00e9s y\/o franc\u00e9s y la experiencia laboral en [&hellip;]<\/p>\n","protected":false},"author":9,"featured_media":0,"parent":0,"menu_order":0,"comment_status":"closed","ping_status":"closed","template":"","meta":{"footnotes":""},"class_list":["post-5586","page","type-page","status-publish","hentry"],"_links":{"self":[{"href":"https:\/\/nexusvisa.ca\/es\/wp-json\/wp\/v2\/pages\/5586","targetHints":{"allow":["GET"]}}],"collection":[{"href":"https:\/\/nexusvisa.ca\/es\/wp-json\/wp\/v2\/pages"}],"about":[{"href":"https:\/\/nexusvisa.ca\/es\/wp-json\/wp\/v2\/types\/page"}],"author":[{"embeddable":true,"href":"https:\/\/nexusvisa.ca\/es\/wp-json\/wp\/v2\/users\/9"}],"replies":[{"embeddable":true,"href":"https:\/\/nexusvisa.ca\/es\/wp-json\/wp\/v2\/comments?post=5586"}],"version-history":[{"count":40,"href":"https:\/\/nexusvisa.ca\/es\/wp-json\/wp\/v2\/pages\/5586\/revisions"}],"predecessor-version":[{"id":12854,"href":"https:\/\/nexusvisa.ca\/es\/wp-json\/wp\/v2\/pages\/5586\/revisions\/12854"}],"wp:attachment":[{"href":"https:\/\/nexusvisa.ca\/es\/wp-json\/wp\/v2\/media?parent=5586"}],"curies":[{"name":"wp","href":"https:\/\/api.w.org\/{rel}","templated":true}]}}