{"id":5584,"date":"2023-01-26T17:07:13","date_gmt":"2023-01-27T00:07:13","guid":{"rendered":"http:\/\/nexusvisa.com\/permiso-de-estudio\/"},"modified":"2023-05-18T15:43:07","modified_gmt":"2023-05-18T21:43:07","slug":"permiso-para-estudiar","status":"publish","type":"page","link":"https:\/\/nexusvisa.ca\/es\/permiso-para-estudiar\/","title":{"rendered":"Permiso para estudiar\u200b"},"content":{"rendered":"\t\t<div data-elementor-type=\"wp-page\" data-elementor-id=\"5584\" class=\"elementor elementor-5584 elementor-2568\">\n\t\t\t\t\t\t<section class=\"elementor-section elementor-top-section elementor-element elementor-element-2876238 elementor-section-boxed elementor-section-height-default elementor-section-height-default\" data-id=\"2876238\" data-element_type=\"section\" data-e-type=\"section\">\n\t\t\t\t\t\t<div class=\"elementor-container elementor-column-gap-default\">\n\t\t\t\t\t<div class=\"elementor-column elementor-col-100 elementor-top-column elementor-element elementor-element-80b3aa0\" data-id=\"80b3aa0\" data-element_type=\"column\" data-e-type=\"column\">\n\t\t\t<div class=\"elementor-widget-wrap elementor-element-populated\">\n\t\t\t\t\t\t<div class=\"elementor-element elementor-element-146108d animated-slow elementor-invisible elementor-widget elementor-widget-heading\" data-id=\"146108d\" data-element_type=\"widget\" data-e-type=\"widget\" data-settings=\"{&quot;_animation&quot;:&quot;fadeIn&quot;}\" data-widget_type=\"heading.default\">\n\t\t\t\t<div class=\"elementor-widget-container\">\n\t\t\t\t\t<h1 class=\"elementor-heading-title elementor-size-default\">Permiso para estudiar<\/h1>\t\t\t\t<\/div>\n\t\t\t\t<\/div>\n\t\t\t\t\t<\/div>\n\t\t<\/div>\n\t\t\t\t\t<\/div>\n\t\t<\/section>\n\t\t\t\t<section class=\"elementor-section elementor-top-section elementor-element elementor-element-8a5ddc3 elementor-section-boxed elementor-section-height-default elementor-section-height-default\" data-id=\"8a5ddc3\" data-element_type=\"section\" data-e-type=\"section\">\n\t\t\t\t\t\t<div class=\"elementor-container elementor-column-gap-default\">\n\t\t\t\t\t<div class=\"elementor-column elementor-col-50 elementor-top-column elementor-element elementor-element-fb253cc\" data-id=\"fb253cc\" data-element_type=\"column\" data-e-type=\"column\">\n\t\t\t<div class=\"elementor-widget-wrap elementor-element-populated\">\n\t\t\t\t\t\t<div class=\"elementor-element elementor-element-b1b333a elementor-invisible elementor-widget elementor-widget-image\" data-id=\"b1b333a\" data-element_type=\"widget\" data-e-type=\"widget\" data-settings=\"{&quot;_animation&quot;:&quot;fadeInLeft&quot;,&quot;_animation_delay&quot;:500}\" data-widget_type=\"image.default\">\n\t\t\t\t<div class=\"elementor-widget-container\">\n\t\t\t\t\t\t\t\t\t\t\t\t\t\t\t<img fetchpriority=\"high\" decoding=\"async\" width=\"768\" height=\"512\" src=\"https:\/\/nexusvisa.ca\/wp-content\/uploads\/2023\/01\/group-study-in-university-library-2022-02-02-05-06-46-utc-768x512.jpg\" class=\"attachment-medium_large size-medium_large wp-image-4924\" alt=\"\" srcset=\"https:\/\/nexusvisa.ca\/wp-content\/uploads\/2023\/01\/group-study-in-university-library-2022-02-02-05-06-46-utc-768x512.jpg 768w, https:\/\/nexusvisa.ca\/wp-content\/uploads\/2023\/01\/group-study-in-university-library-2022-02-02-05-06-46-utc-600x400.jpg 600w, https:\/\/nexusvisa.ca\/wp-content\/uploads\/2023\/01\/group-study-in-university-library-2022-02-02-05-06-46-utc-1024x683.jpg 1024w, https:\/\/nexusvisa.ca\/wp-content\/uploads\/2023\/01\/group-study-in-university-library-2022-02-02-05-06-46-utc.jpg 1800w\" sizes=\"(max-width: 768px) 100vw, 768px\" \/>\t\t\t\t\t\t\t\t\t\t\t\t\t\t\t<\/div>\n\t\t\t\t<\/div>\n\t\t\t\t\t<\/div>\n\t\t<\/div>\n\t\t\t\t<div class=\"elementor-column elementor-col-50 elementor-top-column elementor-element elementor-element-63ba753\" data-id=\"63ba753\" data-element_type=\"column\" data-e-type=\"column\">\n\t\t\t<div class=\"elementor-widget-wrap elementor-element-populated\">\n\t\t\t\t\t\t<div class=\"elementor-element elementor-element-461d695 animated-slow elementor-invisible elementor-widget elementor-widget-text-editor\" data-id=\"461d695\" data-element_type=\"widget\" data-e-type=\"widget\" data-settings=\"{&quot;_animation&quot;:&quot;fadeIn&quot;,&quot;_animation_delay&quot;:500}\" data-widget_type=\"text-editor.default\">\n\t\t\t\t<div class=\"elementor-widget-container\">\n\t\t\t\t\t\t\t\t\t<p>Canad\u00e1 es uno de los 10 mejores pa\u00edses para que los estudiantes internacionales contin\u00faen sus estudios en todos los niveles, desde primaria, secundaria, postsecundaria\/pregrado, posgrado y hasta el nivel de estudios de grado.\u00a0Canad\u00e1 es una naci\u00f3n rica en multiculturalismo y multiculturalidad.\u00a0Al venir a estudiar a Canad\u00e1, puede conocer y entablar amistad con personas de todo el mundo mientras contin\u00faa sus estudios en un entorno educativo de clase mundial.<\/p><p>Comenzando en el nivel de postsecundaria\/pregrado, los estudiantes inscritos en programas elegibles en institutos de aprendizaje calificados pueden tener la oportunidad de trabajar a tiempo parcial en el campus y\/o fuera del campus durante el semestre regular y trabajar a tiempo completo durante los recesos entre semestre (por ejemplo, vacaciones de invierno, semestres de verano, etc.). Una vez que complete con \u00e9xito el programa elegible en los institutos calificados, puede calificar para un permiso de trabajo de posgrado (PGWP). Un PGWP es un permiso de trabajo abierto exento de LMIA que permite a una persona aplicar sus conjuntos de habilidades, que se pueden aprender en las escuelas o en cualquier lugar de Canad\u00e1. Esto puede ayudar a una persona a construir una red de contactos, experimentar m\u00e1s la vida en Canad\u00e1 y tener mejores ideas de hacia d\u00f3nde dirigirse en el futuro.<\/p>\t\t\t\t\t\t\t\t<\/div>\n\t\t\t\t<\/div>\n\t\t\t\t\t<\/div>\n\t\t<\/div>\n\t\t\t\t\t<\/div>\n\t\t<\/section>\n\t\t\t\t<\/div>\n\t\t","protected":false},"excerpt":{"rendered":"<p>Permiso para estudiar Canad\u00e1 es uno de los 10 mejores pa\u00edses para que los estudiantes internacionales contin\u00faen sus estudios en todos los niveles, desde primaria, secundaria, postsecundaria\/pregrado, posgrado y hasta el nivel de estudios de grado.\u00a0Canad\u00e1 es una naci\u00f3n rica en multiculturalismo y multiculturalidad.\u00a0Al venir a estudiar a Canad\u00e1, puede conocer y entablar amistad con [&hellip;]<\/p>\n","protected":false},"author":9,"featured_media":0,"parent":0,"menu_order":0,"comment_status":"closed","ping_status":"closed","template":"","meta":{"footnotes":""},"class_list":["post-5584","page","type-page","status-publish","hentry"],"_links":{"self":[{"href":"https:\/\/nexusvisa.ca\/es\/wp-json\/wp\/v2\/pages\/5584","targetHints":{"allow":["GET"]}}],"collection":[{"href":"https:\/\/nexusvisa.ca\/es\/wp-json\/wp\/v2\/pages"}],"about":[{"href":"https:\/\/nexusvisa.ca\/es\/wp-json\/wp\/v2\/types\/page"}],"author":[{"embeddable":true,"href":"https:\/\/nexusvisa.ca\/es\/wp-json\/wp\/v2\/users\/9"}],"replies":[{"embeddable":true,"href":"https:\/\/nexusvisa.ca\/es\/wp-json\/wp\/v2\/comments?post=5584"}],"version-history":[{"count":24,"href":"https:\/\/nexusvisa.ca\/es\/wp-json\/wp\/v2\/pages\/5584\/revisions"}],"predecessor-version":[{"id":12953,"href":"https:\/\/nexusvisa.ca\/es\/wp-json\/wp\/v2\/pages\/5584\/revisions\/12953"}],"wp:attachment":[{"href":"https:\/\/nexusvisa.ca\/es\/wp-json\/wp\/v2\/media?parent=5584"}],"curies":[{"name":"wp","href":"https:\/\/api.w.org\/{rel}","templated":true}]}}