{"id":5535,"date":"2023-01-23T11:55:55","date_gmt":"2023-01-23T18:55:55","guid":{"rendered":"http:\/\/nexusvisa.com\/programa-de-autonomos\/"},"modified":"2023-05-16T16:36:58","modified_gmt":"2023-05-16T22:36:58","slug":"programa-de-trabajadores-por-cuenta-propia","status":"publish","type":"page","link":"https:\/\/nexusvisa.ca\/es\/programa-de-trabajadores-por-cuenta-propia\/","title":{"rendered":"Programa de Trabajadores por Cuenta Propia"},"content":{"rendered":"\t\t<div data-elementor-type=\"wp-page\" data-elementor-id=\"5535\" class=\"elementor elementor-5535 elementor-2166\">\n\t\t\t\t\t\t<section class=\"elementor-section elementor-top-section elementor-element elementor-element-1abd77b elementor-section-boxed elementor-section-height-default elementor-section-height-default\" data-id=\"1abd77b\" data-element_type=\"section\" data-e-type=\"section\">\n\t\t\t\t\t\t<div class=\"elementor-container elementor-column-gap-default\">\n\t\t\t\t\t<div class=\"elementor-column elementor-col-100 elementor-top-column elementor-element elementor-element-16d067a\" data-id=\"16d067a\" data-element_type=\"column\" data-e-type=\"column\">\n\t\t\t<div class=\"elementor-widget-wrap elementor-element-populated\">\n\t\t\t\t\t\t<div class=\"elementor-element elementor-element-414fb21 animated-slow elementor-invisible elementor-widget elementor-widget-heading\" data-id=\"414fb21\" data-element_type=\"widget\" data-e-type=\"widget\" data-settings=\"{&quot;_animation&quot;:&quot;fadeIn&quot;}\" data-widget_type=\"heading.default\">\n\t\t\t\t<div class=\"elementor-widget-container\">\n\t\t\t\t\t<h1 class=\"elementor-heading-title elementor-size-default\">Programa de Trabajadores por Cuenta Propia<\/h1>\t\t\t\t<\/div>\n\t\t\t\t<\/div>\n\t\t\t\t\t<\/div>\n\t\t<\/div>\n\t\t\t\t\t<\/div>\n\t\t<\/section>\n\t\t\t\t<section class=\"elementor-section elementor-top-section elementor-element elementor-element-f183482 elementor-section-boxed elementor-section-height-default elementor-section-height-default\" data-id=\"f183482\" data-element_type=\"section\" data-e-type=\"section\">\n\t\t\t\t\t\t<div class=\"elementor-container elementor-column-gap-default\">\n\t\t\t\t\t<div class=\"elementor-column elementor-col-50 elementor-top-column elementor-element elementor-element-9fd08c5\" data-id=\"9fd08c5\" data-element_type=\"column\" data-e-type=\"column\">\n\t\t\t<div class=\"elementor-widget-wrap elementor-element-populated\">\n\t\t\t\t\t\t<div class=\"elementor-element elementor-element-e44c6f2 elementor-invisible elementor-widget elementor-widget-image\" data-id=\"e44c6f2\" data-element_type=\"widget\" data-e-type=\"widget\" data-settings=\"{&quot;_animation&quot;:&quot;fadeInLeft&quot;,&quot;_animation_delay&quot;:500}\" data-widget_type=\"image.default\">\n\t\t\t\t<div class=\"elementor-widget-container\">\n\t\t\t\t\t\t\t\t\t\t\t\t\t\t\t<img fetchpriority=\"high\" decoding=\"async\" width=\"768\" height=\"512\" src=\"https:\/\/nexusvisa.ca\/wp-content\/uploads\/2023\/01\/new-normal-self-employed-women-hand-holding-pen-a-2022-11-02-17-22-16-utc-768x512.jpg\" class=\"attachment-medium_large size-medium_large wp-image-4969\" alt=\"\" srcset=\"https:\/\/nexusvisa.ca\/wp-content\/uploads\/2023\/01\/new-normal-self-employed-women-hand-holding-pen-a-2022-11-02-17-22-16-utc-768x512.jpg 768w, https:\/\/nexusvisa.ca\/wp-content\/uploads\/2023\/01\/new-normal-self-employed-women-hand-holding-pen-a-2022-11-02-17-22-16-utc-600x400.jpg 600w, https:\/\/nexusvisa.ca\/wp-content\/uploads\/2023\/01\/new-normal-self-employed-women-hand-holding-pen-a-2022-11-02-17-22-16-utc-1024x683.jpg 1024w, https:\/\/nexusvisa.ca\/wp-content\/uploads\/2023\/01\/new-normal-self-employed-women-hand-holding-pen-a-2022-11-02-17-22-16-utc.jpg 1600w\" sizes=\"(max-width: 768px) 100vw, 768px\" \/>\t\t\t\t\t\t\t\t\t\t\t\t\t\t\t<\/div>\n\t\t\t\t<\/div>\n\t\t\t\t\t<\/div>\n\t\t<\/div>\n\t\t\t\t<div class=\"elementor-column elementor-col-50 elementor-top-column elementor-element elementor-element-54bf77d\" data-id=\"54bf77d\" data-element_type=\"column\" data-e-type=\"column\">\n\t\t\t<div class=\"elementor-widget-wrap elementor-element-populated\">\n\t\t\t\t\t\t<div class=\"elementor-element elementor-element-c4333d9 animated-slow elementor-invisible elementor-widget elementor-widget-text-editor\" data-id=\"c4333d9\" data-element_type=\"widget\" data-e-type=\"widget\" data-settings=\"{&quot;_animation&quot;:&quot;fadeIn&quot;,&quot;_animation_delay&quot;:500}\" data-widget_type=\"text-editor.default\">\n\t\t\t\t<div class=\"elementor-widget-container\">\n\t\t\t\t\t\t\t\t\t<p><strong>El programa de trabajo <\/strong><strong>por cuenta propia<\/strong>\u00a0esta destinado a los extranjeros que pueden crear su propio empleo, contribuyendo atl\u00e9tica, cultural o art\u00edsticamente al mercado laboral de Canad\u00e1.\u00a0Las personas con fondos suficientes y experiencia laboral relevante pueden solicitar el Programa de Trabajadores por Cuenta Propia.\u00a0Este programa no tiene un patrimonio neto m\u00ednimo ni requisitos de inversi\u00f3n.<\/p><p>Para calificar como trabajador por cuenta propia, debe tener dos a\u00f1os de experiencia relevante de los \u00faltimos 5 a\u00f1os y demostrar que tiene la intenci\u00f3n de trabajar por cuenta propia en Canad\u00e1.\u00a0Tambi\u00e9n debe obtener al menos 35 puntos en una tabla de selecci\u00f3n dise\u00f1ada para determinar si podr\u00e1 hacer una contribuci\u00f3n econ\u00f3mica a Canad\u00e1.<\/p>\t\t\t\t\t\t\t\t<\/div>\n\t\t\t\t<\/div>\n\t\t\t\t\t<\/div>\n\t\t<\/div>\n\t\t\t\t\t<\/div>\n\t\t<\/section>\n\t\t\t\t<section class=\"elementor-section elementor-top-section elementor-element elementor-element-fcc4e04 animated-slow elementor-section-boxed elementor-section-height-default elementor-section-height-default elementor-invisible\" data-id=\"fcc4e04\" data-element_type=\"section\" data-e-type=\"section\" data-settings=\"{&quot;animation&quot;:&quot;fadeIn&quot;,&quot;animation_delay&quot;:500}\">\n\t\t\t\t\t\t<div class=\"elementor-container elementor-column-gap-default\">\n\t\t\t\t\t<div class=\"elementor-column elementor-col-100 elementor-top-column elementor-element elementor-element-de1df18\" data-id=\"de1df18\" data-element_type=\"column\" data-e-type=\"column\">\n\t\t\t<div class=\"elementor-widget-wrap elementor-element-populated\">\n\t\t\t\t\t\t<div class=\"elementor-element elementor-element-0db17d8 elementor-widget elementor-widget-text-editor\" data-id=\"0db17d8\" data-element_type=\"widget\" data-e-type=\"widget\" data-widget_type=\"text-editor.default\">\n\t\t\t\t<div class=\"elementor-widget-container\">\n\t\t\t\t\t\t\t\t\t<p>Para Inmigrar como trabajador por cuenta propia, debe cumplir con los criterios sectoriales del programa:<\/p><ul><li>Experiencia<\/li><li>Educaci\u00f3n<\/li><li>Edad<\/li><li>Habilidades ling\u00fc\u00edsticas<\/li><li>Adaptabilidad<\/li><\/ul>\t\t\t\t\t\t\t\t<\/div>\n\t\t\t\t<\/div>\n\t\t\t\t\t<\/div>\n\t\t<\/div>\n\t\t\t\t\t<\/div>\n\t\t<\/section>\n\t\t\t\t<\/div>\n\t\t","protected":false},"excerpt":{"rendered":"<p>Programa de Trabajadores por Cuenta Propia El programa de trabajo por cuenta propia\u00a0esta destinado a los extranjeros que pueden crear su propio empleo, contribuyendo atl\u00e9tica, cultural o art\u00edsticamente al mercado laboral de Canad\u00e1.\u00a0Las personas con fondos suficientes y experiencia laboral relevante pueden solicitar el Programa de Trabajadores por Cuenta Propia.\u00a0Este programa no tiene un patrimonio [&hellip;]<\/p>\n","protected":false},"author":9,"featured_media":0,"parent":0,"menu_order":0,"comment_status":"closed","ping_status":"closed","template":"","meta":{"footnotes":""},"class_list":["post-5535","page","type-page","status-publish","hentry"],"_links":{"self":[{"href":"https:\/\/nexusvisa.ca\/es\/wp-json\/wp\/v2\/pages\/5535","targetHints":{"allow":["GET"]}}],"collection":[{"href":"https:\/\/nexusvisa.ca\/es\/wp-json\/wp\/v2\/pages"}],"about":[{"href":"https:\/\/nexusvisa.ca\/es\/wp-json\/wp\/v2\/types\/page"}],"author":[{"embeddable":true,"href":"https:\/\/nexusvisa.ca\/es\/wp-json\/wp\/v2\/users\/9"}],"replies":[{"embeddable":true,"href":"https:\/\/nexusvisa.ca\/es\/wp-json\/wp\/v2\/comments?post=5535"}],"version-history":[{"count":19,"href":"https:\/\/nexusvisa.ca\/es\/wp-json\/wp\/v2\/pages\/5535\/revisions"}],"predecessor-version":[{"id":12618,"href":"https:\/\/nexusvisa.ca\/es\/wp-json\/wp\/v2\/pages\/5535\/revisions\/12618"}],"wp:attachment":[{"href":"https:\/\/nexusvisa.ca\/es\/wp-json\/wp\/v2\/media?parent=5535"}],"curies":[{"name":"wp","href":"https:\/\/api.w.org\/{rel}","templated":true}]}}