{"id":5488,"date":"2023-01-24T10:44:15","date_gmt":"2023-01-24T17:44:15","guid":{"rendered":"http:\/\/nexusvisa.com\/programa-de-visados-para-empresas-incipientes\/"},"modified":"2023-05-18T14:54:59","modified_gmt":"2023-05-18T20:54:59","slug":"programa-de-visa-para-emprendedores","status":"publish","type":"page","link":"https:\/\/nexusvisa.ca\/es\/programa-de-visa-para-emprendedores\/","title":{"rendered":"Programa de Visa para Emprendedores"},"content":{"rendered":"\t\t<div data-elementor-type=\"wp-page\" data-elementor-id=\"5488\" class=\"elementor elementor-5488 elementor-2262\">\n\t\t\t\t\t\t<section class=\"elementor-section elementor-top-section elementor-element elementor-element-40dd103 elementor-section-boxed elementor-section-height-default elementor-section-height-default\" data-id=\"40dd103\" data-element_type=\"section\" data-e-type=\"section\">\n\t\t\t\t\t\t<div class=\"elementor-container elementor-column-gap-default\">\n\t\t\t\t\t<div class=\"elementor-column elementor-col-100 elementor-top-column elementor-element elementor-element-0173554\" data-id=\"0173554\" data-element_type=\"column\" data-e-type=\"column\">\n\t\t\t<div class=\"elementor-widget-wrap elementor-element-populated\">\n\t\t\t\t\t\t<div class=\"elementor-element elementor-element-7f9b914 animated-slow elementor-invisible elementor-widget elementor-widget-heading\" data-id=\"7f9b914\" data-element_type=\"widget\" data-e-type=\"widget\" data-settings=\"{&quot;_animation&quot;:&quot;fadeIn&quot;}\" data-widget_type=\"heading.default\">\n\t\t\t\t<div class=\"elementor-widget-container\">\n\t\t\t\t\t<h1 class=\"elementor-heading-title elementor-size-default\">Programa de Visa para Emprendedores<\/h1>\t\t\t\t<\/div>\n\t\t\t\t<\/div>\n\t\t\t\t\t<\/div>\n\t\t<\/div>\n\t\t\t\t\t<\/div>\n\t\t<\/section>\n\t\t\t\t<section class=\"elementor-section elementor-top-section elementor-element elementor-element-d4f6e1c elementor-section-boxed elementor-section-height-default elementor-section-height-default\" data-id=\"d4f6e1c\" data-element_type=\"section\" data-e-type=\"section\">\n\t\t\t\t\t\t<div class=\"elementor-container elementor-column-gap-default\">\n\t\t\t\t\t<div class=\"elementor-column elementor-col-50 elementor-top-column elementor-element elementor-element-ac779e0\" data-id=\"ac779e0\" data-element_type=\"column\" data-e-type=\"column\">\n\t\t\t<div class=\"elementor-widget-wrap elementor-element-populated\">\n\t\t\t\t\t\t<div class=\"elementor-element elementor-element-907ca90 elementor-invisible elementor-widget elementor-widget-image\" data-id=\"907ca90\" data-element_type=\"widget\" data-e-type=\"widget\" data-settings=\"{&quot;_animation&quot;:&quot;fadeInLeft&quot;,&quot;_animation_delay&quot;:500}\" data-widget_type=\"image.default\">\n\t\t\t\t<div class=\"elementor-widget-container\">\n\t\t\t\t\t\t\t\t\t\t\t\t\t\t\t<img fetchpriority=\"high\" decoding=\"async\" width=\"768\" height=\"512\" src=\"https:\/\/nexusvisa.ca\/wp-content\/uploads\/2023\/01\/creative-process-2021-09-24-04-00-47-utc-768x512.jpg\" class=\"attachment-medium_large size-medium_large wp-image-5169\" alt=\"\" srcset=\"https:\/\/nexusvisa.ca\/wp-content\/uploads\/2023\/01\/creative-process-2021-09-24-04-00-47-utc-768x512.jpg 768w, https:\/\/nexusvisa.ca\/wp-content\/uploads\/2023\/01\/creative-process-2021-09-24-04-00-47-utc-600x400.jpg 600w, https:\/\/nexusvisa.ca\/wp-content\/uploads\/2023\/01\/creative-process-2021-09-24-04-00-47-utc-1024x683.jpg 1024w, https:\/\/nexusvisa.ca\/wp-content\/uploads\/2023\/01\/creative-process-2021-09-24-04-00-47-utc.jpg 1200w\" sizes=\"(max-width: 768px) 100vw, 768px\" \/>\t\t\t\t\t\t\t\t\t\t\t\t\t\t\t<\/div>\n\t\t\t\t<\/div>\n\t\t\t\t\t<\/div>\n\t\t<\/div>\n\t\t\t\t<div class=\"elementor-column elementor-col-50 elementor-top-column elementor-element elementor-element-3d90528\" data-id=\"3d90528\" data-element_type=\"column\" data-e-type=\"column\">\n\t\t\t<div class=\"elementor-widget-wrap elementor-element-populated\">\n\t\t\t\t\t\t<div class=\"elementor-element elementor-element-79417ea animated-slow elementor-invisible elementor-widget elementor-widget-text-editor\" data-id=\"79417ea\" data-element_type=\"widget\" data-e-type=\"widget\" data-settings=\"{&quot;_animation&quot;:&quot;fadeIn&quot;,&quot;_animation_delay&quot;:500}\" data-widget_type=\"text-editor.default\">\n\t\t\t\t<div class=\"elementor-widget-container\">\n\t\t\t\t\t\t\t\t\t<p>El Programa de visa para Emprendedores de Canad\u00e1 es una v\u00eda \u00fanica para que los empresarios extranjeros que tienen conceptos comerciales creativos e innovadores puedan competir en el mercado global.\u00a0Este programa brinda a estos emprendedores la plataforma perfecta para lanzar sus negocios con el apoyo que necesitan en Canad\u00e1.\u00a0Esto ayuda a estimular el crecimiento econ\u00f3mico y crear puestos de trabajo para los ciudadanos canadienses y los residentes permanentes existentes.\u00a0El Gobierno de Canad\u00e1 fomenta este tipo de visa para emprendedores y les proporciona los recursos necesarios para ayudarlos a tener \u00e9xito.<\/p><p>Los posibles solicitantes de la Visa de Emprendedores que tengan \u00e9xito en este programa pueden recibir el estatus de residente permanente y continuar operando su empresa emergente como se pretend\u00eda, con la idea innovadora y creativa que presentaron al solicitar la visa.<\/p>\t\t\t\t\t\t\t\t<\/div>\n\t\t\t\t<\/div>\n\t\t\t\t\t<\/div>\n\t\t<\/div>\n\t\t\t\t\t<\/div>\n\t\t<\/section>\n\t\t\t\t<\/div>\n\t\t","protected":false},"excerpt":{"rendered":"<p>Programa de Visa para Emprendedores El Programa de visa para Emprendedores de Canad\u00e1 es una v\u00eda \u00fanica para que los empresarios extranjeros que tienen conceptos comerciales creativos e innovadores puedan competir en el mercado global.\u00a0Este programa brinda a estos emprendedores la plataforma perfecta para lanzar sus negocios con el apoyo que necesitan en Canad\u00e1.\u00a0Esto ayuda [&hellip;]<\/p>\n","protected":false},"author":9,"featured_media":0,"parent":0,"menu_order":0,"comment_status":"closed","ping_status":"closed","template":"","meta":{"footnotes":""},"class_list":["post-5488","page","type-page","status-publish","hentry"],"_links":{"self":[{"href":"https:\/\/nexusvisa.ca\/es\/wp-json\/wp\/v2\/pages\/5488","targetHints":{"allow":["GET"]}}],"collection":[{"href":"https:\/\/nexusvisa.ca\/es\/wp-json\/wp\/v2\/pages"}],"about":[{"href":"https:\/\/nexusvisa.ca\/es\/wp-json\/wp\/v2\/types\/page"}],"author":[{"embeddable":true,"href":"https:\/\/nexusvisa.ca\/es\/wp-json\/wp\/v2\/users\/9"}],"replies":[{"embeddable":true,"href":"https:\/\/nexusvisa.ca\/es\/wp-json\/wp\/v2\/comments?post=5488"}],"version-history":[{"count":28,"href":"https:\/\/nexusvisa.ca\/es\/wp-json\/wp\/v2\/pages\/5488\/revisions"}],"predecessor-version":[{"id":12941,"href":"https:\/\/nexusvisa.ca\/es\/wp-json\/wp\/v2\/pages\/5488\/revisions\/12941"}],"wp:attachment":[{"href":"https:\/\/nexusvisa.ca\/es\/wp-json\/wp\/v2\/media?parent=5488"}],"curies":[{"name":"wp","href":"https:\/\/api.w.org\/{rel}","templated":true}]}}