{"id":5480,"date":"2023-01-17T09:16:41","date_gmt":"2023-01-17T16:16:41","guid":{"rendered":"http:\/\/nexusvisa.com\/nuestro-equipo\/"},"modified":"2025-02-14T13:08:27","modified_gmt":"2025-02-14T20:08:27","slug":"nuestro-equipo","status":"publish","type":"page","link":"https:\/\/nexusvisa.ca\/es\/nuestro-equipo\/","title":{"rendered":"Nuestro equipo\u200b"},"content":{"rendered":"\t\t<div data-elementor-type=\"wp-page\" data-elementor-id=\"5480\" class=\"elementor elementor-5480 elementor-216\">\n\t\t\t\t\t\t<section class=\"elementor-section elementor-top-section elementor-element elementor-element-8e8d9b7 elementor-section-boxed elementor-section-height-default elementor-section-height-default\" data-id=\"8e8d9b7\" data-element_type=\"section\" data-e-type=\"section\">\n\t\t\t\t\t\t<div class=\"elementor-container elementor-column-gap-default\">\n\t\t\t\t\t<div class=\"elementor-column elementor-col-100 elementor-top-column elementor-element elementor-element-9bab228\" data-id=\"9bab228\" data-element_type=\"column\" data-e-type=\"column\">\n\t\t\t<div class=\"elementor-widget-wrap elementor-element-populated\">\n\t\t\t\t\t\t<div class=\"elementor-element elementor-element-88261cd animated-slow elementor-invisible elementor-widget elementor-widget-heading\" data-id=\"88261cd\" data-element_type=\"widget\" data-e-type=\"widget\" data-settings=\"{&quot;_animation&quot;:&quot;fadeIn&quot;}\" data-widget_type=\"heading.default\">\n\t\t\t\t<div class=\"elementor-widget-container\">\n\t\t\t\t\t<h1 class=\"elementor-heading-title elementor-size-default\">Nuestro equipo<\/h1>\t\t\t\t<\/div>\n\t\t\t\t<\/div>\n\t\t\t\t\t<\/div>\n\t\t<\/div>\n\t\t\t\t\t<\/div>\n\t\t<\/section>\n\t\t\t\t<section class=\"elementor-section elementor-top-section elementor-element elementor-element-36f7f7b elementor-section-full_width animated-slow elementor-section-height-default elementor-section-height-default elementor-invisible\" data-id=\"36f7f7b\" data-element_type=\"section\" data-e-type=\"section\" data-settings=\"{&quot;animation&quot;:&quot;fadeIn&quot;,&quot;animation_delay&quot;:500}\">\n\t\t\t\t\t\t<div class=\"elementor-container elementor-column-gap-default\">\n\t\t\t\t\t<div class=\"elementor-column elementor-col-100 elementor-top-column elementor-element elementor-element-7554f6c\" data-id=\"7554f6c\" data-element_type=\"column\" data-e-type=\"column\">\n\t\t\t<div class=\"elementor-widget-wrap elementor-element-populated\">\n\t\t\t\t\t\t<div class=\"elementor-element elementor-element-a132d67 elementor-widget elementor-widget-gva-services-group\" data-id=\"a132d67\" data-element_type=\"widget\" data-e-type=\"widget\" data-widget_type=\"gva-services-group.default\">\n\t\t\t\t<div class=\"elementor-widget-container\">\n\t\t\t\t\t<div class=\"gva-element-gva-services-group gva-element\">\r\n<div class=\"swiper-slider-wrapper gsc-services-group layout-carousel style-2 \">\r\n   <div class=\"swiper-content-inner\">   \r\n      <div class=\"init-carousel-swiper swiper\" data-carousel=\"{&quot;items&quot;:3,&quot;items_lg&quot;:3,&quot;items_md&quot;:3,&quot;items_sm&quot;:2,&quot;items_xs&quot;:1,&quot;items_xx&quot;:1,&quot;items_xxx&quot;:1,&quot;effect&quot;:&quot;slide&quot;,&quot;space_between&quot;:30,&quot;loop&quot;:1,&quot;speed&quot;:1000,&quot;autoplay&quot;:1,&quot;autoplay_delay&quot;:4500,&quot;autoplay_hover&quot;:1,&quot;navigation&quot;:1,&quot;pagination&quot;:0,&quot;dynamic_bullets&quot;:0,&quot;pagination_type&quot;:&quot;bullets&quot;}\">\r\n         <div class=\"swiper-wrapper\">\r\n                           <div class=\"swiper-slide\">\r\n                  \r\n\t\r\n\r\n   <div class=\"service-item style-2\">\r\n      \r\n      \t      <div class=\"service-image text-center\">\r\n\t      \t<img decoding=\"async\"  data-src=\"https:\/\/nexusvisa.ca\/wp-content\/uploads\/2023\/01\/business-solidarity-2022-02-08-03-18-36-utc.jpg\" alt=\"Integridad\" src=\"data:image\/svg+xml;base64,PHN2ZyB3aWR0aD0iMSIgaGVpZ2h0PSIxIiB4bWxucz0iaHR0cDovL3d3dy53My5vcmcvMjAwMC9zdmciPjwvc3ZnPg==\" class=\"lazyload\" style=\"--smush-placeholder-width: 800px; --smush-placeholder-aspect-ratio: 800\/800;\" \/>\r\n\t      <\/div>\r\n\t   \r\n      <div class=\"service-content\">\r\n\t\t\t<div class=\"content-inner\">\r\n\t\t\t\t\t\t\t\t\t<h3 class=\"title\"><span>Integridad<\/span><\/h3>\r\n\t\t\t\t\r\n\t\t\t\t\t\t\t\t\t<span class=\"box-icon\">\r\n\t\t\t\t\t\t<i aria-hidden=\"true\" class=\" la la-handshake-o\"><\/i>\t\t\t\t\t<\/span>\r\n\t\t\t\t\t\t\t<\/div>\t\r\n\t\t<\/div>\r\n\r\n\t\t\r\n\t\t<div class=\"service-content-hover\">\r\n\t\t\t<div class=\"content-inner\">\r\n\t\t\t\t\t\t\t\t\t<span class=\"box-icon\">\r\n\t\t\t\t\t\t<i aria-hidden=\"true\" class=\" la la-handshake-o\"><\/i>\t\t\t\t\t<\/span>\r\n\t\t\t\t\r\n\t\t\t\t\t\t\t\t\t<h3 class=\"title\"><span>Integridad<\/span><\/h3>\r\n\t\t\t\t\t\t\t\t\t\t\t\t\t<div class=\"desc\">Es la semilla del logro. Somos \u00e9ticos, valoramos la honestidad y la relaci\u00f3n a largo plazo con el cliente. Nuestro objetivo es proporcionar a los clientes las opciones precisas y la asistencia espec\u00edfica para cada situaci\u00f3n \u00fanica.<\/div>\r\n\t\t\t\t\t\t\t<\/div>\t\r\n\t\t\t<div class=\"service-background\">\r\n\t\t\t\t\t\t\t\t\t<img decoding=\"async\" data-src=\"https:\/\/nexusvisa.ca\/wp-content\/uploads\/2023\/01\/business-solidarity-2022-02-08-03-18-36-utc.jpg\" alt=\"Integridad\" src=\"data:image\/svg+xml;base64,PHN2ZyB3aWR0aD0iMSIgaGVpZ2h0PSIxIiB4bWxucz0iaHR0cDovL3d3dy53My5vcmcvMjAwMC9zdmciPjwvc3ZnPg==\" class=\"lazyload\" style=\"--smush-placeholder-width: 800px; --smush-placeholder-aspect-ratio: 800\/800;\" \/>\r\n\t\t\t\t\t\r\n\t\t\t<\/div>\r\n\t\t\t\t\t<\/div>\t\r\n\t<\/div>\r\n\t\r\n\r\n\r\n\r\n               <\/div>\r\n                           <div class=\"swiper-slide\">\r\n                  \r\n\t\r\n\r\n   <div class=\"service-item style-2\">\r\n      \r\n      \t      <div class=\"service-image text-center\">\r\n\t      \t<img decoding=\"async\"  data-src=\"https:\/\/nexusvisa.ca\/wp-content\/uploads\/2023\/01\/hand-choosing-smile-face-from-emotion-block-for-cu-2022-12-29-04-14-51-utc.jpg\" alt=\"Responsabilidad\" src=\"data:image\/svg+xml;base64,PHN2ZyB3aWR0aD0iMSIgaGVpZ2h0PSIxIiB4bWxucz0iaHR0cDovL3d3dy53My5vcmcvMjAwMC9zdmciPjwvc3ZnPg==\" class=\"lazyload\" style=\"--smush-placeholder-width: 800px; --smush-placeholder-aspect-ratio: 800\/800;\" \/>\r\n\t      <\/div>\r\n\t   \r\n      <div class=\"service-content\">\r\n\t\t\t<div class=\"content-inner\">\r\n\t\t\t\t\t\t\t\t\t<h3 class=\"title\"><span>Responsabilidad<\/span><\/h3>\r\n\t\t\t\t\r\n\t\t\t\t\t\t\t\t\t<span class=\"box-icon\">\r\n\t\t\t\t\t\t<i aria-hidden=\"true\" class=\"fas fa-home\"><\/i>\t\t\t\t\t<\/span>\r\n\t\t\t\t\t\t\t<\/div>\t\r\n\t\t<\/div>\r\n\r\n\t\t\r\n\t\t<div class=\"service-content-hover\">\r\n\t\t\t<div class=\"content-inner\">\r\n\t\t\t\t\t\t\t\t\t<span class=\"box-icon\">\r\n\t\t\t\t\t\t<i aria-hidden=\"true\" class=\"fas fa-home\"><\/i>\t\t\t\t\t<\/span>\r\n\t\t\t\t\r\n\t\t\t\t\t\t\t\t\t<h3 class=\"title\"><span>Responsabilidad<\/span><\/h3>\r\n\t\t\t\t\t\t\t\t\t\t\t\t\t<div class=\"desc\">No es solo lo que hacemos, sino tambi\u00e9n lo que no hacemos, de lo que somos responsables. Trabajamos duro y hacemos todo lo posible para superar las expectativas de nuestros clientes.<\/div>\r\n\t\t\t\t\t\t\t<\/div>\t\r\n\t\t\t<div class=\"service-background\">\r\n\t\t\t\t\t\t\t\t\t<img decoding=\"async\" data-src=\"https:\/\/nexusvisa.ca\/wp-content\/uploads\/2023\/01\/hand-choosing-smile-face-from-emotion-block-for-cu-2022-12-29-04-14-51-utc.jpg\" alt=\"Responsabilidad\" src=\"data:image\/svg+xml;base64,PHN2ZyB3aWR0aD0iMSIgaGVpZ2h0PSIxIiB4bWxucz0iaHR0cDovL3d3dy53My5vcmcvMjAwMC9zdmciPjwvc3ZnPg==\" class=\"lazyload\" style=\"--smush-placeholder-width: 800px; --smush-placeholder-aspect-ratio: 800\/800;\" \/>\r\n\t\t\t\t\t\r\n\t\t\t<\/div>\r\n\t\t\t\t\t<\/div>\t\r\n\t<\/div>\r\n\t\r\n\r\n\r\n\r\n               <\/div>\r\n                           <div class=\"swiper-slide\">\r\n                  \r\n\t\r\n\r\n   <div class=\"service-item style-2\">\r\n      \r\n      \t      <div class=\"service-image text-center\">\r\n\t      \t<img decoding=\"async\"  data-src=\"https:\/\/nexusvisa.ca\/wp-content\/uploads\/2023\/01\/library-drawer-close-up-2021-08-26-15-45-57-utc.jpg\" alt=\"Experiencia\" src=\"data:image\/svg+xml;base64,PHN2ZyB3aWR0aD0iMSIgaGVpZ2h0PSIxIiB4bWxucz0iaHR0cDovL3d3dy53My5vcmcvMjAwMC9zdmciPjwvc3ZnPg==\" class=\"lazyload\" style=\"--smush-placeholder-width: 800px; --smush-placeholder-aspect-ratio: 800\/800;\" \/>\r\n\t      <\/div>\r\n\t   \r\n      <div class=\"service-content\">\r\n\t\t\t<div class=\"content-inner\">\r\n\t\t\t\t\t\t\t\t\t<h3 class=\"title\"><span>Experiencia<\/span><\/h3>\r\n\t\t\t\t\r\n\t\t\t\t\t\t\t\t\t<span class=\"box-icon\">\r\n\t\t\t\t\t\t<i aria-hidden=\"true\" class=\"far fa-lightbulb\"><\/i>\t\t\t\t\t<\/span>\r\n\t\t\t\t\t\t\t<\/div>\t\r\n\t\t<\/div>\r\n\r\n\t\t\r\n\t\t<div class=\"service-content-hover\">\r\n\t\t\t<div class=\"content-inner\">\r\n\t\t\t\t\t\t\t\t\t<span class=\"box-icon\">\r\n\t\t\t\t\t\t<i aria-hidden=\"true\" class=\"far fa-lightbulb\"><\/i>\t\t\t\t\t<\/span>\r\n\t\t\t\t\r\n\t\t\t\t\t\t\t\t\t<h3 class=\"title\"><span>Experiencia<\/span><\/h3>\r\n\t\t\t\t\t\t\t\t\t\t\t\t\t<div class=\"desc\">Nuestros consultores de inmigraci\u00f3n con licencia proporcionan un alto nivel de experiencia, competencia y el enfoque estrat\u00e9gico necesario para garantizar que nuestros clientes alcancen con \u00e9xito sus objetivos de inmigraci\u00f3n.<\/div>\r\n\t\t\t\t\t\t\t<\/div>\t\r\n\t\t\t<div class=\"service-background\">\r\n\t\t\t\t\t\t\t\t\t<img decoding=\"async\" data-src=\"https:\/\/nexusvisa.ca\/wp-content\/uploads\/2023\/01\/library-drawer-close-up-2021-08-26-15-45-57-utc.jpg\" alt=\"Experiencia\" src=\"data:image\/svg+xml;base64,PHN2ZyB3aWR0aD0iMSIgaGVpZ2h0PSIxIiB4bWxucz0iaHR0cDovL3d3dy53My5vcmcvMjAwMC9zdmciPjwvc3ZnPg==\" class=\"lazyload\" style=\"--smush-placeholder-width: 800px; --smush-placeholder-aspect-ratio: 800\/800;\" \/>\r\n\t\t\t\t\t\r\n\t\t\t<\/div>\r\n\t\t\t\t\t<\/div>\t\r\n\t<\/div>\r\n\t\r\n\r\n\r\n\r\n               <\/div>\r\n                     <\/div> \r\n      <\/div>\r\n   <\/div>   \r\n   <div class=\"swiper-pagination\"><\/div>   <div class=\"swiper-nav-next\"><\/div><div class=\"swiper-nav-prev\"><\/div><\/div>\r\n<\/div>\t\t\t\t<\/div>\n\t\t\t\t<\/div>\n\t\t\t\t\t<\/div>\n\t\t<\/div>\n\t\t\t\t\t<\/div>\n\t\t<\/section>\n\t\t\t\t<section class=\"elementor-section elementor-top-section elementor-element elementor-element-4c6d811 animated-slow elementor-section-boxed elementor-section-height-default elementor-section-height-default elementor-invisible\" data-id=\"4c6d811\" data-element_type=\"section\" data-e-type=\"section\" data-settings=\"{&quot;background_background&quot;:&quot;classic&quot;,&quot;animation&quot;:&quot;fadeIn&quot;,&quot;animation_delay&quot;:500}\">\n\t\t\t\t\t\t<div class=\"elementor-container elementor-column-gap-default\">\n\t\t\t\t\t<div class=\"elementor-column elementor-col-100 elementor-top-column elementor-element elementor-element-af7b22e\" data-id=\"af7b22e\" data-element_type=\"column\" data-e-type=\"column\">\n\t\t\t<div class=\"elementor-widget-wrap elementor-element-populated\">\n\t\t\t\t\t\t<div class=\"elementor-element elementor-element-20e875c elementor-invisible elementor-widget elementor-widget-gva-heading-block\" data-id=\"20e875c\" data-element_type=\"widget\" data-e-type=\"widget\" data-settings=\"{&quot;_animation&quot;:&quot;fadeIn&quot;}\" data-widget_type=\"gva-heading-block.default\">\n\t\t\t\t<div class=\"elementor-widget-container\">\n\t\t\t\t\t<div class=\"gva-element-gva-heading-block gva-element\">   <div class=\"align-center style-1 widget gsc-heading box-align-center auto-responsive\">\r\n      <div class=\"content-inner\">\r\n         \r\n         \r\n         <div class=\"heading-line\"><span><\/span><span><\/span><\/div>\r\n                     <div class=\"sub-title\">\r\n               <span class=\"tagline\">CONSULTOR PROFESIONAL<\/span> \r\n            <\/div>\r\n           \r\n         \r\n                     <h2 class=\"title\">\r\n               <span>Conozca a nuestros expertos<\/span>\r\n            <\/h2>\r\n                  \r\n         \r\n      <\/div>\r\n   <\/div>\r\n<\/div>\t\t\t\t<\/div>\n\t\t\t\t<\/div>\n\t\t\t\t\t<\/div>\n\t\t<\/div>\n\t\t\t\t\t<\/div>\n\t\t<\/section>\n\t\t\t\t<section class=\"elementor-section elementor-top-section elementor-element elementor-element-e0f711a elementor-section-boxed elementor-section-height-default elementor-section-height-default elementor-invisible\" data-id=\"e0f711a\" data-element_type=\"section\" data-e-type=\"section\" data-settings=\"{&quot;background_background&quot;:&quot;classic&quot;,&quot;animation&quot;:&quot;fadeIn&quot;}\">\n\t\t\t\t\t\t<div class=\"elementor-container elementor-column-gap-default\">\n\t\t\t\t\t<div class=\"elementor-column elementor-col-100 elementor-top-column elementor-element elementor-element-89b69fc\" data-id=\"89b69fc\" data-element_type=\"column\" data-e-type=\"column\">\n\t\t\t<div class=\"elementor-widget-wrap elementor-element-populated\">\n\t\t\t\t\t\t<div class=\"elementor-element elementor-element-741250c elementor-widget elementor-widget-image\" data-id=\"741250c\" data-element_type=\"widget\" data-e-type=\"widget\" data-widget_type=\"image.default\">\n\t\t\t\t<div class=\"elementor-widget-container\">\n\t\t\t\t\t\t\t\t\t\t\t\t\t\t\t<img fetchpriority=\"high\" decoding=\"async\" width=\"800\" height=\"1000\" src=\"https:\/\/nexusvisa.ca\/wp-content\/uploads\/2023\/07\/\u7f8e\u4e3d\u4eba\u751f0305_website-1.jpg\" class=\"attachment-large size-large wp-image-13791\" alt=\"\" srcset=\"https:\/\/nexusvisa.ca\/wp-content\/uploads\/2023\/07\/\u7f8e\u4e3d\u4eba\u751f0305_website-1.jpg 800w, https:\/\/nexusvisa.ca\/wp-content\/uploads\/2023\/07\/\u7f8e\u4e3d\u4eba\u751f0305_website-1-768x960.jpg 768w\" sizes=\"(max-width: 800px) 100vw, 800px\" \/>\t\t\t\t\t\t\t\t\t\t\t\t\t\t\t<\/div>\n\t\t\t\t<\/div>\n\t\t\t\t<div class=\"elementor-element elementor-element-9546408 elementor-widget elementor-widget-heading\" data-id=\"9546408\" data-element_type=\"widget\" data-e-type=\"widget\" data-widget_type=\"heading.default\">\n\t\t\t\t<div class=\"elementor-widget-container\">\n\t\t\t\t\t<h2 class=\"elementor-heading-title elementor-size-medium\">CEO \/ RCIC<\/h2>\t\t\t\t<\/div>\n\t\t\t\t<\/div>\n\t\t\t\t<div class=\"elementor-element elementor-element-4986566 elementor-widget elementor-widget-heading\" data-id=\"4986566\" data-element_type=\"widget\" data-e-type=\"widget\" data-widget_type=\"heading.default\">\n\t\t\t\t<div class=\"elementor-widget-container\">\n\t\t\t\t\t<h2 class=\"elementor-heading-title elementor-size-large\">Jully Wang<\/h2>\t\t\t\t<\/div>\n\t\t\t\t<\/div>\n\t\t\t\t<div class=\"elementor-element elementor-element-3f7ae3c elementor-widget elementor-widget-text-editor\" data-id=\"3f7ae3c\" data-element_type=\"widget\" data-e-type=\"widget\" data-widget_type=\"text-editor.default\">\n\t\t\t\t<div class=\"elementor-widget-container\">\n\t\t\t\t\t\t\t\t\t<p>Jully es la fundadora de Nexus Inmigracion &amp; Reclutamiento, y consultora de inmigraci\u00f3n canadiense regulada (RCIC) con m\u00e1s de dos d\u00e9cadas de experiencia trabajando en las industrias creativa, m\u00e9dica y corporativa.<\/p><p>Jully tiene un amplio conocimiento del sistema de inmigraci\u00f3n canadiense y brinda a sus clientes soluciones personalizadas para sus necesidades de migraci\u00f3n.\u00a0Est\u00e1 comprometida con la responsabilidad, la resoluci\u00f3n de problemas y la planificaci\u00f3n estrat\u00e9gica para situaciones de inmigraci\u00f3n personal o corporativa.<\/p>\t\t\t\t\t\t\t\t<\/div>\n\t\t\t\t<\/div>\n\t\t\t\t\t<\/div>\n\t\t<\/div>\n\t\t\t\t\t<\/div>\n\t\t<\/section>\n\t\t\t\t<section class=\"elementor-section elementor-top-section elementor-element elementor-element-865cafc elementor-section-boxed elementor-section-height-default elementor-section-height-default elementor-invisible\" data-id=\"865cafc\" data-element_type=\"section\" data-e-type=\"section\" data-settings=\"{&quot;background_background&quot;:&quot;classic&quot;,&quot;animation&quot;:&quot;fadeIn&quot;}\">\n\t\t\t\t\t\t<div class=\"elementor-container elementor-column-gap-default\">\n\t\t\t\t\t<div class=\"elementor-column elementor-col-50 elementor-top-column elementor-element elementor-element-6319890\" data-id=\"6319890\" data-element_type=\"column\" data-e-type=\"column\">\n\t\t\t<div class=\"elementor-widget-wrap elementor-element-populated\">\n\t\t\t\t\t\t<div class=\"elementor-element elementor-element-b3bdf39 elementor-widget elementor-widget-image\" data-id=\"b3bdf39\" data-element_type=\"widget\" data-e-type=\"widget\" data-widget_type=\"image.default\">\n\t\t\t\t<div class=\"elementor-widget-container\">\n\t\t\t\t\t\t\t\t\t\t\t\t\t\t\t<img decoding=\"async\" width=\"819\" height=\"1024\" data-src=\"https:\/\/nexusvisa.ca\/wp-content\/uploads\/2023\/01\/Martina_Portrait-819x1024.jpg\" class=\"attachment-large size-large wp-image-5084 lazyload\" alt=\"\" data-srcset=\"https:\/\/nexusvisa.ca\/wp-content\/uploads\/2023\/01\/Martina_Portrait-819x1024.jpg 819w, https:\/\/nexusvisa.ca\/wp-content\/uploads\/2023\/01\/Martina_Portrait-600x750.jpg 600w, https:\/\/nexusvisa.ca\/wp-content\/uploads\/2023\/01\/Martina_Portrait-768x960.jpg 768w, https:\/\/nexusvisa.ca\/wp-content\/uploads\/2023\/01\/Martina_Portrait.jpg 960w\" data-sizes=\"(max-width: 819px) 100vw, 819px\" src=\"data:image\/svg+xml;base64,PHN2ZyB3aWR0aD0iMSIgaGVpZ2h0PSIxIiB4bWxucz0iaHR0cDovL3d3dy53My5vcmcvMjAwMC9zdmciPjwvc3ZnPg==\" style=\"--smush-placeholder-width: 819px; --smush-placeholder-aspect-ratio: 819\/1024;\" \/>\t\t\t\t\t\t\t\t\t\t\t\t\t\t\t<\/div>\n\t\t\t\t<\/div>\n\t\t\t\t<div class=\"elementor-element elementor-element-399191d elementor-widget elementor-widget-heading\" data-id=\"399191d\" data-element_type=\"widget\" data-e-type=\"widget\" data-widget_type=\"heading.default\">\n\t\t\t\t<div class=\"elementor-widget-container\">\n\t\t\t\t\t<h2 class=\"elementor-heading-title elementor-size-medium\">Gerente general<\/h2>\t\t\t\t<\/div>\n\t\t\t\t<\/div>\n\t\t\t\t<div class=\"elementor-element elementor-element-04272b1 elementor-widget elementor-widget-heading\" data-id=\"04272b1\" data-element_type=\"widget\" data-e-type=\"widget\" data-widget_type=\"heading.default\">\n\t\t\t\t<div class=\"elementor-widget-container\">\n\t\t\t\t\t<h2 class=\"elementor-heading-title elementor-size-default\">Martina Chan<\/h2>\t\t\t\t<\/div>\n\t\t\t\t<\/div>\n\t\t\t\t<div class=\"elementor-element elementor-element-b8940b0 elementor-widget elementor-widget-text-editor\" data-id=\"b8940b0\" data-element_type=\"widget\" data-e-type=\"widget\" data-widget_type=\"text-editor.default\">\n\t\t\t\t<div class=\"elementor-widget-container\">\n\t\t\t\t\t\t\t\t\t<p>Con m\u00e1s de 20 a\u00f1os de experiencia laboral, Martina es una profesional en gesti\u00f3n comercial general, con amplia experiencia en la gesti\u00f3n de la operaci\u00f3n general y en el liderazgo de quipos para lograr el objetivo de la empresa. \u00a0 \u00a0\u00a0<\/p><p>Martina ha sido la alta direcci\u00f3n de una de las empresas que cotizan en bolsa en Hong Kong, demostrando su experiencia en gesti\u00f3n de proyectos, planificaci\u00f3n estrat\u00e9gica y desarrollo empresarial. Su prioridad siempre ha sido garantizar la satisfacci\u00f3n del cliente y una excelente calidad de trabajo, lo que la ha llevado a un gran \u00e9xito y reconocimiento en la industria.<\/p>\t\t\t\t\t\t\t\t<\/div>\n\t\t\t\t<\/div>\n\t\t\t\t\t<\/div>\n\t\t<\/div>\n\t\t\t\t<div class=\"elementor-column elementor-col-50 elementor-top-column elementor-element elementor-element-ac65c42\" data-id=\"ac65c42\" data-element_type=\"column\" data-e-type=\"column\">\n\t\t\t<div class=\"elementor-widget-wrap elementor-element-populated\">\n\t\t\t\t\t\t<div class=\"elementor-element elementor-element-479df6a elementor-widget elementor-widget-image\" data-id=\"479df6a\" data-element_type=\"widget\" data-e-type=\"widget\" data-widget_type=\"image.default\">\n\t\t\t\t<div class=\"elementor-widget-container\">\n\t\t\t\t\t\t\t\t\t\t\t\t\t\t\t<img decoding=\"async\" width=\"819\" height=\"1024\" data-src=\"https:\/\/nexusvisa.ca\/wp-content\/uploads\/2023\/02\/Georgia_Portrait_v2-819x1024.jpg\" class=\"attachment-large size-large wp-image-5264 lazyload\" alt=\"\" data-srcset=\"https:\/\/nexusvisa.ca\/wp-content\/uploads\/2023\/02\/Georgia_Portrait_v2-819x1024.jpg 819w, https:\/\/nexusvisa.ca\/wp-content\/uploads\/2023\/02\/Georgia_Portrait_v2-600x750.jpg 600w, https:\/\/nexusvisa.ca\/wp-content\/uploads\/2023\/02\/Georgia_Portrait_v2-768x960.jpg 768w, https:\/\/nexusvisa.ca\/wp-content\/uploads\/2023\/02\/Georgia_Portrait_v2.jpg 960w\" data-sizes=\"(max-width: 819px) 100vw, 819px\" src=\"data:image\/svg+xml;base64,PHN2ZyB3aWR0aD0iMSIgaGVpZ2h0PSIxIiB4bWxucz0iaHR0cDovL3d3dy53My5vcmcvMjAwMC9zdmciPjwvc3ZnPg==\" style=\"--smush-placeholder-width: 819px; --smush-placeholder-aspect-ratio: 819\/1024;\" \/>\t\t\t\t\t\t\t\t\t\t\t\t\t\t\t<\/div>\n\t\t\t\t<\/div>\n\t\t\t\t<div class=\"elementor-element elementor-element-ada1aa8 elementor-widget elementor-widget-heading\" data-id=\"ada1aa8\" data-element_type=\"widget\" data-e-type=\"widget\" data-widget_type=\"heading.default\">\n\t\t\t\t<div class=\"elementor-widget-container\">\n\t\t\t\t\t<h2 class=\"elementor-heading-title elementor-size-medium\">Gerente Regional<\/h2>\t\t\t\t<\/div>\n\t\t\t\t<\/div>\n\t\t\t\t<div class=\"elementor-element elementor-element-33f345b elementor-widget elementor-widget-heading\" data-id=\"33f345b\" data-element_type=\"widget\" data-e-type=\"widget\" data-widget_type=\"heading.default\">\n\t\t\t\t<div class=\"elementor-widget-container\">\n\t\t\t\t\t<h2 class=\"elementor-heading-title elementor-size-default\">Georgia Jaw<\/h2>\t\t\t\t<\/div>\n\t\t\t\t<\/div>\n\t\t\t\t<div class=\"elementor-element elementor-element-3d558f4 elementor-widget elementor-widget-text-editor\" data-id=\"3d558f4\" data-element_type=\"widget\" data-e-type=\"widget\" data-widget_type=\"text-editor.default\">\n\t\t\t\t<div class=\"elementor-widget-container\">\n\t\t\t\t\t\t\t\t\t<p>Georgia es nuestra Gerente Regional, tiene m\u00e1s de una d\u00e9cada de experiencia trabajando con numerosos socios comerciales y clientes de todo el mundo en la industria del desarrollo de negocios internacionales, y tambi\u00e9n se especializa en la planificaci\u00f3n de servicios orientada al cliente.<\/p><p>La mayor\u00eda de la gente considera que es una jugadora de equipo optimista y motivada con excelentes habilidades de comunicaci\u00f3n.\u00a0Con sus habilidades multiculturales y exposici\u00f3n internacional, Georgia otorga un mayor aprecio por las personas de diversos or\u00edgenes y es experta en comprender y empatizar con las necesidades de nuestra clientela inmigrante.<\/p>\t\t\t\t\t\t\t\t<\/div>\n\t\t\t\t<\/div>\n\t\t\t\t\t<\/div>\n\t\t<\/div>\n\t\t\t\t\t<\/div>\n\t\t<\/section>\n\t\t\t\t<\/div>\n\t\t","protected":false},"excerpt":{"rendered":"<p>Nuestro equipo Integridad Integridad Es la semilla del logro. Somos \u00e9ticos, valoramos la honestidad y la relaci\u00f3n a largo plazo con el cliente. Nuestro objetivo es proporcionar a los clientes las opciones precisas y la asistencia espec\u00edfica para cada situaci\u00f3n \u00fanica. Responsabilidad Responsabilidad No es solo lo que hacemos, sino tambi\u00e9n lo que no hacemos, [&hellip;]<\/p>\n","protected":false},"author":9,"featured_media":0,"parent":0,"menu_order":0,"comment_status":"closed","ping_status":"closed","template":"","meta":{"footnotes":""},"class_list":["post-5480","page","type-page","status-publish","hentry"],"_links":{"self":[{"href":"https:\/\/nexusvisa.ca\/es\/wp-json\/wp\/v2\/pages\/5480","targetHints":{"allow":["GET"]}}],"collection":[{"href":"https:\/\/nexusvisa.ca\/es\/wp-json\/wp\/v2\/pages"}],"about":[{"href":"https:\/\/nexusvisa.ca\/es\/wp-json\/wp\/v2\/types\/page"}],"author":[{"embeddable":true,"href":"https:\/\/nexusvisa.ca\/es\/wp-json\/wp\/v2\/users\/9"}],"replies":[{"embeddable":true,"href":"https:\/\/nexusvisa.ca\/es\/wp-json\/wp\/v2\/comments?post=5480"}],"version-history":[{"count":57,"href":"https:\/\/nexusvisa.ca\/es\/wp-json\/wp\/v2\/pages\/5480\/revisions"}],"predecessor-version":[{"id":15338,"href":"https:\/\/nexusvisa.ca\/es\/wp-json\/wp\/v2\/pages\/5480\/revisions\/15338"}],"wp:attachment":[{"href":"https:\/\/nexusvisa.ca\/es\/wp-json\/wp\/v2\/media?parent=5480"}],"curies":[{"name":"wp","href":"https:\/\/api.w.org\/{rel}","templated":true}]}}