{"id":5477,"date":"2023-01-23T15:07:57","date_gmt":"2023-01-23T22:07:57","guid":{"rendered":"http:\/\/nexusvisa.com\/programa-de-candidatos-provinciales\/"},"modified":"2023-05-16T16:35:59","modified_gmt":"2023-05-16T22:35:59","slug":"programa-de-nominacion-provincial","status":"publish","type":"page","link":"https:\/\/nexusvisa.ca\/es\/programa-de-nominacion-provincial\/","title":{"rendered":"Programa de Nominaci\u00f3n provincial"},"content":{"rendered":"\t\t<div data-elementor-type=\"wp-page\" data-elementor-id=\"5477\" class=\"elementor elementor-5477 elementor-2178\">\n\t\t\t\t\t\t<section class=\"elementor-section elementor-top-section elementor-element elementor-element-1b1cf25 elementor-section-boxed elementor-section-height-default elementor-section-height-default\" data-id=\"1b1cf25\" data-element_type=\"section\" data-e-type=\"section\">\n\t\t\t\t\t\t<div class=\"elementor-container elementor-column-gap-default\">\n\t\t\t\t\t<div class=\"elementor-column elementor-col-100 elementor-top-column elementor-element elementor-element-909396b\" data-id=\"909396b\" data-element_type=\"column\" data-e-type=\"column\">\n\t\t\t<div class=\"elementor-widget-wrap elementor-element-populated\">\n\t\t\t\t\t\t<div class=\"elementor-element elementor-element-40df803 animated-slow elementor-invisible elementor-widget elementor-widget-heading\" data-id=\"40df803\" data-element_type=\"widget\" data-e-type=\"widget\" data-settings=\"{&quot;_animation&quot;:&quot;fadeIn&quot;}\" data-widget_type=\"heading.default\">\n\t\t\t\t<div class=\"elementor-widget-container\">\n\t\t\t\t\t<h1 class=\"elementor-heading-title elementor-size-default\">Programa de Nominaci\u00f3n provincial<\/h1>\t\t\t\t<\/div>\n\t\t\t\t<\/div>\n\t\t\t\t\t<\/div>\n\t\t<\/div>\n\t\t\t\t\t<\/div>\n\t\t<\/section>\n\t\t\t\t<section class=\"elementor-section elementor-top-section elementor-element elementor-element-a32d12e elementor-section-boxed elementor-section-height-default elementor-section-height-default\" data-id=\"a32d12e\" data-element_type=\"section\" data-e-type=\"section\">\n\t\t\t\t\t\t<div class=\"elementor-container elementor-column-gap-default\">\n\t\t\t\t\t<div class=\"elementor-column elementor-col-50 elementor-top-column elementor-element elementor-element-aa67009\" data-id=\"aa67009\" data-element_type=\"column\" data-e-type=\"column\">\n\t\t\t<div class=\"elementor-widget-wrap elementor-element-populated\">\n\t\t\t\t\t\t<div class=\"elementor-element elementor-element-743bc23 elementor-invisible elementor-widget elementor-widget-image\" data-id=\"743bc23\" data-element_type=\"widget\" data-e-type=\"widget\" data-settings=\"{&quot;_animation&quot;:&quot;fadeInLeft&quot;,&quot;_animation_delay&quot;:500}\" data-widget_type=\"image.default\">\n\t\t\t\t<div class=\"elementor-widget-container\">\n\t\t\t\t\t\t\t\t\t\t\t\t\t\t\t<img fetchpriority=\"high\" decoding=\"async\" width=\"560\" height=\"690\" src=\"https:\/\/nexusvisa.ca\/wp-content\/uploads\/2023\/01\/children-projecting-robots-with-teacher-2022-01-31-14-55-53-utc-560x690.jpg\" class=\"attachment-conult_medium size-conult_medium wp-image-4899\" alt=\"\" \/>\t\t\t\t\t\t\t\t\t\t\t\t\t\t\t<\/div>\n\t\t\t\t<\/div>\n\t\t\t\t\t<\/div>\n\t\t<\/div>\n\t\t\t\t<div class=\"elementor-column elementor-col-50 elementor-top-column elementor-element elementor-element-d76ec87\" data-id=\"d76ec87\" data-element_type=\"column\" data-e-type=\"column\">\n\t\t\t<div class=\"elementor-widget-wrap elementor-element-populated\">\n\t\t\t\t\t\t<div class=\"elementor-element elementor-element-cb3af70 animated-slow elementor-invisible elementor-widget elementor-widget-text-editor\" data-id=\"cb3af70\" data-element_type=\"widget\" data-e-type=\"widget\" data-settings=\"{&quot;_animation&quot;:&quot;fadeIn&quot;,&quot;_animation_delay&quot;:500}\" data-widget_type=\"text-editor.default\">\n\t\t\t\t<div class=\"elementor-widget-container\">\n\t\t\t\t\t\t\t\t\t<p><strong>El Programa de Nominaci\u00f3n Provincial (PNP)<\/strong>\u00a0permite que las provincias y territorios canadienses nominen a personas para que emigren a su provincia y territorio seg\u00fan los criterios establecidos por el gobierno provincial\/territorial.\u00a0Los solicitantes exitosos obtienen una nominaci\u00f3n provincial, que luego se puede usar para solicitar la residencia permanente a Inmigraci\u00f3n, Refugiados y Ciudadan\u00eda de Canad\u00e1 (IRCC).<\/p><p>Para calificar bajo el Programa de Nominaci\u00f3n Provincial (PNP), una provincia o territorio canadiense debe nominar a un solicitante.\u00a0La mayor\u00eda de las provincias canadienses tienen un acuerdo con el gobierno federal para llevar a cabo su prerrogativa de nominar a ciudadanos extranjeros que deseen establecerse en sus respectivas provincias y territorios.<\/p><p>El Programa de Nominaci\u00f3n Provincial es para trabajadores que:<\/p><ul><li>Cuenten con experiencia escolar y\/o laboral que pueda contribuir a la econom\u00eda de una provincia o territorio designado.<\/li><li>Intenci\u00f3n de vivir en esa provincia de manera permanente.<\/li><li>Y quiera convertirse en residente permanente de Canad\u00e1<\/li><\/ul>\t\t\t\t\t\t\t\t<\/div>\n\t\t\t\t<\/div>\n\t\t\t\t\t<\/div>\n\t\t<\/div>\n\t\t\t\t\t<\/div>\n\t\t<\/section>\n\t\t\t\t<\/div>\n\t\t","protected":false},"excerpt":{"rendered":"<p>Programa de Nominaci\u00f3n provincial El Programa de Nominaci\u00f3n Provincial (PNP)\u00a0permite que las provincias y territorios canadienses nominen a personas para que emigren a su provincia y territorio seg\u00fan los criterios establecidos por el gobierno provincial\/territorial.\u00a0Los solicitantes exitosos obtienen una nominaci\u00f3n provincial, que luego se puede usar para solicitar la residencia permanente a Inmigraci\u00f3n, Refugiados y [&hellip;]<\/p>\n","protected":false},"author":9,"featured_media":0,"parent":0,"menu_order":0,"comment_status":"closed","ping_status":"closed","template":"","meta":{"footnotes":""},"class_list":["post-5477","page","type-page","status-publish","hentry"],"_links":{"self":[{"href":"https:\/\/nexusvisa.ca\/es\/wp-json\/wp\/v2\/pages\/5477","targetHints":{"allow":["GET"]}}],"collection":[{"href":"https:\/\/nexusvisa.ca\/es\/wp-json\/wp\/v2\/pages"}],"about":[{"href":"https:\/\/nexusvisa.ca\/es\/wp-json\/wp\/v2\/types\/page"}],"author":[{"embeddable":true,"href":"https:\/\/nexusvisa.ca\/es\/wp-json\/wp\/v2\/users\/9"}],"replies":[{"embeddable":true,"href":"https:\/\/nexusvisa.ca\/es\/wp-json\/wp\/v2\/comments?post=5477"}],"version-history":[{"count":21,"href":"https:\/\/nexusvisa.ca\/es\/wp-json\/wp\/v2\/pages\/5477\/revisions"}],"predecessor-version":[{"id":12859,"href":"https:\/\/nexusvisa.ca\/es\/wp-json\/wp\/v2\/pages\/5477\/revisions\/12859"}],"wp:attachment":[{"href":"https:\/\/nexusvisa.ca\/es\/wp-json\/wp\/v2\/media?parent=5477"}],"curies":[{"name":"wp","href":"https:\/\/api.w.org\/{rel}","templated":true}]}}