{"id":5460,"date":"2022-12-08T03:53:12","date_gmt":"2022-12-08T10:53:12","guid":{"rendered":"http:\/\/nexusvisa.com\/sobre-nosotros\/"},"modified":"2023-05-18T15:58:32","modified_gmt":"2023-05-18T21:58:32","slug":"sobre-nosotros","status":"publish","type":"page","link":"https:\/\/nexusvisa.ca\/es\/sobre-nosotros\/","title":{"rendered":"Sobre nosotros"},"content":{"rendered":"\t\t<div data-elementor-type=\"wp-page\" data-elementor-id=\"5460\" class=\"elementor elementor-5460 elementor-21\">\n\t\t\t\t\t\t<section class=\"elementor-section elementor-top-section elementor-element elementor-element-30747e9 elementor-section-boxed elementor-section-height-default elementor-section-height-default\" data-id=\"30747e9\" data-element_type=\"section\" data-e-type=\"section\">\n\t\t\t\t\t\t<div class=\"elementor-container elementor-column-gap-default\">\n\t\t\t\t\t<div class=\"elementor-column elementor-col-100 elementor-top-column elementor-element elementor-element-48378ee\" data-id=\"48378ee\" data-element_type=\"column\" data-e-type=\"column\">\n\t\t\t<div class=\"elementor-widget-wrap elementor-element-populated\">\n\t\t\t\t\t\t<div class=\"elementor-element elementor-element-62de831 animated-slow elementor-invisible elementor-widget elementor-widget-heading\" data-id=\"62de831\" data-element_type=\"widget\" data-e-type=\"widget\" data-settings=\"{&quot;_animation&quot;:&quot;fadeIn&quot;}\" data-widget_type=\"heading.default\">\n\t\t\t\t<div class=\"elementor-widget-container\">\n\t\t\t\t\t<h1 class=\"elementor-heading-title elementor-size-default\">Sobre nosotros<\/h1>\t\t\t\t<\/div>\n\t\t\t\t<\/div>\n\t\t\t\t<div class=\"elementor-element elementor-element-8696b6f animated-slow elementor-invisible elementor-widget elementor-widget-text-editor\" data-id=\"8696b6f\" data-element_type=\"widget\" data-e-type=\"widget\" data-settings=\"{&quot;_animation&quot;:&quot;fadeIn&quot;}\" data-widget_type=\"text-editor.default\">\n\t\t\t\t<div class=\"elementor-widget-container\">\n\t\t\t\t\t\t\t\t\t<p>Con a\u00f1os de experiencia en la industria de la inmigraci\u00f3n, Nexus Inmigraci\u00f3n &amp; Reclutamiento puede tratar una amplia gama de problemas y ofrecer las soluciones adecuadas.\u00a0Trabajaremos arduamente para ayudar a los clientes a realizar el flujo de inmigraci\u00f3n que mejor se adapte a sus antecedentes individuales y lograr su estatus en Canad\u00e1.<\/p>\t\t\t\t\t\t\t\t<\/div>\n\t\t\t\t<\/div>\n\t\t\t\t\t<\/div>\n\t\t<\/div>\n\t\t\t\t\t<\/div>\n\t\t<\/section>\n\t\t\t\t<section class=\"elementor-section elementor-top-section elementor-element elementor-element-df84d69 elementor-section-boxed elementor-section-height-default elementor-section-height-default\" data-id=\"df84d69\" data-element_type=\"section\" data-e-type=\"section\">\n\t\t\t\t\t\t<div class=\"elementor-container elementor-column-gap-default\">\n\t\t\t\t\t<div class=\"elementor-column elementor-col-50 elementor-top-column elementor-element elementor-element-6545f60\" data-id=\"6545f60\" data-element_type=\"column\" data-e-type=\"column\">\n\t\t\t<div class=\"elementor-widget-wrap elementor-element-populated\">\n\t\t\t\t\t\t<div class=\"elementor-element elementor-element-403b52d elementor-invisible elementor-widget elementor-widget-image\" data-id=\"403b52d\" data-element_type=\"widget\" data-e-type=\"widget\" data-settings=\"{&quot;_animation&quot;:&quot;fadeInLeft&quot;,&quot;_animation_delay&quot;:500}\" data-widget_type=\"image.default\">\n\t\t\t\t<div class=\"elementor-widget-container\">\n\t\t\t\t\t\t\t\t\t\t\t\t\t\t\t<img fetchpriority=\"high\" decoding=\"async\" width=\"768\" height=\"512\" src=\"https:\/\/nexusvisa.ca\/wp-content\/uploads\/2023\/01\/house-with-the-flag-of-canada-immigration-to-cana-2022-09-15-03-03-57-utc-768x512.jpg\" class=\"attachment-medium_large size-medium_large wp-image-4949\" alt=\"\" srcset=\"https:\/\/nexusvisa.ca\/wp-content\/uploads\/2023\/01\/house-with-the-flag-of-canada-immigration-to-cana-2022-09-15-03-03-57-utc-768x512.jpg 768w, https:\/\/nexusvisa.ca\/wp-content\/uploads\/2023\/01\/house-with-the-flag-of-canada-immigration-to-cana-2022-09-15-03-03-57-utc-600x400.jpg 600w, https:\/\/nexusvisa.ca\/wp-content\/uploads\/2023\/01\/house-with-the-flag-of-canada-immigration-to-cana-2022-09-15-03-03-57-utc-1024x683.jpg 1024w, https:\/\/nexusvisa.ca\/wp-content\/uploads\/2023\/01\/house-with-the-flag-of-canada-immigration-to-cana-2022-09-15-03-03-57-utc.jpg 1800w\" sizes=\"(max-width: 768px) 100vw, 768px\" \/>\t\t\t\t\t\t\t\t\t\t\t\t\t\t\t<\/div>\n\t\t\t\t<\/div>\n\t\t\t\t\t<\/div>\n\t\t<\/div>\n\t\t\t\t<div class=\"elementor-column elementor-col-50 elementor-top-column elementor-element elementor-element-b34bdd8\" data-id=\"b34bdd8\" data-element_type=\"column\" data-e-type=\"column\">\n\t\t\t<div class=\"elementor-widget-wrap elementor-element-populated\">\n\t\t\t\t\t\t<div class=\"elementor-element elementor-element-64f77f2 animated-slow elementor-invisible elementor-widget elementor-widget-gva-heading-block\" data-id=\"64f77f2\" data-element_type=\"widget\" data-e-type=\"widget\" data-settings=\"{&quot;_animation&quot;:&quot;fadeIn&quot;,&quot;_animation_delay&quot;:500}\" data-widget_type=\"gva-heading-block.default\">\n\t\t\t\t<div class=\"elementor-widget-container\">\n\t\t\t\t\t<div class=\"gva-element-gva-heading-block gva-element\">   <div class=\"align-left style-1 widget gsc-heading box-align-left auto-responsive\">\r\n      <div class=\"content-inner\">\r\n         \r\n         \r\n         <div class=\"heading-line\"><span><\/span><span><\/span><\/div>\r\n                     <div class=\"sub-title\">\r\n               <span class=\"tagline\">CONOCERNOS<\/span> \r\n            <\/div>\r\n           \r\n         \r\n                     <h2 class=\"title\">\r\n               <span>\u00bfPor qu\u00e9 usar un consultor de inmigraci\u00f3n canadiense regulado?<\/span>\r\n            <\/h2>\r\n                              <div class=\"title-desc\">Un consultor de inmigraci\u00f3n canadiense regulado (RCIC) es un profesional totalmente calificado que representa el est\u00e1ndar de la industria en la prestaci\u00f3n de servicios de inmigraci\u00f3n. Un RCIC est\u00e1 oficialmente reconocido por el Gobierno de Canad\u00e1 para realizar y ofrecer servicios de inmigraci\u00f3n en estricta conformidad con las pol\u00edticas y regulaciones gubernamentales m\u00e1s actuales. Cada RCIC debe someterse a un riguroso proceso de capacitaci\u00f3n y evaluaci\u00f3n para garantizar que tenga la habilidad, competencia e integridad necesarias para brindar servicios de inmigraci\u00f3n. Un RCIC est\u00e1 cubierto por un seguro de errores y omisiones por parte del Consejo Regulador de Consultores de Inmigraci\u00f3n de Canad\u00e1 (ICCRC) contra cualquier mala conducta profesional. Esta pol\u00edtica brinda mayor seguridad y protecci\u00f3n en caso de que ocurra una disputa entre un RCIC y el cliente.<\/div>\r\n         \r\n         \r\n      <\/div>\r\n   <\/div>\r\n<\/div>\t\t\t\t<\/div>\n\t\t\t\t<\/div>\n\t\t\t\t\t<\/div>\n\t\t<\/div>\n\t\t\t\t\t<\/div>\n\t\t<\/section>\n\t\t\t\t<section class=\"elementor-section elementor-top-section elementor-element elementor-element-0305425 elementor-section-boxed elementor-section-height-default elementor-section-height-default\" data-id=\"0305425\" data-element_type=\"section\" data-e-type=\"section\">\n\t\t\t\t\t\t<div class=\"elementor-container elementor-column-gap-default\">\n\t\t\t\t\t<div class=\"elementor-column elementor-col-50 elementor-top-column elementor-element elementor-element-9b33a97\" data-id=\"9b33a97\" data-element_type=\"column\" data-e-type=\"column\">\n\t\t\t<div class=\"elementor-widget-wrap elementor-element-populated\">\n\t\t\t\t\t\t<div class=\"elementor-element elementor-element-b698c38 elementor-invisible elementor-widget elementor-widget-image\" data-id=\"b698c38\" data-element_type=\"widget\" data-e-type=\"widget\" data-settings=\"{&quot;_animation&quot;:&quot;fadeIn&quot;,&quot;_animation_delay&quot;:0}\" data-widget_type=\"image.default\">\n\t\t\t\t<div class=\"elementor-widget-container\">\n\t\t\t\t\t\t\t\t\t\t\t\t\t\t\t<img decoding=\"async\" width=\"600\" height=\"540\" data-src=\"https:\/\/nexusvisa.ca\/wp-content\/uploads\/2023\/01\/business-meeting-and-brainstrom-2022-11-01-02-35-09-utc-600x540.jpg\" class=\"attachment-medium size-medium wp-image-5104 lazyload\" alt=\"\" src=\"data:image\/svg+xml;base64,PHN2ZyB3aWR0aD0iMSIgaGVpZ2h0PSIxIiB4bWxucz0iaHR0cDovL3d3dy53My5vcmcvMjAwMC9zdmciPjwvc3ZnPg==\" style=\"--smush-placeholder-width: 600px; --smush-placeholder-aspect-ratio: 600\/540;\" \/>\t\t\t\t\t\t\t\t\t\t\t\t\t\t\t<\/div>\n\t\t\t\t<\/div>\n\t\t\t\t\t<\/div>\n\t\t<\/div>\n\t\t\t\t<div class=\"elementor-column elementor-col-50 elementor-top-column elementor-element elementor-element-c324000\" data-id=\"c324000\" data-element_type=\"column\" data-e-type=\"column\">\n\t\t\t<div class=\"elementor-widget-wrap elementor-element-populated\">\n\t\t\t\t\t\t<div class=\"elementor-element elementor-element-0168968 elementor-invisible elementor-widget elementor-widget-gva-heading-block\" data-id=\"0168968\" data-element_type=\"widget\" data-e-type=\"widget\" data-settings=\"{&quot;_animation&quot;:&quot;fadeIn&quot;,&quot;_animation_delay&quot;:0}\" data-widget_type=\"gva-heading-block.default\">\n\t\t\t\t<div class=\"elementor-widget-container\">\n\t\t\t\t\t<div class=\"gva-element-gva-heading-block gva-element\">   <div class=\"align-left style-1 widget gsc-heading box-align-left auto-responsive\">\r\n      <div class=\"content-inner\">\r\n         \r\n         \r\n         <div class=\"heading-line\"><span><\/span><span><\/span><\/div>\r\n           \r\n         \r\n                     <h2 class=\"title\">\r\n               <span>\u00bfA qui\u00e9n puede ayudar un consultor de inmigraci\u00f3n canadiense regulado? <\/span>\r\n            <\/h2>\r\n                              <div class=\"title-desc\">Un RCIC puede ayudar tanto a canadienses como a no canadienses con sus necesidades de inmigraci\u00f3n, desde ciudadanos extranjeros que buscan estatus en Canad\u00e1 hasta empleadores canadienses que buscan contratar trabajadores extranjeros calificados. Un RCIC no discrimina al ofrecer sus servicios a personas que requieren asistencia con la inmigraci\u00f3n canadiense y representar\u00e1 y proteger\u00e1 los mejores intereses de sus clientes desde una s\u00f3lida postura \u00e9tica.<\/div>\r\n         \r\n         \r\n      <\/div>\r\n   <\/div>\r\n<\/div>\t\t\t\t<\/div>\n\t\t\t\t<\/div>\n\t\t\t\t<div class=\"elementor-element elementor-element-08495f1 elementor-invisible elementor-widget elementor-widget-gva-heading-block\" data-id=\"08495f1\" data-element_type=\"widget\" data-e-type=\"widget\" data-settings=\"{&quot;_animation&quot;:&quot;fadeIn&quot;}\" data-widget_type=\"gva-heading-block.default\">\n\t\t\t\t<div class=\"elementor-widget-container\">\n\t\t\t\t\t<div class=\"gva-element-gva-heading-block gva-element\">   <div class=\"align-left style-1 widget gsc-heading box-align-left auto-responsive\">\r\n      <div class=\"content-inner\">\r\n         \r\n         \r\n         <div class=\"heading-line\"><span><\/span><span><\/span><\/div>\r\n           \r\n         \r\n                     <h2 class=\"title\">\r\n               <span>\u00bfEs costoso un consultor de inmigraci\u00f3n canadiense regulado?<\/span>\r\n            <\/h2>\r\n                              <div class=\"title-desc\">Un RCIC sigue siendo mucho menos costoso en comparaci\u00f3n con los abogados de inmigraci\u00f3n y a menudo, es m\u00e1s eficiente y calificado para tratar todo tipo de asuntos relacionados con la inmigraci\u00f3n. Todos los RCIC est\u00e1n equipados con las pol\u00edticas y procedimientos m\u00e1s actualizados y las tarifas de servicio de un RCIC reflejan el nivel de profesionalismo y conocimiento profundo cuando se trata de brindar servicios de inmigraci\u00f3n.<\/div>\r\n         \r\n         \r\n      <\/div>\r\n   <\/div>\r\n<\/div>\t\t\t\t<\/div>\n\t\t\t\t<\/div>\n\t\t\t\t\t<\/div>\n\t\t<\/div>\n\t\t\t\t\t<\/div>\n\t\t<\/section>\n\t\t\t\t<\/div>\n\t\t","protected":false},"excerpt":{"rendered":"<p>Sobre nosotros Con a\u00f1os de experiencia en la industria de la inmigraci\u00f3n, Nexus Inmigraci\u00f3n &amp; Reclutamiento puede tratar una amplia gama de problemas y ofrecer las soluciones adecuadas.\u00a0Trabajaremos arduamente para ayudar a los clientes a realizar el flujo de inmigraci\u00f3n que mejor se adapte a sus antecedentes individuales y lograr su estatus en Canad\u00e1. CONOCERNOS [&hellip;]<\/p>\n","protected":false},"author":9,"featured_media":0,"parent":0,"menu_order":0,"comment_status":"closed","ping_status":"closed","template":"","meta":{"footnotes":""},"class_list":["post-5460","page","type-page","status-publish","hentry"],"_links":{"self":[{"href":"https:\/\/nexusvisa.ca\/es\/wp-json\/wp\/v2\/pages\/5460","targetHints":{"allow":["GET"]}}],"collection":[{"href":"https:\/\/nexusvisa.ca\/es\/wp-json\/wp\/v2\/pages"}],"about":[{"href":"https:\/\/nexusvisa.ca\/es\/wp-json\/wp\/v2\/types\/page"}],"author":[{"embeddable":true,"href":"https:\/\/nexusvisa.ca\/es\/wp-json\/wp\/v2\/users\/9"}],"replies":[{"embeddable":true,"href":"https:\/\/nexusvisa.ca\/es\/wp-json\/wp\/v2\/comments?post=5460"}],"version-history":[{"count":30,"href":"https:\/\/nexusvisa.ca\/es\/wp-json\/wp\/v2\/pages\/5460\/revisions"}],"predecessor-version":[{"id":12973,"href":"https:\/\/nexusvisa.ca\/es\/wp-json\/wp\/v2\/pages\/5460\/revisions\/12973"}],"wp:attachment":[{"href":"https:\/\/nexusvisa.ca\/es\/wp-json\/wp\/v2\/media?parent=5460"}],"curies":[{"name":"wp","href":"https:\/\/api.w.org\/{rel}","templated":true}]}}