{"id":5443,"date":"2023-01-18T17:21:01","date_gmt":"2023-01-19T00:21:01","guid":{"rendered":"http:\/\/nexusvisa.com\/acerca-de-canada\/"},"modified":"2023-05-18T15:59:24","modified_gmt":"2023-05-18T21:59:24","slug":"acerca-de-canada","status":"publish","type":"page","link":"https:\/\/nexusvisa.ca\/es\/acerca-de-canada\/","title":{"rendered":"Acerca de Canad\u00e1"},"content":{"rendered":"\t\t<div data-elementor-type=\"wp-page\" data-elementor-id=\"5443\" class=\"elementor elementor-5443 elementor-1894\">\n\t\t\t\t\t\t<section class=\"elementor-section elementor-top-section elementor-element elementor-element-ac095ec elementor-section-boxed elementor-section-height-default elementor-section-height-default\" data-id=\"ac095ec\" data-element_type=\"section\" data-e-type=\"section\">\n\t\t\t\t\t\t<div class=\"elementor-container elementor-column-gap-default\">\n\t\t\t\t\t<div class=\"elementor-column elementor-col-100 elementor-top-column elementor-element elementor-element-9675495\" data-id=\"9675495\" data-element_type=\"column\" data-e-type=\"column\">\n\t\t\t<div class=\"elementor-widget-wrap elementor-element-populated\">\n\t\t\t\t\t\t<div class=\"elementor-element elementor-element-c3ff36e animated-slow elementor-invisible elementor-widget elementor-widget-heading\" data-id=\"c3ff36e\" data-element_type=\"widget\" data-e-type=\"widget\" data-settings=\"{&quot;_animation&quot;:&quot;fadeIn&quot;}\" data-widget_type=\"heading.default\">\n\t\t\t\t<div class=\"elementor-widget-container\">\n\t\t\t\t\t<h1 class=\"elementor-heading-title elementor-size-default\">Acerca de Canad\u00e1<\/h1>\t\t\t\t<\/div>\n\t\t\t\t<\/div>\n\t\t\t\t\t<\/div>\n\t\t<\/div>\n\t\t\t\t\t<\/div>\n\t\t<\/section>\n\t\t\t\t<section class=\"elementor-section elementor-top-section elementor-element elementor-element-a57f66e elementor-section-boxed elementor-section-height-default elementor-section-height-default\" data-id=\"a57f66e\" data-element_type=\"section\" data-e-type=\"section\">\n\t\t\t\t\t\t<div class=\"elementor-container elementor-column-gap-default\">\n\t\t\t\t\t<div class=\"elementor-column elementor-col-50 elementor-top-column elementor-element elementor-element-9c25f9e\" data-id=\"9c25f9e\" data-element_type=\"column\" data-e-type=\"column\">\n\t\t\t<div class=\"elementor-widget-wrap elementor-element-populated\">\n\t\t\t\t\t\t<div class=\"elementor-element elementor-element-73809c5 elementor-invisible elementor-widget elementor-widget-image\" data-id=\"73809c5\" data-element_type=\"widget\" data-e-type=\"widget\" data-settings=\"{&quot;_animation&quot;:&quot;fadeInLeft&quot;,&quot;_animation_delay&quot;:500}\" data-widget_type=\"image.default\">\n\t\t\t\t<div class=\"elementor-widget-container\">\n\t\t\t\t\t\t\t\t\t\t\t\t\t\t\t<img fetchpriority=\"high\" decoding=\"async\" width=\"800\" height=\"800\" src=\"https:\/\/nexusvisa.ca\/wp-content\/uploads\/2023\/02\/canada_map.jpg\" class=\"attachment-large size-large wp-image-5289\" alt=\"\" srcset=\"https:\/\/nexusvisa.ca\/wp-content\/uploads\/2023\/02\/canada_map.jpg 800w, https:\/\/nexusvisa.ca\/wp-content\/uploads\/2023\/02\/canada_map-300x300.jpg 300w, https:\/\/nexusvisa.ca\/wp-content\/uploads\/2023\/02\/canada_map-180x180.jpg 180w, https:\/\/nexusvisa.ca\/wp-content\/uploads\/2023\/02\/canada_map-600x600.jpg 600w, https:\/\/nexusvisa.ca\/wp-content\/uploads\/2023\/02\/canada_map-175x175.jpg 175w, https:\/\/nexusvisa.ca\/wp-content\/uploads\/2023\/02\/canada_map-768x768.jpg 768w\" sizes=\"(max-width: 800px) 100vw, 800px\" \/>\t\t\t\t\t\t\t\t\t\t\t\t\t\t\t<\/div>\n\t\t\t\t<\/div>\n\t\t\t\t\t<\/div>\n\t\t<\/div>\n\t\t\t\t<div class=\"elementor-column elementor-col-50 elementor-top-column elementor-element elementor-element-cc929e1\" data-id=\"cc929e1\" data-element_type=\"column\" data-e-type=\"column\">\n\t\t\t<div class=\"elementor-widget-wrap elementor-element-populated\">\n\t\t\t\t\t\t<div class=\"elementor-element elementor-element-8252199 animated-slow elementor-invisible elementor-widget elementor-widget-heading\" data-id=\"8252199\" data-element_type=\"widget\" data-e-type=\"widget\" data-settings=\"{&quot;_animation&quot;:&quot;fadeIn&quot;,&quot;_animation_delay&quot;:500}\" data-widget_type=\"heading.default\">\n\t\t\t\t<div class=\"elementor-widget-container\">\n\t\t\t\t\t<h2 class=\"elementor-heading-title elementor-size-default\">\u00a1Bienvenido!<\/h2>\t\t\t\t<\/div>\n\t\t\t\t<\/div>\n\t\t\t\t<div class=\"elementor-element elementor-element-b3634bf animated-slow elementor-invisible elementor-widget elementor-widget-text-editor\" data-id=\"b3634bf\" data-element_type=\"widget\" data-e-type=\"widget\" data-settings=\"{&quot;_animation&quot;:&quot;fadeIn&quot;,&quot;_animation_delay&quot;:500}\" data-widget_type=\"text-editor.default\">\n\t\t\t\t<div class=\"elementor-widget-container\">\n\t\t\t\t\t\t\t\t\t<p>Canad\u00e1 es un pa\u00eds hermoso con una cultura diversa y gente inquebrantablemente educada.\u00a0Es el hogar de algunos de los paisajes m\u00e1s impresionantes del mundo, as\u00ed como de abundante vida silvestre y jarabe de arce.<\/p><p>Canad\u00e1 ha dado la bienvenida a generaciones de reci\u00e9n llegados a sus costas para ayudar a construir una sociedad libre, justa y pr\u00f3spera durante 150 a\u00f1os, los colonos y los inmigrantes han contribuido a la diversidad y riqueza de Canad\u00e1, que se basa en una historia orgullosa y una identidad fuerte.<\/p><p>Canad\u00e1 es el segundo pa\u00eds m\u00e1s grande del mundo con 10 millones de kil\u00f3metros cuadrados.\u00a0Ocupa la mayor parte del norte de Am\u00e9rica del Norte.\u00a0El pa\u00eds limita con el Oc\u00e9ano Atl\u00e1ntico Norte al este, el Oc\u00e9ano Pac\u00edfico Norte al oeste y el Oc\u00e9ano \u00c1rtico al norte.<\/p><p>Limita con Alaska (EE. UU.) al oeste y con doce estados de los Estados Unidos en la parte continental al sur.\u00a0Su l\u00edmite con su vecino del sur corre principalmente a lo largo del paralelo 45 (norte).\u00a0Es la frontera internacional m\u00e1s larga del mundo entre dos pa\u00edses.<\/p><p>Canad\u00e1 comparte fronteras mar\u00edtimas con Groenlandia (un territorio aut\u00f3nomo de Dinamarca) y San Pierre y Miquel\u00f3n, un peque\u00f1o territorio insular que pertenece a Francia.<\/p>\t\t\t\t\t\t\t\t<\/div>\n\t\t\t\t<\/div>\n\t\t\t\t\t<\/div>\n\t\t<\/div>\n\t\t\t\t\t<\/div>\n\t\t<\/section>\n\t\t\t\t<section class=\"elementor-section elementor-top-section elementor-element elementor-element-d59cf96 elementor-section-boxed elementor-section-height-default elementor-section-height-default\" data-id=\"d59cf96\" data-element_type=\"section\" data-e-type=\"section\">\n\t\t\t\t\t\t<div class=\"elementor-container elementor-column-gap-default\">\n\t\t\t\t\t<div class=\"elementor-column elementor-col-50 elementor-top-column elementor-element elementor-element-b8b9461\" data-id=\"b8b9461\" data-element_type=\"column\" data-e-type=\"column\">\n\t\t\t<div class=\"elementor-widget-wrap elementor-element-populated\">\n\t\t\t\t\t\t<div class=\"elementor-element elementor-element-f2eead0 animated-slow elementor-invisible elementor-widget elementor-widget-image\" data-id=\"f2eead0\" data-element_type=\"widget\" data-e-type=\"widget\" data-settings=\"{&quot;_animation&quot;:&quot;fadeIn&quot;,&quot;_animation_delay&quot;:500}\" data-widget_type=\"image.default\">\n\t\t\t\t<div class=\"elementor-widget-container\">\n\t\t\t\t\t\t\t\t\t\t\t\t\t\t\t<img decoding=\"async\" width=\"768\" height=\"994\" data-src=\"https:\/\/nexusvisa.ca\/wp-content\/uploads\/2023\/01\/emerald-lake-in-autumn-at-the-yoho-national-park-a-2022-08-24-08-02-14-utc-768x994.jpg\" class=\"attachment-medium_large size-medium_large wp-image-4914 lazyload\" alt=\"\" data-srcset=\"https:\/\/nexusvisa.ca\/wp-content\/uploads\/2023\/01\/emerald-lake-in-autumn-at-the-yoho-national-park-a-2022-08-24-08-02-14-utc-768x994.jpg 768w, https:\/\/nexusvisa.ca\/wp-content\/uploads\/2023\/01\/emerald-lake-in-autumn-at-the-yoho-national-park-a-2022-08-24-08-02-14-utc-600x776.jpg 600w, https:\/\/nexusvisa.ca\/wp-content\/uploads\/2023\/01\/emerald-lake-in-autumn-at-the-yoho-national-park-a-2022-08-24-08-02-14-utc-791x1024.jpg 791w, https:\/\/nexusvisa.ca\/wp-content\/uploads\/2023\/01\/emerald-lake-in-autumn-at-the-yoho-national-park-a-2022-08-24-08-02-14-utc.jpg 1391w\" data-sizes=\"(max-width: 768px) 100vw, 768px\" src=\"data:image\/svg+xml;base64,PHN2ZyB3aWR0aD0iMSIgaGVpZ2h0PSIxIiB4bWxucz0iaHR0cDovL3d3dy53My5vcmcvMjAwMC9zdmciPjwvc3ZnPg==\" style=\"--smush-placeholder-width: 768px; --smush-placeholder-aspect-ratio: 768\/994;\" \/>\t\t\t\t\t\t\t\t\t\t\t\t\t\t\t<\/div>\n\t\t\t\t<\/div>\n\t\t\t\t\t<\/div>\n\t\t<\/div>\n\t\t\t\t<div class=\"elementor-column elementor-col-50 elementor-top-column elementor-element elementor-element-3432f1d\" data-id=\"3432f1d\" data-element_type=\"column\" data-e-type=\"column\">\n\t\t\t<div class=\"elementor-widget-wrap elementor-element-populated\">\n\t\t\t\t\t\t<div class=\"elementor-element elementor-element-416481b animated-slow elementor-invisible elementor-widget elementor-widget-text-editor\" data-id=\"416481b\" data-element_type=\"widget\" data-e-type=\"widget\" data-settings=\"{&quot;_animation&quot;:&quot;fadeIn&quot;,&quot;_animation_delay&quot;:500}\" data-widget_type=\"text-editor.default\">\n\t\t\t\t<div class=\"elementor-widget-container\">\n\t\t\t\t\t\t\t\t\t<div id=\"bgLayers_comp-lcicgnmw6\" class=\"MW5IWV\" data-hook=\"bgLayers\"><p><strong>Provincias y Territorios<\/strong><\/p><p>Canad\u00e1 tiene diez provincias y tres territorios, cada uno de los cuales tiene una ciudad capital provincial\/territorial:<\/p><ul><li>Alberta<\/li><li>Columbia Brit\u00e1nica<\/li><li>Manitoba<\/li><li>Nuevo Brunswick<\/li><li>Terranova y Labrador<\/li><li>Territorios del Noroeste<\/li><li>Nueva Escocia<\/li><li>Nunavut<\/li><li>Ontario<\/li><li>Isla del Pr\u00edncipe Edward<\/li><li>Quebec<\/li><li>Saskatchewan<\/li><li>Yukon<\/li><\/ul><p><strong>Las regiones de Canad\u00e1<\/strong><\/p><p>Canad\u00e1 incluye muchas \u00e1reas geogr\u00e1ficas diferentes y cinco regiones distintas:<\/p><ul><li>Las Provincias Atl\u00e1nticas<\/li><li>Canad\u00e1 Central<\/li><li>Las Provincias de la Pradera<\/li><li>La Costa Oeste<\/li><li>Los Territorios del Norte<\/li><\/ul><\/div>\t\t\t\t\t\t\t\t<\/div>\n\t\t\t\t<\/div>\n\t\t\t\t\t<\/div>\n\t\t<\/div>\n\t\t\t\t\t<\/div>\n\t\t<\/section>\n\t\t\t\t<section class=\"elementor-section elementor-top-section elementor-element elementor-element-8542a2d elementor-section-boxed elementor-section-height-default elementor-section-height-default\" data-id=\"8542a2d\" data-element_type=\"section\" data-e-type=\"section\">\n\t\t\t\t\t\t<div class=\"elementor-container elementor-column-gap-default\">\n\t\t\t\t\t<div class=\"elementor-column elementor-col-100 elementor-top-column elementor-element elementor-element-57c4923\" data-id=\"57c4923\" data-element_type=\"column\" data-e-type=\"column\">\n\t\t\t<div class=\"elementor-widget-wrap elementor-element-populated\">\n\t\t\t\t\t\t<div class=\"elementor-element elementor-element-9bd7f66 elementor-invisible elementor-widget elementor-widget-text-editor\" data-id=\"9bd7f66\" data-element_type=\"widget\" data-e-type=\"widget\" data-settings=\"{&quot;_animation&quot;:&quot;fadeIn&quot;}\" data-widget_type=\"text-editor.default\">\n\t\t\t\t<div class=\"elementor-widget-container\">\n\t\t\t\t\t\t\t\t\t<p>Conocida como &#8216;la sociedad justa&#8217;, la cultura de Canad\u00e1 se basa en su tolerancia, respeto y orientaci\u00f3n comunitaria.\u00a0Los canadienses son generalmente individualistas, pero tambi\u00e9n enfatizan y valoran la contribuci\u00f3n de todos a su comunidad.\u00a0Muchas personas ven la cooperaci\u00f3n multicultural como una tradici\u00f3n y una virtud t\u00edpicamente canadienses.<\/p>\t\t\t\t\t\t\t\t<\/div>\n\t\t\t\t<\/div>\n\t\t\t\t\t<\/div>\n\t\t<\/div>\n\t\t\t\t\t<\/div>\n\t\t<\/section>\n\t\t\t\t<\/div>\n\t\t","protected":false},"excerpt":{"rendered":"<p>Acerca de Canad\u00e1 \u00a1Bienvenido! Canad\u00e1 es un pa\u00eds hermoso con una cultura diversa y gente inquebrantablemente educada.\u00a0Es el hogar de algunos de los paisajes m\u00e1s impresionantes del mundo, as\u00ed como de abundante vida silvestre y jarabe de arce. Canad\u00e1 ha dado la bienvenida a generaciones de reci\u00e9n llegados a sus costas para ayudar a construir [&hellip;]<\/p>\n","protected":false},"author":9,"featured_media":0,"parent":0,"menu_order":0,"comment_status":"closed","ping_status":"closed","template":"","meta":{"footnotes":""},"class_list":["post-5443","page","type-page","status-publish","hentry"],"_links":{"self":[{"href":"https:\/\/nexusvisa.ca\/es\/wp-json\/wp\/v2\/pages\/5443","targetHints":{"allow":["GET"]}}],"collection":[{"href":"https:\/\/nexusvisa.ca\/es\/wp-json\/wp\/v2\/pages"}],"about":[{"href":"https:\/\/nexusvisa.ca\/es\/wp-json\/wp\/v2\/types\/page"}],"author":[{"embeddable":true,"href":"https:\/\/nexusvisa.ca\/es\/wp-json\/wp\/v2\/users\/9"}],"replies":[{"embeddable":true,"href":"https:\/\/nexusvisa.ca\/es\/wp-json\/wp\/v2\/comments?post=5443"}],"version-history":[{"count":30,"href":"https:\/\/nexusvisa.ca\/es\/wp-json\/wp\/v2\/pages\/5443\/revisions"}],"predecessor-version":[{"id":12976,"href":"https:\/\/nexusvisa.ca\/es\/wp-json\/wp\/v2\/pages\/5443\/revisions\/12976"}],"wp:attachment":[{"href":"https:\/\/nexusvisa.ca\/es\/wp-json\/wp\/v2\/media?parent=5443"}],"curies":[{"name":"wp","href":"https:\/\/api.w.org\/{rel}","templated":true}]}}